{"id":1003137,"date":"2025-07-15T22:54:40","date_gmt":"2025-07-15T22:54:40","guid":{"rendered":"https:\/\/adrenalindetector.com\/rueckgaberecht\/"},"modified":"2025-07-17T17:48:41","modified_gmt":"2025-07-17T17:48:41","slug":"rueckgaberecht","status":"publish","type":"page","link":"https:\/\/adrenalindetector.com\/de\/rueckgaberecht\/","title":{"rendered":"R\u00fcckgaberecht"},"content":{"rendered":"\t\t<div data-elementor-type=\"wp-page\" data-elementor-id=\"1003137\" class=\"elementor elementor-1003137 elementor-993257\">\n\t\t\t\t<div class=\"wd-negative-gap elementor-element elementor-element-a704229 e-flex e-con-boxed e-con e-parent\" data-id=\"a704229\" data-element_type=\"container\">\n\t\t\t\t\t<div class=\"e-con-inner\">\n\t\t<div class=\"wd-sticky-container-lg elementor-element elementor-element-485b79f e-con-full wd-col-offcanvas-md-sm wd-col-offcanvas-sm e-flex wd-alignment-left e-con e-child\" data-id=\"485b79f\" data-element_type=\"container\">\n\t\t\t\t<div class=\"elementor-element elementor-element-1627b1f elementor-widget elementor-widget-wd_mega_menu\" data-id=\"1627b1f\" data-element_type=\"widget\" data-widget_type=\"wd_mega_menu.default\">\n\t\t\t\t<div class=\"elementor-widget-container\">\n\t\t\t\t\t\t\t<div class=\"wd-menu widget_nav_mega_menu\">\n\t\t\t\t\t\t<ul id=\"menu-sidebar-menu-marketplace-2\" class=\"menu wd-nav wd-nav-vertical wd-design-simple wd-gap-l\"><li id=\"menu-item-825\" class=\"menu-item menu-item-type-post_type menu-item-object-page menu-item-825 item-level-0 menu-simple-dropdown wd-event-hover\" ><a href=\"https:\/\/adrenalindetector.com\/track-you-order\/\" class=\"woodmart-nav-link\"><span class=\"nav-link-text\">Verfolgen Sie Ihre Bestellung<\/span><\/a><\/li>\n<li id=\"menu-item-824\" class=\"menu-item menu-item-type-post_type menu-item-object-page menu-item-824 item-level-0 menu-simple-dropdown wd-event-hover\" ><a href=\"https:\/\/adrenalindetector.com\/about-us\/\" class=\"woodmart-nav-link\"><span class=\"nav-link-text\">\u00dcber uns<\/span><\/a><\/li>\n<li id=\"menu-item-828\" class=\"menu-item menu-item-type-post_type menu-item-object-page menu-item-828 item-level-0 menu-simple-dropdown wd-event-hover\" ><a href=\"https:\/\/adrenalindetector.com\/our-dealers\/\" class=\"woodmart-nav-link\"><span class=\"nav-link-text\">Unsere H\u00e4ndler<\/span><\/a><\/li>\n<li id=\"menu-item-826\" class=\"menu-item menu-item-type-post_type menu-item-object-page menu-item-826 item-level-0 menu-simple-dropdown wd-event-hover\" ><a href=\"https:\/\/adrenalindetector.com\/contact-us\/\" class=\"woodmart-nav-link\"><span class=\"nav-link-text\">Kontaktieren Sie uns<\/span><\/a><\/li>\n<\/ul>\t\t<\/div>\n\t\t\t\t\t\t<\/div>\n\t\t\t\t<\/div>\n\t\t\t\t<\/div>\n\t\t<div class=\"elementor-element elementor-element-f8d0854 e-con-full wd-col-content-md-sm wd-col-content-sm e-flex e-con e-child\" data-id=\"f8d0854\" data-element_type=\"container\">\n\t\t<div class=\"elementor-element elementor-element-cd989f3 e-con-full e-flex e-con e-child\" data-id=\"cd989f3\" data-element_type=\"container\">\n\t\t\t\t<div class=\"elementor-element elementor-element-451b0e4 elementor-hidden-desktop wd-action-hide-btn elementor-widget elementor-widget-wd_builder_off_canvas_column_btn\" data-id=\"451b0e4\" data-element_type=\"widget\" data-widget_type=\"wd_builder_off_canvas_column_btn.default\">\n\t\t\t\t<div class=\"elementor-widget-container\">\n\t\t\t\t\t\n\t\t<div class=\"wd-off-canvas-btn wd-action-btn wd-style-text wd-burger-icon\">\n\t\t\t<a href=\"#\" rel=\"nofollow\">\n\t\t\t\t\t\t\t\tSeitenleiste anzeigen\t\t\t<\/a>\n\t\t<\/div>\n\n\t\t\t\t\t<div class=\"wd-sidebar-opener wd-show-on-scroll wd-action-btn wd-style-icon wd-burger-icon\">\n\t\t\t\t<a href=\"#\" rel=\"nofollow\">\n\t\t\t\t\t\t\t\t\t<\/a>\n\t\t\t<\/div>\n\t\t\t\t\t\t\t\t<\/div>\n\t\t\t\t<\/div>\n\t\t<div class=\"elementor-element elementor-element-c271f92 e-con-full color-scheme-light e-flex e-con e-child\" data-id=\"c271f92\" data-element_type=\"container\" data-settings=\"{&quot;background_background&quot;:&quot;classic&quot;}\">\n\t\t\t\t<div class=\"elementor-element elementor-element-77a9faf wd-width-100 elementor-widget elementor-widget-wd_title\" data-id=\"77a9faf\" data-element_type=\"widget\" data-widget_type=\"wd_title.default\">\n\t\t\t\t<div class=\"elementor-widget-container\">\n\t\t\t\t\t\t\t<div class=\"title-wrapper wd-set-mb reset-last-child wd-title-color-default wd-title-style-default wd-title-size-default text-center\">\n\n\t\t\t\n\t\t\t<div class=\"liner-continer\">\n\t\t\t\t<h4 class=\"woodmart-title-container title wd-fontsize-l\">R\u00fcckgaberecht<\/h4> \n\t\t\t\t\t\t\t<\/div>\n\n\t\t\t\t\t<\/div>\n\t\t\t\t\t\t<\/div>\n\t\t\t\t<\/div>\n\t\t\t\t<\/div>\n\t\t\t\t<\/div>\n\t\t<div class=\"elementor-element elementor-element-132a064 e-con-full e-flex e-con e-child\" data-id=\"132a064\" data-element_type=\"container\">\n\t\t\t\t<div class=\"elementor-element elementor-element-7e03752 wd-width-100 elementor-widget elementor-widget-wd_title\" data-id=\"7e03752\" data-element_type=\"widget\" data-widget_type=\"wd_title.default\">\n\t\t\t\t<div class=\"elementor-widget-container\">\n\t\t\t\t\t\t\t<div class=\"title-wrapper wd-set-mb reset-last-child wd-title-color-default wd-title-style-default wd-title-size-default text-left\">\n\n\t\t\t\n\t\t\t<div class=\"liner-continer\">\n\t\t\t\t<h4 class=\"woodmart-title-container title wd-fontsize-l\">R\u00fccksendungen und Bedingungen<\/h4> \n\t\t\t\t\t\t\t<\/div>\n\n\t\t\t\t\t\t\t<div class=\"title-after_title reset-last-child wd-fontsize-xs\">\n\t\t\t\t\t<p><span style=\"color: #000000\"><strong>Rechtliche Grundlage<\/strong><\/span><br><span style=\"color: #000000\">Detektoren, die f\u00fcr den pers\u00f6nlichen Gebrauch und f\u00fcr professionelle Zwecke entwickelt wurden, gelten aufgrund ihrer sensiblen und speziellen Beschaffenheit als \"Nicht-R\u00fcckgabeprodukte\" im Sinne des Verbraucherschutzgesetzes.<\/span><\/p><p><span style=\"color: #000000\"><strong>Defekte oder fehlerhafte Produkte<\/strong><\/span><br><span style=\"color: #000000\">Wenn Adrenalin Detector ein defektes oder fehlerhaftes Produkt versendet, sollte ein Bericht vom Frachtf\u00fchrer aufgenommen werden. Der Kunde muss uns innerhalb von 24 Stunden nach Erhalt des Produkts kontaktieren. In solchen F\u00e4llen ist ein Umtausch des Produkts m\u00f6glich; wenn das Produkt jedoch funktionst\u00fcchtig ist, werden R\u00fccksendungen nicht akzeptiert.  <\/span><\/p><p><span style=\"color: #000000\"><strong>Inspektion bei Lieferung<\/strong><\/span><br><span style=\"color: #000000\">Wenn die Verpackung des Produkts sichtbar besch\u00e4digt ist, sollte sie vom Empf\u00e4nger im Beisein des Cargo Officers w\u00e4hrend der Lieferung inspiziert werden. Wenn ein physischer Schaden oder ein fehlender Artikel festgestellt wird, sollte der Frachtf\u00fchrer einen Bericht erstellen. Sie sollten eine Entsch\u00e4digung in H\u00f6he des Produktwerts bei der Frachtgesellschaft einfordern. In solchen F\u00e4llen setzen Sie sich bitte mit uns in Verbindung.   <\/span><\/p><p><span style=\"color: #000000\"><strong>Verhinderung ungerechtfertigter Nutzung<\/strong><\/span><br><span style=\"color: #000000\">Wenn Detektoren nach Erhalt zur\u00fcckgegeben werden, erleiden sie einen materiellen und technischen Wertverlust. Daher gilt das R\u00fcckgaberecht nur in rechtlichen Situationen, in denen das Produkt defekt oder fehlerhaft ist. <\/span><\/p><p><span style=\"color: #000000\"><strong>Nicht vom Zoll abgeholte Produkte<\/strong><\/span><br><span style=\"color: #000000\">Wenn eine Sendung nicht vom Zoll abgeholt und an uns zur\u00fcckgeschickt wird, werden alle Zoll- und Versandkosten abgezogen, und der Restbetrag wird erstattet.<\/span><\/p><p><span style=\"color: #000000\"><strong>Hinweis:<\/strong><\/span><br><span style=\"color: #000000\">Ein Umtausch wird nur f\u00fcr Produkte durchgef\u00fchrt, die von Adrenalin Detector als fehlerhaft oder defekt identifiziert wurden.<\/span><\/p><p><span style=\"color: #000000\"><strong>Schutz des Herstellers<\/strong><\/span><br><span style=\"color: #000000\">Die Produkte von Adrenalin Detector sind mit fortschrittlicher Technologie ausgestattet und k\u00f6nnen nach kurzem Gebrauch an Wert verlieren. Aus diesem Grund werden R\u00fccksendungen f\u00fcr gekaufte Detektoren nicht akzeptiert. <\/span><\/p><p><span style=\"color: #000000\"><strong>Kundenrechte<\/strong><\/span><br><span style=\"color: #000000\">Sie k\u00f6nnen Zugang zu Ihren pers\u00f6nlichen Daten beantragen.<\/span><br><span style=\"color: #000000\">Sie k\u00f6nnen Ihre Antr\u00e4ge auf L\u00f6schung und Aktualisierung Ihrer Daten \u00fcber info@adrenalindedektor.com stellen.<\/span><\/p><p><span style=\"color: #000000\"><strong>Support-Hotline<\/strong><\/span><br><span style=\"color: #000000\">Bei Problemen oder Beschwerden k\u00f6nnen Sie uns \u00fcber die folgenden Kan\u00e4le kontaktieren:<\/span><\/p><p><span style=\"color: #000000\"><strong>Telefon:<\/strong> +90 539 847 63 83<\/span><br><span style=\"color: #000000\"><strong>E-Mail:<\/strong> info@adrenalindedektor.com<\/span><\/p><p><span style=\"color: #000000\">Bei Adrenalin Detector werden alle unsere Produkte nach einer Qualit\u00e4tskontrolle an Sie ausgeliefert. Wir danken Ihnen f\u00fcr Ihr Verst\u00e4ndnis. <\/span><\/p><p> <\/p>\t\t\t\t<\/div>\n\t\t\t\t\t<\/div>\n\t\t\t\t\t\t<\/div>\n\t\t\t\t<\/div>\n\t\t\t\t<\/div>\n\t\t\t\t<\/div>\n\t\t\t\t\t<\/div>\n\t\t\t\t<\/div>\n\t\t\t\t<\/div>\n\t\t","protected":false},"excerpt":{"rendered":"<p>Track You Order About Us Our Dealers Contact Us Seitenleiste anzeigen R\u00fcckgaberecht R\u00fccksendungen und Bedingungen Rechtliche GrundlageDetektoren, die f\u00fcr den<\/p>\n","protected":false},"author":11,"featured_media":0,"parent":0,"menu_order":0,"comment_status":"closed","ping_status":"closed","template":"","meta":{"footnotes":""},"class_list":["post-1003137","page","type-page","status-publish","hentry"],"jetpack_sharing_enabled":true,"_links":{"self":[{"href":"https:\/\/adrenalindetector.com\/de\/wp-json\/wp\/v2\/pages\/1003137","targetHints":{"allow":["GET"]}}],"collection":[{"href":"https:\/\/adrenalindetector.com\/de\/wp-json\/wp\/v2\/pages"}],"about":[{"href":"https:\/\/adrenalindetector.com\/de\/wp-json\/wp\/v2\/types\/page"}],"author":[{"embeddable":true,"href":"https:\/\/adrenalindetector.com\/de\/wp-json\/wp\/v2\/users\/11"}],"replies":[{"embeddable":true,"href":"https:\/\/adrenalindetector.com\/de\/wp-json\/wp\/v2\/comments?post=1003137"}],"version-history":[{"count":1,"href":"https:\/\/adrenalindetector.com\/de\/wp-json\/wp\/v2\/pages\/1003137\/revisions"}],"predecessor-version":[{"id":1003139,"href":"https:\/\/adrenalindetector.com\/de\/wp-json\/wp\/v2\/pages\/1003137\/revisions\/1003139"}],"wp:attachment":[{"href":"https:\/\/adrenalindetector.com\/de\/wp-json\/wp\/v2\/media?parent=1003137"}],"curies":[{"name":"wp","href":"https:\/\/api.w.org\/{rel}","templated":true}]}}