{"id":1003318,"date":"2025-01-14T12:02:05","date_gmt":"2025-01-14T12:02:05","guid":{"rendered":"https:\/\/adrenalindetector.com\/ueber-uns\/"},"modified":"2025-07-17T17:51:13","modified_gmt":"2025-07-17T17:51:13","slug":"ueber-uns","status":"publish","type":"page","link":"https:\/\/adrenalindetector.com\/de\/ueber-uns\/","title":{"rendered":"\u00dcber uns"},"content":{"rendered":"\t\t<div data-elementor-type=\"wp-page\" data-elementor-id=\"1003318\" class=\"elementor elementor-1003318 elementor-19\">\n\t\t\t\t<div class=\"wd-negative-gap elementor-element elementor-element-d5e289e e-flex e-con-boxed e-con e-parent\" data-id=\"d5e289e\" data-element_type=\"container\">\n\t\t\t\t\t<div class=\"e-con-inner\">\n\t\t<div class=\"wd-sticky-container-lg elementor-element elementor-element-bac91b5 e-con-full wd-col-offcanvas-md-sm wd-col-offcanvas-sm e-flex wd-alignment-left e-con e-child\" data-id=\"bac91b5\" data-element_type=\"container\">\n\t\t\t\t<div class=\"elementor-element elementor-element-fe05ff2 elementor-widget elementor-widget-wd_mega_menu\" data-id=\"fe05ff2\" data-element_type=\"widget\" data-widget_type=\"wd_mega_menu.default\">\n\t\t\t\t<div class=\"elementor-widget-container\">\n\t\t\t\t\t\t\t<div class=\"wd-menu widget_nav_mega_menu\">\n\t\t\t\t\t\t<ul id=\"menu-sidebar-menu-marketplace-2\" class=\"menu wd-nav wd-nav-vertical wd-design-simple wd-gap-l\"><li id=\"menu-item-825\" class=\"menu-item menu-item-type-post_type menu-item-object-page menu-item-825 item-level-0 menu-simple-dropdown wd-event-hover\" ><a href=\"https:\/\/adrenalindetector.com\/track-you-order\/\" class=\"woodmart-nav-link\"><span class=\"nav-link-text\">Verfolgen Sie Ihre Bestellung<\/span><\/a><\/li>\n<li id=\"menu-item-824\" class=\"menu-item menu-item-type-post_type menu-item-object-page menu-item-824 item-level-0 menu-simple-dropdown wd-event-hover\" ><a href=\"https:\/\/adrenalindetector.com\/about-us\/\" class=\"woodmart-nav-link\"><span class=\"nav-link-text\">\u00dcber uns<\/span><\/a><\/li>\n<li id=\"menu-item-828\" class=\"menu-item menu-item-type-post_type menu-item-object-page menu-item-828 item-level-0 menu-simple-dropdown wd-event-hover\" ><a href=\"https:\/\/adrenalindetector.com\/our-dealers\/\" class=\"woodmart-nav-link\"><span class=\"nav-link-text\">Unsere H\u00e4ndler<\/span><\/a><\/li>\n<li id=\"menu-item-826\" class=\"menu-item menu-item-type-post_type menu-item-object-page menu-item-826 item-level-0 menu-simple-dropdown wd-event-hover\" ><a href=\"https:\/\/adrenalindetector.com\/contact-us\/\" class=\"woodmart-nav-link\"><span class=\"nav-link-text\">Kontaktieren Sie uns<\/span><\/a><\/li>\n<\/ul>\t\t<\/div>\n\t\t\t\t\t\t<\/div>\n\t\t\t\t<\/div>\n\t\t\t\t<\/div>\n\t\t<div class=\"elementor-element elementor-element-f5faa36 e-con-full wd-col-content-md-sm wd-col-content-sm e-flex e-con e-child\" data-id=\"f5faa36\" data-element_type=\"container\">\n\t\t<div class=\"elementor-element elementor-element-eae72bc e-con-full e-flex e-con e-child\" data-id=\"eae72bc\" data-element_type=\"container\">\n\t\t\t\t<div class=\"elementor-element elementor-element-1440523 elementor-hidden-desktop wd-action-hide-btn elementor-widget elementor-widget-wd_builder_off_canvas_column_btn\" data-id=\"1440523\" data-element_type=\"widget\" data-widget_type=\"wd_builder_off_canvas_column_btn.default\">\n\t\t\t\t<div class=\"elementor-widget-container\">\n\t\t\t\t\t\n\t\t<div class=\"wd-off-canvas-btn wd-action-btn wd-style-text wd-burger-icon\">\n\t\t\t<a href=\"#\" rel=\"nofollow\">\n\t\t\t\t\t\t\t\tSeitenleiste anzeigen\t\t\t<\/a>\n\t\t<\/div>\n\n\t\t\t\t\t<div class=\"wd-sidebar-opener wd-show-on-scroll wd-action-btn wd-style-icon wd-burger-icon\">\n\t\t\t\t<a href=\"#\" rel=\"nofollow\">\n\t\t\t\t\t\t\t\t\t<\/a>\n\t\t\t<\/div>\n\t\t\t\t\t\t\t\t<\/div>\n\t\t\t\t<\/div>\n\t\t\t\t<div class=\"elementor-element elementor-element-3fe8b90 wd-width-100 elementor-widget elementor-widget-wd_title\" data-id=\"3fe8b90\" data-element_type=\"widget\" data-widget_type=\"wd_title.default\">\n\t\t\t\t<div class=\"elementor-widget-container\">\n\t\t\t\t\t\t\t<div class=\"title-wrapper wd-set-mb reset-last-child wd-title-color-default wd-title-style-default wd-title-size-default text-left\">\n\n\t\t\t\n\t\t\t<div class=\"liner-continer\">\n\t\t\t\t<h4 class=\"woodmart-title-container title wd-fontsize-l\">Adrenalin Metalldetektoren<\/h4> \n\t\t\t\t\t\t\t<\/div>\n\n\t\t\t\t\t\t\t<div class=\"title-after_title reset-last-child wd-fontsize-xs\">\n\t\t\t\t\t<p><span style=\"color: #000000\">Adrenalin Detector wurde am 12.07.2010 gegr\u00fcndet, um Ger\u00e4te zu produzieren, die im Bereich der elektromagnetischen Detektionstechnologie eingesetzt werden.<\/span><\/p><p><span style=\"color: #000000\">Seit seiner Gr\u00fcndung hat Adrenalin Detector die Forschung und Entwicklung von Metalldetektoren, Feldscannern, bildgebenden Detektoren und geophysikalischen Messger\u00e4ten kontinuierlich vorangetrieben. Mit seinem geschulten Personal und jahrelanger Forschung stellt Adrenalin Detector professionelle Detektoren her, die speziell f\u00fcr die Schatzsuche eingesetzt werden. Diese professionellen Detektoren werden in der geologischen Forschung, bei geophysikalischen Messungen, bei der unterirdischen Mineraliensuche, bei der Grundwassersuche und bei der Analyse der Bodenstruktur eingesetzt.  <\/span><\/p><p><span style=\"color: #000000\">Zu den hergestellten Ger\u00e4ten geh\u00f6ren Feldscanner, Metall- und Mineraliendetektoren, die 2D- und 3D-Bilder erzeugen k\u00f6nnen, sowie elektromagnetische geophysikalische Radare, die 3D-Bodenanalysen durchf\u00fchren k\u00f6nnen. Die professionellen Produkte von Adrenalin Detector werden erfolgreich in den Bereichen Hobby, Milit\u00e4r, Ballistik, Geologie, Arch\u00e4ologie, Bauwesen und Bergbau eingesetzt. <\/span><\/p><p><span style=\"color: #000000\"><strong>Was sagt unser Gr\u00fcnder dazu?<\/strong><\/span><\/p><p><span style=\"color: #000000\">F&amp;E erfordert viel Zeit, Geld und M\u00fche. Leider kann man die Zahl der Detektorhersteller in der T\u00fcrkei, die in der Lage sind, Forschung und Entwicklung zu betreiben, an den Fingern einer Hand abz\u00e4hlen. Adrenalin Detector betreibt intensive Forschungs- und Entwicklungsarbeit f\u00fcr Metalldetektoren, Feldscanner, geophysikalische Bildgebungsger\u00e4te, Bildgebungsger\u00e4te f\u00fcr den Untergrund, Bildgebungsger\u00e4te f\u00fcr den Untergrund, Schatzdetektoren, Golddetektoren, Schatzsuchdetektoren, Goldsuchger\u00e4te, Schatzsuchger\u00e4te, Goldsuchger\u00e4te und Widerstandsger\u00e4te. Die Kundenzufriedenheit, die aus dem Erfolg dieser Produkte resultiert, ist das Ergebnis intensiver Forschungs- und Entwicklungsanstrengungen und verschafft Adrenalin Detector einen Vorsprung vor seinen Mitbewerbern in der Branche.   <\/span><\/p>\t\t\t\t<\/div>\n\t\t\t\t\t<\/div>\n\t\t\t\t\t\t<\/div>\n\t\t\t\t<\/div>\n\t\t\t\t<\/div>\n\t\t<div class=\"elementor-element elementor-element-3844b35 e-con-full e-flex e-con e-child\" data-id=\"3844b35\" data-element_type=\"container\">\n\t\t\t\t<div class=\"elementor-element elementor-element-2150aef wd-width-100 elementor-widget elementor-widget-wd_images_gallery\" data-id=\"2150aef\" data-element_type=\"widget\" data-widget_type=\"wd_images_gallery.default\">\n\t\t\t\t<div class=\"elementor-widget-container\">\n\t\t\t\t\t\t\t<div class=\"wd-images-gallery photoswipe-images wd-carousel-container\" style=\"--wd-align-items:center; --wd-justify-content:center;\">\n\t\t\t\t\t\t\t<div class=\"wd-carousel-inner\">\n\t\t\t\t\t\t<div class=\"wd-carousel wd-grid\" data-scroll_per_page=\"yes\" style=\"--wd-col-lg:3;--wd-col-md:3;--wd-col-sm:1;--wd-gap-lg:20px;--wd-gap-sm:10px;\">\n\t\t\t\t\t\t\t\t\t<div class=\"wd-carousel-wrap\">\n\t\t\t\t\t\t\t\t\t\t\t\t\t\t\t\t\t\t<div class=\"wd-gallery-item wd-carousel-item\">\n\t\t\t\t\t\t\t\t\t\t\t\t\t<a  href=\"https:\/\/adrenalindetector.com\/wp-content\/uploads\/2025\/01\/about-us-gallery-3-opt.jpg\" data-width=\"440\" data-height=\"280\" data-index=\"1\" data-elementor-open-lightbox=\"no\">\n\t\t\t\t\t\t\n\t\t\t\t\t\t<img fetchpriority=\"high\" decoding=\"async\" width=\"440\" height=\"280\" src=\"https:\/\/adrenalindetector.com\/wp-content\/uploads\/2025\/01\/about-us-gallery-3-opt.jpg\" class=\"attachment-full size-full\" alt=\"about-us-gallery-3-opt\" \/>\n\t\t\t\t\t\t\t\t\t\t\t\t\t<\/a>\n\t\t\t\t\t\t\t\t\t\t\t<\/div>\n\t\t\t\t\t\t\t\t\t\t\t\t\t\t\t<div class=\"wd-gallery-item wd-carousel-item\">\n\t\t\t\t\t\t\t\t\t\t\t\t\t<a  href=\"https:\/\/adrenalindetector.com\/wp-content\/uploads\/2025\/01\/about-us-gallery-2-opt.jpg\" data-width=\"440\" data-height=\"280\" data-index=\"2\" data-elementor-open-lightbox=\"no\">\n\t\t\t\t\t\t\n\t\t\t\t\t\t<img decoding=\"async\" width=\"440\" height=\"280\" src=\"https:\/\/adrenalindetector.com\/wp-content\/uploads\/2025\/01\/about-us-gallery-2-opt.jpg\" class=\"attachment-full size-full\" alt=\"about-us-gallery-2-opt\" \/>\n\t\t\t\t\t\t\t\t\t\t\t\t\t<\/a>\n\t\t\t\t\t\t\t\t\t\t\t<\/div>\n\t\t\t\t\t\t\t\t\t\t\t\t\t\t\t<div class=\"wd-gallery-item wd-carousel-item\">\n\t\t\t\t\t\t\t\t\t\t\t\t\t<a  href=\"https:\/\/adrenalindetector.com\/wp-content\/uploads\/2025\/01\/about-us-gallery-3-opt.jpg\" data-width=\"440\" data-height=\"280\" data-index=\"3\" data-elementor-open-lightbox=\"no\">\n\t\t\t\t\t\t\n\t\t\t\t\t\t<img fetchpriority=\"high\" decoding=\"async\" width=\"440\" height=\"280\" src=\"https:\/\/adrenalindetector.com\/wp-content\/uploads\/2025\/01\/about-us-gallery-3-opt.jpg\" class=\"attachment-full size-full\" alt=\"about-us-gallery-3-opt\" \/>\n\t\t\t\t\t\t\t\t\t\t\t\t\t<\/a>\n\t\t\t\t\t\t\t\t\t\t\t<\/div>\n\t\t\t\t\t\t\t\t\t\t\t\t\t\t\t\t<\/div>\n\t\t\t\t\t\t\t\t<\/div>\n\t\t\t\t\t\t\t\t\t\t\t\t\t\t<div class=\"wd-nav-arrows wd-pos-sep wd-hover-1 wd-icon-1\">\n\t\t\t<div class=\"wd-btn-arrow wd-prev wd-disabled\">\n\t\t\t\t<div class=\"wd-arrow-inner\"><\/div>\n\t\t\t<\/div>\n\t\t\t<div class=\"wd-btn-arrow wd-next\">\n\t\t\t\t<div class=\"wd-arrow-inner\"><\/div>\n\t\t\t<\/div>\n\t\t<\/div>\n\t\t\t\t\t\t\n\t\t\t\t<\/div>\n\n\t\t\t\t\t\t\t\t\t\t\t\t\t<\/div>\n\t\t\t\t\t\t<\/div>\n\t\t\t\t<\/div>\n\t\t\t\t<\/div>\n\t\t<div class=\"elementor-element elementor-element-a7f8df2 e-con-full e-flex e-con e-child\" data-id=\"a7f8df2\" data-element_type=\"container\">\n\t\t<div class=\"elementor-element elementor-element-fb7f6eb e-con-full e-flex e-con e-child\" data-id=\"fb7f6eb\" data-element_type=\"container\" data-settings=\"{&quot;background_background&quot;:&quot;classic&quot;}\">\n\t\t\t\t<div class=\"elementor-element elementor-element-fe7e7f9 wd-width-100 elementor-widget elementor-widget-wd_title\" data-id=\"fe7e7f9\" data-element_type=\"widget\" data-widget_type=\"wd_title.default\">\n\t\t\t\t<div class=\"elementor-widget-container\">\n\t\t\t\t\t\t\t<div class=\"title-wrapper wd-set-mb reset-last-child wd-title-color-default wd-title-style-default wd-title-size-default text-center\">\n\n\t\t\t\n\t\t\t<div class=\"liner-continer\">\n\t\t\t\t<h4 class=\"woodmart-title-container title wd-fontsize-l\">W\u00fcrden Sie gerne unser H\u00e4ndler sein?<\/h4> \n\t\t\t\t\t\t\t<\/div>\n\n\t\t\t\t\t<\/div>\n\t\t\t\t\t\t<\/div>\n\t\t\t\t<\/div>\n\t\t\t\t<div class=\"elementor-element elementor-element-8145dc5 elementor-widget elementor-widget-wd_text_block\" data-id=\"8145dc5\" data-element_type=\"widget\" data-widget_type=\"wd_text_block.default\">\n\t\t\t\t<div class=\"elementor-widget-container\">\n\t\t\t\t\t\t\t<div class=\"wd-text-block reset-last-child text-center\">\n\t\t\t\n\t\t\t<p>Wir k\u00f6nnen zusammen verdienen, indem wir unsere Produkte in Ihrem Land oder Ihrer Stadt verkaufen.<\/p>\n\t\t\t\t\t<\/div>\n\t\t\t\t\t\t<\/div>\n\t\t\t\t<\/div>\n\t\t\t\t<div class=\"elementor-element elementor-element-fa80630 elementor-widget elementor-widget-wd_button\" data-id=\"fa80630\" data-element_type=\"widget\" data-widget_type=\"wd_button.default\">\n\t\t\t\t<div class=\"elementor-widget-container\">\n\t\t\t\t\t\t\t<div class=\"wd-button-wrapper text-center\" >\n\t\t\t<a class=\"btn btn-style-default btn-shape-round btn-size-default btn-color-primary btn-icon-pos-right\"  href=\"https:\/\/adrenalindetector.com\/de\/kontaktieren-sie-uns\/\">\n\t\t\t\t<span class=\"wd-btn-text\" data-elementor-setting-key=\"text\">\n\t\t\t\t\tJetzt bewerben\t\t\t\t<\/span>\n\n\t\t\t\t\t\t\t<\/a>\n\t\t<\/div>\n\t\t\t\t\t\t<\/div>\n\t\t\t\t<\/div>\n\t\t\t\t<\/div>\n\t\t<div class=\"elementor-element elementor-element-84aba87 e-con-full e-flex e-con e-child\" data-id=\"84aba87\" data-element_type=\"container\" data-settings=\"{&quot;background_background&quot;:&quot;classic&quot;}\">\n\t\t\t\t<div class=\"elementor-element elementor-element-0b464d3 wd-width-100 elementor-widget elementor-widget-wd_title\" data-id=\"0b464d3\" data-element_type=\"widget\" data-widget_type=\"wd_title.default\">\n\t\t\t\t<div class=\"elementor-widget-container\">\n\t\t\t\t\t\t\t<div class=\"title-wrapper wd-set-mb reset-last-child wd-title-color-default wd-title-style-default wd-title-size-default text-center\">\n\n\t\t\t\n\t\t\t<div class=\"liner-continer\">\n\t\t\t\t<h4 class=\"woodmart-title-container title wd-fontsize-l\">Fragen Sie uns!<\/h4> \n\t\t\t\t\t\t\t<\/div>\n\n\t\t\t\t\t<\/div>\n\t\t\t\t\t\t<\/div>\n\t\t\t\t<\/div>\n\t\t\t\t<div class=\"elementor-element elementor-element-94dffa3 elementor-widget elementor-widget-wd_text_block\" data-id=\"94dffa3\" data-element_type=\"widget\" data-widget_type=\"wd_text_block.default\">\n\t\t\t\t<div class=\"elementor-widget-container\">\n\t\t\t\t\t\t\t<div class=\"wd-text-block reset-last-child text-center\">\n\t\t\t\n\t\t\t<p>Wenn Sie nicht gefunden haben, was Sie brauchen und Fragen haben, kontaktieren Sie uns und wir werden versuchen, Ihnen zu helfen<\/p>\n\t\t\t\t\t<\/div>\n\t\t\t\t\t\t<\/div>\n\t\t\t\t<\/div>\n\t\t\t\t<div class=\"elementor-element elementor-element-1579511 elementor-widget elementor-widget-wd_button\" data-id=\"1579511\" data-element_type=\"widget\" data-widget_type=\"wd_button.default\">\n\t\t\t\t<div class=\"elementor-widget-container\">\n\t\t\t\t\t\t\t<div class=\"wd-button-wrapper text-center\" >\n\t\t\t<a class=\"btn btn-style-default btn-shape-round btn-size-default btn-color-primary btn-icon-pos-right\"  href=\"https:\/\/adrenalindetector.com\/de\/kontaktieren-sie-uns\/\">\n\t\t\t\t<span class=\"wd-btn-text\" data-elementor-setting-key=\"text\">\n\t\t\t\t\tKontaktieren Sie uns\t\t\t\t<\/span>\n\n\t\t\t\t\t\t\t<\/a>\n\t\t<\/div>\n\t\t\t\t\t\t<\/div>\n\t\t\t\t<\/div>\n\t\t\t\t<\/div>\n\t\t\t\t<\/div>\n\t\t\t\t<\/div>\n\t\t\t\t\t<\/div>\n\t\t\t\t<\/div>\n\t\t\t\t<\/div>\n\t\t","protected":false},"excerpt":{"rendered":"<p>Track You Order About Us Our Dealers Contact Us Seitenleiste anzeigen Adrenalin Metalldetektoren Adrenalin Detector wurde am 12.07.2010 gegr\u00fcndet, um<\/p>\n","protected":false},"author":11,"featured_media":0,"parent":0,"menu_order":0,"comment_status":"closed","ping_status":"closed","template":"","meta":{"footnotes":""},"class_list":["post-1003318","page","type-page","status-publish","hentry"],"jetpack_sharing_enabled":true,"_links":{"self":[{"href":"https:\/\/adrenalindetector.com\/de\/wp-json\/wp\/v2\/pages\/1003318","targetHints":{"allow":["GET"]}}],"collection":[{"href":"https:\/\/adrenalindetector.com\/de\/wp-json\/wp\/v2\/pages"}],"about":[{"href":"https:\/\/adrenalindetector.com\/de\/wp-json\/wp\/v2\/types\/page"}],"author":[{"embeddable":true,"href":"https:\/\/adrenalindetector.com\/de\/wp-json\/wp\/v2\/users\/11"}],"replies":[{"embeddable":true,"href":"https:\/\/adrenalindetector.com\/de\/wp-json\/wp\/v2\/comments?post=1003318"}],"version-history":[{"count":1,"href":"https:\/\/adrenalindetector.com\/de\/wp-json\/wp\/v2\/pages\/1003318\/revisions"}],"predecessor-version":[{"id":1003322,"href":"https:\/\/adrenalindetector.com\/de\/wp-json\/wp\/v2\/pages\/1003318\/revisions\/1003322"}],"wp:attachment":[{"href":"https:\/\/adrenalindetector.com\/de\/wp-json\/wp\/v2\/media?parent=1003318"}],"curies":[{"name":"wp","href":"https:\/\/api.w.org\/{rel}","templated":true}]}}