{"id":1003528,"date":"2025-07-15T23:42:39","date_gmt":"2025-07-15T23:42:39","guid":{"rendered":"https:\/\/adrenalindetector.com\/product\/adrenalin-evolution-standard-paket\/"},"modified":"2025-10-03T09:18:08","modified_gmt":"2025-10-03T09:18:08","slug":"adrenalin-evolution-standard-paket","status":"publish","type":"product","link":"https:\/\/adrenalindetector.com\/de\/produkt\/adrenalin-evolution-standard-paket\/","title":{"rendered":"Adrenalin Evolution &#8211; Standard-Paket"},"content":{"rendered":"<h3 data-start=\"144\" data-end=\"211\">\u26a1 <strong data-start=\"150\" data-end=\"209\">Adrenalin Evolution &#8211; Eine neue \u00c4ra in der Fernerkundung<\/strong><\/h3>\n<p data-start=\"212\" data-end=\"488\">\u2705 <strong data-start=\"214\" data-end=\"280\">Erkennen Sie Hohlr\u00e4ume mit 100%iger Genauigkeit &#8211; gehen Sie direkt zum Schatz!<\/strong><br data-start=\"280\" data-end=\"283\">Der Adrenalin <strong data-start=\"293\" data-end=\"326\">Evolution Long-Range Detector<\/strong> ist ein hochmodernes Feldscan-Ger\u00e4t, das nach jahrelanger Forschung und Entwicklung entwickelt wurde, um die realen Bed\u00fcrfnisse von Schatzsuchern und professionellen Forschern zu erf\u00fcllen.<\/p>\n<p data-start=\"490\" data-end=\"778\">Dank seiner fortschrittlichen elektronischen Systeme kann Evolution sowohl Metalle als auch unterirdische Hohlr\u00e4ume bis zu <strong data-start=\"594\" data-end=\"612\">15 Meter Tiefe<\/strong> in einem <strong data-start=\"622\" data-end=\"642\">Radius von 100 Metern<\/strong> aufsp\u00fcren. Er ist der erste Detektor seiner Klasse, der Hohlr\u00e4ume fehlerfrei aufsp\u00fcren kann, kombiniert mit einer <strong data-start=\"739\" data-end=\"777\">Metallunterscheidung \u00fcber ID-Werte<\/strong>. <\/p>\n<h3 data-start=\"785\" data-end=\"833\">\ud83d\ude80 Warum sollten Sie sich f\u00fcr den Evolution Langstreckendetektor entscheiden?<\/h3>\n<p data-start=\"835\" data-end=\"1343\">&#8211; \u2705 <strong data-start=\"839\" data-end=\"871\">100%ige Genauigkeit bei der Erkennung von Hohlr\u00e4umen<\/strong> &#8211; Pr\u00e4zise Ortung von Gr\u00e4bern, Tunneln, Kellern und \u00e4hnlichen Strukturen<br data-start=\"940\" data-end=\"943\">&#8211; \u2705 <strong data-start=\"947\" data-end=\"978\">Metallunterscheidung per ID<\/strong> &#8211; Identifiziert sofort wertvolle Metalle wie Gold, Silber, und Bronze<br data-start=\"1047\" data-end=\"1050\">&#8211; \u2705 <strong data-start=\"1054\" data-end=\"1086\">3 Suchmodi in einem Ger\u00e4t<\/strong> &#8211; Scannen Sie nach Metallen, Hohlr\u00e4umen oder verwenden Sie die sendergest\u00fctzte Zielsuche<br data-start=\"1150\" data-end=\"1153\">&#8211; \u2705 <strong data-start=\"1157\" data-end=\"1191\">Deckt einen Radius von 100 m \/ 15 m Tiefe ab<\/strong> &#8211; scannt effizient gro\u00dfe Bereiche in kurzer Zeit<br data-start=\"1239\" data-end=\"1242\">&#8211; \u2705 <strong data-start=\"1246\" data-end=\"1283\">Magnetische &amp; Ionische Signalerkennung<\/strong> &#8211; Resistent gegen falsche Signale und Umgebungsst\u00f6rungen<\/p>\n<h3 data-start=\"1350\" data-end=\"1380\">\ud83d\udd0d 3 Erweiterte Suchmodi<\/h3>\n<p data-start=\"1382\" data-end=\"1618\"><strong data-start=\"1382\" data-end=\"1409\">1\ufe0f\u20e3 Hohlraumerkennungsmodus<\/strong><br data-start=\"1409\" data-end=\"1412\">&#8211; Erkennt unterirdische Hohlr\u00e4ume wie Gr\u00e4ber, Keller, H\u00f6hlen und Brunnen mit einer Tiefe von bis zu 15 Metern<br data-start=\"1499\" data-end=\"1502\">&#8211; Bietet eine Echtzeitanalyse von Tiefe und Volumen durch grafische Berichte<br data-start=\"1574\" data-end=\"1577\">&#8211; Bietet eine 100%ige Pr\u00e4zision bei der Hohlraumerkennung<\/p>\n<p data-start=\"1620\" data-end=\"1848\"><strong data-start=\"1620\" data-end=\"1648\">2\ufe0f\u20e3 Metalldetektionsmodus<\/strong><br data-start=\"1648\" data-end=\"1651\">&#8211; Konzentrieren Sie sich auf bestimmte Metalle, indem Sie deren ID-Werte ausw\u00e4hlen (z.B. Gold: 94, Silber: 87)<br data-start=\"1734\" data-end=\"1737\">&#8211; Analysiert die Gr\u00f6\u00dfe, Tiefe und Metallart des Ziels<br data-start=\"1782\" data-end=\"1785\">&#8211; Filtert unerw\u00fcnschte Metalle heraus, um sich nur auf wertvolle Ziele zu konzentrieren<\/p>\n<p data-start=\"1850\" data-end=\"2098\"><strong data-start=\"1850\" data-end=\"1883\">3\ufe0f\u20e3 Sendergest\u00fctzter Modus<\/strong><br data-start=\"1883\" data-end=\"1886\">&#8211; Stimuliert das Feld mit einem Signal, das auf einer ausgew\u00e4hlten Metallfrequenz gesendet wird<br data-start=\"1962\" data-end=\"1965\">&#8211; Das Ger\u00e4t erkennt nur \u00fcbereinstimmende Signale von relevanten Zielen<br data-start=\"2029\" data-end=\"2032\">&#8211; Ideal f\u00fcr die professionelle Schatzsuche mit h\u00f6chster Genauigkeit<\/p>\n<h3 data-start=\"2105\" data-end=\"2126\">\ud83e\udded F\u00fcr wen ist es?<\/h3>\n<p data-start=\"2128\" data-end=\"2337\">&#8211; Schatzsucher<br data-start=\"2146\" data-end=\"2149\">&#8211; Arch\u00e4ologen und Geologen<br data-start=\"2178\" data-end=\"2181\">&#8211; Experten f\u00fcr die Erkennung historischer Strukturen<br data-start=\"2224\" data-end=\"2227\">&#8211; Bergbauexplorationsunternehmen<br data-start=\"2257\" data-end=\"2260\">&#8211; Grundwasser- und Versorgungsscanner<br data-start=\"2298\" data-end=\"2301\">&#8211; Milit\u00e4r und Strafverfolgungsbeh\u00f6rden<\/p>\n<h3 data-start=\"2344\" data-end=\"2387\">\ud83d\udc8e Metall Identifikation &#8211; ID Code Tabelle<\/h3>\n<div class=\"_tableContainer_80l1q_1\">\n<div class=\"_tableWrapper_80l1q_14 group flex w-fit flex-col-reverse\" tabindex=\"-1\">\n<table class=\"w-fit min-w-(--thread-content-width)\" data-start=\"2389\" data-end=\"2784\">\n<thead data-start=\"2389\" data-end=\"2424\">\n<tr data-start=\"2389\" data-end=\"2424\">\n<th data-start=\"2389\" data-end=\"2412\" data-col-size=\"sm\">Ziel Material<\/th>\n<th data-start=\"2412\" data-end=\"2424\" data-col-size=\"sm\">ID Wert<\/th>\n<\/tr>\n<\/thead>\n<tbody data-start=\"2461\" data-end=\"2784\">\n<tr data-start=\"2461\" data-end=\"2496\">\n<td data-start=\"2461\" data-end=\"2484\" data-col-size=\"sm\">Diamant \/ Schmuck<\/td>\n<td data-col-size=\"sm\" data-start=\"2484\" data-end=\"2496\">00<\/td>\n<\/tr>\n<tr data-start=\"2497\" data-end=\"2532\">\n<td data-start=\"2497\" data-end=\"2520\" data-col-size=\"sm\">Marmor<\/td>\n<td data-col-size=\"sm\" data-start=\"2520\" data-end=\"2532\">02<\/td>\n<\/tr>\n<tr data-start=\"2533\" data-end=\"2568\">\n<td data-start=\"2533\" data-end=\"2556\" data-col-size=\"sm\">Ziegelstein<\/td>\n<td data-col-size=\"sm\" data-start=\"2556\" data-end=\"2568\">14<\/td>\n<\/tr>\n<tr data-start=\"2569\" data-end=\"2604\">\n<td data-start=\"2569\" data-end=\"2592\" data-col-size=\"sm\">Wasser\/Feuchtigkeit<\/td>\n<td data-col-size=\"sm\" data-start=\"2592\" data-end=\"2604\">16<\/td>\n<\/tr>\n<tr data-start=\"2605\" data-end=\"2640\">\n<td data-start=\"2605\" data-end=\"2628\" data-col-size=\"sm\">Eisen \/ Stahl<\/td>\n<td data-col-size=\"sm\" data-start=\"2628\" data-end=\"2640\">24<\/td>\n<\/tr>\n<tr data-start=\"2641\" data-end=\"2676\">\n<td data-start=\"2641\" data-end=\"2664\" data-col-size=\"sm\">Blei<\/td>\n<td data-col-size=\"sm\" data-start=\"2664\" data-end=\"2676\">66<\/td>\n<\/tr>\n<tr data-start=\"2677\" data-end=\"2712\">\n<td data-start=\"2677\" data-end=\"2700\" data-col-size=\"sm\">Bronze \/ Kupfer<\/td>\n<td data-col-size=\"sm\" data-start=\"2700\" data-end=\"2712\">78<\/td>\n<\/tr>\n<tr data-start=\"2713\" data-end=\"2748\">\n<td data-start=\"2713\" data-end=\"2736\" data-col-size=\"sm\">Silber<\/td>\n<td data-col-size=\"sm\" data-start=\"2736\" data-end=\"2748\">87<\/td>\n<\/tr>\n<tr data-start=\"2749\" data-end=\"2784\">\n<td data-start=\"2749\" data-end=\"2772\" data-col-size=\"sm\">Gold<\/td>\n<td data-col-size=\"sm\" data-start=\"2772\" data-end=\"2784\">94<\/td>\n<\/tr>\n<\/tbody>\n<\/table>\n<div class=\"sticky end-(--thread-content-margin) h-0 self-end select-none\">\n<div class=\"absolute end-0 flex items-end\"><\/div>\n<\/div>\n<\/div>\n<\/div>\n<h3 data-start=\"2791\" data-end=\"2813\">\ud83d\udce6 Paket Optionen<\/h3>\n<p data-start=\"2815\" data-end=\"2886\">\ud83d\udd39 <strong data-start=\"2818\" data-end=\"2835\">Basispaket<\/strong><br data-start=\"2835\" data-end=\"2838\">&#8211; Empfangseinheit<br data-start=\"2853\" data-end=\"2856\">&#8211; 2 Antennen<br data-start=\"2868\" data-end=\"2871\">&#8211; Tragetasche<\/p>\n<p data-start=\"2888\" data-end=\"3051\">\ud83d\udd38 <strong data-start=\"2891\" data-end=\"2906\">Profi-Paket<\/strong><br data-start=\"2906\" data-end=\"2909\">&#8211; Empf\u00e4nger + Sender<br data-start=\"2938\" data-end=\"2941\">&#8211; 2 Antennen<br data-start=\"2953\" data-end=\"2956\">&#8211; 9V-Automatik-Ladeger\u00e4t<br data-start=\"2978\" data-end=\"2981\">&#8211; 18 x 1,5V AA-Akkus<br data-start=\"3018\" data-end=\"3021\">&#8211; Robuste Kunststoff-Transporttasche<\/p>\n<blockquote data-start=\"3053\" data-end=\"3174\">\n<p data-start=\"3055\" data-end=\"3174\">Das <strong data-start=\"3059\" data-end=\"3074\">Pro-Paket<\/strong> bietet eine tiefere und pr\u00e4zisere Erkennung dank seiner sendergest\u00fctzten Scanfunktionen.<\/p>\n<\/blockquote>\n<h3 data-start=\"3181\" data-end=\"3211\">\u2699 Technische Daten<\/h3>\n<div class=\"_tableContainer_80l1q_1\">\n<div class=\"_tableWrapper_80l1q_14 group flex w-fit flex-col-reverse\" tabindex=\"-1\">\n<table class=\"w-fit min-w-(--thread-content-width)\" data-start=\"3213\" data-end=\"3891\">\n<thead data-start=\"3213\" data-end=\"3273\">\n<tr data-start=\"3213\" data-end=\"3273\">\n<th data-start=\"3213\" data-end=\"3237\" data-col-size=\"sm\">Funktion<\/th>\n<th data-start=\"3237\" data-end=\"3273\" data-col-size=\"sm\">Wert<\/th>\n<\/tr>\n<\/thead>\n<tbody data-start=\"3336\" data-end=\"3891\">\n<tr data-start=\"3336\" data-end=\"3397\">\n<td data-start=\"3336\" data-end=\"3361\" data-col-size=\"sm\">Betriebsmodi<\/td>\n<td data-col-size=\"sm\" data-start=\"3361\" data-end=\"3397\">3 verschiedene Suchmodi<\/td>\n<\/tr>\n<tr data-start=\"3398\" data-end=\"3458\">\n<td data-start=\"3398\" data-end=\"3423\" data-col-size=\"sm\">Erkennungsradius<\/td>\n<td data-col-size=\"sm\" data-start=\"3423\" data-end=\"3458\">100 Meter<\/td>\n<\/tr>\n<tr data-start=\"3459\" data-end=\"3519\">\n<td data-start=\"3459\" data-end=\"3484\" data-col-size=\"sm\">Maximale Detektionstiefe<\/td>\n<td data-col-size=\"sm\" data-start=\"3484\" data-end=\"3519\">Bis zu 15 Meter<\/td>\n<\/tr>\n<tr data-start=\"3520\" data-end=\"3580\">\n<td data-start=\"3520\" data-end=\"3545\" data-col-size=\"sm\">Metall-Diskriminierung<\/td>\n<td data-col-size=\"sm\" data-start=\"3545\" data-end=\"3580\">Nach ID-Nummer<\/td>\n<\/tr>\n<tr data-start=\"3581\" data-end=\"3643\">\n<td data-start=\"3581\" data-end=\"3606\" data-col-size=\"sm\">Prinzip der Detektion<\/td>\n<td data-col-size=\"sm\" data-start=\"3606\" data-end=\"3643\">Magnetische und ionische Signaldetektion<\/td>\n<\/tr>\n<tr data-start=\"3644\" data-end=\"3708\">\n<td data-start=\"3644\" data-end=\"3669\" data-col-size=\"sm\">Energieversorgung<\/td>\n<td data-col-size=\"sm\" data-start=\"3669\" data-end=\"3708\">18 x 1,5V AA wiederaufladbare Batterien<\/td>\n<\/tr>\n<tr data-start=\"3709\" data-end=\"3769\">\n<td data-start=\"3709\" data-end=\"3734\" data-col-size=\"sm\">Gewicht<\/td>\n<td data-col-size=\"sm\" data-start=\"3734\" data-end=\"3769\">6,3 kg<\/td>\n<\/tr>\n<tr data-start=\"3770\" data-end=\"3830\">\n<td data-start=\"3770\" data-end=\"3795\" data-col-size=\"sm\">Abmessungen<\/td>\n<td data-col-size=\"sm\" data-start=\"3795\" data-end=\"3830\">46 x 35 x 13 cm<\/td>\n<\/tr>\n<tr data-start=\"3831\" data-end=\"3891\">\n<td data-start=\"3831\" data-end=\"3856\" data-col-size=\"sm\">Garantie<\/td>\n<td data-col-size=\"sm\" data-start=\"3856\" data-end=\"3891\">2 Jahre<\/td>\n<\/tr>\n<\/tbody>\n<\/table>\n<div class=\"sticky end-(--thread-content-margin) h-0 self-end select-none\">\n<div class=\"absolute end-0 flex items-end\"><\/div>\n<\/div>\n<\/div>\n<\/div>\n<h3 data-start=\"3898\" data-end=\"3949\">\u2705 Abschlie\u00dfendes Urteil: Echtes Ziel, echte Entdeckung!<\/h3>\n<p data-start=\"3950\" data-end=\"4197\"><strong data-start=\"3950\" data-end=\"3973\">Adrenalin Evolution<\/strong> stellt einen Durchbruch in der Langstrecken-Scantechnologie dar.<br data-start=\"4034\" data-end=\"4037\">Mit seiner un\u00fcbertroffenen Genauigkeit bei der Erkennung von L\u00fccken, der F\u00e4higkeit zur Metallidentifizierung und der gro\u00dfen Reichweite tr\u00e4gt Evolution dazu bei, <strong data-start=\"4154\" data-end=\"4196\">Ihren Erfolg bei der Schatzsuche zu maximieren<\/strong>.<\/p>\n<p data-start=\"4199\" data-end=\"4288\">\ud83d\udcde <strong data-start=\"4202\" data-end=\"4220\">Kontaktieren Sie uns jetzt<\/strong>, um Ihrer Entdeckung mit Adrenalin Evolution einen Schritt n\u00e4her zu kommen!<\/p>\n","protected":false},"excerpt":{"rendered":"<div class=\"elementor-element elementor-element-f2b312d elementor-widget elementor-widget-heading\" data-id=\"f2b312d\" data-element_type=\"widget\" data-widget_type=\"heading.default\">\n<div class=\"elementor-widget-container\"><span class=\"elementor-heading-title elementor-size-default\">Der <strong>Long-Range Locator<\/strong> Evolution ist der weltweit beste <strong>Long-Range Locator<\/strong>, von dem Schatzsucher tr\u00e4umen. Es wurde in jahrelanger harter Forschungsarbeit entwickelt und erf\u00fcllt die Bed\u00fcrfnisse von Goldsuchern, die einen Detektor mit gro\u00dfer Reichweite ben\u00f6tigen. <\/span><\/div>\n<\/div>\n<div class=\"elementor-element elementor-element-721db11 elementor-widget elementor-widget-spacer\" data-id=\"721db11\" data-element_type=\"widget\" data-widget_type=\"spacer.default\">\n<div class=\"elementor-widget-container\">\n<div class=\"elementor-spacer\"><\/div>\n<\/div>\n<\/div>\n","protected":false},"featured_media":1002540,"comment_status":"open","ping_status":"closed","template":"","meta":[],"product_brand":[64],"product_cat":[169,168],"product_tag":[],"class_list":{"0":"post-1003528","1":"product","2":"type-product","3":"status-publish","4":"has-post-thumbnail","6":"product_brand-adrenalin-metal-detector","7":"product_cat-ortungsgerat-mit-groser-reichweite","8":"product_cat-wunschelruten","10":"first","11":"instock","12":"shipping-taxable","13":"purchasable","14":"product-type-simple"},"jetpack_sharing_enabled":true,"_links":{"self":[{"href":"https:\/\/adrenalindetector.com\/de\/wp-json\/wp\/v2\/product\/1003528","targetHints":{"allow":["GET"]}}],"collection":[{"href":"https:\/\/adrenalindetector.com\/de\/wp-json\/wp\/v2\/product"}],"about":[{"href":"https:\/\/adrenalindetector.com\/de\/wp-json\/wp\/v2\/types\/product"}],"replies":[{"embeddable":true,"href":"https:\/\/adrenalindetector.com\/de\/wp-json\/wp\/v2\/comments?post=1003528"}],"version-history":[{"count":0,"href":"https:\/\/adrenalindetector.com\/de\/wp-json\/wp\/v2\/product\/1003528\/revisions"}],"wp:featuredmedia":[{"embeddable":true,"href":"https:\/\/adrenalindetector.com\/de\/wp-json\/wp\/v2\/media\/1002540"}],"wp:attachment":[{"href":"https:\/\/adrenalindetector.com\/de\/wp-json\/wp\/v2\/media?parent=1003528"}],"wp:term":[{"taxonomy":"product_brand","embeddable":true,"href":"https:\/\/adrenalindetector.com\/de\/wp-json\/wp\/v2\/product_brand?post=1003528"},{"taxonomy":"product_cat","embeddable":true,"href":"https:\/\/adrenalindetector.com\/de\/wp-json\/wp\/v2\/product_cat?post=1003528"},{"taxonomy":"product_tag","embeddable":true,"href":"https:\/\/adrenalindetector.com\/de\/wp-json\/wp\/v2\/product_tag?post=1003528"}],"curies":[{"name":"wp","href":"https:\/\/api.w.org\/{rel}","templated":true}]}}