{"id":1003962,"date":"2025-07-15T23:26:12","date_gmt":"2025-07-15T23:26:12","guid":{"rendered":"https:\/\/adrenalindetector.com\/product\/adrenalin-z18-s4\/"},"modified":"2025-12-22T00:56:31","modified_gmt":"2025-12-22T00:56:31","slug":"adrenalin-z18-s4","status":"publish","type":"product","link":"https:\/\/adrenalindetector.com\/de\/produkt\/adrenalin-z18-s4\/","title":{"rendered":"Adrenalin Z18 S4"},"content":{"rendered":"<h3 data-start=\"147\" data-end=\"215\">  3D-Untergrund-Bildgebungsger\u00e4t<\/h3>\n<p data-start=\"216\" data-end=\"603\"><strong data-start=\"216\" data-end=\"269\">Eine neue Ebene der Tiefe: Entdecken Sie die Serien S4 und S8!<\/strong><br data-start=\"269\" data-end=\"272\">Das Adrenalin Z-18 ist ein fortschrittliches 3D-Untergrundbildsystem, das f\u00fcr professionelle Schatz- und Mineraliensucher entwickelt wurde. Ausgestattet mit einer hochpr\u00e4zisen Multisensortechnologie, einem magnetischen Filtersystem und einer leistungsstarken Analysesoftware visualisiert die Z-18 die Form, Gr\u00f6\u00dfe und Tiefe von unterirdischen Zielen in detaillierten 3D-Grafiken. <\/p>\n<p data-start=\"607\" data-end=\"728\">Mit einem Detektionsverm\u00f6gen von bis zu 10 Metern \u00fcbertrifft der Z-18 herk\u00f6mmliche Detektoren durch seine \u00fcberlegene Leistung.<\/p>\n<h3 data-start=\"735\" data-end=\"764\">\ud83d\ude80 Warum die Z-18?<\/h3>\n<p>\u2705 <strong data-start=\"769\" data-end=\"788\">Real 3D Imaging<\/strong> &#8211; Sehen Sie die genaue Form, Gr\u00f6\u00dfe und Position des Ziels in detaillierten 3D-Darstellungen <br data-start=\"867\" data-end=\"870\">\u2705 <strong data-start=\"874\" data-end=\"907\">Magnetische Abschirmungstechnologie<\/strong> &#8211; Blockiert St\u00f6rsignale und gew\u00e4hrleistet pr\u00e4zises Scannen <br data-start=\"965\" data-end=\"968\">\u2705 <strong data-start=\"972\" data-end=\"995\">Multi-Sensor-System<\/strong> &#8211; Scannt gro\u00dfe Fl\u00e4chen schnell und mit hoher Aufl\u00f6sung <br data-start=\"1044\" data-end=\"1047\">\u2705 <strong data-start=\"1051\" data-end=\"1096\">Stabile Leistung in mineralisierten B\u00f6den<\/strong> &#8211; Zuverl\u00e4ssige Signalerkennung auch in schwierigen B\u00f6den <br data-start=\"1150\" data-end=\"1153\">\u2705 So <strong data-start=\"1157\" data-end=\"1209\">fortige Metallunterscheidung und Tiefenmessung<\/strong> &#8211; identifiziert pr\u00e4zise Gold, Silber, Kupfer, Eisen und mehr <\/p>\n<p><iframe title=\"YouTube-Video-Player\" src=\"https:\/\/www.youtube.com\/embed\/videoseries?si=HFO48EAQ-wskfgUN&amp;list=PLi_Z_j5lvjC82LvaTuSZ7n0j9u5FNHxDs\" width=\"560\" height=\"450\" frameborder=\"0\" allowfullscreen=\"allowfullscreen\"><span data-mce-type=\"bookmark\" style=\"display: inline-block; width: 0px; overflow: hidden; line-height: 0;\" class=\"mce_SELRES_start\"><\/span><\/iframe><\/p>\n<h3 data-start=\"1279\" data-end=\"1313\">Geeignet f\u00fcr alle Benutzerstufen<\/h3>\n<p data-start=\"1314\" data-end=\"1480\">Intuitive Benutzeroberfl\u00e4che f\u00fcr Anf\u00e4nger; erweiterte Analysefunktionen f\u00fcr Profis.<br data-start=\"1394\" data-end=\"1397\">Ideal f\u00fcr geophysikalische Ingenieure, Arch\u00e4ologen, Schatzsucher und Forscher.<\/p>\n<h2 data-start=\"1487\" data-end=\"1535\">Z-18 Serie &#8211; Zwei Optionen f\u00fcr Ihre Bed\u00fcrfnisse<\/h2>\n<h3 data-start=\"1537\" data-end=\"1591\">\ud83d\udd39 <strong data-start=\"1544\" data-end=\"1589\">S4 Serie &#8211; Standard Profi-Paket<\/strong><\/h3>\n<p data-start=\"1592\" data-end=\"1737\">Die Adrenalin Z-18 S4 Serie bietet alle wichtigen Funktionen und 3D-Analysef\u00e4higkeiten, die sie zu einem Favoriten unter professionellen Schatzsuchern machen!<\/p>\n<p data-start=\"1739\" data-end=\"1972\"><strong data-start=\"1739\" data-end=\"1762\">Die S4-Serie umfasst:<\/strong><br data-start=\"1762\" data-end=\"1765\">&#8211; Z-18 Haupteinheit<br data-start=\"1781\" data-end=\"1784\">&#8211; 3D-Imaging-Software<br data-start=\"1805\" data-end=\"1808\">&#8211; Automatische und manuelle Scanning-Modi<br data-start=\"1843\" data-end=\"1846\">&#8211; Multi-Sensor-Technologie<br data-start=\"1871\" data-end=\"1874\">&#8211; Echtzeit-3D-Scanning<br data-start=\"1897\" data-end=\"1900\">&#8211; 3 Detektionsspulen (Standard)<br data-start=\"1930\" data-end=\"1933\">&#8211; Tragetasche, Ladeger\u00e4t, Benutzerhandbuch<\/p>\n<h3 data-start=\"1979\" data-end=\"2055\">\ud83d\udd38 <strong data-start=\"1986\" data-end=\"2053\">S8 Serie &#8211; Erweitertes Paket + Elinimator Mineral Filtering Kit<\/strong><\/h3>\n<p data-start=\"2056\" data-end=\"2263\">Die Z-18 S8 Serie ist mit dem Elinimator Mineral Filtering Kit ausgestattet, das falsche Signale und St\u00f6rungen in stark mineralisierten B\u00f6den reduziert. Diese Version sorgt f\u00fcr eine stabile Leistung auch in schwierigstem Terrain. <\/p>\n<p data-start=\"2265\" data-end=\"2495\"><strong data-start=\"2265\" data-end=\"2288\">Die S8-Serie umfasst:<\/strong><br data-start=\"2288\" data-end=\"2291\">&#8211; Alle Funktionen des S4-Pakets plus:<br data-start=\"2330\" data-end=\"2333\">o Elinimator Mineral Filtering Kit<br data-start=\"2369\" data-end=\"2372\">o Verbessertes Pr\u00e4zisions-Scanning-Protokoll<br data-start=\"2412\" data-end=\"2415\">o Optionale gr\u00f6\u00dfere Spulenoptionen<br data-start=\"2447\" data-end=\"2450\">o Schulungen und technischer Support<\/p>\n<h3 data-start=\"2502\" data-end=\"2537\">Ziele, die aufgesp\u00fcrt werden k\u00f6nnen:<\/h3>\n<p data-start=\"2538\" data-end=\"2720\">&#8211; \ud83e\ude99 Metalle wie Gold, Silber, Kupfer, Bronze und Eisen<br data-start=\"2596\" data-end=\"2599\">&#8211; \ud83c\udfdb\ufe0f Strukturen wie Gr\u00e4ber, H\u00f6hlen, Keller, Kammern, Tunnel und Brunnen<br data-start=\"2673\" data-end=\"2676\">&#8211; \u26cf\ufe0f Mineraladern und dichte mineralische Zonen<\/p>\n<h3 data-start=\"2727\" data-end=\"2749\">Betriebsmodi:<\/h3>\n<p data-start=\"2750\" data-end=\"2907\">&#8211; <strong data-start=\"2752\" data-end=\"2771\">Manuelles Scannen<\/strong> &#8211; Mit Live-Bild\u00fcbertragung<br data-start=\"2798\" data-end=\"2801\">&#8211; <strong data-start=\"2803\" data-end=\"2825\">Automatisches Scannen<\/strong> &#8211; (10-20-30-40-50 Schritte)<br data-start=\"2850\" data-end=\"2853\">&#8211; <strong data-start=\"2855\" data-end=\"2872\">Detektormodus<\/strong> &#8211; Metallunterscheidung in Echtzeit<\/p>\n<h3 data-start=\"2914\" data-end=\"2973\">Technische Spezifikationen (gilt f\u00fcr beide Pakete):<\/h3>\n<div class=\"_tableContainer_80l1q_1\">\n<div class=\"_tableWrapper_80l1q_14 group flex w-fit flex-col-reverse\" tabindex=\"-1\">\n<table class=\"w-fit min-w-(--thread-content-width)\" data-start=\"2975\" data-end=\"3570\">\n<thead data-start=\"2975\" data-end=\"3040\">\n<tr data-start=\"2975\" data-end=\"3040\">\n<th data-start=\"2975\" data-end=\"2998\" data-col-size=\"sm\">FEATURE<\/th>\n<th data-start=\"2998\" data-end=\"3040\" data-col-size=\"sm\">WERT<\/th>\n<\/tr>\n<\/thead>\n<tbody data-start=\"3107\" data-end=\"3570\">\n<tr data-start=\"3107\" data-end=\"3172\">\n<td data-start=\"3107\" data-end=\"3130\" data-col-size=\"sm\">MAXIMALE ERKENNUNGSTIEFE<\/td>\n<td data-start=\"3130\" data-end=\"3172\" data-col-size=\"sm\">Bis zu 10 Meter<\/td>\n<\/tr>\n<tr data-start=\"3173\" data-end=\"3238\">\n<td data-start=\"3173\" data-end=\"3196\" data-col-size=\"sm\">SIGNALVERARBEITUNG<\/td>\n<td data-start=\"3196\" data-end=\"3238\" data-col-size=\"sm\">Gleichzeitiges 3D- und magnetisches Auswuchten<\/td>\n<\/tr>\n<tr data-start=\"3239\" data-end=\"3304\">\n<td data-start=\"3239\" data-end=\"3262\" data-col-size=\"sm\">SOFTWARE<\/td>\n<td data-start=\"3262\" data-end=\"3304\" data-col-size=\"sm\">Grafische 3D-Analyse (PC-kompatibel)<\/td>\n<\/tr>\n<tr data-start=\"3305\" data-end=\"3370\">\n<td data-start=\"3305\" data-end=\"3328\" data-col-size=\"sm\">METALLUNTERSCHEIDUNG<\/td>\n<td data-start=\"3328\" data-end=\"3370\" data-col-size=\"sm\">Automatisch mit digitaler ID<\/td>\n<\/tr>\n<tr data-start=\"3371\" data-end=\"3438\">\n<td data-start=\"3371\" data-end=\"3394\" data-col-size=\"sm\">BODENVERTR\u00c4GLICHKEIT<\/td>\n<td data-start=\"3394\" data-end=\"3438\" data-col-size=\"sm\">Funktioniert in mineralisierten, felsigen, salzigen B\u00f6den<\/td>\n<\/tr>\n<tr data-start=\"3439\" data-end=\"3504\">\n<td data-start=\"3439\" data-end=\"3462\" data-col-size=\"sm\">PORTABILIT\u00c4T<\/td>\n<td data-start=\"3462\" data-end=\"3504\" data-col-size=\"sm\">Kompaktes, leichtes und ergonomisches Design<\/td>\n<\/tr>\n<tr data-start=\"3505\" data-end=\"3570\">\n<td data-start=\"3505\" data-end=\"3528\" data-col-size=\"sm\">SCHULUNG &amp; UNTERST\u00dcTZUNG<\/td>\n<td data-start=\"3528\" data-end=\"3570\" data-col-size=\"sm\">Im Lieferumfang der S8-Serie enthalten<\/td>\n<\/tr>\n<\/tbody>\n<\/table>\n<div class=\"sticky end-(--thread-content-margin) h-0 self-end select-none\">\n<div><\/div>\n<div class=\"absolute end-0 flex items-end\"><span style=\"color: #1b1919; font-size: 22px;\">\ud83c\udfaf Welches ist das Richtige f\u00fcr Sie?<\/span><\/div>\n<\/div>\n<\/div>\n<\/div>\n<p data-start=\"3614\" data-end=\"3826\">\ud83d\udd39 <strong data-start=\"3617\" data-end=\"3635\">Z-18 S4 Serie<\/strong>: Ideal f\u00fcr den professionellen Standardeinsatz; starke Leistung zu einem wettbewerbsf\u00e4higen Preis<br data-start=\"3717\" data-end=\"3720\">\ud83d\udd38 <strong data-start=\"3723\" data-end=\"3741\">Z-18 S8 Serie<\/strong>: Verbessert f\u00fcr raues Gel\u00e4nde mit dem Elinimator Kit f\u00fcr maximale Erkennungssch\u00e4rfe<\/p>\n<p data-start=\"3828\" data-end=\"3898\">\ud83d\udcde <strong data-start=\"3831\" data-end=\"3898\">Kontaktieren Sie uns noch heute, um herauszufinden, welche Serie am besten zu Ihren Bed\u00fcrfnissen passt!<\/strong><\/p>\n","protected":false},"excerpt":{"rendered":"<p><strong>Adrenalin Z18 Professional<\/strong>: Finden Sie Gold mit unseren hochwertigen Metalldetektoren mit 3D-Imaging und 3D EM Imaging Systems F\u00e4higkeiten. Der <strong>3D-Metalldetektor<\/strong> Z18 liefert dem professionellen Anwender die Form, Tiefe und Gr\u00f6\u00dfe des unter der Erde gefundenen Objekts als 3D-Grafikbild in einem Computerprogramm.<\/p>\n","protected":false},"featured_media":1003809,"comment_status":"open","ping_status":"closed","template":"","meta":[],"product_brand":[64],"product_cat":[188,185,186,187],"product_tag":[],"class_list":{"0":"post-1003962","1":"product","2":"type-product","3":"status-publish","4":"has-post-thumbnail","6":"product_brand-adrenalin-metal-detector","7":"product_cat-3d-golddetektor","8":"product_cat-elektromagnetische-systeme","9":"product_cat-golddetektoren","10":"product_cat-schatz-scanner","12":"first","13":"instock","14":"shipping-taxable","15":"purchasable","16":"product-type-simple"},"jetpack_sharing_enabled":true,"_links":{"self":[{"href":"https:\/\/adrenalindetector.com\/de\/wp-json\/wp\/v2\/product\/1003962","targetHints":{"allow":["GET"]}}],"collection":[{"href":"https:\/\/adrenalindetector.com\/de\/wp-json\/wp\/v2\/product"}],"about":[{"href":"https:\/\/adrenalindetector.com\/de\/wp-json\/wp\/v2\/types\/product"}],"replies":[{"embeddable":true,"href":"https:\/\/adrenalindetector.com\/de\/wp-json\/wp\/v2\/comments?post=1003962"}],"version-history":[{"count":0,"href":"https:\/\/adrenalindetector.com\/de\/wp-json\/wp\/v2\/product\/1003962\/revisions"}],"wp:featuredmedia":[{"embeddable":true,"href":"https:\/\/adrenalindetector.com\/de\/wp-json\/wp\/v2\/media\/1003809"}],"wp:attachment":[{"href":"https:\/\/adrenalindetector.com\/de\/wp-json\/wp\/v2\/media?parent=1003962"}],"wp:term":[{"taxonomy":"product_brand","embeddable":true,"href":"https:\/\/adrenalindetector.com\/de\/wp-json\/wp\/v2\/product_brand?post=1003962"},{"taxonomy":"product_cat","embeddable":true,"href":"https:\/\/adrenalindetector.com\/de\/wp-json\/wp\/v2\/product_cat?post=1003962"},{"taxonomy":"product_tag","embeddable":true,"href":"https:\/\/adrenalindetector.com\/de\/wp-json\/wp\/v2\/product_tag?post=1003962"}],"curies":[{"name":"wp","href":"https:\/\/api.w.org\/{rel}","templated":true}]}}