{"id":1003968,"date":"2025-10-18T17:18:23","date_gmt":"2025-10-18T17:18:23","guid":{"rendered":"https:\/\/adrenalindetector.com\/product\/adrenalin-eliminator-signal-booster\/"},"modified":"2025-12-21T23:55:57","modified_gmt":"2025-12-21T23:55:57","slug":"adrenalin-eliminator-signal-booster","status":"publish","type":"product","link":"https:\/\/adrenalindetector.com\/de\/produkt\/adrenalin-eliminator-signal-booster\/","title":{"rendered":"Adrenalin Eliminator | Signal Booster"},"content":{"rendered":"<p><span style=\"color: #000000;\"><strong>Adrenalin-Eliminator<\/strong><\/span><\/p>\n<p><span style=\"color: #000000;\">Der Adrenalin Eliminator ist ein spezielles Ger\u00e4t, das die Ortung von besonders wertvollen (Nichteisen-)Metallobjekten, Strukturen mit Hohlr\u00e4umen und historischen \u00dcberresten, die seit vielen Jahren unter der Erde vergraben sind, mit Hilfe von unterirdischen Bildgebungsger\u00e4ten und Metalldetektoren verbessert. Dank des Erdmagnetfeldes werden die nat\u00fcrlichen Magnetfelder, die sich \u00fcber vergrabenen Materialien bilden, durch spezielle Signale, die in den Boden gesendet werden, stark verst\u00e4rkt. <\/span><\/p>\n<p><span style=\"color: #000000;\">Der Eliminator wird in EM-Imaging-Systemen mit elektromagnetischen Sensoren eingesetzt. \u00dcber vergrabenen Metallen wird ein sehr starkes Magnetfeld erzeugt. Dadurch k\u00f6nnen elektromagnetische EM-Bildgebungsger\u00e4te f\u00fcr den Untergrund wertvolle Metalle wie Gold, Silber, Bronze und Kupferderivate in gro\u00dfen Tiefen aufsp\u00fcren. Es erleichtert die Detektion, indem es ein Magnetfeld auf vergrabene Ziele in nur 5 Minuten aufbaut.   <\/span><\/p>\n<p><span style=\"color: #000000;\">Dank des Magnetfelds, das bei bildgebenden Systemen auf wertvolle Metalle einwirkt, k\u00f6nnen sogar Ziele, die fast unm\u00f6glich zu finden sind, visuell erkannt werden.<\/span><\/p>\n<p><span style=\"color: #000000;\">Es kann bevorzugt werden, um die Tiefe von Metalldetektoren f\u00fcr die Schatzsuche zu erh\u00f6hen. Durch die Erh\u00f6hung der St\u00e4rke des Magnetfeldes, das sich auf dem Ziel bildet, wird die Erkennungstiefe des Detektors um bis zu 100% erh\u00f6ht. <\/span><\/p>\n<p><span style=\"color: #000000;\">Der Eliminator erm\u00f6glicht das Aufsp\u00fcren schwieriger Ziele in Tiefen, die herk\u00f6mmliche Tiefensuchdetektoren unter nat\u00fcrlichen Bedingungen nicht erreichen k\u00f6nnen. In nur 5 Minuten erreicht er eine bemerkenswerte Leistungssteigerung von bis zu 100% beim Aufsp\u00fcren wertvoller Metalle wie Gold und Silber mit Detektoren. <\/span><\/p>\n<p><span style=\"color: #000000;\"><strong>Inhalt des Sets:<\/strong><\/span><\/p>\n<p><span style=\"color: #000000;\">&#8211; Elektronisches Panel<\/span><\/p>\n<p><span style=\"color: #000000;\">&#8211; 4 Elektroden<\/span><\/p>\n<p><span style=\"color: #000000;\">&#8211; Automatisches 12-Volt-Ladeger\u00e4t<\/span><\/p>\n<p><span style=\"color: #000000;\">&#8211; 4 Kabel (2\u00d75 Meter &#8211; 2&#215;15 Meter)<\/span><\/p>\n<p><span style=\"color: #000000;\">&#8211; T\u00fcrkisches Benutzerhandbuch, Garantieschein.<\/span><\/p>\n<p><span style=\"color: #000000;\">Transportma\u00dfe:<\/span><\/p>\n<p><span style=\"color: #000000;\">Abmessungen der Verpackung: 35 \u0445 30 \u0445 10 cm<\/span><\/p>\n<p><span style=\"color: #000000;\">Gewicht: 2,4 kg<\/span><\/p>\n<p>&nbsp;<\/p>\n<p>&nbsp;<\/p>\n","protected":false},"excerpt":{"rendered":"<p>Der Adrenalin Eliminator ist ein spezielles Ger\u00e4t, das die Ortung von besonders wertvollen (Nichteisen-) Metallobjekten, Strukturen mit Hohlr\u00e4umen und historischen \u00dcberresten, die seit vielen Jahren unter der Erde vergraben sind, mit Hilfe von unterirdischen Bildgebungsger\u00e4ten und Metalldetektoren verbessert.<\/p>\n","protected":false},"featured_media":1003835,"comment_status":"open","ping_status":"closed","template":"","meta":[],"product_brand":[],"product_cat":[185,199],"product_tag":[],"class_list":{"0":"post-1003968","1":"product","2":"type-product","3":"status-publish","4":"has-post-thumbnail","6":"product_cat-elektromagnetische-systeme","7":"product_cat-signalverstarker","9":"first","10":"instock","11":"shipping-taxable","12":"purchasable","13":"product-type-simple"},"jetpack_sharing_enabled":true,"_links":{"self":[{"href":"https:\/\/adrenalindetector.com\/de\/wp-json\/wp\/v2\/product\/1003968","targetHints":{"allow":["GET"]}}],"collection":[{"href":"https:\/\/adrenalindetector.com\/de\/wp-json\/wp\/v2\/product"}],"about":[{"href":"https:\/\/adrenalindetector.com\/de\/wp-json\/wp\/v2\/types\/product"}],"replies":[{"embeddable":true,"href":"https:\/\/adrenalindetector.com\/de\/wp-json\/wp\/v2\/comments?post=1003968"}],"version-history":[{"count":0,"href":"https:\/\/adrenalindetector.com\/de\/wp-json\/wp\/v2\/product\/1003968\/revisions"}],"wp:featuredmedia":[{"embeddable":true,"href":"https:\/\/adrenalindetector.com\/de\/wp-json\/wp\/v2\/media\/1003835"}],"wp:attachment":[{"href":"https:\/\/adrenalindetector.com\/de\/wp-json\/wp\/v2\/media?parent=1003968"}],"wp:term":[{"taxonomy":"product_brand","embeddable":true,"href":"https:\/\/adrenalindetector.com\/de\/wp-json\/wp\/v2\/product_brand?post=1003968"},{"taxonomy":"product_cat","embeddable":true,"href":"https:\/\/adrenalindetector.com\/de\/wp-json\/wp\/v2\/product_cat?post=1003968"},{"taxonomy":"product_tag","embeddable":true,"href":"https:\/\/adrenalindetector.com\/de\/wp-json\/wp\/v2\/product_tag?post=1003968"}],"curies":[{"name":"wp","href":"https:\/\/api.w.org\/{rel}","templated":true}]}}