{"id":1003147,"date":"2025-07-15T22:54:40","date_gmt":"2025-07-15T22:54:40","guid":{"rendered":"https:\/\/adrenalindetector.com\/politica-de-devoluciones\/"},"modified":"2025-07-17T17:48:45","modified_gmt":"2025-07-17T17:48:45","slug":"politica-de-devoluciones","status":"publish","type":"page","link":"https:\/\/adrenalindetector.com\/es\/politica-de-devoluciones\/","title":{"rendered":"Pol\u00edtica de devoluciones"},"content":{"rendered":"\t\t<div data-elementor-type=\"wp-page\" data-elementor-id=\"1003147\" class=\"elementor elementor-1003147 elementor-993257\">\n\t\t\t\t<div class=\"wd-negative-gap elementor-element elementor-element-a704229 e-flex e-con-boxed e-con e-parent\" data-id=\"a704229\" data-element_type=\"container\">\n\t\t\t\t\t<div class=\"e-con-inner\">\n\t\t<div class=\"wd-sticky-container-lg elementor-element elementor-element-485b79f e-con-full wd-col-offcanvas-md-sm wd-col-offcanvas-sm e-flex wd-alignment-left e-con e-child\" data-id=\"485b79f\" data-element_type=\"container\">\n\t\t\t\t<div class=\"elementor-element elementor-element-1627b1f elementor-widget elementor-widget-wd_mega_menu\" data-id=\"1627b1f\" data-element_type=\"widget\" data-widget_type=\"wd_mega_menu.default\">\n\t\t\t\t<div class=\"elementor-widget-container\">\n\t\t\t\t\t\t\t<div class=\"wd-menu widget_nav_mega_menu\">\n\t\t\t\t\t\t<ul id=\"menu-sidebar-menu-marketplace-2\" class=\"menu wd-nav wd-nav-vertical wd-design-simple wd-gap-l\"><li id=\"menu-item-825\" class=\"menu-item menu-item-type-post_type menu-item-object-page menu-item-825 item-level-0 menu-simple-dropdown wd-event-hover\" ><a href=\"https:\/\/adrenalindetector.com\/track-you-order\/\" class=\"woodmart-nav-link\"><span class=\"nav-link-text\">Seguimiento de tu pedido<\/span><\/a><\/li>\n<li id=\"menu-item-824\" class=\"menu-item menu-item-type-post_type menu-item-object-page menu-item-824 item-level-0 menu-simple-dropdown wd-event-hover\" ><a href=\"https:\/\/adrenalindetector.com\/about-us\/\" class=\"woodmart-nav-link\"><span class=\"nav-link-text\">Qui\u00e9nes somos<\/span><\/a><\/li>\n<li id=\"menu-item-828\" class=\"menu-item menu-item-type-post_type menu-item-object-page menu-item-828 item-level-0 menu-simple-dropdown wd-event-hover\" ><a href=\"https:\/\/adrenalindetector.com\/our-dealers\/\" class=\"woodmart-nav-link\"><span class=\"nav-link-text\">Nuestros concesionarios<\/span><\/a><\/li>\n<li id=\"menu-item-826\" class=\"menu-item menu-item-type-post_type menu-item-object-page menu-item-826 item-level-0 menu-simple-dropdown wd-event-hover\" ><a href=\"https:\/\/adrenalindetector.com\/contact-us\/\" class=\"woodmart-nav-link\"><span class=\"nav-link-text\">Contacta con nosotros<\/span><\/a><\/li>\n<\/ul>\t\t<\/div>\n\t\t\t\t\t\t<\/div>\n\t\t\t\t<\/div>\n\t\t\t\t<\/div>\n\t\t<div class=\"elementor-element elementor-element-f8d0854 e-con-full wd-col-content-md-sm wd-col-content-sm e-flex e-con e-child\" data-id=\"f8d0854\" data-element_type=\"container\">\n\t\t<div class=\"elementor-element elementor-element-cd989f3 e-con-full e-flex e-con e-child\" data-id=\"cd989f3\" data-element_type=\"container\">\n\t\t\t\t<div class=\"elementor-element elementor-element-451b0e4 elementor-hidden-desktop wd-action-hide-btn elementor-widget elementor-widget-wd_builder_off_canvas_column_btn\" data-id=\"451b0e4\" data-element_type=\"widget\" data-widget_type=\"wd_builder_off_canvas_column_btn.default\">\n\t\t\t\t<div class=\"elementor-widget-container\">\n\t\t\t\t\t\n\t\t<div class=\"wd-off-canvas-btn wd-action-btn wd-style-text wd-burger-icon\">\n\t\t\t<a href=\"#\" rel=\"nofollow\">\n\t\t\t\t\t\t\t\tMostrar barra lateral\t\t\t<\/a>\n\t\t<\/div>\n\n\t\t\t\t\t<div class=\"wd-sidebar-opener wd-show-on-scroll wd-action-btn wd-style-icon wd-burger-icon\">\n\t\t\t\t<a href=\"#\" rel=\"nofollow\">\n\t\t\t\t\t\t\t\t\t<\/a>\n\t\t\t<\/div>\n\t\t\t\t\t\t\t\t<\/div>\n\t\t\t\t<\/div>\n\t\t<div class=\"elementor-element elementor-element-c271f92 e-con-full color-scheme-light e-flex e-con e-child\" data-id=\"c271f92\" data-element_type=\"container\" data-settings=\"{&quot;background_background&quot;:&quot;classic&quot;}\">\n\t\t\t\t<div class=\"elementor-element elementor-element-77a9faf wd-width-100 elementor-widget elementor-widget-wd_title\" data-id=\"77a9faf\" data-element_type=\"widget\" data-widget_type=\"wd_title.default\">\n\t\t\t\t<div class=\"elementor-widget-container\">\n\t\t\t\t\t\t\t<div class=\"title-wrapper wd-set-mb reset-last-child wd-title-color-default wd-title-style-default wd-title-size-default text-center\">\n\n\t\t\t\n\t\t\t<div class=\"liner-continer\">\n\t\t\t\t<h4 class=\"woodmart-title-container title wd-fontsize-l\">Pol\u00edtica de devoluciones<\/h4> \n\t\t\t\t\t\t\t<\/div>\n\n\t\t\t\t\t<\/div>\n\t\t\t\t\t\t<\/div>\n\t\t\t\t<\/div>\n\t\t\t\t<\/div>\n\t\t\t\t<\/div>\n\t\t<div class=\"elementor-element elementor-element-132a064 e-con-full e-flex e-con e-child\" data-id=\"132a064\" data-element_type=\"container\">\n\t\t\t\t<div class=\"elementor-element elementor-element-7e03752 wd-width-100 elementor-widget elementor-widget-wd_title\" data-id=\"7e03752\" data-element_type=\"widget\" data-widget_type=\"wd_title.default\">\n\t\t\t\t<div class=\"elementor-widget-container\">\n\t\t\t\t\t\t\t<div class=\"title-wrapper wd-set-mb reset-last-child wd-title-color-default wd-title-style-default wd-title-size-default text-left\">\n\n\t\t\t\n\t\t\t<div class=\"liner-continer\">\n\t\t\t\t<h4 class=\"woodmart-title-container title wd-fontsize-l\">Devoluciones y condiciones<\/h4> \n\t\t\t\t\t\t\t<\/div>\n\n\t\t\t\t\t\t\t<div class=\"title-after_title reset-last-child wd-fontsize-xs\">\n\t\t\t\t\t<p><span style=\"color: #000000\"><strong>Fundamento jur\u00eddico<\/strong><\/span><br><span style=\"color: #000000\">Los detectores, dise\u00f1ados para uso personal y profesional, se consideran \"productos no retornables\" seg\u00fan la Ley de Protecci\u00f3n de los Consumidores, debido a su naturaleza sensible y especializada.<\/span><\/p><p><span style=\"color: #000000\"><strong>Productos defectuosos o defectuosos<\/strong><\/span><br><span style=\"color: #000000\">Si Adrenalin Detector env\u00eda un producto defectuoso o defectuoso, se debe tomar un informe del oficial de carga. El cliente debe ponerse en contacto con nosotros en las 24 horas siguientes a la recepci\u00f3n del producto. En tales casos, es posible la sustituci\u00f3n del producto; sin embargo, si el producto est\u00e1 en condiciones de funcionamiento, no se aceptan devoluciones.  <\/span><\/p><p><span style=\"color: #000000\"><strong>Inspecci\u00f3n a la entrega<\/strong><\/span><br><span style=\"color: #000000\">Si hay da\u00f1os visibles en el embalaje del producto, \u00e9ste debe ser inspeccionado por el destinatario en presencia del oficial de carga durante la entrega. Si se detectan da\u00f1os f\u00edsicos o falta alg\u00fan art\u00edculo, el oficial de carga debe elaborar un informe. Deber\u00e1 presentarse una reclamaci\u00f3n de indemnizaci\u00f3n contra la empresa de carga por el valor del producto. En tales casos, ponte en contacto con nosotros para tratar el asunto.   <\/span><\/p><p><span style=\"color: #000000\"><strong>Prevenci\u00f3n del uso injusto<\/strong><\/span><br><span style=\"color: #000000\">Cuando los detectores se devuelven despu\u00e9s de haber sido recibidos, sufren una depreciaci\u00f3n material y tecnol\u00f3gica. Por tanto, el derecho de devoluci\u00f3n s\u00f3lo es v\u00e1lido en situaciones legales en las que el producto sea defectuoso o est\u00e9 viciado. <\/span><\/p><p><span style=\"color: #000000\"><strong>Productos no recogidos en aduana<\/strong><\/span><br><span style=\"color: #000000\">Si un env\u00edo no es recogido en la aduana y nos es devuelto, se deducir\u00e1n todos los gastos de aduana y env\u00edo, y se reembolsar\u00e1 el importe restante.<\/span><\/p><p><span style=\"color: #000000\"><strong>Nota:<\/strong><\/span><br><span style=\"color: #000000\">S\u00f3lo se cambian los productos identificados como defectuosos por el Detector Adrenalin.<\/span><\/p><p><span style=\"color: #000000\"><strong>Protecci\u00f3n del fabricante<\/strong><\/span><br><span style=\"color: #000000\">Los productos del Detector Adrenalin est\u00e1n equipados con tecnolog\u00eda avanzada y su valor puede depreciarse tras un uso a corto plazo. Por este motivo, no se aceptan devoluciones de los detectores adquiridos. <\/span><\/p><p><span style=\"color: #000000\"><strong>Derechos del cliente<\/strong><\/span><br><span style=\"color: #000000\">Puedes solicitar acceso a tus datos personales.<\/span><br><span style=\"color: #000000\">Puedes enviar tus solicitudes de eliminaci\u00f3n y actualizaci\u00f3n de datos a trav\u00e9s de info@adrenalindedektor.com.<\/span><\/p><p><span style=\"color: #000000\"><strong>L\u00ednea de asistencia<\/strong><\/span><br><span style=\"color: #000000\">Para cualquier problema o queja, puedes ponerte en contacto con nosotros a trav\u00e9s de los siguientes canales:<\/span><\/p><p><span style=\"color: #000000\"><strong>Tel:<\/strong> +90 539 847 63 83<\/span><br><span style=\"color: #000000\"><strong>Correo electr\u00f3nico:<\/strong> info@adrenalindedektor.com<\/span><\/p><p><span style=\"color: #000000\">En Adrenalin Detector, todos nuestros productos se te entregan tras inspecciones de control de calidad. Gracias por tu comprensi\u00f3n. <\/span><\/p><p> <\/p>\t\t\t\t<\/div>\n\t\t\t\t\t<\/div>\n\t\t\t\t\t\t<\/div>\n\t\t\t\t<\/div>\n\t\t\t\t<\/div>\n\t\t\t\t<\/div>\n\t\t\t\t\t<\/div>\n\t\t\t\t<\/div>\n\t\t\t\t<\/div>\n\t\t","protected":false},"excerpt":{"rendered":"<p>Track You Order About Us Our Dealers Contact Us Mostrar barra lateral Pol\u00edtica de devoluciones Devoluciones y condiciones Fundamento jur\u00eddicoLos<\/p>\n","protected":false},"author":11,"featured_media":0,"parent":0,"menu_order":0,"comment_status":"closed","ping_status":"closed","template":"","meta":{"footnotes":""},"class_list":["post-1003147","page","type-page","status-publish","hentry"],"jetpack_sharing_enabled":true,"_links":{"self":[{"href":"https:\/\/adrenalindetector.com\/es\/wp-json\/wp\/v2\/pages\/1003147","targetHints":{"allow":["GET"]}}],"collection":[{"href":"https:\/\/adrenalindetector.com\/es\/wp-json\/wp\/v2\/pages"}],"about":[{"href":"https:\/\/adrenalindetector.com\/es\/wp-json\/wp\/v2\/types\/page"}],"author":[{"embeddable":true,"href":"https:\/\/adrenalindetector.com\/es\/wp-json\/wp\/v2\/users\/11"}],"replies":[{"embeddable":true,"href":"https:\/\/adrenalindetector.com\/es\/wp-json\/wp\/v2\/comments?post=1003147"}],"version-history":[{"count":1,"href":"https:\/\/adrenalindetector.com\/es\/wp-json\/wp\/v2\/pages\/1003147\/revisions"}],"predecessor-version":[{"id":1003148,"href":"https:\/\/adrenalindetector.com\/es\/wp-json\/wp\/v2\/pages\/1003147\/revisions\/1003148"}],"wp:attachment":[{"href":"https:\/\/adrenalindetector.com\/es\/wp-json\/wp\/v2\/media?parent=1003147"}],"curies":[{"name":"wp","href":"https:\/\/api.w.org\/{rel}","templated":true}]}}