{"id":1003246,"date":"2025-01-14T12:03:16","date_gmt":"2025-01-14T12:03:16","guid":{"rendered":"https:\/\/adrenalindetector.com\/nuestros-concesionarios\/"},"modified":"2025-07-17T17:50:59","modified_gmt":"2025-07-17T17:50:59","slug":"nuestros-concesionarios","status":"publish","type":"page","link":"https:\/\/adrenalindetector.com\/es\/nuestros-concesionarios\/","title":{"rendered":"Nuestros concesionarios"},"content":{"rendered":"\t\t<div data-elementor-type=\"wp-page\" data-elementor-id=\"1003246\" class=\"elementor elementor-1003246 elementor-31\">\n\t\t\t\t<div class=\"wd-negative-gap elementor-element elementor-element-a12005d e-flex e-con-boxed e-con e-parent\" data-id=\"a12005d\" data-element_type=\"container\">\n\t\t\t\t\t<div class=\"e-con-inner\">\n\t\t<div class=\"wd-sticky-container-lg elementor-element elementor-element-54c159d e-con-full wd-col-offcanvas-md-sm wd-col-offcanvas-sm e-flex wd-alignment-left e-con e-child\" data-id=\"54c159d\" data-element_type=\"container\">\n\t\t\t\t<div class=\"elementor-element elementor-element-7181350 elementor-widget elementor-widget-wd_mega_menu\" data-id=\"7181350\" data-element_type=\"widget\" data-widget_type=\"wd_mega_menu.default\">\n\t\t\t\t<div class=\"elementor-widget-container\">\n\t\t\t\t\t\t\t<div class=\"wd-menu widget_nav_mega_menu\">\n\t\t\t\t\t\t<ul id=\"menu-sidebar-menu-marketplace-2\" class=\"menu wd-nav wd-nav-vertical wd-design-simple wd-gap-l\"><li id=\"menu-item-825\" class=\"menu-item menu-item-type-post_type menu-item-object-page menu-item-825 item-level-0 menu-simple-dropdown wd-event-hover\" ><a href=\"https:\/\/adrenalindetector.com\/track-you-order\/\" class=\"woodmart-nav-link\"><span class=\"nav-link-text\">Seguimiento de tu pedido<\/span><\/a><\/li>\n<li id=\"menu-item-824\" class=\"menu-item menu-item-type-post_type menu-item-object-page menu-item-824 item-level-0 menu-simple-dropdown wd-event-hover\" ><a href=\"https:\/\/adrenalindetector.com\/about-us\/\" class=\"woodmart-nav-link\"><span class=\"nav-link-text\">Qui\u00e9nes somos<\/span><\/a><\/li>\n<li id=\"menu-item-828\" class=\"menu-item menu-item-type-post_type menu-item-object-page menu-item-828 item-level-0 menu-simple-dropdown wd-event-hover\" ><a href=\"https:\/\/adrenalindetector.com\/our-dealers\/\" class=\"woodmart-nav-link\"><span class=\"nav-link-text\">Nuestros concesionarios<\/span><\/a><\/li>\n<li id=\"menu-item-826\" class=\"menu-item menu-item-type-post_type menu-item-object-page menu-item-826 item-level-0 menu-simple-dropdown wd-event-hover\" ><a href=\"https:\/\/adrenalindetector.com\/contact-us\/\" class=\"woodmart-nav-link\"><span class=\"nav-link-text\">Contacta con nosotros<\/span><\/a><\/li>\n<\/ul>\t\t<\/div>\n\t\t\t\t\t\t<\/div>\n\t\t\t\t<\/div>\n\t\t\t\t<\/div>\n\t\t<div class=\"elementor-element elementor-element-e831859 e-con-full wd-col-content-md-sm wd-col-content-sm e-flex e-con e-child\" data-id=\"e831859\" data-element_type=\"container\">\n\t\t<div class=\"elementor-element elementor-element-fe25b8c e-con-full e-flex e-con e-child\" data-id=\"fe25b8c\" data-element_type=\"container\">\n\t\t<div class=\"elementor-element elementor-element-b49114b e-con-full e-flex e-con e-child\" data-id=\"b49114b\" data-element_type=\"container\">\n\t\t\t\t<div class=\"elementor-element elementor-element-029e262 elementor-hidden-desktop wd-action-hide-btn elementor-widget elementor-widget-wd_builder_off_canvas_column_btn\" data-id=\"029e262\" data-element_type=\"widget\" data-widget_type=\"wd_builder_off_canvas_column_btn.default\">\n\t\t\t\t<div class=\"elementor-widget-container\">\n\t\t\t\t\t\n\t\t<div class=\"wd-off-canvas-btn wd-action-btn wd-style-text wd-burger-icon\">\n\t\t\t<a href=\"#\" rel=\"nofollow\">\n\t\t\t\t\t\t\t\tMostrar barra lateral\t\t\t<\/a>\n\t\t<\/div>\n\n\t\t\t\t\t<div class=\"wd-sidebar-opener wd-show-on-scroll wd-action-btn wd-style-icon wd-burger-icon\">\n\t\t\t\t<a href=\"#\" rel=\"nofollow\">\n\t\t\t\t\t\t\t\t\t<\/a>\n\t\t\t<\/div>\n\t\t\t\t\t\t\t\t<\/div>\n\t\t\t\t<\/div>\n\t\t\t\t<\/div>\n\t\t<div class=\"elementor-element elementor-element-ee22656 e-con-full e-flex e-con e-child\" data-id=\"ee22656\" data-element_type=\"container\">\n\t\t<div class=\"elementor-element elementor-element-e02e7dc e-con-full e-flex e-con e-child\" data-id=\"e02e7dc\" data-element_type=\"container\" data-settings=\"{&quot;background_background&quot;:&quot;classic&quot;}\">\n\t\t\t\t<div class=\"elementor-element elementor-element-4c330e8 wd-width-100 elementor-widget elementor-widget-wd_title\" data-id=\"4c330e8\" data-element_type=\"widget\" data-widget_type=\"wd_title.default\">\n\t\t\t\t<div class=\"elementor-widget-container\">\n\t\t\t\t\t\t\t<div class=\"title-wrapper wd-set-mb reset-last-child wd-title-color-default wd-title-style-default wd-title-size-default text-left\">\n\n\t\t\t\n\t\t\t<div class=\"liner-continer\">\n\t\t\t\t<h4 class=\"woodmart-title-container title wd-fontsize-l\">Turqu\u00eda<\/h4> \n\t\t\t\t\t\t\t<\/div>\n\n\t\t\t\t\t\t\t<div class=\"title-after_title reset-last-child wd-fontsize-xs\">\n\t\t\t\t\t<p>Muradiye Mahallesi 97. Sokak \u0130lkyurt Sitesi E-blok No:23, 59700 Muratl\u0131\/Tekirda\u011f <\/p><p>Almac\u00e9n y Centro de Distribuci\u00f3n<\/p><p><a href=\"tel:+905398476383\"><span class=\"elementor-icon-list-text\">+90 539 847 63 83<\/span><\/a><\/p><p><a href=\"https:\/\/adrenalindedektor.com\/\" target=\"_blank\" rel=\"noopener\"><span class=\"elementor-icon-list-text\">adrenalindedektor.com<\/span><\/a><\/p>\t\t\t\t<\/div>\n\t\t\t\t\t<\/div>\n\t\t\t\t\t\t<\/div>\n\t\t\t\t<\/div>\n\t\t\t\t<\/div>\n\t\t<div class=\"elementor-element elementor-element-abe2bed e-con-full e-flex e-con e-child\" data-id=\"abe2bed\" data-element_type=\"container\" data-settings=\"{&quot;background_background&quot;:&quot;classic&quot;}\">\n\t\t\t\t<div class=\"elementor-element elementor-element-6f97121 wd-width-100 elementor-widget elementor-widget-wd_title\" data-id=\"6f97121\" data-element_type=\"widget\" data-widget_type=\"wd_title.default\">\n\t\t\t\t<div class=\"elementor-widget-container\">\n\t\t\t\t\t\t\t<div class=\"title-wrapper wd-set-mb reset-last-child wd-title-color-default wd-title-style-default wd-title-size-default text-left\">\n\n\t\t\t\n\t\t\t<div class=\"liner-continer\">\n\t\t\t\t<h4 class=\"woodmart-title-container title wd-fontsize-l\">Marruecos<\/h4> \n\t\t\t\t\t\t\t<\/div>\n\n\t\t\t\t\t\t\t<div class=\"title-after_title reset-last-child wd-fontsize-xs\">\n\t\t\t\t\t<p>COMPLEXE CHOROUK, ENTREE B 2 EME ETAGE INNOUJIRIS MAGHREB D\u00c9TECTEUR , Khouribga 25000<\/p><p><a href=\"tel:00654545836\"><span class=\"elementor-icon-list-text\">00654545836<\/span><\/a><\/p><p><a href=\"tel:00212617270937\"><i><\/i><span class=\"elementor-icon-list-text\">00212617270937<\/span><\/a><\/p><p><a href=\"https:\/\/maghrebdetecteur.com\/\" target=\"_blank\" rel=\"noopener\"><i><\/i><span class=\"elementor-icon-list-text\">maghrebdetecteur.com\/<\/span><\/a><\/p>\t\t\t\t<\/div>\n\t\t\t\t\t<\/div>\n\t\t\t\t\t\t<\/div>\n\t\t\t\t<\/div>\n\t\t\t\t<\/div>\n\t\t\t\t<\/div>\n\t\t<div class=\"elementor-element elementor-element-6fbec95 e-con-full e-flex e-con e-child\" data-id=\"6fbec95\" data-element_type=\"container\">\n\t\t<div class=\"elementor-element elementor-element-ab716ce e-con-full e-flex e-con e-child\" data-id=\"ab716ce\" data-element_type=\"container\" data-settings=\"{&quot;background_background&quot;:&quot;classic&quot;}\">\n\t\t\t\t<div class=\"elementor-element elementor-element-2084abc wd-width-100 elementor-widget elementor-widget-wd_title\" data-id=\"2084abc\" data-element_type=\"widget\" data-widget_type=\"wd_title.default\">\n\t\t\t\t<div class=\"elementor-widget-container\">\n\t\t\t\t\t\t\t<div class=\"title-wrapper wd-set-mb reset-last-child wd-title-color-default wd-title-style-default wd-title-size-default text-left\">\n\n\t\t\t\n\t\t\t<div class=\"liner-continer\">\n\t\t\t\t<h4 class=\"woodmart-title-container title wd-fontsize-l\">Sri Lanka<\/h4> \n\t\t\t\t\t\t\t<\/div>\n\n\t\t\t\t\t\t\t<div class=\"title-after_title reset-last-child wd-fontsize-xs\">\n\t\t\t\t\t<p>SLTCOLLECTION<\/p><a href=\"tel:+8613939013882\"><span class=\"elementor-icon-list-text\">+86 13939013882<\/span><\/a>\t\t\t\t<\/div>\n\t\t\t\t\t<\/div>\n\t\t\t\t\t\t<\/div>\n\t\t\t\t<\/div>\n\t\t\t\t<\/div>\n\t\t<div class=\"elementor-element elementor-element-73d815f e-con-full e-flex e-con e-child\" data-id=\"73d815f\" data-element_type=\"container\" data-settings=\"{&quot;background_background&quot;:&quot;classic&quot;}\">\n\t\t\t\t<div class=\"elementor-element elementor-element-0a038cb wd-width-100 elementor-widget elementor-widget-wd_title\" data-id=\"0a038cb\" data-element_type=\"widget\" data-widget_type=\"wd_title.default\">\n\t\t\t\t<div class=\"elementor-widget-container\">\n\t\t\t\t\t\t\t<div class=\"title-wrapper wd-set-mb reset-last-child wd-title-color-default wd-title-style-default wd-title-size-default text-left\">\n\n\t\t\t\n\t\t\t<div class=\"liner-continer\">\n\t\t\t\t<h4 class=\"woodmart-title-container title wd-fontsize-l\">M\u00e9xico<\/h4> \n\t\t\t\t\t\t\t<\/div>\n\n\t\t\t\t\t\t\t<div class=\"title-after_title reset-last-child wd-fontsize-xs\">\n\t\t\t\t\t<p>LA RELIQUIA Detectores de Metal Direcci\u00f3n: Calle 5 de Febrero, junto a la Presidencia Municipal, Acolman centro, Estado de M\u00e9xico cp.55870<\/p><p><a href=\"tel:+525582095033\"><span class=\"elementor-icon-list-text\">+52 5582095033<\/span><\/a><\/p><p><a href=\"http:\/\/www.detectoreslareliquia.com\/\" target=\"_blank\" rel=\"noopener\"><i><\/i><span class=\"elementor-icon-list-text\">www.detectoreslareliquia.com<\/span><\/a><\/p>\t\t\t\t<\/div>\n\t\t\t\t\t<\/div>\n\t\t\t\t\t\t<\/div>\n\t\t\t\t<\/div>\n\t\t\t\t<\/div>\n\t\t\t\t<\/div>\n\t\t<div class=\"elementor-element elementor-element-b826b4d e-con-full e-flex e-con e-child\" data-id=\"b826b4d\" data-element_type=\"container\">\n\t\t<div class=\"elementor-element elementor-element-db91b77 e-con-full e-flex e-con e-child\" data-id=\"db91b77\" data-element_type=\"container\" data-settings=\"{&quot;background_background&quot;:&quot;classic&quot;}\">\n\t\t\t\t<div class=\"elementor-element elementor-element-9f28f5f wd-width-100 elementor-widget elementor-widget-wd_title\" data-id=\"9f28f5f\" data-element_type=\"widget\" data-widget_type=\"wd_title.default\">\n\t\t\t\t<div class=\"elementor-widget-container\">\n\t\t\t\t\t\t\t<div class=\"title-wrapper wd-set-mb reset-last-child wd-title-color-default wd-title-style-default wd-title-size-default text-left\">\n\n\t\t\t\n\t\t\t<div class=\"liner-continer\">\n\t\t\t\t<h4 class=\"woodmart-title-container title wd-fontsize-l\">Agr\u0131\/Dogubayaz\u0131t<\/h4> \n\t\t\t\t\t\t\t<\/div>\n\n\t\t\t\t\t\t\t<div class=\"title-after_title reset-last-child wd-fontsize-xs\">\n\t\t\t\t\t<p>\u00c7iftep\u0131nar Mahallesi Belediye Caddesi B\u00fcy\u00fck Pasaj Kat: 2 No: 101-Do\u011fubayaz\u0131t\/A\u011fr\u0131\/ Turqu\u00eda<\/p><p><a href=\"tel:+905354874186\"><span class=\"elementor-icon-list-text\">+90 535 487 41 86<\/span><\/a><\/p><p><a href=\"https:\/\/aktifdedektor.com\/\" target=\"_blank\" rel=\"noopener\"><i><\/i><span class=\"elementor-icon-list-text\">www.aktifdedektor.com<\/span><\/a><\/p> \t\t\t\t<\/div>\n\t\t\t\t\t<\/div>\n\t\t\t\t\t\t<\/div>\n\t\t\t\t<\/div>\n\t\t\t\t<\/div>\n\t\t<div class=\"elementor-element elementor-element-7195846 e-con-full e-flex e-con e-child\" data-id=\"7195846\" data-element_type=\"container\" data-settings=\"{&quot;background_background&quot;:&quot;classic&quot;}\">\n\t\t\t\t<\/div>\n\t\t\t\t<\/div>\n\t\t\t\t<\/div>\n\t\t<div class=\"elementor-element elementor-element-7c97cf9 e-con-full e-flex e-con e-child\" data-id=\"7c97cf9\" data-element_type=\"container\">\n\t\t\t\t<div class=\"elementor-element elementor-element-d5ab9e5 wd-width-100 elementor-widget elementor-widget-wd_title\" data-id=\"d5ab9e5\" data-element_type=\"widget\" data-widget_type=\"wd_title.default\">\n\t\t\t\t<div class=\"elementor-widget-container\">\n\t\t\t\t\t\t\t<div class=\"title-wrapper wd-set-mb reset-last-child wd-title-color-default wd-title-style-default wd-title-size-default text-left\">\n\n\t\t\t\n\t\t\t<div class=\"liner-continer\">\n\t\t\t\t<h4 class=\"woodmart-title-container title wd-fontsize-l\">Nuestros distribuidores autorizados<br \/>\n<\/h4> \n\t\t\t\t\t\t\t<\/div>\n\n\t\t\t\t\t\t\t<div class=\"title-after_title reset-last-child wd-fontsize-xs\">\n\t\t\t\t\t<p><strong>Socios de confianza que distribuyen nuestra tecnolog\u00eda por todo el mundo.<\/strong><\/p><p>Para garantizar un servicio r\u00e1pido, fiable y localizado, trabajamos con una creciente red de <strong>distribuidores autorizados<\/strong> en todo el mundo. Tanto si buscas un <strong>detector de metales<\/strong>, un <strong>detector de oro<\/strong>, un <strong>sistema electromagn\u00e9tico<\/strong> o un <strong>localizador de largo alcance<\/strong>, nuestros distribuidores est\u00e1n formados para guiarte en cada paso del camino, desde la selecci\u00f3n del producto hasta la asistencia posventa. <\/p><h3>\u00bfPor qu\u00e9 comprar a nuestros distribuidores autorizados?<\/h3><p>\u2705 Acceso r\u00e1pido a nuestros productos en tu regi\u00f3n<br>\u2705 Transacciones seguras en tu moneda local<br>\u2705 Demostraciones de productos in situ y asesoramiento de expertos<br>\u2705 Profesionales certificados que ofrecen asistencia personalizada<br>\u2705 Garant\u00eda internacional completa y asistencia t\u00e9cnica<\/p><p>Nuestra red mundial de distribuidores te garantiza la misma <strong>calidad, confianza e innovaci\u00f3n<\/strong>, est\u00e9s donde est\u00e9s.<br>Para encontrar el distribuidor autorizado m\u00e1s cercano a tu zona, ponte en contacto con nosotros o consulta el mapa interactivo que aparece a continuaci\u00f3n.<\/p><p><strong>Cobertura mundial. Asistencia local. Siempre contigo.  <\/strong><\/p>\t\t\t\t<\/div>\n\t\t\t\t\t<\/div>\n\t\t\t\t\t\t<\/div>\n\t\t\t\t<\/div>\n\t\t\t\t<div class=\"elementor-element elementor-element-3bad56b wd-width-100 elementor-widget elementor-widget-wd_title\" data-id=\"3bad56b\" data-element_type=\"widget\" data-widget_type=\"wd_title.default\">\n\t\t\t\t<div class=\"elementor-widget-container\">\n\t\t\t\t\t\t\t<div class=\"title-wrapper wd-set-mb reset-last-child wd-title-color-default wd-title-style-default wd-title-size-default text-left\">\n\n\t\t\t\n\t\t\t<div class=\"liner-continer\">\n\t\t\t\t<h4 class=\"woodmart-title-container title wd-fontsize-l\">Nuestra marca<\/h4> \n\t\t\t\t\t\t\t<\/div>\n\n\t\t\t\t\t<\/div>\n\t\t\t\t\t\t<\/div>\n\t\t\t\t<\/div>\n\t\t\t\t<div class=\"elementor-element elementor-element-33197ee elementor-widget elementor-widget-wd_products_brands\" data-id=\"33197ee\" data-element_type=\"widget\" data-widget_type=\"wd_products_brands.default\">\n\t\t\t\t<div class=\"elementor-widget-container\">\n\t\t\t\t\t\t\t<div class=\"wd-brands brands-widget slider-brands_1919 wd-hover-simple wd-style-default wd-with-bg text-center wd-layout-grid\" id=\"brands_1919\">\n\t\t\t\n\t\t\t<div class=\"wd-grid-g\" style=\"--wd-col-lg:6;--wd-col-md:4;--wd-col-sm:2;--wd-gap-lg:20px;--wd-gap-sm:10px;\" >\n\t\t\t\t\n\t\t\t\t\t\t\t\t\t\t\t\t\t\t\t\n\t\t\t\t\t\t<div class=\"wd-col\">\n\t\t\t\t\t\t\t<div class=\"wd-brand-item brand-item\">\n\t\t\t\t\t\t\t\t\t\t\t\t\t\t\t\t\t\t\t\t\t\t\t\t\t\t\t<a title=\"Adrenalin Metal Detector\" href=\"https:\/\/adrenalindetector.com\/marca\/adrenalin-metal-detector\/\" class=\"wd-fill\"><\/a>\n\t\t\t\t\t\t\t\t\t\n\t\t\t\t\t\t\t\t\t<img decoding=\"async\" width=\"280\" height=\"54\" src=\"https:\/\/adrenalindetector.com\/wp-content\/uploads\/2025\/01\/adrenalin.png\" class=\"attachment-full size-full\" alt=\"\" srcset=\"https:\/\/adrenalindetector.com\/wp-content\/uploads\/2025\/01\/adrenalin.png 280w, https:\/\/adrenalindetector.com\/wp-content\/uploads\/2025\/01\/adrenalin-150x29.png 150w\" sizes=\"(max-width: 280px) 100vw, 280px\" \/>\t\t\t\t\t\t\t\t\t\t\t\t\t\t\t<\/div>\n\t\t\t\t\t\t<\/div>\n\t\t\t\t\t\t\t\t\t\t\t\t\t\t\t\t<\/div>\n\n\t\t\t\t\t<\/div>\n\t\t\t\t\t\t<\/div>\n\t\t\t\t<\/div>\n\t\t\t\t<\/div>\n\t\t\t\t<\/div>\n\t\t\t\t\t<\/div>\n\t\t\t\t<\/div>\n\t\t\t\t<\/div>\n\t\t","protected":false},"excerpt":{"rendered":"<p>Track You Order About Us Our Dealers Contact Us Mostrar barra lateral Turqu\u00eda Muradiye Mahallesi 97. Sokak \u0130lkyurt Sitesi E-blok<\/p>\n","protected":false},"author":11,"featured_media":0,"parent":0,"menu_order":0,"comment_status":"closed","ping_status":"closed","template":"","meta":{"footnotes":""},"class_list":["post-1003246","page","type-page","status-publish","hentry"],"jetpack_sharing_enabled":true,"_links":{"self":[{"href":"https:\/\/adrenalindetector.com\/es\/wp-json\/wp\/v2\/pages\/1003246","targetHints":{"allow":["GET"]}}],"collection":[{"href":"https:\/\/adrenalindetector.com\/es\/wp-json\/wp\/v2\/pages"}],"about":[{"href":"https:\/\/adrenalindetector.com\/es\/wp-json\/wp\/v2\/types\/page"}],"author":[{"embeddable":true,"href":"https:\/\/adrenalindetector.com\/es\/wp-json\/wp\/v2\/users\/11"}],"replies":[{"embeddable":true,"href":"https:\/\/adrenalindetector.com\/es\/wp-json\/wp\/v2\/comments?post=1003246"}],"version-history":[{"count":3,"href":"https:\/\/adrenalindetector.com\/es\/wp-json\/wp\/v2\/pages\/1003246\/revisions"}],"predecessor-version":[{"id":1003271,"href":"https:\/\/adrenalindetector.com\/es\/wp-json\/wp\/v2\/pages\/1003246\/revisions\/1003271"}],"wp:attachment":[{"href":"https:\/\/adrenalindetector.com\/es\/wp-json\/wp\/v2\/media?parent=1003246"}],"curies":[{"name":"wp","href":"https:\/\/api.w.org\/{rel}","templated":true}]}}