{"id":1003361,"date":"2025-01-14T12:02:05","date_gmt":"2025-01-14T12:02:05","guid":{"rendered":"https:\/\/adrenalindetector.com\/quienes-somos\/"},"modified":"2025-07-17T17:51:30","modified_gmt":"2025-07-17T17:51:30","slug":"quienes-somos","status":"publish","type":"page","link":"https:\/\/adrenalindetector.com\/es\/quienes-somos\/","title":{"rendered":"Qui\u00e9nes somos"},"content":{"rendered":"\t\t<div data-elementor-type=\"wp-page\" data-elementor-id=\"1003361\" class=\"elementor elementor-1003361 elementor-19\">\n\t\t\t\t<div class=\"wd-negative-gap elementor-element elementor-element-d5e289e e-flex e-con-boxed e-con e-parent\" data-id=\"d5e289e\" data-element_type=\"container\">\n\t\t\t\t\t<div class=\"e-con-inner\">\n\t\t<div class=\"wd-sticky-container-lg elementor-element elementor-element-bac91b5 e-con-full wd-col-offcanvas-md-sm wd-col-offcanvas-sm e-flex wd-alignment-left e-con e-child\" data-id=\"bac91b5\" data-element_type=\"container\">\n\t\t\t\t<div class=\"elementor-element elementor-element-fe05ff2 elementor-widget elementor-widget-wd_mega_menu\" data-id=\"fe05ff2\" data-element_type=\"widget\" data-widget_type=\"wd_mega_menu.default\">\n\t\t\t\t<div class=\"elementor-widget-container\">\n\t\t\t\t\t\t\t<div class=\"wd-menu widget_nav_mega_menu\">\n\t\t\t\t\t\t<ul id=\"menu-sidebar-menu-marketplace-2\" class=\"menu wd-nav wd-nav-vertical wd-design-simple wd-gap-l\"><li id=\"menu-item-825\" class=\"menu-item menu-item-type-post_type menu-item-object-page menu-item-825 item-level-0 menu-simple-dropdown wd-event-hover\" ><a href=\"https:\/\/adrenalindetector.com\/track-you-order\/\" class=\"woodmart-nav-link\"><span class=\"nav-link-text\">Seguimiento de tu pedido<\/span><\/a><\/li>\n<li id=\"menu-item-824\" class=\"menu-item menu-item-type-post_type menu-item-object-page menu-item-824 item-level-0 menu-simple-dropdown wd-event-hover\" ><a href=\"https:\/\/adrenalindetector.com\/about-us\/\" class=\"woodmart-nav-link\"><span class=\"nav-link-text\">Qui\u00e9nes somos<\/span><\/a><\/li>\n<li id=\"menu-item-828\" class=\"menu-item menu-item-type-post_type menu-item-object-page menu-item-828 item-level-0 menu-simple-dropdown wd-event-hover\" ><a href=\"https:\/\/adrenalindetector.com\/our-dealers\/\" class=\"woodmart-nav-link\"><span class=\"nav-link-text\">Nuestros concesionarios<\/span><\/a><\/li>\n<li id=\"menu-item-826\" class=\"menu-item menu-item-type-post_type menu-item-object-page menu-item-826 item-level-0 menu-simple-dropdown wd-event-hover\" ><a href=\"https:\/\/adrenalindetector.com\/contact-us\/\" class=\"woodmart-nav-link\"><span class=\"nav-link-text\">Contacta con nosotros<\/span><\/a><\/li>\n<\/ul>\t\t<\/div>\n\t\t\t\t\t\t<\/div>\n\t\t\t\t<\/div>\n\t\t\t\t<\/div>\n\t\t<div class=\"elementor-element elementor-element-f5faa36 e-con-full wd-col-content-md-sm wd-col-content-sm e-flex e-con e-child\" data-id=\"f5faa36\" data-element_type=\"container\">\n\t\t<div class=\"elementor-element elementor-element-eae72bc e-con-full e-flex e-con e-child\" data-id=\"eae72bc\" data-element_type=\"container\">\n\t\t\t\t<div class=\"elementor-element elementor-element-1440523 elementor-hidden-desktop wd-action-hide-btn elementor-widget elementor-widget-wd_builder_off_canvas_column_btn\" data-id=\"1440523\" data-element_type=\"widget\" data-widget_type=\"wd_builder_off_canvas_column_btn.default\">\n\t\t\t\t<div class=\"elementor-widget-container\">\n\t\t\t\t\t\n\t\t<div class=\"wd-off-canvas-btn wd-action-btn wd-style-text wd-burger-icon\">\n\t\t\t<a href=\"#\" rel=\"nofollow\">\n\t\t\t\t\t\t\t\tMostrar barra lateral\t\t\t<\/a>\n\t\t<\/div>\n\n\t\t\t\t\t<div class=\"wd-sidebar-opener wd-show-on-scroll wd-action-btn wd-style-icon wd-burger-icon\">\n\t\t\t\t<a href=\"#\" rel=\"nofollow\">\n\t\t\t\t\t\t\t\t\t<\/a>\n\t\t\t<\/div>\n\t\t\t\t\t\t\t\t<\/div>\n\t\t\t\t<\/div>\n\t\t\t\t<div class=\"elementor-element elementor-element-3fe8b90 wd-width-100 elementor-widget elementor-widget-wd_title\" data-id=\"3fe8b90\" data-element_type=\"widget\" data-widget_type=\"wd_title.default\">\n\t\t\t\t<div class=\"elementor-widget-container\">\n\t\t\t\t\t\t\t<div class=\"title-wrapper wd-set-mb reset-last-child wd-title-color-default wd-title-style-default wd-title-size-default text-left\">\n\n\t\t\t\n\t\t\t<div class=\"liner-continer\">\n\t\t\t\t<h4 class=\"woodmart-title-container title wd-fontsize-l\">Detectores de Metales Adrenalin<\/h4> \n\t\t\t\t\t\t\t<\/div>\n\n\t\t\t\t\t\t\t<div class=\"title-after_title reset-last-child wd-fontsize-xs\">\n\t\t\t\t\t<p><span style=\"color: #000000\">Adrenalin Detector se fund\u00f3 el 12.07.2010 para producir dispositivos utilizados en el campo de la tecnolog\u00eda de detecci\u00f3n electromagn\u00e9tica.<\/span><\/p><p><span style=\"color: #000000\">Desde su creaci\u00f3n, Adrenalin Detector no ha dejado de investigar y desarrollar detectores de metales, esc\u00e1neres de campo, detectores de im\u00e1genes y dispositivos de medici\u00f3n geof\u00edsica. Con su personal cualificado y a\u00f1os de investigaci\u00f3n a sus espaldas, Adrenalin Detector fabrica detectores profesionales espec\u00edficamente para su uso en la b\u00fasqueda de tesoros. Estos detectores profesionales se utilizan en investigaci\u00f3n geol\u00f3gica, mediciones geof\u00edsicas, exploraci\u00f3n de minerales subterr\u00e1neos, detecci\u00f3n de aguas subterr\u00e1neas y an\u00e1lisis de la estructura del suelo.  <\/span><\/p><p><span style=\"color: #000000\">Los dispositivos producidos incluyen dispositivos de escaneado de campo, detectores de metales y minerales capaces de producir im\u00e1genes 2D y 3D, y radares geof\u00edsicos electromagn\u00e9ticos capaces de realizar an\u00e1lisis 3D del suelo. Los productos profesionales de Adrenalin Detector se utilizan con \u00e9xito en los campos de la afici\u00f3n, militar, bal\u00edstica, geolog\u00eda, arqueolog\u00eda, construcci\u00f3n y miner\u00eda. <\/span><\/p><p><span style=\"color: #000000\"><strong>\u00bfQu\u00e9 dice nuestro fundador?<\/strong><\/span><\/p><p><span style=\"color: #000000\">La I+D requiere mucho tiempo, dinero y esfuerzo. Por desgracia, el n\u00famero de empresas fabricantes de detectores en Turqu\u00eda capaces de realizar I+D se puede contar con los dedos de una mano. Adrenalin Detector lleva a cabo una importante labor de I+D en detectores de metales, esc\u00e1neres de campo, dispositivos geof\u00edsicos de im\u00e1genes, dispositivos de im\u00e1genes subterr\u00e1neas, dispositivos de im\u00e1genes del subsuelo, detectores de tesoros, detectores de oro, detectores de b\u00fasqueda de tesoros, detectores de prospecci\u00f3n de oro, dispositivos de b\u00fasqueda de tesoros, dispositivos de prospecci\u00f3n de oro y dispositivos de resistividad. La satisfacci\u00f3n de los clientes, derivada del \u00e9xito de estos productos, como resultado de intensos esfuerzos de I+D, sit\u00faa a Adrenalin Detector por delante de sus competidores en el sector.   <\/span><\/p>\t\t\t\t<\/div>\n\t\t\t\t\t<\/div>\n\t\t\t\t\t\t<\/div>\n\t\t\t\t<\/div>\n\t\t\t\t<\/div>\n\t\t<div class=\"elementor-element elementor-element-3844b35 e-con-full e-flex e-con e-child\" data-id=\"3844b35\" data-element_type=\"container\">\n\t\t\t\t<div class=\"elementor-element elementor-element-2150aef wd-width-100 elementor-widget elementor-widget-wd_images_gallery\" data-id=\"2150aef\" data-element_type=\"widget\" data-widget_type=\"wd_images_gallery.default\">\n\t\t\t\t<div class=\"elementor-widget-container\">\n\t\t\t\t\t\t\t<div class=\"wd-images-gallery photoswipe-images wd-carousel-container\" style=\"--wd-align-items:center; --wd-justify-content:center;\">\n\t\t\t\t\t\t\t<div class=\"wd-carousel-inner\">\n\t\t\t\t\t\t<div class=\"wd-carousel wd-grid\" data-scroll_per_page=\"yes\" style=\"--wd-col-lg:3;--wd-col-md:3;--wd-col-sm:1;--wd-gap-lg:20px;--wd-gap-sm:10px;\">\n\t\t\t\t\t\t\t\t\t<div class=\"wd-carousel-wrap\">\n\t\t\t\t\t\t\t\t\t\t\t\t\t\t\t\t\t\t<div class=\"wd-gallery-item wd-carousel-item\">\n\t\t\t\t\t\t\t\t\t\t\t\t\t<a  href=\"https:\/\/adrenalindetector.com\/wp-content\/uploads\/2025\/01\/about-us-gallery-3-opt.jpg\" data-width=\"440\" data-height=\"280\" data-index=\"1\" data-elementor-open-lightbox=\"no\">\n\t\t\t\t\t\t\n\t\t\t\t\t\t<img fetchpriority=\"high\" decoding=\"async\" width=\"440\" height=\"280\" src=\"https:\/\/adrenalindetector.com\/wp-content\/uploads\/2025\/01\/about-us-gallery-3-opt.jpg\" class=\"attachment-full size-full\" alt=\"about-us-gallery-3-opt\" \/>\n\t\t\t\t\t\t\t\t\t\t\t\t\t<\/a>\n\t\t\t\t\t\t\t\t\t\t\t<\/div>\n\t\t\t\t\t\t\t\t\t\t\t\t\t\t\t<div class=\"wd-gallery-item wd-carousel-item\">\n\t\t\t\t\t\t\t\t\t\t\t\t\t<a  href=\"https:\/\/adrenalindetector.com\/wp-content\/uploads\/2025\/01\/about-us-gallery-2-opt.jpg\" data-width=\"440\" data-height=\"280\" data-index=\"2\" data-elementor-open-lightbox=\"no\">\n\t\t\t\t\t\t\n\t\t\t\t\t\t<img decoding=\"async\" width=\"440\" height=\"280\" src=\"https:\/\/adrenalindetector.com\/wp-content\/uploads\/2025\/01\/about-us-gallery-2-opt.jpg\" class=\"attachment-full size-full\" alt=\"about-us-gallery-2-opt\" \/>\n\t\t\t\t\t\t\t\t\t\t\t\t\t<\/a>\n\t\t\t\t\t\t\t\t\t\t\t<\/div>\n\t\t\t\t\t\t\t\t\t\t\t\t\t\t\t<div class=\"wd-gallery-item wd-carousel-item\">\n\t\t\t\t\t\t\t\t\t\t\t\t\t<a  href=\"https:\/\/adrenalindetector.com\/wp-content\/uploads\/2025\/01\/about-us-gallery-3-opt.jpg\" data-width=\"440\" data-height=\"280\" data-index=\"3\" data-elementor-open-lightbox=\"no\">\n\t\t\t\t\t\t\n\t\t\t\t\t\t<img fetchpriority=\"high\" decoding=\"async\" width=\"440\" height=\"280\" src=\"https:\/\/adrenalindetector.com\/wp-content\/uploads\/2025\/01\/about-us-gallery-3-opt.jpg\" class=\"attachment-full size-full\" alt=\"about-us-gallery-3-opt\" \/>\n\t\t\t\t\t\t\t\t\t\t\t\t\t<\/a>\n\t\t\t\t\t\t\t\t\t\t\t<\/div>\n\t\t\t\t\t\t\t\t\t\t\t\t\t\t\t\t<\/div>\n\t\t\t\t\t\t\t\t<\/div>\n\t\t\t\t\t\t\t\t\t\t\t\t\t\t<div class=\"wd-nav-arrows wd-pos-sep wd-hover-1 wd-icon-1\">\n\t\t\t<div class=\"wd-btn-arrow wd-prev wd-disabled\">\n\t\t\t\t<div class=\"wd-arrow-inner\"><\/div>\n\t\t\t<\/div>\n\t\t\t<div class=\"wd-btn-arrow wd-next\">\n\t\t\t\t<div class=\"wd-arrow-inner\"><\/div>\n\t\t\t<\/div>\n\t\t<\/div>\n\t\t\t\t\t\t\n\t\t\t\t<\/div>\n\n\t\t\t\t\t\t\t\t\t\t\t\t\t<\/div>\n\t\t\t\t\t\t<\/div>\n\t\t\t\t<\/div>\n\t\t\t\t<\/div>\n\t\t<div class=\"elementor-element elementor-element-a7f8df2 e-con-full e-flex e-con e-child\" data-id=\"a7f8df2\" data-element_type=\"container\">\n\t\t<div class=\"elementor-element elementor-element-fb7f6eb e-con-full e-flex e-con e-child\" data-id=\"fb7f6eb\" data-element_type=\"container\" data-settings=\"{&quot;background_background&quot;:&quot;classic&quot;}\">\n\t\t\t\t<div class=\"elementor-element elementor-element-fe7e7f9 wd-width-100 elementor-widget elementor-widget-wd_title\" data-id=\"fe7e7f9\" data-element_type=\"widget\" data-widget_type=\"wd_title.default\">\n\t\t\t\t<div class=\"elementor-widget-container\">\n\t\t\t\t\t\t\t<div class=\"title-wrapper wd-set-mb reset-last-child wd-title-color-default wd-title-style-default wd-title-size-default text-center\">\n\n\t\t\t\n\t\t\t<div class=\"liner-continer\">\n\t\t\t\t<h4 class=\"woodmart-title-container title wd-fontsize-l\">\u00bfQuieres ser nuestro distribuidor?<\/h4> \n\t\t\t\t\t\t\t<\/div>\n\n\t\t\t\t\t<\/div>\n\t\t\t\t\t\t<\/div>\n\t\t\t\t<\/div>\n\t\t\t\t<div class=\"elementor-element elementor-element-8145dc5 elementor-widget elementor-widget-wd_text_block\" data-id=\"8145dc5\" data-element_type=\"widget\" data-widget_type=\"wd_text_block.default\">\n\t\t\t\t<div class=\"elementor-widget-container\">\n\t\t\t\t\t\t\t<div class=\"wd-text-block reset-last-child text-center\">\n\t\t\t\n\t\t\t<p>Podemos ganar juntos vendiendo nuestros productos en tu pa\u00eds o ciudad.<\/p>\n\t\t\t\t\t<\/div>\n\t\t\t\t\t\t<\/div>\n\t\t\t\t<\/div>\n\t\t\t\t<div class=\"elementor-element elementor-element-fa80630 elementor-widget elementor-widget-wd_button\" data-id=\"fa80630\" data-element_type=\"widget\" data-widget_type=\"wd_button.default\">\n\t\t\t\t<div class=\"elementor-widget-container\">\n\t\t\t\t\t\t\t<div class=\"wd-button-wrapper text-center\" >\n\t\t\t<a class=\"btn btn-style-default btn-shape-round btn-size-default btn-color-primary btn-icon-pos-right\"  href=\"https:\/\/adrenalindetector.com\/es\/contacta-con-nosotros\/\">\n\t\t\t\t<span class=\"wd-btn-text\" data-elementor-setting-key=\"text\">\n\t\t\t\t\tSolicitar ahora\t\t\t\t<\/span>\n\n\t\t\t\t\t\t\t<\/a>\n\t\t<\/div>\n\t\t\t\t\t\t<\/div>\n\t\t\t\t<\/div>\n\t\t\t\t<\/div>\n\t\t<div class=\"elementor-element elementor-element-84aba87 e-con-full e-flex e-con e-child\" data-id=\"84aba87\" data-element_type=\"container\" data-settings=\"{&quot;background_background&quot;:&quot;classic&quot;}\">\n\t\t\t\t<div class=\"elementor-element elementor-element-0b464d3 wd-width-100 elementor-widget elementor-widget-wd_title\" data-id=\"0b464d3\" data-element_type=\"widget\" data-widget_type=\"wd_title.default\">\n\t\t\t\t<div class=\"elementor-widget-container\">\n\t\t\t\t\t\t\t<div class=\"title-wrapper wd-set-mb reset-last-child wd-title-color-default wd-title-style-default wd-title-size-default text-center\">\n\n\t\t\t\n\t\t\t<div class=\"liner-continer\">\n\t\t\t\t<h4 class=\"woodmart-title-container title wd-fontsize-l\">\u00a1Preg\u00fantanos!<\/h4> \n\t\t\t\t\t\t\t<\/div>\n\n\t\t\t\t\t<\/div>\n\t\t\t\t\t\t<\/div>\n\t\t\t\t<\/div>\n\t\t\t\t<div class=\"elementor-element elementor-element-94dffa3 elementor-widget elementor-widget-wd_text_block\" data-id=\"94dffa3\" data-element_type=\"widget\" data-widget_type=\"wd_text_block.default\">\n\t\t\t\t<div class=\"elementor-widget-container\">\n\t\t\t\t\t\t\t<div class=\"wd-text-block reset-last-child text-center\">\n\t\t\t\n\t\t\t<p>Si no has encontrado lo que necesitas y tienes dudas, ponte en contacto con nosotros e intentaremos ayudarte<\/p>\n\t\t\t\t\t<\/div>\n\t\t\t\t\t\t<\/div>\n\t\t\t\t<\/div>\n\t\t\t\t<div class=\"elementor-element elementor-element-1579511 elementor-widget elementor-widget-wd_button\" data-id=\"1579511\" data-element_type=\"widget\" data-widget_type=\"wd_button.default\">\n\t\t\t\t<div class=\"elementor-widget-container\">\n\t\t\t\t\t\t\t<div class=\"wd-button-wrapper text-center\" >\n\t\t\t<a class=\"btn btn-style-default btn-shape-round btn-size-default btn-color-primary btn-icon-pos-right\"  href=\"https:\/\/adrenalindetector.com\/es\/contacta-con-nosotros\/\">\n\t\t\t\t<span class=\"wd-btn-text\" data-elementor-setting-key=\"text\">\n\t\t\t\t\tContacta con nosotros\t\t\t\t<\/span>\n\n\t\t\t\t\t\t\t<\/a>\n\t\t<\/div>\n\t\t\t\t\t\t<\/div>\n\t\t\t\t<\/div>\n\t\t\t\t<\/div>\n\t\t\t\t<\/div>\n\t\t\t\t<\/div>\n\t\t\t\t\t<\/div>\n\t\t\t\t<\/div>\n\t\t\t\t<\/div>\n\t\t","protected":false},"excerpt":{"rendered":"<p>Track You Order About Us Our Dealers Contact Us Mostrar barra lateral Detectores de Metales Adrenalin Adrenalin Detector se fund\u00f3<\/p>\n","protected":false},"author":11,"featured_media":0,"parent":0,"menu_order":0,"comment_status":"closed","ping_status":"closed","template":"","meta":{"footnotes":""},"class_list":["post-1003361","page","type-page","status-publish","hentry"],"jetpack_sharing_enabled":true,"_links":{"self":[{"href":"https:\/\/adrenalindetector.com\/es\/wp-json\/wp\/v2\/pages\/1003361","targetHints":{"allow":["GET"]}}],"collection":[{"href":"https:\/\/adrenalindetector.com\/es\/wp-json\/wp\/v2\/pages"}],"about":[{"href":"https:\/\/adrenalindetector.com\/es\/wp-json\/wp\/v2\/types\/page"}],"author":[{"embeddable":true,"href":"https:\/\/adrenalindetector.com\/es\/wp-json\/wp\/v2\/users\/11"}],"replies":[{"embeddable":true,"href":"https:\/\/adrenalindetector.com\/es\/wp-json\/wp\/v2\/comments?post=1003361"}],"version-history":[{"count":5,"href":"https:\/\/adrenalindetector.com\/es\/wp-json\/wp\/v2\/pages\/1003361\/revisions"}],"predecessor-version":[{"id":1003387,"href":"https:\/\/adrenalindetector.com\/es\/wp-json\/wp\/v2\/pages\/1003361\/revisions\/1003387"}],"wp:attachment":[{"href":"https:\/\/adrenalindetector.com\/es\/wp-json\/wp\/v2\/media?parent=1003361"}],"curies":[{"name":"wp","href":"https:\/\/api.w.org\/{rel}","templated":true}]}}