{"id":1003510,"date":"2025-07-15T23:35:06","date_gmt":"2025-07-15T23:35:06","guid":{"rendered":"https:\/\/adrenalindetector.com\/product\/adrenalina-blackeye-paquete-estandar\/"},"modified":"2025-09-21T08:02:16","modified_gmt":"2025-09-21T08:02:16","slug":"adrenalina-blackeye-paquete-estandar","status":"publish","type":"product","link":"https:\/\/adrenalindetector.com\/es\/producto\/adrenalina-blackeye-paquete-estandar\/","title":{"rendered":"Adrenalina Blackeye &#8211; Paquete est\u00e1ndar"},"content":{"rendered":"<h3 data-start=\"144\" data-end=\"217\"><strong data-start=\"151\" data-end=\"215\">Adrenalin Blackeye &#8211; \u00a1Detecta el objetivo real a distancia!<\/strong><\/h3>\n<p data-start=\"218\" data-end=\"571\">El <strong data-start=\"232\" data-end=\"264\">Detector de Largo Alcance<\/strong> Adrenalin <strong data-start=\"232\" data-end=\"264\">Blackeye<\/strong> es un sistema de exploraci\u00f3n de \u00faltima generaci\u00f3n desarrollado tras a\u00f1os de pruebas de campo, investigaci\u00f3n geof\u00edsica y comentarios de los usuarios. Con sus capacidades de detecci\u00f3n de alta precisi\u00f3n, Blackeye puede localizar metales valiosos como oro, plata y bronce -as\u00ed como estructuras que contengan huecos- a decenas de metros de distancia. <\/p>\n<p data-start=\"573\" data-end=\"720\">Blackeye destaca en su clase por su f\u00e1cil manejo, r\u00e1pida detecci\u00f3n de objetivos, discriminaci\u00f3n de metales basada en ID y tecnolog\u00eda de an\u00e1lisis digital de se\u00f1ales.<\/p>\n<h3 data-start=\"727\" data-end=\"772\">\ud83c\udfaf \u00a1Atrapa al objetivo con Blackeye!<\/h3>\n<p data-start=\"773\" data-end=\"862\">\u2714 <strong data-start=\"775\" data-end=\"804\">Radio de exploraci\u00f3n de 100 metros<\/strong><br data-start=\"804\" data-end=\"807\">Cubre grandes \u00e1reas con eficacia, ahorrando tiempo y esfuerzo.<\/p>\n<p data-start=\"864\" data-end=\"966\">\u2714 <strong data-start=\"866\" data-end=\"901\">Profundidad de detecci\u00f3n de hasta 15 metros<\/strong><br data-start=\"901\" data-end=\"904\">Descubre tesoros, tumbas y t\u00faneles profundamente enterrados con facilidad.<\/p>\n<p data-start=\"968\" data-end=\"1130\">\u2714 <strong data-start=\"970\" data-end=\"1006\">Discriminaci\u00f3n de metales y codificaci\u00f3n ID<\/strong><br data-start=\"1006\" data-end=\"1009\">A cada tipo de metal se le asigna un valor ID \u00fanico (Oro: 94, Plata: 87), para que sepas exactamente qu\u00e9 hay bajo tierra, y d\u00f3nde.<\/p>\n<p data-start=\"1132\" data-end=\"1262\">\u2714 <strong data-start=\"1134\" data-end=\"1152\">Detecci\u00f3n de huecos<\/strong><br data-start=\"1152\" data-end=\"1155\">Identifica con precisi\u00f3n huecos subterr\u00e1neos como c\u00e1maras, tumbas, t\u00faneles y cuevas con una fiabilidad del 100%.<\/p>\n<h3 data-start=\"1269\" data-end=\"1299\">\ud83d\udd0d 3 Modos de B\u00fasqueda Avanzada<\/h3>\n<p data-start=\"1301\" data-end=\"1456\">1\ufe0f\u20e3 <strong data-start=\"1301\" data-end=\"1328\">Modo de detecci\u00f3n de huecos<\/strong><br data-start=\"1328\" data-end=\"1331\">Detecta huecos no naturales en formaciones subterr\u00e1neas (por ejemplo, c\u00e1maras, s\u00f3tanos, pozos). La profundidad y el volumen se calculan al instante. <\/p>\n<p data-start=\"1458\" data-end=\"1649\"><strong data-start=\"1458\" data-end=\"1486\">2\ufe0f\u20e3 Modo de detecci\u00f3n de metales<\/strong><br data-start=\"1486\" data-end=\"1489\">Se centra directamente en objetivos valiosos como el oro, la plata, el bronce y el cobre mediante discriminaci\u00f3n basada en ID. Filtra los metales basura para guiarte hacia el tesoro. <\/p>\n<p data-start=\"1651\" data-end=\"1840\"><strong data-start=\"1651\" data-end=\"1684\">3\ufe0f\u20e3 Modo asistido por transmisor<\/strong><br data-start=\"1684\" data-end=\"1687\">El transmisor emite se\u00f1ales en frecuencias met\u00e1licas seleccionadas, mientras que el receptor detecta frecuencias coincidentes en el campo: ideal para apuntar con precisi\u00f3n.<\/p>\n<h3 data-start=\"1847\" data-end=\"1889\">\ud83d\udc8e Identificaci\u00f3n de metales &#8211; Lista de c\u00f3digos ID<\/h3>\n<div class=\"_tableContainer_80l1q_1\">\n<div class=\"_tableWrapper_80l1q_14 group flex w-fit flex-col-reverse\" tabindex=\"-1\">\n<table class=\"w-fit min-w-(--thread-content-width)\" data-start=\"1891\" data-end=\"2253\">\n<thead data-start=\"1891\" data-end=\"1923\">\n<tr data-start=\"1891\" data-end=\"1923\">\n<th data-start=\"1891\" data-end=\"1911\" data-col-size=\"sm\">Objeto de destino<\/th>\n<th data-start=\"1911\" data-end=\"1923\" data-col-size=\"sm\">ID Valor<\/th>\n<\/tr>\n<\/thead>\n<tbody data-start=\"1957\" data-end=\"2253\">\n<tr data-start=\"1957\" data-end=\"1989\">\n<td data-start=\"1957\" data-end=\"1977\" data-col-size=\"sm\">Diamantes \/ Joyas<\/td>\n<td data-col-size=\"sm\" data-start=\"1977\" data-end=\"1989\">00<\/td>\n<\/tr>\n<tr data-start=\"1990\" data-end=\"2022\">\n<td data-start=\"1990\" data-end=\"2010\" data-col-size=\"sm\">M\u00e1rmol<\/td>\n<td data-col-size=\"sm\" data-start=\"2010\" data-end=\"2022\">02<\/td>\n<\/tr>\n<tr data-start=\"2023\" data-end=\"2055\">\n<td data-start=\"2023\" data-end=\"2043\" data-col-size=\"sm\">Ladrillo<\/td>\n<td data-col-size=\"sm\" data-start=\"2043\" data-end=\"2055\">14<\/td>\n<\/tr>\n<tr data-start=\"2056\" data-end=\"2088\">\n<td data-start=\"2056\" data-end=\"2076\" data-col-size=\"sm\">Agua \/ Humedad<\/td>\n<td data-col-size=\"sm\" data-start=\"2076\" data-end=\"2088\">16<\/td>\n<\/tr>\n<tr data-start=\"2089\" data-end=\"2121\">\n<td data-start=\"2089\" data-end=\"2109\" data-col-size=\"sm\">Acero \/ Hierro<\/td>\n<td data-col-size=\"sm\" data-start=\"2109\" data-end=\"2121\">24<\/td>\n<\/tr>\n<tr data-start=\"2122\" data-end=\"2154\">\n<td data-start=\"2122\" data-end=\"2142\" data-col-size=\"sm\">Plomo<\/td>\n<td data-col-size=\"sm\" data-start=\"2142\" data-end=\"2154\">66<\/td>\n<\/tr>\n<tr data-start=\"2155\" data-end=\"2187\">\n<td data-start=\"2155\" data-end=\"2175\" data-col-size=\"sm\">Bronce \/ Cobre<\/td>\n<td data-col-size=\"sm\" data-start=\"2175\" data-end=\"2187\">78<\/td>\n<\/tr>\n<tr data-start=\"2188\" data-end=\"2220\">\n<td data-start=\"2188\" data-end=\"2208\" data-col-size=\"sm\">Plata<\/td>\n<td data-col-size=\"sm\" data-start=\"2208\" data-end=\"2220\">87<\/td>\n<\/tr>\n<tr data-start=\"2221\" data-end=\"2253\">\n<td data-start=\"2221\" data-end=\"2241\" data-col-size=\"sm\">Oro<\/td>\n<td data-col-size=\"sm\" data-start=\"2241\" data-end=\"2253\">94<\/td>\n<\/tr>\n<\/tbody>\n<\/table>\n<div class=\"sticky end-(--thread-content-margin) h-0 self-end select-none\">\n<div><\/div>\n<div class=\"absolute end-0 flex items-end\"><span style=\"color: #1b1919; font-size: 22px;\">\ud83d\udce6 Opciones del paquete<\/span><\/div>\n<\/div>\n<\/div>\n<\/div>\n<p data-start=\"2284\" data-end=\"2408\">\ud83e\uddf0 <strong data-start=\"2287\" data-end=\"2304\">Paquete b\u00e1sico<\/strong><br data-start=\"2304\" data-end=\"2307\">&#8211; Unidad receptora<br data-start=\"2322\" data-end=\"2325\">&#8211; Antenas<br data-start=\"2335\" data-end=\"2338\">&#8211; Malet\u00edn de pl\u00e1stico<br data-start=\"2361\" data-end=\"2364\">&#8211; Pilas recargables<br data-start=\"2388\" data-end=\"2391\">&#8211; Unidad de carga<\/p>\n<p data-start=\"2410\" data-end=\"2579\">\ud83d\ude80 <strong data-start=\"2413\" data-end=\"2428\">Paquete Pro<\/strong><br data-start=\"2428\" data-end=\"2431\">&#8211; Unidad receptora + transmisora<br data-start=\"2460\" data-end=\"2463\">&#8211; 2 antenas<br data-start=\"2475\" data-end=\"2478\">&#8211; Cargador autom\u00e1tico de 9 V<br data-start=\"2500\" data-end=\"2503\">&#8211; 18 pilas recargables AA de 1,5 V<br data-start=\"2540\" data-end=\"2543\">&#8211; Malet\u00edn de transporte de pl\u00e1stico resistente<\/p>\n<h3 data-start=\"2586\" data-end=\"2617\">\ud83d\udcca Especificaciones t\u00e9cnicas<\/h3>\n<div class=\"_tableContainer_80l1q_1\">\n<div class=\"_tableWrapper_80l1q_14 group flex w-fit flex-col-reverse\" tabindex=\"-1\">\n<table class=\"w-fit min-w-(--thread-content-width)\" data-start=\"2619\" data-end=\"3328\">\n<thead data-start=\"2619\" data-end=\"2677\">\n<tr data-start=\"2619\" data-end=\"2677\">\n<th data-start=\"2619\" data-end=\"2642\" data-col-size=\"sm\">Funci\u00f3n<\/th>\n<th data-start=\"2642\" data-end=\"2677\" data-col-size=\"sm\">Valor<\/th>\n<\/tr>\n<\/thead>\n<tbody data-start=\"2737\" data-end=\"3328\">\n<tr data-start=\"2737\" data-end=\"2796\">\n<td data-start=\"2737\" data-end=\"2760\" data-col-size=\"sm\">Modos de b\u00fasqueda<\/td>\n<td data-col-size=\"sm\" data-start=\"2760\" data-end=\"2796\">Metal \/ Vac\u00edo \/ Asistido por transmisor<\/td>\n<\/tr>\n<tr data-start=\"2797\" data-end=\"2855\">\n<td data-start=\"2797\" data-end=\"2820\" data-col-size=\"sm\">Radio de exploraci\u00f3n<\/td>\n<td data-col-size=\"sm\" data-start=\"2820\" data-end=\"2855\">100 metros<\/td>\n<\/tr>\n<tr data-start=\"2856\" data-end=\"2914\">\n<td data-start=\"2856\" data-end=\"2879\" data-col-size=\"sm\">Profundidad m\u00e1xima<\/td>\n<td data-col-size=\"sm\" data-start=\"2879\" data-end=\"2914\">15 metros<\/td>\n<\/tr>\n<tr data-start=\"2915\" data-end=\"2972\">\n<td data-start=\"2915\" data-end=\"2938\" data-col-size=\"sm\">Discriminaci\u00f3n de metales<\/td>\n<td data-col-size=\"sm\" data-start=\"2938\" data-end=\"2972\">Por n\u00famero de identificaci\u00f3n<\/td>\n<\/tr>\n<tr data-start=\"2973\" data-end=\"3030\">\n<td data-start=\"2973\" data-end=\"2996\" data-col-size=\"sm\">M\u00e9todo de detecci\u00f3n<\/td>\n<td data-col-size=\"sm\" data-start=\"2996\" data-end=\"3030\">Detecci\u00f3n magn\u00e9tica y i\u00f3nica<\/td>\n<\/tr>\n<tr data-start=\"3031\" data-end=\"3093\">\n<td data-start=\"3031\" data-end=\"3054\" data-col-size=\"sm\">Fuente de alimentaci\u00f3n<\/td>\n<td data-col-size=\"sm\" data-start=\"3054\" data-end=\"3093\">18 pilas recargables AA de 1,5 V<\/td>\n<\/tr>\n<tr data-start=\"3094\" data-end=\"3151\">\n<td data-start=\"3094\" data-end=\"3117\" data-col-size=\"sm\">Cargador<\/td>\n<td data-col-size=\"sm\" data-start=\"3117\" data-end=\"3151\">9V Autom\u00e1tico<\/td>\n<\/tr>\n<tr data-start=\"3152\" data-end=\"3210\">\n<td data-start=\"3152\" data-end=\"3175\" data-col-size=\"sm\">Peso de transporte<\/td>\n<td data-col-size=\"sm\" data-start=\"3175\" data-end=\"3210\">6,3 kg<\/td>\n<\/tr>\n<tr data-start=\"3211\" data-end=\"3269\">\n<td data-start=\"3211\" data-end=\"3234\" data-col-size=\"sm\">Dimensiones<\/td>\n<td data-col-size=\"sm\" data-start=\"3234\" data-end=\"3269\">46 x 35 x 13 cm<\/td>\n<\/tr>\n<tr data-start=\"3270\" data-end=\"3328\">\n<td data-start=\"3270\" data-end=\"3293\" data-col-size=\"sm\">Garant\u00eda<\/td>\n<td data-col-size=\"sm\" data-start=\"3293\" data-end=\"3328\">2 a\u00f1os<\/td>\n<\/tr>\n<\/tbody>\n<\/table>\n<div class=\"sticky end-(--thread-content-margin) h-0 self-end select-none\">\n<div class=\"absolute end-0 flex items-end\"><\/div>\n<\/div>\n<\/div>\n<\/div>\n<h3 data-start=\"3335\" data-end=\"3390\">\u00daltima palabra: \u00a1Nunca pierdas un objetivo con Blackeye!<\/h3>\n<p data-start=\"3391\" data-end=\"3575\">Adrenalin Blackeye combina la detecci\u00f3n avanzada de profundidad y la identificaci\u00f3n precisa de metales con un manejo sencillo, lo que lo convierte en el compa\u00f1ero perfecto para los buscadores de tesoros profesionales.<\/p>\n<p data-start=\"3577\" data-end=\"3688\">\ud83c\udfaf \u00a1Realiza b\u00fasquedas precisas, evita excavaciones innecesarias y encuentra objetivos valiosos de forma m\u00e1s r\u00e1pida y eficaz!<\/p>\n<p data-start=\"3690\" data-end=\"3790\">\ud83d\udcde <strong data-start=\"3693\" data-end=\"3713\">Ponte en contacto con nosotros hoy mismo<\/strong> &#8211; \u00a1Con Blackeye, la b\u00fasqueda de tesoros es m\u00e1s segura, r\u00e1pida y eficaz!<\/p>\n","protected":false},"excerpt":{"rendered":"<div class=\"elementor-element elementor-element-f2b312d elementor-widget elementor-widget-heading\" data-id=\"f2b312d\" data-element_type=\"widget\" data-widget_type=\"heading.default\">\n<div class=\"elementor-widget-container\"><span class=\"elementor-heading-title elementor-size-default\">Estamos aqu\u00ed para ofrecerte el <strong>localizador de largo alcance<\/strong> m\u00e1s potente, el <strong>localizador de largo alcance<\/strong> m\u00e1s <strong>profesional<\/strong> y asistencia r\u00e1pida para <strong>detectores de metales.<\/strong><\/span><\/div>\n<\/div>\n","protected":false},"featured_media":1002523,"comment_status":"open","ping_status":"closed","template":"","meta":[],"product_brand":[64],"product_cat":[171,170],"product_tag":[],"class_list":{"0":"post-1003510","1":"product","2":"type-product","3":"status-publish","4":"has-post-thumbnail","6":"product_brand-adrenalin-metal-detector","7":"product_cat-localizador-de-largo-alcance","8":"product_cat-varillas-de-zahori","10":"first","11":"instock","12":"shipping-taxable","13":"purchasable","14":"product-type-simple"},"jetpack_sharing_enabled":true,"_links":{"self":[{"href":"https:\/\/adrenalindetector.com\/es\/wp-json\/wp\/v2\/product\/1003510","targetHints":{"allow":["GET"]}}],"collection":[{"href":"https:\/\/adrenalindetector.com\/es\/wp-json\/wp\/v2\/product"}],"about":[{"href":"https:\/\/adrenalindetector.com\/es\/wp-json\/wp\/v2\/types\/product"}],"replies":[{"embeddable":true,"href":"https:\/\/adrenalindetector.com\/es\/wp-json\/wp\/v2\/comments?post=1003510"}],"version-history":[{"count":0,"href":"https:\/\/adrenalindetector.com\/es\/wp-json\/wp\/v2\/product\/1003510\/revisions"}],"wp:featuredmedia":[{"embeddable":true,"href":"https:\/\/adrenalindetector.com\/es\/wp-json\/wp\/v2\/media\/1002523"}],"wp:attachment":[{"href":"https:\/\/adrenalindetector.com\/es\/wp-json\/wp\/v2\/media?parent=1003510"}],"wp:term":[{"taxonomy":"product_brand","embeddable":true,"href":"https:\/\/adrenalindetector.com\/es\/wp-json\/wp\/v2\/product_brand?post=1003510"},{"taxonomy":"product_cat","embeddable":true,"href":"https:\/\/adrenalindetector.com\/es\/wp-json\/wp\/v2\/product_cat?post=1003510"},{"taxonomy":"product_tag","embeddable":true,"href":"https:\/\/adrenalindetector.com\/es\/wp-json\/wp\/v2\/product_tag?post=1003510"}],"curies":[{"name":"wp","href":"https:\/\/api.w.org\/{rel}","templated":true}]}}