{"id":1003540,"date":"2025-07-15T23:43:01","date_gmt":"2025-07-15T23:43:01","guid":{"rendered":"https:\/\/adrenalindetector.com\/product\/evolucion-adrenalina-paquete-completo\/"},"modified":"2025-12-22T00:09:36","modified_gmt":"2025-12-22T00:09:36","slug":"evolucion-adrenalina-paquete-completo","status":"publish","type":"product","link":"https:\/\/adrenalindetector.com\/es\/producto\/evolucion-adrenalina-paquete-completo\/","title":{"rendered":"Evoluci\u00f3n Adrenalina &#8211; Paquete completo"},"content":{"rendered":"<h3 data-start=\"144\" data-end=\"211\"><strong data-start=\"150\" data-end=\"209\">\u26a1 Evoluci\u00f3n de la adrenalina: una nueva era en la detecci\u00f3n de largo alcance<\/strong><\/h3>\n<p data-start=\"212\" data-end=\"488\">\u2705 <strong data-start=\"214\" data-end=\"280\">Detecta huecos con un 100% de precisi\u00f3n: \u00a1ve directo al tesoro!<\/strong><br data-start=\"280\" data-end=\"283\"><strong data-start=\"293\" data-end=\"326\">El Detector de Largo Alcance<\/strong> Adrenalin <strong data-start=\"293\" data-end=\"326\">Evolution<\/strong> es un dispositivo de exploraci\u00f3n de campo de \u00faltima generaci\u00f3n desarrollado tras a\u00f1os de I+D, dise\u00f1ado para satisfacer las necesidades reales de los buscadores de tesoros e investigadores profesionales.<\/p>\n<p data-start=\"490\" data-end=\"778\">Gracias a sus avanzados sistemas electr\u00f3nicos, Evolution puede detectar tanto metales como huecos subterr\u00e1neos de hasta <strong data-start=\"594\" data-end=\"612\">15 metros de profundidad<\/strong> en un <strong data-start=\"622\" data-end=\"642\">radio de 100 metros<\/strong>. Es el primer detector de su clase capaz de detectar huecos con error cero, combinado con la <strong data-start=\"739\" data-end=\"777\">discriminaci\u00f3n de metales mediante valores ID<\/strong>. <\/p>\n<h3 data-start=\"785\" data-end=\"833\">\ud83d\ude80 \u00bfPor qu\u00e9 elegir el Detector de Largo Alcance Evolution?<\/h3>\n<p data-start=\"835\" data-end=\"1343\">&#8211; \u2705 <strong data-start=\"839\" data-end=\"871\">Precisi\u00f3n de detecci\u00f3n de huecos del 100%<\/strong> &#8211; Localiza con precisi\u00f3n tumbas, t\u00faneles, s\u00f3tanos y estructuras similares<br data-start=\"940\" data-end=\"943\">&#8211; \u2705 <strong data-start=\"947\" data-end=\"978\">Discriminaci\u00f3n de metales mediante ID<\/strong> &#8211; Identifica al instante metales valiosos como oro, plata, y bronce<br data-start=\"1047\" data-end=\"1050\">&#8211; \u2705 <strong data-start=\"1054\" data-end=\"1086\">3 modos de b\u00fasqueda en un solo dispositivo<\/strong> &#8211; Escanea metales, huecos o utiliza la localizaci\u00f3n asistida por transmisor<br data-start=\"1150\" data-end=\"1153\">&#8211; \u2705 <strong data-start=\"1157\" data-end=\"1191\">Cubre 100 m de radio \/ 15 m de profundidad<\/strong> &#8211; Escanea eficazmente grandes \u00e1reas en poco tiempo<br data-start=\"1239\" data-end=\"1242\">&#8211; \u2705 Detecci\u00f3n de se\u00f1ales <strong data-start=\"1246\" data-end=\"1283\">magn\u00e9ticas y<\/strong> <strong data-start=\"1246\" data-end=\"1283\">Detecci\u00f3n de se\u00f1ales i\u00f3nicas<\/strong> &#8211; Resistente a las se\u00f1ales falsas y a las interferencias ambientales<\/p>\n<h3 data-start=\"1350\" data-end=\"1380\">\ud83d\udd0d 3 Modos de B\u00fasqueda Avanzada<\/h3>\n<p data-start=\"1382\" data-end=\"1618\">1\ufe0f\u20e3 <strong data-start=\"1382\" data-end=\"1409\">Modo de detecci\u00f3n de hu<\/strong>ecos<br data-start=\"1409\" data-end=\"1412\">&#8211; Detecta huecos subterr\u00e1neos como tumbas, s\u00f3tanos, cuevas y pozos de hasta 15 metros de profundidad<br data-start=\"1499\" data-end=\"1502\">&#8211; Proporciona an\u00e1lisis de profundidad y volumen en tiempo real mediante informes gr\u00e1ficos<br data-start=\"1574\" data-end=\"1577\">&#8211; Ofrece un 100% de precisi\u00f3n en la detecci\u00f3n de huecos<\/p>\n<p data-start=\"1620\" data-end=\"1848\"><strong data-start=\"1620\" data-end=\"1648\">2\ufe0f\u20e3 Modo de detecci\u00f3n de metales<\/strong><br data-start=\"1648\" data-end=\"1651\">&#8211; C\u00e9ntrate en metales concretos seleccionando sus valores ID (por ejemplo, Oro: 94, Plata: 87)<br data-start=\"1734\" data-end=\"1737\">&#8211; Analiza el tama\u00f1o del objetivo, la profundidad y el tipo de metal<br data-start=\"1782\" data-end=\"1785\">&#8211; Filtra los metales no deseados para centrarte s\u00f3lo en los objetivos valiosos<\/p>\n<p data-start=\"1850\" data-end=\"2098\">3\ufe0f\u20e3 <strong data-start=\"1850\" data-end=\"1883\">Modo asistido por transmisor<\/strong><br data-start=\"1883\" data-end=\"1886\">&#8211; Estimula el campo con una se\u00f1al transmitida a una frecuencia de metal elegida<br data-start=\"1962\" data-end=\"1965\">&#8211; El dispositivo s\u00f3lo detecta se\u00f1ales coincidentes de objetivos relevantes<br data-start=\"2029\" data-end=\"2032\">&#8211; Ideal para la detecci\u00f3n profesional de tesoros con una precisi\u00f3n milim\u00e9trica<\/p>\n<h3 data-start=\"2105\" data-end=\"2126\">\ud83e\udded \u00bfA qui\u00e9n va dirigido?<\/h3>\n<p data-start=\"2128\" data-end=\"2337\">&#8211; Buscadores de tesoros<br data-start=\"2146\" data-end=\"2149\">&#8211; Arque\u00f3logos y ge\u00f3logos<br data-start=\"2178\" data-end=\"2181\">&#8211; Expertos en detecci\u00f3n de estructuras hist\u00f3ricas<br data-start=\"2224\" data-end=\"2227\">&#8211; Empresas de exploraci\u00f3n minera<br data-start=\"2257\" data-end=\"2260\">&#8211; Equipos de exploraci\u00f3n de aguas subterr\u00e1neas y servicios p\u00fablicos<br data-start=\"2298\" data-end=\"2301\">&#8211; Unidades militares y policiales<\/p>\n<h3 data-start=\"2344\" data-end=\"2387\">\ud83d\udc8e Identificaci\u00f3n de metales &#8211; Tabla de c\u00f3digos ID<\/h3>\n<div class=\"_tableContainer_80l1q_1\">\n<div class=\"_tableWrapper_80l1q_14 group flex w-fit flex-col-reverse\" tabindex=\"-1\">\n<table class=\"w-fit min-w-(--thread-content-width)\" data-start=\"2389\" data-end=\"2784\">\n<thead data-start=\"2389\" data-end=\"2424\">\n<tr data-start=\"2389\" data-end=\"2424\">\n<th data-start=\"2389\" data-end=\"2412\" data-col-size=\"sm\">Material objetivo<\/th>\n<th data-start=\"2412\" data-end=\"2424\" data-col-size=\"sm\">Valor ID<\/th>\n<\/tr>\n<\/thead>\n<tbody data-start=\"2461\" data-end=\"2784\">\n<tr data-start=\"2461\" data-end=\"2496\">\n<td data-start=\"2461\" data-end=\"2484\" data-col-size=\"sm\">Diamantes \/ Joyas<\/td>\n<td data-col-size=\"sm\" data-start=\"2484\" data-end=\"2496\">00<\/td>\n<\/tr>\n<tr data-start=\"2497\" data-end=\"2532\">\n<td data-start=\"2497\" data-end=\"2520\" data-col-size=\"sm\">M\u00e1rmol<\/td>\n<td data-col-size=\"sm\" data-start=\"2520\" data-end=\"2532\">02<\/td>\n<\/tr>\n<tr data-start=\"2533\" data-end=\"2568\">\n<td data-start=\"2533\" data-end=\"2556\" data-col-size=\"sm\">Ladrillo<\/td>\n<td data-col-size=\"sm\" data-start=\"2556\" data-end=\"2568\">14<\/td>\n<\/tr>\n<tr data-start=\"2569\" data-end=\"2604\">\n<td data-start=\"2569\" data-end=\"2592\" data-col-size=\"sm\">Agua \/ Humedad<\/td>\n<td data-col-size=\"sm\" data-start=\"2592\" data-end=\"2604\">16<\/td>\n<\/tr>\n<tr data-start=\"2605\" data-end=\"2640\">\n<td data-start=\"2605\" data-end=\"2628\" data-col-size=\"sm\">Hierro \/ Acero<\/td>\n<td data-col-size=\"sm\" data-start=\"2628\" data-end=\"2640\">24<\/td>\n<\/tr>\n<tr data-start=\"2641\" data-end=\"2676\">\n<td data-start=\"2641\" data-end=\"2664\" data-col-size=\"sm\">Plomo<\/td>\n<td data-col-size=\"sm\" data-start=\"2664\" data-end=\"2676\">66<\/td>\n<\/tr>\n<tr data-start=\"2677\" data-end=\"2712\">\n<td data-start=\"2677\" data-end=\"2700\" data-col-size=\"sm\">Bronce \/ Cobre<\/td>\n<td data-col-size=\"sm\" data-start=\"2700\" data-end=\"2712\">78<\/td>\n<\/tr>\n<tr data-start=\"2713\" data-end=\"2748\">\n<td data-start=\"2713\" data-end=\"2736\" data-col-size=\"sm\">Plata<\/td>\n<td data-col-size=\"sm\" data-start=\"2736\" data-end=\"2748\">87<\/td>\n<\/tr>\n<tr data-start=\"2749\" data-end=\"2784\">\n<td data-start=\"2749\" data-end=\"2772\" data-col-size=\"sm\">Oro<\/td>\n<td data-col-size=\"sm\" data-start=\"2772\" data-end=\"2784\">94<\/td>\n<\/tr>\n<\/tbody>\n<\/table>\n<div class=\"sticky end-(--thread-content-margin) h-0 self-end select-none\">\n<div class=\"absolute end-0 flex items-end\"><\/div>\n<\/div>\n<\/div>\n<\/div>\n<h3 data-start=\"2791\" data-end=\"2813\">\ud83d\udce6 Opciones del paquete<\/h3>\n<p data-start=\"2815\" data-end=\"2886\">\ud83d\udd39 <strong data-start=\"2818\" data-end=\"2835\">Paquete b\u00e1sico<\/strong><br data-start=\"2835\" data-end=\"2838\">&#8211; Unidad receptora<br data-start=\"2853\" data-end=\"2856\">&#8211; 2 antenas<br data-start=\"2868\" data-end=\"2871\">&#8211; Malet\u00edn de transporte<\/p>\n<p data-start=\"2888\" data-end=\"3051\">\ud83d\udd38 <strong data-start=\"2891\" data-end=\"2906\">Paquete Pro<\/strong><br data-start=\"2906\" data-end=\"2909\">&#8211; Unidad receptora + transmisora<br data-start=\"2938\" data-end=\"2941\">&#8211; 2 antenas<br data-start=\"2953\" data-end=\"2956\">&#8211; Cargador autom\u00e1tico de 9 V<br data-start=\"2978\" data-end=\"2981\">&#8211; 18 pilas recargables AA de 1,5 V<br data-start=\"3018\" data-end=\"3021\">&#8211; Malet\u00edn de pl\u00e1stico resistente<\/p>\n<blockquote data-start=\"3053\" data-end=\"3174\">\n<p data-start=\"3055\" data-end=\"3174\">El <strong data-start=\"3059\" data-end=\"3074\">Paquete<\/strong> Pro ofrece una detecci\u00f3n m\u00e1s profunda y precisa gracias a su capacidad de escaneado con transmisor.<\/p>\n<\/blockquote>\n<h3 data-start=\"3181\" data-end=\"3211\">Especificaciones t\u00e9cnicas<\/h3>\n<div class=\"_tableContainer_80l1q_1\">\n<div class=\"_tableWrapper_80l1q_14 group flex w-fit flex-col-reverse\" tabindex=\"-1\">\n<table class=\"w-fit min-w-(--thread-content-width)\" data-start=\"3213\" data-end=\"3891\">\n<thead data-start=\"3213\" data-end=\"3273\">\n<tr data-start=\"3213\" data-end=\"3273\">\n<th data-start=\"3213\" data-end=\"3237\" data-col-size=\"sm\">Funci\u00f3n<\/th>\n<th data-start=\"3237\" data-end=\"3273\" data-col-size=\"sm\">Valor<\/th>\n<\/tr>\n<\/thead>\n<tbody data-start=\"3336\" data-end=\"3891\">\n<tr data-start=\"3336\" data-end=\"3397\">\n<td data-start=\"3336\" data-end=\"3361\" data-col-size=\"sm\">Modos de funcionamiento<\/td>\n<td data-col-size=\"sm\" data-start=\"3361\" data-end=\"3397\">3 modos de b\u00fasqueda distintos<\/td>\n<\/tr>\n<tr data-start=\"3398\" data-end=\"3458\">\n<td data-start=\"3398\" data-end=\"3423\" data-col-size=\"sm\">Radio de detecci\u00f3n<\/td>\n<td data-col-size=\"sm\" data-start=\"3423\" data-end=\"3458\">100 metros<\/td>\n<\/tr>\n<tr data-start=\"3459\" data-end=\"3519\">\n<td data-start=\"3459\" data-end=\"3484\" data-col-size=\"sm\">Profundidad m\u00e1xima de detecci\u00f3n<\/td>\n<td data-col-size=\"sm\" data-start=\"3484\" data-end=\"3519\">Hasta 15 metros<\/td>\n<\/tr>\n<tr data-start=\"3520\" data-end=\"3580\">\n<td data-start=\"3520\" data-end=\"3545\" data-col-size=\"sm\">Discriminaci\u00f3n de metales<\/td>\n<td data-col-size=\"sm\" data-start=\"3545\" data-end=\"3580\">Por n\u00famero de identificaci\u00f3n<\/td>\n<\/tr>\n<tr data-start=\"3581\" data-end=\"3643\">\n<td data-start=\"3581\" data-end=\"3606\" data-col-size=\"sm\">Principio de detecci\u00f3n<\/td>\n<td data-col-size=\"sm\" data-start=\"3606\" data-end=\"3643\">Detecci\u00f3n de se\u00f1ales magn\u00e9ticas y i\u00f3nicas<\/td>\n<\/tr>\n<tr data-start=\"3644\" data-end=\"3708\">\n<td data-start=\"3644\" data-end=\"3669\" data-col-size=\"sm\">Fuente de alimentaci\u00f3n<\/td>\n<td data-col-size=\"sm\" data-start=\"3669\" data-end=\"3708\">18 pilas recargables AA de 1,5 V<\/td>\n<\/tr>\n<tr data-start=\"3709\" data-end=\"3769\">\n<td data-start=\"3709\" data-end=\"3734\" data-col-size=\"sm\">Peso<\/td>\n<td data-col-size=\"sm\" data-start=\"3734\" data-end=\"3769\">6,3 kg<\/td>\n<\/tr>\n<tr data-start=\"3770\" data-end=\"3830\">\n<td data-start=\"3770\" data-end=\"3795\" data-col-size=\"sm\">Dimensiones<\/td>\n<td data-col-size=\"sm\" data-start=\"3795\" data-end=\"3830\">46 x 35 x 13 cm<\/td>\n<\/tr>\n<tr data-start=\"3831\" data-end=\"3891\">\n<td data-start=\"3831\" data-end=\"3856\" data-col-size=\"sm\">Garant\u00eda<\/td>\n<td data-col-size=\"sm\" data-start=\"3856\" data-end=\"3891\">2 a\u00f1os<\/td>\n<\/tr>\n<\/tbody>\n<\/table>\n<div class=\"sticky end-(--thread-content-margin) h-0 self-end select-none\">\n<div class=\"absolute end-0 flex items-end\"><\/div>\n<\/div>\n<\/div>\n<\/div>\n<h3 data-start=\"3898\" data-end=\"3949\">Veredicto final: \u00a1Objetivo real, detecci\u00f3n real!<\/h3>\n<p data-start=\"3950\" data-end=\"4197\"><strong data-start=\"3950\" data-end=\"3973\">Adrenalin Evolution<\/strong> representa un gran avance en la tecnolog\u00eda de escaneado de largo alcance.<br data-start=\"4034\" data-end=\"4037\">Con su inigualable precisi\u00f3n de detecci\u00f3n de huecos, capacidad de identificaci\u00f3n de metales y cobertura de \u00e1rea amplia, Evolution te ayuda a <strong data-start=\"4154\" data-end=\"4196\">maximizar el \u00e9xito en la b\u00fasqueda de tesoros<\/strong>.<\/p>\n<p data-start=\"4199\" data-end=\"4288\">\ud83d\udcde <strong data-start=\"4202\" data-end=\"4220\">\u00a1Contacta con nosotros ahora<\/strong> para dar un paso m\u00e1s hacia tu descubrimiento con Adrenalin Evolution!<\/p>\n","protected":false},"excerpt":{"rendered":"<div class=\"elementor-element elementor-element-f2b312d elementor-widget elementor-widget-heading\" data-id=\"f2b312d\" data-element_type=\"widget\" data-widget_type=\"heading.default\">\n<div class=\"elementor-widget-container\"><span class=\"elementor-heading-title elementor-size-default\"><strong>El localizador<\/strong> <strong>de<\/strong> <strong>largo alcance<\/strong> Evolution es el mejor <strong>localizador<\/strong> de <strong>largo alcance<\/strong> del mundo con el que sue\u00f1an los buscadores de tesoros. Ha sido desarrollado como resultado de a\u00f1os de ardua investigaci\u00f3n teniendo en cuenta las necesidades de los buscadores de oro de detectores de largo alcance. <\/span><\/div>\n<\/div>\n<div class=\"elementor-element elementor-element-721db11 elementor-widget elementor-widget-spacer\" data-id=\"721db11\" data-element_type=\"widget\" data-widget_type=\"spacer.default\">\n<div class=\"elementor-widget-container\">\n<div class=\"elementor-spacer\"><\/div>\n<\/div>\n<\/div>\n","protected":false},"featured_media":1003929,"comment_status":"open","ping_status":"closed","template":"","meta":[],"product_brand":[64],"product_cat":[171,170],"product_tag":[],"class_list":{"0":"post-1003540","1":"product","2":"type-product","3":"status-publish","4":"has-post-thumbnail","6":"product_brand-adrenalin-metal-detector","7":"product_cat-localizador-de-largo-alcance","8":"product_cat-varillas-de-zahori","10":"first","11":"instock","12":"shipping-taxable","13":"purchasable","14":"product-type-simple"},"jetpack_sharing_enabled":true,"_links":{"self":[{"href":"https:\/\/adrenalindetector.com\/es\/wp-json\/wp\/v2\/product\/1003540","targetHints":{"allow":["GET"]}}],"collection":[{"href":"https:\/\/adrenalindetector.com\/es\/wp-json\/wp\/v2\/product"}],"about":[{"href":"https:\/\/adrenalindetector.com\/es\/wp-json\/wp\/v2\/types\/product"}],"replies":[{"embeddable":true,"href":"https:\/\/adrenalindetector.com\/es\/wp-json\/wp\/v2\/comments?post=1003540"}],"version-history":[{"count":0,"href":"https:\/\/adrenalindetector.com\/es\/wp-json\/wp\/v2\/product\/1003540\/revisions"}],"wp:featuredmedia":[{"embeddable":true,"href":"https:\/\/adrenalindetector.com\/es\/wp-json\/wp\/v2\/media\/1003929"}],"wp:attachment":[{"href":"https:\/\/adrenalindetector.com\/es\/wp-json\/wp\/v2\/media?parent=1003540"}],"wp:term":[{"taxonomy":"product_brand","embeddable":true,"href":"https:\/\/adrenalindetector.com\/es\/wp-json\/wp\/v2\/product_brand?post=1003540"},{"taxonomy":"product_cat","embeddable":true,"href":"https:\/\/adrenalindetector.com\/es\/wp-json\/wp\/v2\/product_cat?post=1003540"},{"taxonomy":"product_tag","embeddable":true,"href":"https:\/\/adrenalindetector.com\/es\/wp-json\/wp\/v2\/product_tag?post=1003540"}],"curies":[{"name":"wp","href":"https:\/\/api.w.org\/{rel}","templated":true}]}}