{"id":1003967,"date":"2025-10-18T17:18:23","date_gmt":"2025-10-18T17:18:23","guid":{"rendered":"https:\/\/adrenalindetector.com\/product\/eliminador-de-adrenalina-amplificador-de-senal\/"},"modified":"2025-12-21T23:55:57","modified_gmt":"2025-12-21T23:55:57","slug":"eliminador-de-adrenalina-amplificador-de-senal","status":"publish","type":"product","link":"https:\/\/adrenalindetector.com\/es\/producto\/eliminador-de-adrenalina-amplificador-de-senal\/","title":{"rendered":"Eliminador de Adrenalina | Amplificador de Se\u00f1al"},"content":{"rendered":"<p><span style=\"color: #000000;\"><strong>Eliminador de Adrenalina<\/strong><\/span><\/p>\n<p><span style=\"color: #000000;\">El Eliminador de Adrenalina es un dispositivo especializado que mejora la detecci\u00f3n de objetos met\u00e1licos (no ferrosos) especialmente valiosos, estructuras que contienen huecos y restos hist\u00f3ricos que han estado enterrados bajo tierra durante muchos a\u00f1os, mediante dispositivos de im\u00e1genes subterr\u00e1neas y detectores de metales. Gracias al campo magn\u00e9tico de la Tierra, los niveles naturales de campo magn\u00e9tico que se forman sobre los materiales enterrados se amplifican enormemente mediante se\u00f1ales especiales enviadas al subsuelo. <\/span><\/p>\n<p><span style=\"color: #000000;\">El Eliminador se utiliza en sistemas de imagen EM con sensores electromagn\u00e9ticos. Se crea un nivel muy alto de campo magn\u00e9tico sobre los metales enterrados. Esto permite a los dispositivos electromagn\u00e9ticos de obtenci\u00f3n de im\u00e1genes EM subterr\u00e1neas detectar metales valiosos, como oro, plata, bronce y derivados del cobre, a grandes profundidades. Facilita la detecci\u00f3n al cargar un campo magn\u00e9tico sobre objetivos enterrados en tan s\u00f3lo 5 minutos.   <\/span><\/p>\n<p><span style=\"color: #000000;\">Gracias al campo magn\u00e9tico que se aplica a los metales valiosos en los sistemas de formaci\u00f3n de im\u00e1genes, se pueden detectar visualmente incluso objetivos casi imposibles de encontrar.<\/span><\/p>\n<p><span style=\"color: #000000;\">Se puede utilizar preferentemente para aumentar la profundidad de los detectores de metales utilizados en la b\u00fasqueda de tesoros. Al aumentar el nivel del campo magn\u00e9tico que se forma sobre el objetivo, provoca un aumento de la profundidad de hasta el 100% en la detecci\u00f3n del detector. <\/span><\/p>\n<p><span style=\"color: #000000;\">El Eliminador permite detectar objetivos dif\u00edciles a profundidades que los detectores convencionales de b\u00fasqueda profunda no pueden alcanzar en condiciones naturales. En s\u00f3lo 5 minutos, consigue un notable aumento del rendimiento de hasta el 100% en la detecci\u00f3n de metales valiosos como el oro y la plata con detectores. <\/span><\/p>\n<p><span style=\"color: #000000;\"><strong>Contenido del juego:<\/strong><\/span><\/p>\n<p><span style=\"color: #000000;\">&#8211; Panel electr\u00f3nico<\/span><\/p>\n<p><span style=\"color: #000000;\">&#8211; 4 electrodos<\/span><\/p>\n<p><span style=\"color: #000000;\">&#8211; Cargador autom\u00e1tico de 12 voltios<\/span><\/p>\n<p><span style=\"color: #000000;\">&#8211; 4 cables (2\u00d75 metros &#8211; 2&#215;15 metros)<\/span><\/p>\n<p><span style=\"color: #000000;\">&#8211; Manual del usuario en turco, certificado de garant\u00eda.<\/span><\/p>\n<p><span style=\"color: #000000;\">Dimensiones de transporte:<\/span><\/p>\n<p><span style=\"color: #000000;\">Dimensiones del paquete: 35 \u0445 30 \u0445 10 cm<\/span><\/p>\n<p><span style=\"color: #000000;\">Peso: 2,4 kg<\/span><\/p>\n<p>&nbsp;<\/p>\n<p>&nbsp;<\/p>\n","protected":false},"excerpt":{"rendered":"<p>El Eliminador de Adrenalina es un dispositivo especializado que mejora la detecci\u00f3n de objetos met\u00e1licos (no ferrosos) especialmente valiosos, estructuras que contienen huecos y restos hist\u00f3ricos que han estado enterrados bajo tierra durante muchos a\u00f1os, utilizando dispositivos de im\u00e1genes subterr\u00e1neas y detectores de metales.<\/p>\n","protected":false},"featured_media":1003840,"comment_status":"open","ping_status":"closed","template":"","meta":[],"product_brand":[],"product_cat":[198,197],"product_tag":[],"class_list":{"0":"post-1003967","1":"product","2":"type-product","3":"status-publish","4":"has-post-thumbnail","6":"product_cat-amplificador-de-senal","7":"product_cat-sistemas-electromagneticos","9":"first","10":"instock","11":"shipping-taxable","12":"purchasable","13":"product-type-simple"},"jetpack_sharing_enabled":true,"_links":{"self":[{"href":"https:\/\/adrenalindetector.com\/es\/wp-json\/wp\/v2\/product\/1003967","targetHints":{"allow":["GET"]}}],"collection":[{"href":"https:\/\/adrenalindetector.com\/es\/wp-json\/wp\/v2\/product"}],"about":[{"href":"https:\/\/adrenalindetector.com\/es\/wp-json\/wp\/v2\/types\/product"}],"replies":[{"embeddable":true,"href":"https:\/\/adrenalindetector.com\/es\/wp-json\/wp\/v2\/comments?post=1003967"}],"version-history":[{"count":0,"href":"https:\/\/adrenalindetector.com\/es\/wp-json\/wp\/v2\/product\/1003967\/revisions"}],"wp:featuredmedia":[{"embeddable":true,"href":"https:\/\/adrenalindetector.com\/es\/wp-json\/wp\/v2\/media\/1003840"}],"wp:attachment":[{"href":"https:\/\/adrenalindetector.com\/es\/wp-json\/wp\/v2\/media?parent=1003967"}],"wp:term":[{"taxonomy":"product_brand","embeddable":true,"href":"https:\/\/adrenalindetector.com\/es\/wp-json\/wp\/v2\/product_brand?post=1003967"},{"taxonomy":"product_cat","embeddable":true,"href":"https:\/\/adrenalindetector.com\/es\/wp-json\/wp\/v2\/product_cat?post=1003967"},{"taxonomy":"product_tag","embeddable":true,"href":"https:\/\/adrenalindetector.com\/es\/wp-json\/wp\/v2\/product_tag?post=1003967"}],"curies":[{"name":"wp","href":"https:\/\/api.w.org\/{rel}","templated":true}]}}