{"id":1003988,"date":"2025-07-01T23:34:41","date_gmt":"2025-07-01T23:34:41","guid":{"rendered":"https:\/\/adrenalindetector.com\/product\/adrenalina-visionaria-paquete-completo\/"},"modified":"2025-12-22T01:17:03","modified_gmt":"2025-12-22T01:17:03","slug":"adrenalina-visionaria-paquete-completo","status":"publish","type":"product","link":"https:\/\/adrenalindetector.com\/es\/producto\/adrenalina-visionaria-paquete-completo\/","title":{"rendered":"Adrenalina Visionaria | Paquete Completo"},"content":{"rendered":"<h3 data-start=\"169\" data-end=\"267\"><span style=\"color: #000000;\"><strong data-start=\"176\" data-end=\"265\">VISIONARIO Adrenalina &#8211; Detector de B\u00fasqueda Profunda que Combina 3 Tecnolog\u00edas en un Solo Dispositivo<\/strong><\/span><\/h3>\n<p data-start=\"268\" data-end=\"733\"><span style=\"color: #000000;\">\ud83d\udce1 <strong data-start=\"271\" data-end=\"326\">Im\u00e1genes 3D &#8211; Sistema de pulsos &#8211; Tecnolog\u00eda magnetom\u00e9trica<\/strong><\/span><\/p>\n<p data-start=\"268\" data-end=\"733\"><span style=\"color: #000000;\">El VISIONARIO es un sistema de im\u00e1genes subterr\u00e1neas y detecci\u00f3n de metales de alta gama desarrollado para buscadores de tesoros profesionales. Combina tres tecnolog\u00edas avanzadas en un solo dispositivo: Sistema de Inducci\u00f3n de Pulsos Mejorado, Electromagn\u00e9tico Pasivo (Magnet\u00f3metro) y Tecnolog\u00eda de Im\u00e1genes 3D. <\/span><br data-start=\"608\" data-end=\"611\"><span style=\"color: #000000;\">Con esta combinaci\u00f3n \u00fanica, el VISIONARIO ofrece un rendimiento inigualable tanto para la b\u00fasqueda profunda como para la detecci\u00f3n de una sola moneda.<\/span><\/p>\n<h3 data-start=\"740\" data-end=\"778\"><span style=\"color: #000000;\">\ud83d\ude80 Caracter\u00edsticas principales de la VISIONARIA<\/span><\/h3>\n<p data-start=\"779\" data-end=\"1301\"><span style=\"color: #000000;\">\u2705 <strong data-start=\"783\" data-end=\"808\">3 tecnolog\u00edas en una<\/strong>: detector de impulsos + imagen electromagn\u00e9tica 3D + sistema magnetom\u00e9trico<\/span><br data-start=\"875\" data-end=\"878\"><span style=\"color: #000000;\">\u2705 S <strong data-start=\"882\" data-end=\"909\">istema de equilibrado del suelo<\/strong>: Ajuste avanzado para distintos tipos de suelo<\/span><br data-start=\"953\" data-end=\"956\"><span style=\"color: #000000;\"><strong data-start=\"960\" data-end=\"979\">Modo Sin Movimiento<\/strong>: Detecta objetivos profundos estando quieto<\/span><br data-start=\"1021\" data-end=\"1024\"><span style=\"color: #000000;\">\u2705 <strong data-start=\"1028\" data-end=\"1060\">Rendimiento l\u00edder en profundidad<\/strong>: Detecta metales como oro, plata y cobre hasta 6 metros de profundidad<\/span><br data-start=\"1126\" data-end=\"1129\"><span style=\"color: #000000;\"><strong data-start=\"1133\" data-end=\"1153\">Detecci\u00f3n de cavidades<\/strong>: Detecta cuevas, s\u00f3tanos, habitaciones y t\u00faneles de hasta 4 metros de profundidad<\/span><br data-start=\"1217\" data-end=\"1220\"><span style=\"color: #000000;\"><strong data-start=\"1224\" data-end=\"1251\">Interfaz f\u00e1cil de usar<\/strong>: Sencilla e intuitiva incluso para los usuarios noveles<\/span><\/p>\n<h3 data-start=\"1308\" data-end=\"1348\"><span style=\"color: #000000;\">\ud83d\udcf1 Integraci\u00f3n del software 3D de Android<\/span><\/h3>\n<p data-start=\"1349\" data-end=\"1573\"><span style=\"color: #000000;\">El VISIONARIO es totalmente compatible con tel\u00e9fonos inteligentes y tabletas basados en Android. Los datos recibidos del dispositivo se transforman instant\u00e1neamente en gr\u00e1ficos 3D, lo que te permite analizar la forma, el tama\u00f1o y la profundidad del objetivo en tiempo real. <\/span><\/p>\n<h3 data-start=\"1580\" data-end=\"1627\"><span style=\"color: #000000;\">Sistema avanzado de discriminaci\u00f3n e identificaci\u00f3n de metales<\/span><\/h3>\n<p data-start=\"1628\" data-end=\"1914\"><span style=\"color: #000000;\">&#8211; \ud83d\udcca <strong data-start=\"1633\" data-end=\"1670\">Identificaci\u00f3n num\u00e9rica (ID 00-99)<\/strong>: Clasifica los objetivos en funci\u00f3n del valor de conductividad<\/span><br data-start=\"1718\" data-end=\"1721\"><span style=\"color: #000000;\">&#8211; \ud83c\udfa7 <strong data-start=\"1726\" data-end=\"1750\">Discriminaci\u00f3n ac\u00fastica<\/strong>: Tono continuo para metales valiosos; tono de corte para metales basura<\/span><br data-start=\"1816\" data-end=\"1819\"><span style=\"color: #000000;\">&#8211; \ud83e\uddf2 <strong data-start=\"1824\" data-end=\"1846\">Indicador FE \/ NFE<\/strong>: Diferencia instant\u00e1neamente entre objetivos f\u00e9rricos y no f\u00e9rricos<\/span><\/p>\n<p><iframe title=\"Reproductor de v\u00eddeo de YouTube\" src=\"https:\/\/www.youtube.com\/embed\/videoseries?si=2gW3Aiw8_JgtLGVl&amp;list=PLi_Z_j5lvjC-1x8RNgDuvxK2Y4nAdLC12\" width=\"560\" height=\"450\" frameborder=\"0\" allowfullscreen=\"allowfullscreen\"><\/iframe><\/p>\n<h3 data-start=\"1921\" data-end=\"1969\"><span style=\"color: #000000;\">Profundidades de detecci\u00f3n (basadas en el tama\u00f1o de la bobina de b\u00fasqueda)<\/span><\/h3>\n<div class=\"_tableContainer_80l1q_1\">\n<div class=\"_tableWrapper_80l1q_14 group flex w-fit flex-col-reverse\" tabindex=\"-1\">\n<table class=\"w-fit min-w-(--thread-content-width)\" data-start=\"1971\" data-end=\"2427\">\n<thead data-start=\"1971\" data-end=\"2045\">\n<tr data-start=\"1971\" data-end=\"2045\">\n<th data-start=\"1971\" data-end=\"1996\" data-col-size=\"sm\"><span style=\"color: #000000;\">OBJETO \/ OBJETIVO<\/span><\/th>\n<th data-start=\"1996\" data-end=\"2007\" data-col-size=\"sm\"><span style=\"color: #000000;\">34 CM DD<\/span><\/th>\n<th data-start=\"2007\" data-end=\"2018\" data-col-size=\"sm\"><span style=\"color: #000000;\">70&#215;70 CM<\/span><\/th>\n<th data-start=\"2018\" data-end=\"2031\" data-col-size=\"sm\"><span style=\"color: #000000;\">130&#215;130 CM<\/span><\/th>\n<th data-start=\"2031\" data-end=\"2045\" data-col-size=\"sm\"><span style=\"color: #000000;\">150&#215;150 CM<\/span><\/th>\n<\/tr>\n<\/thead>\n<tbody data-start=\"2124\" data-end=\"2427\">\n<tr data-start=\"2124\" data-end=\"2199\">\n<td data-start=\"2124\" data-end=\"2149\" data-col-size=\"sm\"><span style=\"color: #000000;\">Media moneda de oro<\/span><\/td>\n<td data-col-size=\"sm\" data-start=\"2149\" data-end=\"2159\"><span style=\"color: #000000;\">25 cm<\/span><\/td>\n<td data-col-size=\"sm\" data-start=\"2159\" data-end=\"2170\"><span style=\"color: #000000;\">40 cm<\/span><\/td>\n<td data-col-size=\"sm\" data-start=\"2170\" data-end=\"2184\"><span style=\"color: #000000;\">&#8211;<\/span><\/td>\n<td data-col-size=\"sm\" data-start=\"2184\" data-end=\"2199\"><span style=\"color: #000000;\">&#8211;<\/span><\/td>\n<\/tr>\n<tr data-start=\"2200\" data-end=\"2275\">\n<td data-start=\"2200\" data-end=\"2225\" data-col-size=\"sm\"><span style=\"color: #000000;\">Pulsera de oro<\/span><\/td>\n<td data-col-size=\"sm\" data-start=\"2225\" data-end=\"2235\"><span style=\"color: #000000;\">70 cm<\/span><\/td>\n<td data-col-size=\"sm\" data-start=\"2235\" data-end=\"2246\"><span style=\"color: #000000;\">110 cm<\/span><\/td>\n<td data-col-size=\"sm\" data-start=\"2246\" data-end=\"2260\"><span style=\"color: #000000;\">120 cm<\/span><\/td>\n<td data-col-size=\"sm\" data-start=\"2260\" data-end=\"2275\"><span style=\"color: #000000;\">100 cm<\/span><\/td>\n<\/tr>\n<tr data-start=\"2276\" data-end=\"2351\">\n<td data-start=\"2276\" data-end=\"2301\" data-col-size=\"sm\"><span style=\"color: #000000;\">Placa de cobre de 10&#215;10 cm<\/span><\/td>\n<td data-col-size=\"sm\" data-start=\"2301\" data-end=\"2311\"><span style=\"color: #000000;\">80 cm<\/span><\/td>\n<td data-col-size=\"sm\" data-start=\"2311\" data-end=\"2322\"><span style=\"color: #000000;\">120 cm<\/span><\/td>\n<td data-col-size=\"sm\" data-start=\"2322\" data-end=\"2336\"><span style=\"color: #000000;\">130 cm<\/span><\/td>\n<td data-col-size=\"sm\" data-start=\"2336\" data-end=\"2351\"><span style=\"color: #000000;\">150 cm<\/span><\/td>\n<\/tr>\n<tr data-start=\"2352\" data-end=\"2427\">\n<td data-start=\"2352\" data-end=\"2377\" data-col-size=\"sm\"><span style=\"color: #000000;\">Casco 25&#215;25 cm<\/span><\/td>\n<td data-col-size=\"sm\" data-start=\"2377\" data-end=\"2387\"><span style=\"color: #000000;\">130 cm<\/span><\/td>\n<td data-col-size=\"sm\" data-start=\"2387\" data-end=\"2398\"><span style=\"color: #000000;\">190 cm<\/span><\/td>\n<td data-col-size=\"sm\" data-start=\"2398\" data-end=\"2412\"><span style=\"color: #000000;\">250 cm<\/span><\/td>\n<td data-col-size=\"sm\" data-start=\"2412\" data-end=\"2427\"><span style=\"color: #000000;\">300 cm<\/span><\/td>\n<\/tr>\n<\/tbody>\n<\/table>\n<div class=\"sticky end-(--thread-content-margin) h-0 self-end select-none\">\n<div class=\"absolute end-0 flex items-end\"><\/div>\n<\/div>\n<\/div>\n<\/div>\n<p data-start=\"2429\" data-end=\"2567\"><span style=\"color: #000000;\">\ud83d\udccc <strong data-start=\"2432\" data-end=\"2440\">Nota<\/strong>: La profundidad puede variar seg\u00fan el tipo de suelo y el tiempo que lleve enterrado el objeto. Los sistemas de pulsos funcionan mejor en objetivos antiguos. <\/span><\/p>\n<h3 data-start=\"2574\" data-end=\"2623\"><span style=\"color: #000000;\">Contenido del paquete &#8211; Versiones Est\u00e1ndar y Completa<\/span><\/h3>\n<p data-start=\"2625\" data-end=\"2727\"><span style=\"color: #000000;\"><strong data-start=\"2625\" data-end=\"2646\">Paquete est\u00e1ndar:<\/strong><\/span><br data-start=\"2646\" data-end=\"2649\"><span style=\"color: #000000;\">&#8211; Unidad principal<\/span><br data-start=\"2660\" data-end=\"2663\"><span style=\"color: #000000;\">&#8211; Cargador<\/span><br data-start=\"2672\" data-end=\"2675\"><span style=\"color: #000000;\">&#8211; Auriculares<\/span><br data-start=\"2687\" data-end=\"2690\"><span style=\"color: #000000;\">&#8211; Funda de transporte<\/span><br data-start=\"2705\" data-end=\"2708\"><span style=\"color: #000000;\">&#8211; 3 bobinas de b\u00fasqueda:<\/span><\/p>\n<ul data-start=\"2730\" data-end=\"2793\">\n<li data-start=\"2730\" data-end=\"2747\">\n<p data-start=\"2732\" data-end=\"2747\"><span style=\"color: #000000;\">Bobina DD de 34 cm<\/span><\/p>\n<\/li>\n<li data-start=\"2750\" data-end=\"2769\">\n<p data-start=\"2752\" data-end=\"2769\"><span style=\"color: #000000;\">Bobina mono 70&#215;70<\/span><\/p>\n<\/li>\n<li data-start=\"2772\" data-end=\"2793\">\n<p data-start=\"2774\" data-end=\"2793\"><span style=\"color: #000000;\">Bobina mono 130&#215;130<\/span><\/p>\n<\/li>\n<\/ul>\n<p data-start=\"2795\" data-end=\"2869\"><span style=\"color: #000000;\"><strong data-start=\"2795\" data-end=\"2821\">El Paquete Completo incluye:<\/strong><\/span><br data-start=\"2821\" data-end=\"2824\"><span style=\"color: #000000;\">&#8211; Todo lo del Paquete Est\u00e1ndar, m\u00e1s:<\/span><\/p>\n<ul data-start=\"2872\" data-end=\"2934\">\n<li data-start=\"2872\" data-end=\"2903\">\n<p data-start=\"2874\" data-end=\"2903\"><span style=\"color: #000000;\">Sensor EM (Magnet\u00f3metro 3D)<\/span><\/p>\n<\/li>\n<li data-start=\"2906\" data-end=\"2934\">\n<p data-start=\"2908\" data-end=\"2934\"><span style=\"color: #000000;\">Soporte de software Android<\/span><\/p>\n<\/li>\n<\/ul>\n<h3 data-start=\"2941\" data-end=\"2969\"><span style=\"color: #000000;\">Especificaciones t\u00e9cnicas<\/span><\/h3>\n<div class=\"_tableContainer_80l1q_1\">\n<div class=\"_tableWrapper_80l1q_14 group flex w-fit flex-col-reverse\" tabindex=\"-1\">\n<table class=\"w-fit min-w-(--thread-content-width)\" data-start=\"2971\" data-end=\"3920\">\n<thead data-start=\"2971\" data-end=\"3038\">\n<tr data-start=\"2971\" data-end=\"3038\">\n<th data-start=\"2971\" data-end=\"2998\" data-col-size=\"sm\"><span style=\"color: #000000;\">Funci\u00f3n<\/span><\/th>\n<th data-start=\"2998\" data-end=\"3038\" data-col-size=\"sm\"><span style=\"color: #000000;\">Valor<\/span><\/th>\n<\/tr>\n<\/thead>\n<tbody data-start=\"3107\" data-end=\"3920\">\n<tr data-start=\"3107\" data-end=\"3173\">\n<td data-start=\"3107\" data-end=\"3134\" data-col-size=\"sm\"><span style=\"color: #000000;\">Sistema operativo<\/span><\/td>\n<td data-col-size=\"sm\" data-start=\"3134\" data-end=\"3173\"><span style=\"color: #000000;\">Inducci\u00f3n de impulsos mejorada (PI)<\/span><\/td>\n<\/tr>\n<tr data-start=\"3174\" data-end=\"3241\">\n<td data-start=\"3174\" data-end=\"3201\" data-col-size=\"sm\"><span style=\"color: #000000;\">Frecuencia<\/span><\/td>\n<td data-col-size=\"sm\" data-start=\"3201\" data-end=\"3241\"><span style=\"color: #000000;\">1000 impulsos por segundo<\/span><\/td>\n<\/tr>\n<tr data-start=\"3242\" data-end=\"3308\">\n<td data-start=\"3242\" data-end=\"3269\" data-col-size=\"sm\"><span style=\"color: #000000;\">Modos de detecci\u00f3n<\/span><\/td>\n<td data-col-size=\"sm\" data-start=\"3269\" data-end=\"3308\"><span style=\"color: #000000;\">General, Sensible, 3D Cavidad-Metal<\/span><\/td>\n<\/tr>\n<tr data-start=\"3309\" data-end=\"3376\">\n<td data-start=\"3309\" data-end=\"3336\" data-col-size=\"sm\"><span style=\"color: #000000;\">Ajuste del suelo<\/span><\/td>\n<td data-col-size=\"sm\" data-start=\"3336\" data-end=\"3376\"><span style=\"color: #000000;\">Autom\u00e1tico y manual<\/span><\/td>\n<\/tr>\n<tr data-start=\"3377\" data-end=\"3444\">\n<td data-start=\"3377\" data-end=\"3404\" data-col-size=\"sm\"><span style=\"color: #000000;\">Sensibilidad \/ Ganancia<\/span><\/td>\n<td data-col-size=\"sm\" data-start=\"3404\" data-end=\"3444\"><span style=\"color: #000000;\">Nivel 1-9<\/span><\/td>\n<\/tr>\n<tr data-start=\"3445\" data-end=\"3512\">\n<td data-start=\"3445\" data-end=\"3472\" data-col-size=\"sm\"><span style=\"color: #000000;\">Bater\u00eda \/ Autonom\u00eda<\/span><\/td>\n<td data-col-size=\"sm\" data-start=\"3472\" data-end=\"3512\"><span style=\"color: #000000;\">12,6V Li-Po \/ 6-8 Horas<\/span><\/td>\n<\/tr>\n<tr data-start=\"3513\" data-end=\"3580\">\n<td data-start=\"3513\" data-end=\"3540\" data-col-size=\"sm\"><span style=\"color: #000000;\">Pantalla<\/span><\/td>\n<td data-col-size=\"sm\" data-start=\"3540\" data-end=\"3580\"><span style=\"color: #000000;\">LCD retroiluminado<\/span><\/td>\n<\/tr>\n<tr data-start=\"3581\" data-end=\"3648\">\n<td data-start=\"3581\" data-end=\"3608\" data-col-size=\"sm\"><span style=\"color: #000000;\">Indicador de profundidad<\/span><\/td>\n<td data-col-size=\"sm\" data-start=\"3608\" data-end=\"3648\"><span style=\"color: #000000;\">Autom\u00e1tico (en cm)<\/span><\/td>\n<\/tr>\n<tr data-start=\"3649\" data-end=\"3716\">\n<td data-start=\"3649\" data-end=\"3676\" data-col-size=\"sm\"><span style=\"color: #000000;\">Toma de auriculares<\/span><\/td>\n<td data-col-size=\"sm\" data-start=\"3676\" data-end=\"3716\"><span style=\"color: #000000;\">Conector mono de \u00bc<\/span><\/td>\n<\/tr>\n<tr data-start=\"3717\" data-end=\"3784\">\n<td data-start=\"3717\" data-end=\"3744\" data-col-size=\"sm\"><span style=\"color: #000000;\">Temperatura de funcionamiento<\/span><\/td>\n<td data-col-size=\"sm\" data-start=\"3744\" data-end=\"3784\"><span style=\"color: #000000;\">-10\u00b0C a +50\u00b0C<\/span><\/td>\n<\/tr>\n<tr data-start=\"3785\" data-end=\"3852\">\n<td data-start=\"3785\" data-end=\"3812\" data-col-size=\"sm\"><span style=\"color: #000000;\">Peso y portabilidad<\/span><\/td>\n<td data-col-size=\"sm\" data-start=\"3812\" data-end=\"3852\"><span style=\"color: #000000;\">Ligera, bandolera, compacta<\/span><\/td>\n<\/tr>\n<tr data-start=\"3853\" data-end=\"3920\">\n<td data-start=\"3853\" data-end=\"3880\" data-col-size=\"sm\"><span style=\"color: #000000;\">Conectividad<\/span><\/td>\n<td data-col-size=\"sm\" data-start=\"3880\" data-end=\"3920\"><span style=\"color: #000000;\">Dongle inal\u00e1mbrico \/ Compatible con Android<\/span><\/td>\n<\/tr>\n<\/tbody>\n<\/table>\n<div class=\"sticky end-(--thread-content-margin) h-0 self-end select-none\">\n<div class=\"absolute end-0 flex items-end\"><\/div>\n<\/div>\n<\/div>\n<\/div>\n<h3 data-start=\"3927\" data-end=\"3982\"><span style=\"color: #000000;\">\ud83c\udfc6 Conoce a VISIONARIO: \u00a1Descubre lo que hay en las profundidades!<\/span><\/h3>\n<p data-start=\"3983\" data-end=\"4183\"><span style=\"color: #000000;\">El VISIONARIO Adrenalin es algo m\u00e1s que un detector: es un sistema profesional de im\u00e1genes subterr\u00e1neas, una valiosa herramienta para la exploraci\u00f3n arqueol\u00f3gica y tu socio m\u00e1s fiable en la b\u00fasqueda de tesoros.<\/span><\/p>\n<p data-start=\"4185\" data-end=\"4300\"><span style=\"color: #000000;\">\ud83c\udfaf  <strong data-start=\"4188\" data-end=\"4300\">Rompe los l\u00edmites en tus exploraciones. \u00a1S\u00e9 el primero en alcanzar los tesoros m\u00e1s profundos con VISIONARIO Adrenalina! <\/strong><\/span><\/p>\n","protected":false},"excerpt":{"rendered":"<div class=\"elementor-element elementor-element-f2b312d elementor-widget elementor-widget-heading\" data-id=\"f2b312d\" data-element_type=\"widget\" data-widget_type=\"heading.default\">\n<div class=\"elementor-widget-container\"><span class=\"elementor-heading-title elementor-size-default\"><strong>El mejor detector de metales para oro &#8211; Adrenalin VISIONARY<\/strong> es un <strong>detector de metales 3D<\/strong> fabricado con la nueva tecnolog\u00eda GBS. Y <strong>detectores de metales<\/strong> estables. <\/span><\/div>\n<\/div>\n<div class=\"elementor-element elementor-element-721db11 elementor-widget elementor-widget-spacer\" data-id=\"721db11\" data-element_type=\"widget\" data-widget_type=\"spacer.default\">\n<div class=\"elementor-widget-container\">\n<div class=\"elementor-spacer\"><\/div>\n<\/div>\n<\/div>\n","protected":false},"featured_media":1002446,"comment_status":"open","ping_status":"closed","template":"","meta":[],"product_brand":[],"product_cat":[222,223,220,221],"product_tag":[],"class_list":{"0":"post-1003988","1":"product","2":"type-product","3":"status-publish","4":"has-post-thumbnail","6":"product_cat-detector-de-metales-3d","7":"product_cat-detector-de-oro-3d","8":"product_cat-detectores-de-oro","9":"product_cat-mejor-detector-de-metales-para-oro","11":"first","12":"instock","13":"shipping-taxable","14":"purchasable","15":"product-type-simple"},"jetpack_sharing_enabled":true,"_links":{"self":[{"href":"https:\/\/adrenalindetector.com\/es\/wp-json\/wp\/v2\/product\/1003988","targetHints":{"allow":["GET"]}}],"collection":[{"href":"https:\/\/adrenalindetector.com\/es\/wp-json\/wp\/v2\/product"}],"about":[{"href":"https:\/\/adrenalindetector.com\/es\/wp-json\/wp\/v2\/types\/product"}],"replies":[{"embeddable":true,"href":"https:\/\/adrenalindetector.com\/es\/wp-json\/wp\/v2\/comments?post=1003988"}],"version-history":[{"count":0,"href":"https:\/\/adrenalindetector.com\/es\/wp-json\/wp\/v2\/product\/1003988\/revisions"}],"wp:featuredmedia":[{"embeddable":true,"href":"https:\/\/adrenalindetector.com\/es\/wp-json\/wp\/v2\/media\/1002446"}],"wp:attachment":[{"href":"https:\/\/adrenalindetector.com\/es\/wp-json\/wp\/v2\/media?parent=1003988"}],"wp:term":[{"taxonomy":"product_brand","embeddable":true,"href":"https:\/\/adrenalindetector.com\/es\/wp-json\/wp\/v2\/product_brand?post=1003988"},{"taxonomy":"product_cat","embeddable":true,"href":"https:\/\/adrenalindetector.com\/es\/wp-json\/wp\/v2\/product_cat?post=1003988"},{"taxonomy":"product_tag","embeddable":true,"href":"https:\/\/adrenalindetector.com\/es\/wp-json\/wp\/v2\/product_tag?post=1003988"}],"curies":[{"name":"wp","href":"https:\/\/api.w.org\/{rel}","templated":true}]}}