{"id":1003123,"date":"2025-07-16T01:33:52","date_gmt":"2025-07-16T01:33:52","guid":{"rendered":"https:\/\/adrenalindetector.com\/curseur\/"},"modified":"2025-07-17T17:48:31","modified_gmt":"2025-07-17T17:48:31","slug":"curseur","status":"publish","type":"page","link":"https:\/\/adrenalindetector.com\/fr\/curseur\/","title":{"rendered":"Curseur"},"content":{"rendered":"\t\t<div data-elementor-type=\"wp-page\" data-elementor-id=\"1003123\" class=\"elementor elementor-1003123 elementor-993414\">\n\t\t\t\t<div class=\"wd-negative-gap elementor-element elementor-element-b419b2f e-flex e-con-boxed e-con e-parent\" data-id=\"b419b2f\" data-element_type=\"container\">\n\t\t\t\t\t<div class=\"e-con-inner\">\n\t\t<div class=\"elementor-element elementor-element-2ca1e1f e-con-full e-flex e-con e-child\" data-id=\"2ca1e1f\" data-element_type=\"container\">\n\t\t<div class=\"elementor-element elementor-element-88f33de e-con-full e-flex e-con e-child\" data-id=\"88f33de\" data-element_type=\"container\">\n\t\t\t\t<div class=\"elementor-element elementor-element-1665852 elementor-widget elementor-widget-slider_revolution\" data-id=\"1665852\" data-element_type=\"widget\" data-widget_type=\"slider_revolution.default\">\n\t\t\t\t\t\n\t\t<div class=\"wp-block-themepunch-revslider\">\n\t\t\t\t<p class=\"rs-p-wp-fix\"><\/p>\n\t\t\t\t<sr7-module data-alias=\"home1\" data-id=\"1\" id=\"SR7_1_1\" class=\"rs-ov-hidden\" data-version=\"6.7.35\">\n\t\t\t\t\t<sr7-adjuster><\/sr7-adjuster>\n\t\t\t\t\t<sr7-content>\n\t\t\t\t\t\t<sr7-slide id=\"SR7_1_1-1\" data-key=\"1\">\n\t\t\t\t\t\t\t<sr7-bg id=\"SR7_1_1-1-33\" class=\"sr7-layer\"><noscript><img decoding=\"async\" src=\"https:\/\/adrenalindetector.com\/wp-content\/uploads\/2025\/07\/bg-scaled.jpg\" alt=\"\" title=\"bg\"><\/noscript><\/sr7-bg>\n\t\t\t\t\t\t\t<sr7-txt id=\"SR7_1_1-1-6\" class=\"sr7-layer\">The products is sent via<\/sr7-txt>\n\t\t\t\t\t\t\t<sr7-txt id=\"SR7_1_1-1-16\" class=\"sr7-layer\">We pay the customs duty, <\/br>you will not pay anything other than the product price.<\/sr7-txt>\n\t\t\t\t\t\t\t<sr7-txt id=\"SR7_1_1-1-17\" class=\"sr7-layer\">DDP Method <\/sr7-txt>\n\t\t\t\t\t\t<\/sr7-slide>\n\t\t\t\t\t\t<sr7-slide id=\"SR7_1_1-2\" data-key=\"2\">\n\t\t\t\t\t\t\t<sr7-bg id=\"SR7_1_1-2-29\" class=\"sr7-layer\"><noscript><img decoding=\"async\" src=\"https:\/\/adrenalindetector.com\/wp-content\/uploads\/2025\/07\/bg-scaled.jpg\" alt=\"\" title=\"bg\"><\/noscript><\/sr7-bg>\n\t\t\t\t\t\t<\/sr7-slide>\n\t\t\t\t\t\t<sr7-slide id=\"SR7_1_1-3\" data-key=\"3\">\n\t\t\t\t\t\t\t<sr7-bg id=\"SR7_1_1-3-20\" class=\"sr7-layer\"><noscript><img decoding=\"async\" src=\"https:\/\/adrenalindetector.com\/wp-content\/uploads\/2025\/07\/bg-scaled.jpg\" alt=\"\" title=\"bg\"><\/noscript><\/sr7-bg>\n\t\t\t\t\t\t<\/sr7-slide>\n\t\t\t\t\t\t<sr7-slide id=\"SR7_1_1-4\" data-key=\"4\">\n\t\t\t\t\t\t\t<sr7-bg id=\"SR7_1_1-4-15\" class=\"sr7-layer\"><noscript><img decoding=\"async\" src=\"https:\/\/adrenalindetector.com\/wp-content\/uploads\/2025\/07\/bg-scaled.jpg\" alt=\"\" title=\"bg\"><\/noscript><\/sr7-bg>\n\t\t\t\t\t\t\t<sr7-txt id=\"SR7_1_1-4-12\" class=\"sr7-layer\">Adrenalin Z18<\/sr7-txt>\n\t\t\t\t\t\t\t<sr7-txt id=\"SR7_1_1-4-14\" class=\"sr7-layer\">S4 - S8 Series<\/sr7-txt>\n\t\t\t\t\t\t<\/sr7-slide>\n\t\t\t\t\t\t<sr7-slide id=\"SR7_1_1-5\" data-key=\"5\">\n\t\t\t\t\t\t<\/sr7-slide>\n\t\t\t\t\t<\/sr7-content>\n\t\t\t\t\t<image_lists style=\"display:none\">\n\t\t\t\t\t\t<img data-src=\"\/\/adrenalindetector.com\/wp-content\/uploads\/revslider\/home1\/1-New Project (19).png\" data-libid=\"993331\" title=\"1-New Project (19).png\" width=\"0\" height=\"0\" data-dbsrc=\"Ly9hZHJlbmFsaW5kZXRlY3Rvci5jb20vd3AtY29udGVudC91cGxvYWRzL3JldnNsaWRlci9ob21lMS8xLU5ldyBQcm9qZWN0ICgxOSkucG5n\"\/>\n\t\t\t\t\t\t<img data-src=\"\/\/adrenalindetector.com\/wp-content\/uploads\/2025\/07\/image-31.png\" data-libid=\"993361\" data-lib=\"medialibrary\" title=\"image (31)\" width=\"0\" height=\"0\" data-dbsrc=\"Ly9hZHJlbmFsaW5kZXRlY3Rvci5jb20vd3AtY29udGVudC91cGxvYWRzLzIwMjUvMDcvaW1hZ2UtMzEucG5n\"\/>\n\t\t\t\t\t\t<img data-src=\"\/\/adrenalindetector.com\/wp-content\/uploads\/revslider\/home1\/1-pack.png\" width=\"0\" height=\"0\" data-dbsrc=\"Ly9hZHJlbmFsaW5kZXRlY3Rvci5jb20vd3AtY29udGVudC91cGxvYWRzL3JldnNsaWRlci9ob21lMS8xLXBhY2sucG5n\"\/>\n\t\t\t\t\t\t<img loading=\"lazy\" data-src=\"\/\/adrenalindetector.com\/wp-content\/uploads\/revslider\/home1\/1-air.png\" width=\"0\" height=\"0\" data-dbsrc=\"Ly9hZHJlbmFsaW5kZXRlY3Rvci5jb20vd3AtY29udGVudC91cGxvYWRzL3JldnNsaWRlci9ob21lMS8xLWFpci5wbmc=\"\/>\n\t\t\t\t\t\t<img loading=\"lazy\" data-src=\"\/\/adrenalindetector.com\/wp-content\/uploads\/2025\/07\/bg-scaled.jpg\" data-libid=\"993360\" data-lib=\"medialibrary\" title=\"bg\" width=\"0\" height=\"0\" data-dbsrc=\"Ly9hZHJlbmFsaW5kZXRlY3Rvci5jb20vd3AtY29udGVudC91cGxvYWRzLzIwMjUvMDcvYmctc2NhbGVkLmpwZw==\"\/>\n\t\t\t\t\t\t<img loading=\"lazy\" data-src=\"\/\/adrenalindetector.com\/wp-content\/uploads\/revslider\/home1\/1-Golds cant hide anymore.png\" data-libid=\"993336\" title=\"1-Golds cant hide anymore.png\" width=\"0\" height=\"0\" data-dbsrc=\"Ly9hZHJlbmFsaW5kZXRlY3Rvci5jb20vd3AtY29udGVudC91cGxvYWRzL3JldnNsaWRlci9ob21lMS8xLUdvbGRzIGNhbnQgaGlkZSBhbnltb3JlLnBuZw==\"\/>\n\t\t\t\t\t\t<img loading=\"lazy\" data-src=\"\/\/adrenalindetector.com\/wp-content\/uploads\/revslider\/home1\/1-New Project (61)-178x300.png\" data-libid=\"993337\" title=\"1-New Project (61)-178&#215;300.png\" width=\"0\" height=\"0\" data-dbsrc=\"Ly9hZHJlbmFsaW5kZXRlY3Rvci5jb20vd3AtY29udGVudC91cGxvYWRzL3JldnNsaWRlci9ob21lMS8xLU5ldyBQcm9qZWN0ICg2MSktMTc4eDMwMC5wbmc=\"\/>\n\t\t\t\t\t\t<img loading=\"lazy\" data-src=\"\/\/adrenalindetector.com\/wp-content\/uploads\/revslider\/home1\/1-New Project (60)-400x172.png\" data-libid=\"993338\" title=\"1-New Project (60)-400&#215;172.png\" width=\"0\" height=\"0\" data-dbsrc=\"Ly9hZHJlbmFsaW5kZXRlY3Rvci5jb20vd3AtY29udGVudC91cGxvYWRzL3JldnNsaWRlci9ob21lMS8xLU5ldyBQcm9qZWN0ICg2MCktNDAweDE3Mi5wbmc=\"\/>\n\t\t\t\t\t\t<img loading=\"lazy\" data-src=\"\/\/adrenalindetector.com\/wp-content\/uploads\/revslider\/home1\/1-New Project (82).png\" data-libid=\"993339\" title=\"1-New Project (82).png\" width=\"0\" height=\"0\" data-dbsrc=\"Ly9hZHJlbmFsaW5kZXRlY3Rvci5jb20vd3AtY29udGVudC91cGxvYWRzL3JldnNsaWRlci9ob21lMS8xLU5ldyBQcm9qZWN0ICg4MikucG5n\"\/>\n\t\t\t\t\t\t<img loading=\"lazy\" data-src=\"\/\/adrenalindetector.com\/wp-content\/uploads\/revslider\/home1\/1-New Project (64).png\" data-libid=\"993340\" title=\"1-New Project (64).png\" width=\"0\" height=\"0\" data-dbsrc=\"Ly9hZHJlbmFsaW5kZXRlY3Rvci5jb20vd3AtY29udGVudC91cGxvYWRzL3JldnNsaWRlci9ob21lMS8xLU5ldyBQcm9qZWN0ICg2NCkucG5n\"\/>\n\t\t\t\t\t\t<img loading=\"lazy\" data-src=\"\/\/adrenalindetector.com\/wp-content\/uploads\/revslider\/home1\/1-New Project (63)-300x193.png\" data-libid=\"993341\" title=\"1-New Project (63)-300&#215;193.png\" width=\"0\" height=\"0\" data-dbsrc=\"Ly9hZHJlbmFsaW5kZXRlY3Rvci5jb20vd3AtY29udGVudC91cGxvYWRzL3JldnNsaWRlci9ob21lMS8xLU5ldyBQcm9qZWN0ICg2MyktMzAweDE5My5wbmc=\"\/>\n\t\t\t\t\t\t<img loading=\"lazy\" data-src=\"\/\/adrenalindetector.com\/wp-content\/uploads\/revslider\/home1\/1-New Project (65).png\" data-libid=\"993342\" title=\"1-New Project (65).png\" width=\"0\" height=\"0\" data-dbsrc=\"Ly9hZHJlbmFsaW5kZXRlY3Rvci5jb20vd3AtY29udGVudC91cGxvYWRzL3JldnNsaWRlci9ob21lMS8xLU5ldyBQcm9qZWN0ICg2NSkucG5n\"\/>\n\t\t\t\t\t\t<img loading=\"lazy\" data-src=\"\/\/adrenalindetector.com\/wp-content\/uploads\/revslider\/home1\/1-New Project (67).png\" data-libid=\"993343\" title=\"1-New Project (67).png\" width=\"0\" height=\"0\" data-dbsrc=\"Ly9hZHJlbmFsaW5kZXRlY3Rvci5jb20vd3AtY29udGVudC91cGxvYWRzL3JldnNsaWRlci9ob21lMS8xLU5ldyBQcm9qZWN0ICg2NykucG5n\"\/>\n\t\t\t\t\t\t<img loading=\"lazy\" data-src=\"\/\/adrenalindetector.com\/wp-content\/uploads\/revslider\/home1\/1-New Project (83).png\" data-libid=\"993344\" title=\"1-New Project (83).png\" width=\"0\" height=\"0\" data-dbsrc=\"Ly9hZHJlbmFsaW5kZXRlY3Rvci5jb20vd3AtY29udGVudC91cGxvYWRzL3JldnNsaWRlci9ob21lMS8xLU5ldyBQcm9qZWN0ICg4MykucG5n\"\/>\n\t\t\t\t\t\t<img loading=\"lazy\" data-src=\"\/\/adrenalindetector.com\/wp-content\/uploads\/revslider\/home1\/1-New Project (84).png\" data-libid=\"993345\" title=\"1-New Project (84).png\" width=\"0\" height=\"0\" data-dbsrc=\"Ly9hZHJlbmFsaW5kZXRlY3Rvci5jb20vd3AtY29udGVudC91cGxvYWRzL3JldnNsaWRlci9ob21lMS8xLU5ldyBQcm9qZWN0ICg4NCkucG5n\"\/>\n\t\t\t\t\t\t<img loading=\"lazy\" data-src=\"\/\/adrenalindetector.com\/wp-content\/uploads\/revslider\/home1\/adrenalindedektor-logo.png\" data-libid=\"993347\" data-lib=\"medialibrary\" title=\"adrenalindedektor-logo.png\" width=\"0\" height=\"0\" data-dbsrc=\"Ly9hZHJlbmFsaW5kZXRlY3Rvci5jb20vd3AtY29udGVudC91cGxvYWRzL3JldnNsaWRlci9ob21lMS9hZHJlbmFsaW5kZWRla3Rvci1sb2dvLnBuZw==\"\/>\n\t\t\t\t\t\t<img loading=\"lazy\" data-src=\"\/\/adrenalindetector.com\/wp-content\/uploads\/2025\/07\/Adrenalin-Visionary-kopyasi-1.png\" data-libid=\"993379\" data-lib=\"medialibrary\" title=\"Adrenalin Visionary kopyas\u0131 (1)\" width=\"0\" height=\"0\" data-dbsrc=\"Ly9hZHJlbmFsaW5kZXRlY3Rvci5jb20vd3AtY29udGVudC91cGxvYWRzLzIwMjUvMDcvQWRyZW5hbGluLVZpc2lvbmFyeS1rb3B5YXNpLTEucG5n\"\/>\n\t\t\t\t\t\t<img loading=\"lazy\" data-src=\"\/\/adrenalindetector.com\/wp-content\/uploads\/revslider\/home1\/1-ozgur-karagoz.png\" data-libid=\"993350\" title=\"1-ozgur-karagoz.png\" width=\"0\" height=\"0\" data-dbsrc=\"Ly9hZHJlbmFsaW5kZXRlY3Rvci5jb20vd3AtY29udGVudC91cGxvYWRzL3JldnNsaWRlci9ob21lMS8xLW96Z3VyLWthcmFnb3oucG5n\"\/>\n\t\t\t\t\t\t<img loading=\"lazy\" data-src=\"\/\/adrenalindetector.com\/wp-content\/uploads\/revslider\/home1\/1-telefonla yeralt\u0131 g\u00f6r\u00fcnt\u00fcleme -.png\" data-libid=\"993351\" title=\"1-telefonla yeralt\u0131 g\u00f6r\u00fcnt\u00fcleme -.png\" width=\"0\" height=\"0\" data-dbsrc=\"Ly9hZHJlbmFsaW5kZXRlY3Rvci5jb20vd3AtY29udGVudC91cGxvYWRzL3JldnNsaWRlci9ob21lMS8xLXRlbGVmb25sYSB5ZXJhbHTEsSBnw7Zyw7xudMO8bGVtZSAtLnBuZw==\"\/>\n\t\t\t\t\t\t<img loading=\"lazy\" data-src=\"\/\/adrenalindetector.com\/wp-content\/uploads\/revslider\/home1\/1-button1.png\" data-libid=\"993352\" title=\"1-button1.png\" width=\"0\" height=\"0\" data-dbsrc=\"Ly9hZHJlbmFsaW5kZXRlY3Rvci5jb20vd3AtY29udGVudC91cGxvYWRzL3JldnNsaWRlci9ob21lMS8xLWJ1dHRvbjEucG5n\"\/>\n\t\t\t\t\t\t<img loading=\"lazy\" data-src=\"\/\/adrenalindetector.com\/wp-content\/uploads\/2025\/07\/d5021c4d-d4db-4577-a2c2-c06d35ddd547-1.png\" data-libid=\"993380\" data-lib=\"medialibrary\" title=\"d5021c4d-d4db-4577-a2c2-c06d35ddd547 (1)\" width=\"0\" height=\"0\" data-dbsrc=\"Ly9hZHJlbmFsaW5kZXRlY3Rvci5jb20vd3AtY29udGVudC91cGxvYWRzLzIwMjUvMDcvZDUwMjFjNGQtZDRkYi00NTc3LWEyYzItYzA2ZDM1ZGRkNTQ3LTEucG5n\"\/>\n\t\t\t\t\t\t<img loading=\"lazy\" data-src=\"\/\/adrenalindetector.com\/wp-content\/uploads\/revslider\/home1\/1-z18 pro-400x239.png\" data-libid=\"993358\" title=\"1-z18 pro-400&#215;239.png\" width=\"0\" height=\"0\" data-dbsrc=\"Ly9hZHJlbmFsaW5kZXRlY3Rvci5jb20vd3AtY29udGVudC91cGxvYWRzL3JldnNsaWRlci9ob21lMS8xLXoxOCBwcm8tNDAweDIzOS5wbmc=\"\/>\n\t\t\t\t\t\t<img loading=\"lazy\" data-src=\"\/\/adrenalindetector.com\/wp-content\/uploads\/revslider\/home1\/1-profesyonel logo.png\" data-libid=\"993359\" title=\"1-profesyonel logo.png\" width=\"0\" height=\"0\" data-dbsrc=\"Ly9hZHJlbmFsaW5kZXRlY3Rvci5jb20vd3AtY29udGVudC91cGxvYWRzL3JldnNsaWRlci9ob21lMS8xLXByb2Zlc3lvbmVsIGxvZ28ucG5n\"\/>\n\t\t\t\t\t<\/image_lists>\n\t\t\t\t<\/sr7-module>\n\t\t\t\t<script>\n\t\t\t\t\tSR7.PMH ??={}; SR7.PMH[\"SR7_1_1\"] = {cn:100,state:false,fn: function() { if (_tpt!==undefined && _tpt.prepareModuleHeight !== undefined) {  _tpt.prepareModuleHeight({id:\"SR7_1_1\",el:[600,600,600,400,420],type:'standard',shdw:'0',gh:[600,600,450,400,420],gw:[1200,1200,1024,778,480],vpt:['-100px&#039;,&#039;-100px&#039;,&#039;-100px&#039;,&#039;-100px&#039;,&#039;-100px'],size:{fullWidth:true, fullHeight:false},mh:'0',onh:0,onw:0,bg:{color:'{\"orig\":\"transparent\",\"type\":\"solid\",\"string\":\"transparent\"}'},plType:'11',plColor:'#002842'});   SR7.PMH[\"SR7_1_1\"].state=true;} else if(SR7.PMH[\"SR7_1_1\"].cn-->0)\tsetTimeout( SR7.PMH[\"SR7_1_1\"].fn,19);}};SR7.PMH[\"SR7_1_1\" ].fn();\n\t\t\t\t<\/script>\n<\/div>\n\n\t\t\t\t\t\t<\/div>\n\t\t\t\t<\/div>\n\t\t\t\t<\/div>\n\t\t\t\t\t<\/div>\n\t\t\t\t<\/div>\n\t\t<div class=\"wd-negative-gap elementor-element elementor-element-42df8f1 wd-collapsible-content e-flex e-con-boxed e-con e-parent\" data-id=\"42df8f1\" data-element_type=\"container\">\n\t\t\t\t\t<div class=\"e-con-inner\">\n\t\t\t\t<div class=\"elementor-element elementor-element-e3ec017 elementor-widget elementor-widget-wd_button\" data-id=\"e3ec017\" data-element_type=\"widget\" data-widget_type=\"wd_button.default\">\n\t\t\t\t<div class=\"elementor-widget-container\">\n\t\t\t\t\t\t\t<div class=\"wd-button-wrapper text-left wd-collapsible-button\" >\n\t\t\t<a class=\"btn btn-style-default btn-shape-round btn-size-default btn-color-white btn-icon-pos-right\"  href=\"#\">\n\t\t\t\t<span class=\"wd-btn-text\" data-elementor-setting-key=\"text\">\n\t\t\t\t\tEn savoir plus\t\t\t\t<\/span>\n\n\t\t\t\t\t\t\t\t\t<span class=\"wd-btn-icon\">\n\t\t\t\t\t\t<img loading=\"lazy\" decoding=\"async\"  src=\"https:\/\/adrenalindetector.com\/wp-content\/uploads\/2025\/01\/chevron-down-black.svg\" title=\"chevron-down-black\" loading=\"lazy\" width=\"15\" height=\"15\">\t\t\t\t\t<\/span>\n\t\t\t\t\t\t\t<\/a>\n\t\t<\/div>\n\t\t\t\t\t\t<\/div>\n\t\t\t\t<\/div>\n\t\t\t\t\t<\/div>\n\t\t\t\t<\/div>\n\t\t\t\t<\/div>\n\t\t","protected":false},"excerpt":{"rendered":"<p>En savoir plus<\/p>\n","protected":false},"author":11,"featured_media":0,"parent":0,"menu_order":0,"comment_status":"closed","ping_status":"closed","template":"..\/public\/views\/revslider-page-template.php","meta":{"footnotes":""},"class_list":["post-1003123","page","type-page","status-publish","hentry"],"jetpack_sharing_enabled":true,"_links":{"self":[{"href":"https:\/\/adrenalindetector.com\/fr\/wp-json\/wp\/v2\/pages\/1003123","targetHints":{"allow":["GET"]}}],"collection":[{"href":"https:\/\/adrenalindetector.com\/fr\/wp-json\/wp\/v2\/pages"}],"about":[{"href":"https:\/\/adrenalindetector.com\/fr\/wp-json\/wp\/v2\/types\/page"}],"author":[{"embeddable":true,"href":"https:\/\/adrenalindetector.com\/fr\/wp-json\/wp\/v2\/users\/11"}],"replies":[{"embeddable":true,"href":"https:\/\/adrenalindetector.com\/fr\/wp-json\/wp\/v2\/comments?post=1003123"}],"version-history":[{"count":1,"href":"https:\/\/adrenalindetector.com\/fr\/wp-json\/wp\/v2\/pages\/1003123\/revisions"}],"predecessor-version":[{"id":1003124,"href":"https:\/\/adrenalindetector.com\/fr\/wp-json\/wp\/v2\/pages\/1003123\/revisions\/1003124"}],"wp:attachment":[{"href":"https:\/\/adrenalindetector.com\/fr\/wp-json\/wp\/v2\/media?parent=1003123"}],"curies":[{"name":"wp","href":"https:\/\/api.w.org\/{rel}","templated":true}]}}