{"id":1003131,"date":"2025-07-15T22:54:40","date_gmt":"2025-07-15T22:54:40","guid":{"rendered":"https:\/\/adrenalindetector.com\/politique-de-retour\/"},"modified":"2025-07-17T17:48:37","modified_gmt":"2025-07-17T17:48:37","slug":"politique-de-retour","status":"publish","type":"page","link":"https:\/\/adrenalindetector.com\/fr\/politique-de-retour\/","title":{"rendered":"Politique de retour"},"content":{"rendered":"\t\t<div data-elementor-type=\"wp-page\" data-elementor-id=\"1003131\" class=\"elementor elementor-1003131 elementor-993257\">\n\t\t\t\t<div class=\"wd-negative-gap elementor-element elementor-element-a704229 e-flex e-con-boxed e-con e-parent\" data-id=\"a704229\" data-element_type=\"container\">\n\t\t\t\t\t<div class=\"e-con-inner\">\n\t\t<div class=\"wd-sticky-container-lg elementor-element elementor-element-485b79f e-con-full wd-col-offcanvas-md-sm wd-col-offcanvas-sm e-flex wd-alignment-left e-con e-child\" data-id=\"485b79f\" data-element_type=\"container\">\n\t\t\t\t<div class=\"elementor-element elementor-element-1627b1f elementor-widget elementor-widget-wd_mega_menu\" data-id=\"1627b1f\" data-element_type=\"widget\" data-widget_type=\"wd_mega_menu.default\">\n\t\t\t\t<div class=\"elementor-widget-container\">\n\t\t\t\t\t\t\t<div class=\"wd-menu widget_nav_mega_menu\">\n\t\t\t\t\t\t<ul id=\"menu-sidebar-menu-marketplace-2\" class=\"menu wd-nav wd-nav-vertical wd-design-simple wd-gap-l\"><li id=\"menu-item-825\" class=\"menu-item menu-item-type-post_type menu-item-object-page menu-item-825 item-level-0 menu-simple-dropdown wd-event-hover\" ><a href=\"https:\/\/adrenalindetector.com\/track-you-order\/\" class=\"woodmart-nav-link\"><span class=\"nav-link-text\">Suivez votre commande<\/span><\/a><\/li>\n<li id=\"menu-item-824\" class=\"menu-item menu-item-type-post_type menu-item-object-page menu-item-824 item-level-0 menu-simple-dropdown wd-event-hover\" ><a href=\"https:\/\/adrenalindetector.com\/about-us\/\" class=\"woodmart-nav-link\"><span class=\"nav-link-text\">A propos de nous<\/span><\/a><\/li>\n<li id=\"menu-item-828\" class=\"menu-item menu-item-type-post_type menu-item-object-page menu-item-828 item-level-0 menu-simple-dropdown wd-event-hover\" ><a href=\"https:\/\/adrenalindetector.com\/our-dealers\/\" class=\"woodmart-nav-link\"><span class=\"nav-link-text\">Nos distributeurs<\/span><\/a><\/li>\n<li id=\"menu-item-826\" class=\"menu-item menu-item-type-post_type menu-item-object-page menu-item-826 item-level-0 menu-simple-dropdown wd-event-hover\" ><a href=\"https:\/\/adrenalindetector.com\/contact-us\/\" class=\"woodmart-nav-link\"><span class=\"nav-link-text\">Contactez nous<\/span><\/a><\/li>\n<\/ul>\t\t<\/div>\n\t\t\t\t\t\t<\/div>\n\t\t\t\t<\/div>\n\t\t\t\t<\/div>\n\t\t<div class=\"elementor-element elementor-element-f8d0854 e-con-full wd-col-content-md-sm wd-col-content-sm e-flex e-con e-child\" data-id=\"f8d0854\" data-element_type=\"container\">\n\t\t<div class=\"elementor-element elementor-element-cd989f3 e-con-full e-flex e-con e-child\" data-id=\"cd989f3\" data-element_type=\"container\">\n\t\t\t\t<div class=\"elementor-element elementor-element-451b0e4 elementor-hidden-desktop wd-action-hide-btn elementor-widget elementor-widget-wd_builder_off_canvas_column_btn\" data-id=\"451b0e4\" data-element_type=\"widget\" data-widget_type=\"wd_builder_off_canvas_column_btn.default\">\n\t\t\t\t<div class=\"elementor-widget-container\">\n\t\t\t\t\t\n\t\t<div class=\"wd-off-canvas-btn wd-action-btn wd-style-text wd-burger-icon\">\n\t\t\t<a href=\"#\" rel=\"nofollow\">\n\t\t\t\t\t\t\t\tAfficher la barre lat\u00e9rale\t\t\t<\/a>\n\t\t<\/div>\n\n\t\t\t\t\t<div class=\"wd-sidebar-opener wd-show-on-scroll wd-action-btn wd-style-icon wd-burger-icon\">\n\t\t\t\t<a href=\"#\" rel=\"nofollow\">\n\t\t\t\t\t\t\t\t\t<\/a>\n\t\t\t<\/div>\n\t\t\t\t\t\t\t\t<\/div>\n\t\t\t\t<\/div>\n\t\t<div class=\"elementor-element elementor-element-c271f92 e-con-full color-scheme-light e-flex e-con e-child\" data-id=\"c271f92\" data-element_type=\"container\" data-settings=\"{&quot;background_background&quot;:&quot;classic&quot;}\">\n\t\t\t\t<div class=\"elementor-element elementor-element-77a9faf wd-width-100 elementor-widget elementor-widget-wd_title\" data-id=\"77a9faf\" data-element_type=\"widget\" data-widget_type=\"wd_title.default\">\n\t\t\t\t<div class=\"elementor-widget-container\">\n\t\t\t\t\t\t\t<div class=\"title-wrapper wd-set-mb reset-last-child wd-title-color-default wd-title-style-default wd-title-size-default text-center\">\n\n\t\t\t\n\t\t\t<div class=\"liner-continer\">\n\t\t\t\t<h4 class=\"woodmart-title-container title wd-fontsize-l\">Politique de retour<\/h4> \n\t\t\t\t\t\t\t<\/div>\n\n\t\t\t\t\t<\/div>\n\t\t\t\t\t\t<\/div>\n\t\t\t\t<\/div>\n\t\t\t\t<\/div>\n\t\t\t\t<\/div>\n\t\t<div class=\"elementor-element elementor-element-132a064 e-con-full e-flex e-con e-child\" data-id=\"132a064\" data-element_type=\"container\">\n\t\t\t\t<div class=\"elementor-element elementor-element-7e03752 wd-width-100 elementor-widget elementor-widget-wd_title\" data-id=\"7e03752\" data-element_type=\"widget\" data-widget_type=\"wd_title.default\">\n\t\t\t\t<div class=\"elementor-widget-container\">\n\t\t\t\t\t\t\t<div class=\"title-wrapper wd-set-mb reset-last-child wd-title-color-default wd-title-style-default wd-title-size-default text-left\">\n\n\t\t\t\n\t\t\t<div class=\"liner-continer\">\n\t\t\t\t<h4 class=\"woodmart-title-container title wd-fontsize-l\">Retours et conditions<\/h4> \n\t\t\t\t\t\t\t<\/div>\n\n\t\t\t\t\t\t\t<div class=\"title-after_title reset-last-child wd-fontsize-xs\">\n\t\t\t\t\t<p><span style=\"color: #000000\"><strong>Base juridique<\/strong><\/span><br><span style=\"color: #000000\">Les d\u00e9tecteurs, con\u00e7us pour un usage personnel ou professionnel, sont consid\u00e9r\u00e9s comme des \"produits non retournables\" en vertu de la loi sur la protection des consommateurs, en raison de leur nature sensible et sp\u00e9cialis\u00e9e.<\/span><\/p><p><span style=\"color: #000000\"><strong>Produits d\u00e9fectueux ou erron\u00e9s<\/strong><\/span><br><span style=\"color: #000000\">Si Adrenalin Detector envoie un produit d\u00e9fectueux ou d\u00e9fectueux, un rapport doit \u00eatre \u00e9tabli par l'agent de fret. Le client doit nous contacter dans les 24 heures suivant la r\u00e9ception du produit. Dans ce cas, il est possible de remplacer le produit ; toutefois, si le produit est en \u00e9tat de marche, les retours ne sont pas accept\u00e9s.  <\/span><\/p><p><span style=\"color: #000000\"><strong>Inspection \u00e0 la livraison<\/strong><\/span><br><span style=\"color: #000000\">Si l'emballage du produit pr\u00e9sente des dommages visibles, il doit \u00eatre inspect\u00e9 par le destinataire en pr\u00e9sence de l'agent de fret lors de la livraison. Si un dommage physique ou un article manquant est d\u00e9tect\u00e9, un rapport doit \u00eatre \u00e9tabli par l'agent de fret. Une demande d'indemnisation doit \u00eatre faite aupr\u00e8s de la soci\u00e9t\u00e9 de transport pour la valeur du produit. Dans ce cas, veuillez nous contacter.   <\/span><\/p><p><span style=\"color: #000000\"><strong>Pr\u00e9vention de l'utilisation abusive<\/strong><\/span><br><span style=\"color: #000000\">Lorsque les d\u00e9tecteurs sont retourn\u00e9s apr\u00e8s avoir \u00e9t\u00e9 re\u00e7us, ils subissent une d\u00e9pr\u00e9ciation mat\u00e9rielle et technologique. Par cons\u00e9quent, le droit de retour n'est valable que dans les situations juridiques o\u00f9 le produit est d\u00e9fectueux ou d\u00e9fectueux. <\/span><\/p><p><span style=\"color: #000000\"><strong>Produits non d\u00e9douan\u00e9s<\/strong><\/span><br><span style=\"color: #000000\">Si un envoi n'est pas d\u00e9douan\u00e9 et nous est retourn\u00e9, tous les frais de douane et d'exp\u00e9dition seront d\u00e9duits et le montant restant vous sera rembours\u00e9.<\/span><\/p><p><span style=\"color: #000000\"><strong>Remarque :<\/strong><\/span><br><span style=\"color: #000000\">L'\u00e9change n'est effectu\u00e9 que pour les produits identifi\u00e9s comme d\u00e9fectueux par Adrenalin Detector.<\/span><\/p><p><span style=\"color: #000000\"><strong>Protection du fabricant<\/strong><\/span><br><span style=\"color: #000000\">Les produits Adrenalin Detector sont dot\u00e9s d'une technologie de pointe et peuvent perdre de leur valeur apr\u00e8s une utilisation de courte dur\u00e9e. C'est pourquoi les d\u00e9tecteurs achet\u00e9s ne peuvent \u00eatre retourn\u00e9s. <\/span><\/p><p><span style=\"color: #000000\"><strong>Droits des clients<\/strong><\/span><br><span style=\"color: #000000\">Vous pouvez demander l'acc\u00e8s \u00e0 vos informations personnelles.<\/span><br><span style=\"color: #000000\">Vous pouvez soumettre vos demandes de suppression et de mise \u00e0 jour des donn\u00e9es via info@adrenalindedektor.com.<\/span><\/p><p><span style=\"color: #000000\"><strong>Ligne d'assistance<\/strong><\/span><br><span style=\"color: #000000\">Pour tout probl\u00e8me ou plainte, vous pouvez nous contacter par les canaux suivants :<\/span><\/p><p><span style=\"color: #000000\"><strong>T\u00e9l\u00e9phone : +90 539 847 63 83<\/strong> +90 539 847 63 83<\/span><br><span style=\"color: #000000\"><strong>Courriel :<\/strong> info@adrenalindedektor.com<\/span><\/p><p><span style=\"color: #000000\">Chez Adrenalin Detector, tous nos produits vous sont livr\u00e9s apr\u00e8s des contr\u00f4les de qualit\u00e9. Nous vous remercions de votre compr\u00e9hension. <\/span><\/p><p> <\/p>\t\t\t\t<\/div>\n\t\t\t\t\t<\/div>\n\t\t\t\t\t\t<\/div>\n\t\t\t\t<\/div>\n\t\t\t\t<\/div>\n\t\t\t\t<\/div>\n\t\t\t\t\t<\/div>\n\t\t\t\t<\/div>\n\t\t\t\t<\/div>\n\t\t","protected":false},"excerpt":{"rendered":"<p>Track You Order About Us Our Dealers Contact Us Afficher la barre lat\u00e9rale Politique de retour Retours et conditions Base<\/p>\n","protected":false},"author":11,"featured_media":0,"parent":0,"menu_order":0,"comment_status":"closed","ping_status":"closed","template":"","meta":{"footnotes":""},"class_list":["post-1003131","page","type-page","status-publish","hentry"],"jetpack_sharing_enabled":true,"_links":{"self":[{"href":"https:\/\/adrenalindetector.com\/fr\/wp-json\/wp\/v2\/pages\/1003131","targetHints":{"allow":["GET"]}}],"collection":[{"href":"https:\/\/adrenalindetector.com\/fr\/wp-json\/wp\/v2\/pages"}],"about":[{"href":"https:\/\/adrenalindetector.com\/fr\/wp-json\/wp\/v2\/types\/page"}],"author":[{"embeddable":true,"href":"https:\/\/adrenalindetector.com\/fr\/wp-json\/wp\/v2\/users\/11"}],"replies":[{"embeddable":true,"href":"https:\/\/adrenalindetector.com\/fr\/wp-json\/wp\/v2\/comments?post=1003131"}],"version-history":[{"count":1,"href":"https:\/\/adrenalindetector.com\/fr\/wp-json\/wp\/v2\/pages\/1003131\/revisions"}],"predecessor-version":[{"id":1003132,"href":"https:\/\/adrenalindetector.com\/fr\/wp-json\/wp\/v2\/pages\/1003131\/revisions\/1003132"}],"wp:attachment":[{"href":"https:\/\/adrenalindetector.com\/fr\/wp-json\/wp\/v2\/media?parent=1003131"}],"curies":[{"name":"wp","href":"https:\/\/api.w.org\/{rel}","templated":true}]}}