{"id":1003511,"date":"2025-07-15T23:35:06","date_gmt":"2025-07-15T23:35:06","guid":{"rendered":"https:\/\/adrenalindetector.com\/product\/adrenaline-blackeye-ensemble-standard\/"},"modified":"2025-09-21T08:02:15","modified_gmt":"2025-09-21T08:02:15","slug":"adrenaline-blackeye-ensemble-standard","status":"publish","type":"product","link":"https:\/\/adrenalindetector.com\/fr\/produit\/adrenaline-blackeye-ensemble-standard\/","title":{"rendered":"Adr\u00e9naline Blackeye &#8211; Ensemble standard"},"content":{"rendered":"<h3 data-start=\"144\" data-end=\"217\"><strong data-start=\"151\" data-end=\"215\">Adrenalin Blackeye &#8211; D\u00e9tectez la vraie cible \u00e0 distance !<\/strong><\/h3>\n<p data-start=\"218\" data-end=\"571\">Le <strong data-start=\"232\" data-end=\"264\">d\u00e9tecteur \u00e0 longue port\u00e9e<\/strong> Adrenalin <strong data-start=\"232\" data-end=\"264\">Blackeye<\/strong> est un syst\u00e8me de balayage de nouvelle g\u00e9n\u00e9ration mis au point apr\u00e8s des ann\u00e9es d&rsquo;essais sur le terrain, de recherches g\u00e9ophysiques et de commentaires des utilisateurs. Gr\u00e2ce \u00e0 ses capacit\u00e9s de d\u00e9tection de haute pr\u00e9cision, le Blackeye peut localiser des m\u00e9taux pr\u00e9cieux tels que l&rsquo;or, l&rsquo;argent et le bronze, ainsi que des structures contenant des vides, \u00e0 des dizaines de m\u00e8tres de distance. <\/p>\n<p data-start=\"573\" data-end=\"720\">Blackeye se distingue dans sa cat\u00e9gorie par sa simplicit\u00e9 d&rsquo;utilisation, sa rapidit\u00e9 de d\u00e9tection des cibles, sa discrimination des m\u00e9taux bas\u00e9e sur l&rsquo;identification et sa technologie d&rsquo;analyse num\u00e9rique des signaux.<\/p>\n<h3 data-start=\"727\" data-end=\"772\">Verrouillez la cible avec Blackeye !<\/h3>\n<p data-start=\"773\" data-end=\"862\"><strong data-start=\"775\" data-end=\"804\">\u2714 Rayon de balayage de 100 m\u00e8tres<\/strong><br data-start=\"804\" data-end=\"807\">Couvre efficacement de grandes zones, ce qui permet d&rsquo;\u00e9conomiser du temps et des efforts.<\/p>\n<p data-start=\"864\" data-end=\"966\">\u2714 <strong data-start=\"866\" data-end=\"901\">Profondeur de d\u00e9tection jusqu&rsquo;\u00e0 15 m\u00e8tres<\/strong><br data-start=\"901\" data-end=\"904\">D\u00e9couvrez facilement les tr\u00e9sors profond\u00e9ment enfouis, les tombes et les tunnels.<\/p>\n<p data-start=\"968\" data-end=\"1130\">\u2714 <strong data-start=\"970\" data-end=\"1006\">Metal Discrimination &amp; ID Coding<\/strong><br data-start=\"1006\" data-end=\"1009\">Chaque type de m\u00e9tal se voit attribuer une valeur d&rsquo;identification unique (Gold : 94, Silver : 87), ce qui vous permet de savoir exactement ce qui se trouve sous terre &#8211; et o\u00f9.<\/p>\n<p data-start=\"1132\" data-end=\"1262\">\u2714 <strong data-start=\"1134\" data-end=\"1152\">D\u00e9tection des vides<\/strong><br data-start=\"1152\" data-end=\"1155\">Identifie avec pr\u00e9cision les vides souterrains tels que les chambres, les tombes, les tunnels et les grottes avec une fiabilit\u00e9 de 100 %.<\/p>\n<h3 data-start=\"1269\" data-end=\"1299\">\ud83d\udd0d 3 modes de recherche avanc\u00e9e<\/h3>\n<p data-start=\"1301\" data-end=\"1456\">1\ufe0f\u20e3 <strong data-start=\"1301\" data-end=\"1328\">Mode de d\u00e9tection des vides<\/strong><br data-start=\"1328\" data-end=\"1331\">D\u00e9tecte les vides non naturels dans les formations souterraines (par exemple, les chambres, les caves, les puits). La profondeur et le volume sont calcul\u00e9s instantan\u00e9ment. <\/p>\n<p data-start=\"1458\" data-end=\"1649\"><strong data-start=\"1458\" data-end=\"1486\">2\ufe0f\u20e3 Mode de d\u00e9tection des m\u00e9taux<\/strong><br data-start=\"1486\" data-end=\"1489\">Se concentre directement sur les cibles de valeur telles que l&rsquo;or, l&rsquo;argent, le bronze et le cuivre en utilisant une discrimination bas\u00e9e sur l&rsquo;identification. Filtre les m\u00e9taux ind\u00e9sirables pour vous guider vers les tr\u00e9sors. <\/p>\n<p data-start=\"1651\" data-end=\"1840\"><strong data-start=\"1651\" data-end=\"1684\">3\ufe0f\u20e3 Mode assist\u00e9 par \u00e9metteur<\/strong><br data-start=\"1684\" data-end=\"1687\">L&rsquo;\u00e9metteur \u00e9met des signaux \u00e0 des fr\u00e9quences m\u00e9talliques s\u00e9lectionn\u00e9es, tandis que le r\u00e9cepteur d\u00e9tecte les fr\u00e9quences correspondantes sur le terrain &#8211; id\u00e9al pour le ciblage pr\u00e9cis.<\/p>\n<h3 data-start=\"1847\" data-end=\"1889\">\ud83d\udc8e Identification des m\u00e9taux &#8211; Liste des codes d&rsquo;identification<\/h3>\n<div class=\"_tableContainer_80l1q_1\">\n<div class=\"_tableWrapper_80l1q_14 group flex w-fit flex-col-reverse\" tabindex=\"-1\">\n<table class=\"w-fit min-w-(--thread-content-width)\" data-start=\"1891\" data-end=\"2253\">\n<thead data-start=\"1891\" data-end=\"1923\">\n<tr data-start=\"1891\" data-end=\"1923\">\n<th data-start=\"1891\" data-end=\"1911\" data-col-size=\"sm\">Objet cible<\/th>\n<th data-start=\"1911\" data-end=\"1923\" data-col-size=\"sm\">Valeur de l&rsquo;ID<\/th>\n<\/tr>\n<\/thead>\n<tbody data-start=\"1957\" data-end=\"2253\">\n<tr data-start=\"1957\" data-end=\"1989\">\n<td data-start=\"1957\" data-end=\"1977\" data-col-size=\"sm\">Diamant \/ Bijoux<\/td>\n<td data-col-size=\"sm\" data-start=\"1977\" data-end=\"1989\">00<\/td>\n<\/tr>\n<tr data-start=\"1990\" data-end=\"2022\">\n<td data-start=\"1990\" data-end=\"2010\" data-col-size=\"sm\">Marbre<\/td>\n<td data-col-size=\"sm\" data-start=\"2010\" data-end=\"2022\">02<\/td>\n<\/tr>\n<tr data-start=\"2023\" data-end=\"2055\">\n<td data-start=\"2023\" data-end=\"2043\" data-col-size=\"sm\">Brique<\/td>\n<td data-col-size=\"sm\" data-start=\"2043\" data-end=\"2055\">14<\/td>\n<\/tr>\n<tr data-start=\"2056\" data-end=\"2088\">\n<td data-start=\"2056\" data-end=\"2076\" data-col-size=\"sm\">Eau \/ Humidit\u00e9<\/td>\n<td data-col-size=\"sm\" data-start=\"2076\" data-end=\"2088\">16<\/td>\n<\/tr>\n<tr data-start=\"2089\" data-end=\"2121\">\n<td data-start=\"2089\" data-end=\"2109\" data-col-size=\"sm\">Acier \/ Fer<\/td>\n<td data-col-size=\"sm\" data-start=\"2109\" data-end=\"2121\">24<\/td>\n<\/tr>\n<tr data-start=\"2122\" data-end=\"2154\">\n<td data-start=\"2122\" data-end=\"2142\" data-col-size=\"sm\">Plomb<\/td>\n<td data-col-size=\"sm\" data-start=\"2142\" data-end=\"2154\">66<\/td>\n<\/tr>\n<tr data-start=\"2155\" data-end=\"2187\">\n<td data-start=\"2155\" data-end=\"2175\" data-col-size=\"sm\">Bronze \/ Cuivre<\/td>\n<td data-col-size=\"sm\" data-start=\"2175\" data-end=\"2187\">78<\/td>\n<\/tr>\n<tr data-start=\"2188\" data-end=\"2220\">\n<td data-start=\"2188\" data-end=\"2208\" data-col-size=\"sm\">Argent<\/td>\n<td data-col-size=\"sm\" data-start=\"2208\" data-end=\"2220\">87<\/td>\n<\/tr>\n<tr data-start=\"2221\" data-end=\"2253\">\n<td data-start=\"2221\" data-end=\"2241\" data-col-size=\"sm\">L&rsquo;or<\/td>\n<td data-col-size=\"sm\" data-start=\"2241\" data-end=\"2253\">94<\/td>\n<\/tr>\n<\/tbody>\n<\/table>\n<div class=\"sticky end-(--thread-content-margin) h-0 self-end select-none\">\n<div><\/div>\n<div class=\"absolute end-0 flex items-end\"><span style=\"color: #1b1919; font-size: 22px;\">\ud83d\udce6 Options du paquet<\/span><\/div>\n<\/div>\n<\/div>\n<\/div>\n<p data-start=\"2284\" data-end=\"2408\">\ud83e\uddf0 <strong data-start=\"2287\" data-end=\"2304\">Ensemble de base<\/strong><br data-start=\"2304\" data-end=\"2307\">&#8211; R\u00e9cepteur<br data-start=\"2322\" data-end=\"2325\">&#8211; Antennes<br data-start=\"2335\" data-end=\"2338\">&#8211; Mallette de transport en plastique<br data-start=\"2361\" data-end=\"2364\">&#8211; Batteries rechargeables<br data-start=\"2388\" data-end=\"2391\">&#8211; Unit\u00e9 de charge<\/p>\n<p data-start=\"2410\" data-end=\"2579\">\ud83d\ude80 <strong data-start=\"2413\" data-end=\"2428\">Pro Package<\/strong><br data-start=\"2428\" data-end=\"2431\">&#8211; R\u00e9cepteur + \u00e9metteur<br data-start=\"2460\" data-end=\"2463\">&#8211; 2 antennes<br data-start=\"2475\" data-end=\"2478\">&#8211; Chargeur automatique 9V<br data-start=\"2500\" data-end=\"2503\">&#8211; 18 piles rechargeables AA 1,5V<br data-start=\"2540\" data-end=\"2543\">&#8211; Mallette de transport en plastique tr\u00e8s r\u00e9sistante<\/p>\n<h3 data-start=\"2586\" data-end=\"2617\">\ud83d\udcca Sp\u00e9cifications techniques<\/h3>\n<div class=\"_tableContainer_80l1q_1\">\n<div class=\"_tableWrapper_80l1q_14 group flex w-fit flex-col-reverse\" tabindex=\"-1\">\n<table class=\"w-fit min-w-(--thread-content-width)\" data-start=\"2619\" data-end=\"3328\">\n<thead data-start=\"2619\" data-end=\"2677\">\n<tr data-start=\"2619\" data-end=\"2677\">\n<th data-start=\"2619\" data-end=\"2642\" data-col-size=\"sm\">Caract\u00e9ristiques<\/th>\n<th data-start=\"2642\" data-end=\"2677\" data-col-size=\"sm\">Valeur<\/th>\n<\/tr>\n<\/thead>\n<tbody data-start=\"2737\" data-end=\"3328\">\n<tr data-start=\"2737\" data-end=\"2796\">\n<td data-start=\"2737\" data-end=\"2760\" data-col-size=\"sm\">Modes de recherche<\/td>\n<td data-col-size=\"sm\" data-start=\"2760\" data-end=\"2796\">M\u00e9tal \/ Vide \/ Assist\u00e9 par \u00e9metteur<\/td>\n<\/tr>\n<tr data-start=\"2797\" data-end=\"2855\">\n<td data-start=\"2797\" data-end=\"2820\" data-col-size=\"sm\">Rayon de balayage<\/td>\n<td data-col-size=\"sm\" data-start=\"2820\" data-end=\"2855\">100 m\u00e8tres<\/td>\n<\/tr>\n<tr data-start=\"2856\" data-end=\"2914\">\n<td data-start=\"2856\" data-end=\"2879\" data-col-size=\"sm\">Profondeur maximale<\/td>\n<td data-col-size=\"sm\" data-start=\"2879\" data-end=\"2914\">15 m\u00e8tres<\/td>\n<\/tr>\n<tr data-start=\"2915\" data-end=\"2972\">\n<td data-start=\"2915\" data-end=\"2938\" data-col-size=\"sm\">Discrimination des m\u00e9taux<\/td>\n<td data-col-size=\"sm\" data-start=\"2938\" data-end=\"2972\">Par num\u00e9ro d&rsquo;identification<\/td>\n<\/tr>\n<tr data-start=\"2973\" data-end=\"3030\">\n<td data-start=\"2973\" data-end=\"2996\" data-col-size=\"sm\">M\u00e9thode de d\u00e9tection<\/td>\n<td data-col-size=\"sm\" data-start=\"2996\" data-end=\"3030\">D\u00e9tection magn\u00e9tique et ionique<\/td>\n<\/tr>\n<tr data-start=\"3031\" data-end=\"3093\">\n<td data-start=\"3031\" data-end=\"3054\" data-col-size=\"sm\">Source d&rsquo;alimentation<\/td>\n<td data-col-size=\"sm\" data-start=\"3054\" data-end=\"3093\">18 piles rechargeables AA de 1,5 V<\/td>\n<\/tr>\n<tr data-start=\"3094\" data-end=\"3151\">\n<td data-start=\"3094\" data-end=\"3117\" data-col-size=\"sm\">Chargeur<\/td>\n<td data-col-size=\"sm\" data-start=\"3117\" data-end=\"3151\">9V Automatique<\/td>\n<\/tr>\n<tr data-start=\"3152\" data-end=\"3210\">\n<td data-start=\"3152\" data-end=\"3175\" data-col-size=\"sm\">Poids \u00e0 vide<\/td>\n<td data-col-size=\"sm\" data-start=\"3175\" data-end=\"3210\">6,3 kg<\/td>\n<\/tr>\n<tr data-start=\"3211\" data-end=\"3269\">\n<td data-start=\"3211\" data-end=\"3234\" data-col-size=\"sm\">Dimensions de l&rsquo;appareil<\/td>\n<td data-col-size=\"sm\" data-start=\"3234\" data-end=\"3269\">46 x 35 x 13 cm<\/td>\n<\/tr>\n<tr data-start=\"3270\" data-end=\"3328\">\n<td data-start=\"3270\" data-end=\"3293\" data-col-size=\"sm\">Garantie<\/td>\n<td data-col-size=\"sm\" data-start=\"3293\" data-end=\"3328\">2 ans<\/td>\n<\/tr>\n<\/tbody>\n<\/table>\n<div class=\"sticky end-(--thread-content-margin) h-0 self-end select-none\">\n<div class=\"absolute end-0 flex items-end\"><\/div>\n<\/div>\n<\/div>\n<\/div>\n<h3 data-start=\"3335\" data-end=\"3390\">Le mot de la fin : Ne manquez jamais une cible avec Blackeye !<\/h3>\n<p data-start=\"3391\" data-end=\"3575\">L&rsquo;Adrenalin Blackeye combine une d\u00e9tection de profondeur avanc\u00e9e et une identification pr\u00e9cise des m\u00e9taux avec une utilisation conviviale &#8211; ce qui en fait le compagnon id\u00e9al des chasseurs de tr\u00e9sors professionnels.<\/p>\n<p data-start=\"3577\" data-end=\"3688\">\ud83c\udfaf Effectuez des recherches pr\u00e9cises, \u00e9vitez de creuser inutilement et trouvez des cibles pr\u00e9cieuses plus rapidement et plus efficacement !<\/p>\n<p data-start=\"3690\" data-end=\"3790\">\ud83d\udcde <strong data-start=\"3693\" data-end=\"3713\">Contactez-nous d\u00e8s aujourd&rsquo;hui<\/strong> &#8211; Avec Blackeye, la chasse au tr\u00e9sor devient plus s\u00fbre, plus rapide et plus efficace !<\/p>\n","protected":false},"excerpt":{"rendered":"<div class=\"elementor-element elementor-element-f2b312d elementor-widget elementor-widget-heading\" data-id=\"f2b312d\" data-element_type=\"widget\" data-widget_type=\"heading.default\">\n<div class=\"elementor-widget-container\"><span class=\"elementor-heading-title elementor-size-default\">Nous sommes l\u00e0 pour vous offrir le <strong>localisateur \u00e0 longue port\u00e9e<\/strong> le plus puissant, le <strong>localisateur \u00e0 longue port\u00e9e<\/strong> le plus <strong>professionnel<\/strong> et une assistance rapide pour les <strong>d\u00e9tecteurs de m\u00e9taux<\/strong>.<\/span><\/div>\n<\/div>\n","protected":false},"featured_media":1002517,"comment_status":"open","ping_status":"closed","template":"","meta":[],"product_brand":[64],"product_cat":[172,173],"product_tag":[],"class_list":{"0":"post-1003511","1":"product","2":"type-product","3":"status-publish","4":"has-post-thumbnail","6":"product_brand-adrenalin-metal-detector","7":"product_cat-baguettes-de-radiesthesie","8":"product_cat-localisateur-a-longue-portee","10":"first","11":"instock","12":"shipping-taxable","13":"purchasable","14":"product-type-simple"},"jetpack_sharing_enabled":true,"_links":{"self":[{"href":"https:\/\/adrenalindetector.com\/fr\/wp-json\/wp\/v2\/product\/1003511","targetHints":{"allow":["GET"]}}],"collection":[{"href":"https:\/\/adrenalindetector.com\/fr\/wp-json\/wp\/v2\/product"}],"about":[{"href":"https:\/\/adrenalindetector.com\/fr\/wp-json\/wp\/v2\/types\/product"}],"replies":[{"embeddable":true,"href":"https:\/\/adrenalindetector.com\/fr\/wp-json\/wp\/v2\/comments?post=1003511"}],"version-history":[{"count":0,"href":"https:\/\/adrenalindetector.com\/fr\/wp-json\/wp\/v2\/product\/1003511\/revisions"}],"wp:featuredmedia":[{"embeddable":true,"href":"https:\/\/adrenalindetector.com\/fr\/wp-json\/wp\/v2\/media\/1002517"}],"wp:attachment":[{"href":"https:\/\/adrenalindetector.com\/fr\/wp-json\/wp\/v2\/media?parent=1003511"}],"wp:term":[{"taxonomy":"product_brand","embeddable":true,"href":"https:\/\/adrenalindetector.com\/fr\/wp-json\/wp\/v2\/product_brand?post=1003511"},{"taxonomy":"product_cat","embeddable":true,"href":"https:\/\/adrenalindetector.com\/fr\/wp-json\/wp\/v2\/product_cat?post=1003511"},{"taxonomy":"product_tag","embeddable":true,"href":"https:\/\/adrenalindetector.com\/fr\/wp-json\/wp\/v2\/product_tag?post=1003511"}],"curies":[{"name":"wp","href":"https:\/\/api.w.org\/{rel}","templated":true}]}}