{"id":1003530,"date":"2025-07-15T23:42:39","date_gmt":"2025-07-15T23:42:39","guid":{"rendered":"https:\/\/adrenalindetector.com\/product\/adrenalin-evolution-ensemble-standard\/"},"modified":"2025-10-03T09:18:08","modified_gmt":"2025-10-03T09:18:08","slug":"adrenalin-evolution-ensemble-standard","status":"publish","type":"product","link":"https:\/\/adrenalindetector.com\/fr\/produit\/adrenalin-evolution-ensemble-standard\/","title":{"rendered":"Adrenalin Evolution &#8211; Ensemble standard"},"content":{"rendered":"<h3 data-start=\"144\" data-end=\"211\">\u26a1 <strong data-start=\"150\" data-end=\"209\">Adrenalin Evolution &#8211; Une nouvelle \u00e8re dans la d\u00e9tection \u00e0 longue port\u00e9e<\/strong><\/h3>\n<p data-start=\"212\" data-end=\"488\">\u2705 <strong data-start=\"214\" data-end=\"280\">D\u00e9tectez les vides avec une pr\u00e9cision de 100% &#8211; Allez directement au tr\u00e9sor !<\/strong><br data-start=\"280\" data-end=\"283\">Le <strong data-start=\"293\" data-end=\"326\">d\u00e9tecteur \u00e0 longue port\u00e9e<\/strong> Adrenalin <strong data-start=\"293\" data-end=\"326\">Evolution<\/strong> est un appareil de balayage de terrain \u00e0 la pointe de la technologie, d\u00e9velopp\u00e9 apr\u00e8s des ann\u00e9es de R&amp;D, con\u00e7u pour r\u00e9pondre aux besoins r\u00e9els des chasseurs de tr\u00e9sors et des chercheurs professionnels.<\/p>\n<p data-start=\"490\" data-end=\"778\">Gr\u00e2ce \u00e0 ses syst\u00e8mes \u00e9lectroniques avanc\u00e9s, Evolution peut d\u00e9tecter \u00e0 la fois les m\u00e9taux et les vides souterrains jusqu&rsquo;\u00e0 <strong data-start=\"594\" data-end=\"612\">15 m\u00e8tres de profondeur<\/strong> dans un <strong data-start=\"622\" data-end=\"642\">rayon de 100 m\u00e8tres.<\/strong> C&rsquo;est le premier d\u00e9tecteur de sa cat\u00e9gorie capable de d\u00e9tecter les vides avec une erreur nulle, combin\u00e9e \u00e0 une <strong data-start=\"739\" data-end=\"777\">discrimination des m\u00e9taux par le biais de valeurs d&rsquo;identification<\/strong>. <\/p>\n<h3 data-start=\"785\" data-end=\"833\">\ud83d\ude80 Pourquoi choisir un d\u00e9tecteur de longue port\u00e9e Evolution ?<\/h3>\n<p data-start=\"835\" data-end=\"1343\">&#8211; \u2705 <strong data-start=\"839\" data-end=\"871\">Pr\u00e9cision de la d\u00e9tection des vides \u00e0 100 %<\/strong> &#8211; Localise avec pr\u00e9cision les tombes, les tunnels, les caves et les structures similaires<br data-start=\"940\" data-end=\"943\">&#8211; \u2705 <strong data-start=\"947\" data-end=\"978\">Discrimination des m\u00e9taux par identification<\/strong> &#8211; Identifie instantan\u00e9ment les m\u00e9taux de valeur comme l&rsquo;or, l&rsquo;argent et le bronze, et le bronze<br data-start=\"1047\" data-end=\"1050\">&#8211; \u2705 <strong data-start=\"1054\" data-end=\"1086\">3 modes de recherche dans un seul appareil<\/strong> &#8211; Recherche de m\u00e9taux, de vides ou ciblage assist\u00e9 par \u00e9metteur<br data-start=\"1150\" data-end=\"1153\">&#8211; \u2705 <strong data-start=\"1157\" data-end=\"1191\">Couvre 100m de rayon \/ 15m de profondeur<\/strong> &#8211; Scanne efficacement de grandes zones en peu de temps<br data-start=\"1239\" data-end=\"1242\">&#8211; \u2705 D\u00e9tection de signaux <strong data-start=\"1246\" data-end=\"1283\">magn\u00e9tiques &amp; ioniques &#8211;<\/strong> R\u00e9siste \u00e0 l&rsquo;usure <strong data-start=\"1246\" data-end=\"1283\">et \u00e0<\/strong> l&rsquo;usure, et peut \u00eatre utilis\u00e9 pour la d\u00e9tection d&rsquo;autres m\u00e9taux. <strong data-start=\"1246\" data-end=\"1283\">D\u00e9tection des signaux ioniques<\/strong> &#8211; R\u00e9sistant aux faux signaux et aux interf\u00e9rences environnementales<\/p>\n<h3 data-start=\"1350\" data-end=\"1380\">\ud83d\udd0d 3 modes de recherche avanc\u00e9e<\/h3>\n<p data-start=\"1382\" data-end=\"1618\">1\ufe0f\u20e3 <strong data-start=\"1382\" data-end=\"1409\">Mode de d\u00e9tection des vides<\/strong><br data-start=\"1409\" data-end=\"1412\">&#8211; D\u00e9tecte les vides souterrains tels que les tombes, les caves, les grottes et les puits jusqu&rsquo;\u00e0 15 m\u00e8tres de profondeur<br data-start=\"1499\" data-end=\"1502\">&#8211; Fournit une analyse en temps r\u00e9el de la profondeur et du volume gr\u00e2ce \u00e0 des rapports graphiques<br data-start=\"1574\" data-end=\"1577\">&#8211; Offre une pr\u00e9cision de 100 % dans la d\u00e9tection des vides<\/p>\n<p data-start=\"1620\" data-end=\"1848\">2\ufe0f\u20e3 <strong data-start=\"1620\" data-end=\"1648\">Mode de d\u00e9tection des m\u00e9taux<\/strong><br data-start=\"1648\" data-end=\"1651\">&#8211; Concentrez-vous sur des m\u00e9taux sp\u00e9cifiques en s\u00e9lectionnant leurs valeurs d&rsquo;identification (par exemple, or : 94, argent : 87)<br data-start=\"1734\" data-end=\"1737\">&#8211; Analysez la taille de la cible, la profondeur et le type de m\u00e9tal<br data-start=\"1782\" data-end=\"1785\">&#8211; Filtrez les m\u00e9taux non d\u00e9sir\u00e9s pour vous concentrer uniquement sur les cibles de valeur<\/p>\n<p data-start=\"1850\" data-end=\"2098\"><strong data-start=\"1850\" data-end=\"1883\">3\ufe0f\u20e3 Mode assist\u00e9 par \u00e9metteur<\/strong><br data-start=\"1883\" data-end=\"1886\">&#8211; Stimule le champ avec un signal transmis \u00e0 une fr\u00e9quence m\u00e9tallique choisie<br data-start=\"1962\" data-end=\"1965\">&#8211; L&rsquo;appareil ne d\u00e9tecte que les signaux correspondants provenant de cibles pertinentes<br data-start=\"2029\" data-end=\"2032\">&#8211; Id\u00e9al pour la d\u00e9tection professionnelle de tr\u00e9sors avec une pr\u00e9cision extr\u00eame<\/p>\n<h3 data-start=\"2105\" data-end=\"2126\">\ud83e\udded \u00c0 qui s&rsquo;adresse-t-il ?<\/h3>\n<p data-start=\"2128\" data-end=\"2337\">&#8211; Chasseurs de tr\u00e9sors<br data-start=\"2146\" data-end=\"2149\">&#8211; Arch\u00e9ologues et g\u00e9ologues<br data-start=\"2178\" data-end=\"2181\">&#8211; Experts en d\u00e9tection de structures historiques<br data-start=\"2224\" data-end=\"2227\">&#8211; Soci\u00e9t\u00e9s d&rsquo;exploration mini\u00e8re<br data-start=\"2257\" data-end=\"2260\">&#8211; \u00c9quipes d&rsquo;analyse des eaux souterraines et des services publics<br data-start=\"2298\" data-end=\"2301\">&#8211; Unit\u00e9s militaires et forces de l&rsquo;ordre<\/p>\n<h3 data-start=\"2344\" data-end=\"2387\">\ud83d\udc8e Identification des m\u00e9taux &#8211; Tableau des codes d&rsquo;identification<\/h3>\n<div class=\"_tableContainer_80l1q_1\">\n<div class=\"_tableWrapper_80l1q_14 group flex w-fit flex-col-reverse\" tabindex=\"-1\">\n<table class=\"w-fit min-w-(--thread-content-width)\" data-start=\"2389\" data-end=\"2784\">\n<thead data-start=\"2389\" data-end=\"2424\">\n<tr data-start=\"2389\" data-end=\"2424\">\n<th data-start=\"2389\" data-end=\"2412\" data-col-size=\"sm\">Mat\u00e9riau cible<\/th>\n<th data-start=\"2412\" data-end=\"2424\" data-col-size=\"sm\">Valeur ID<\/th>\n<\/tr>\n<\/thead>\n<tbody data-start=\"2461\" data-end=\"2784\">\n<tr data-start=\"2461\" data-end=\"2496\">\n<td data-start=\"2461\" data-end=\"2484\" data-col-size=\"sm\">Diamant \/ Bijoux<\/td>\n<td data-col-size=\"sm\" data-start=\"2484\" data-end=\"2496\">00<\/td>\n<\/tr>\n<tr data-start=\"2497\" data-end=\"2532\">\n<td data-start=\"2497\" data-end=\"2520\" data-col-size=\"sm\">Marbre<\/td>\n<td data-col-size=\"sm\" data-start=\"2520\" data-end=\"2532\">02<\/td>\n<\/tr>\n<tr data-start=\"2533\" data-end=\"2568\">\n<td data-start=\"2533\" data-end=\"2556\" data-col-size=\"sm\">Brique<\/td>\n<td data-col-size=\"sm\" data-start=\"2556\" data-end=\"2568\">14<\/td>\n<\/tr>\n<tr data-start=\"2569\" data-end=\"2604\">\n<td data-start=\"2569\" data-end=\"2592\" data-col-size=\"sm\">Eau \/ Humidit\u00e9<\/td>\n<td data-col-size=\"sm\" data-start=\"2592\" data-end=\"2604\">16<\/td>\n<\/tr>\n<tr data-start=\"2605\" data-end=\"2640\">\n<td data-start=\"2605\" data-end=\"2628\" data-col-size=\"sm\">Fer \/ Acier<\/td>\n<td data-col-size=\"sm\" data-start=\"2628\" data-end=\"2640\">24<\/td>\n<\/tr>\n<tr data-start=\"2641\" data-end=\"2676\">\n<td data-start=\"2641\" data-end=\"2664\" data-col-size=\"sm\">Plomb<\/td>\n<td data-col-size=\"sm\" data-start=\"2664\" data-end=\"2676\">66<\/td>\n<\/tr>\n<tr data-start=\"2677\" data-end=\"2712\">\n<td data-start=\"2677\" data-end=\"2700\" data-col-size=\"sm\">Bronze \/ Cuivre<\/td>\n<td data-col-size=\"sm\" data-start=\"2700\" data-end=\"2712\">78<\/td>\n<\/tr>\n<tr data-start=\"2713\" data-end=\"2748\">\n<td data-start=\"2713\" data-end=\"2736\" data-col-size=\"sm\">Argent<\/td>\n<td data-col-size=\"sm\" data-start=\"2736\" data-end=\"2748\">87<\/td>\n<\/tr>\n<tr data-start=\"2749\" data-end=\"2784\">\n<td data-start=\"2749\" data-end=\"2772\" data-col-size=\"sm\">L&rsquo;or<\/td>\n<td data-col-size=\"sm\" data-start=\"2772\" data-end=\"2784\">94<\/td>\n<\/tr>\n<\/tbody>\n<\/table>\n<div class=\"sticky end-(--thread-content-margin) h-0 self-end select-none\">\n<div class=\"absolute end-0 flex items-end\"><\/div>\n<\/div>\n<\/div>\n<\/div>\n<h3 data-start=\"2791\" data-end=\"2813\">\ud83d\udce6 Options du paquet<\/h3>\n<p data-start=\"2815\" data-end=\"2886\">\ud83d\udd39 <strong data-start=\"2818\" data-end=\"2835\">Ensemble de base<\/strong><br data-start=\"2835\" data-end=\"2838\">&#8211; R\u00e9cepteur<br data-start=\"2853\" data-end=\"2856\">&#8211; 2 antennes<br data-start=\"2868\" data-end=\"2871\">&#8211; Mallette de transport<\/p>\n<p data-start=\"2888\" data-end=\"3051\">\ud83d\udd38 <strong data-start=\"2891\" data-end=\"2906\">Pro Package<\/strong><br data-start=\"2906\" data-end=\"2909\">&#8211; R\u00e9cepteur + \u00e9metteur<br data-start=\"2938\" data-end=\"2941\">&#8211; 2 antennes<br data-start=\"2953\" data-end=\"2956\">&#8211; Chargeur automatique 9V<br data-start=\"2978\" data-end=\"2981\">&#8211; 18 piles rechargeables AA 1,5V<br data-start=\"3018\" data-end=\"3021\">&#8211; Mallette de transport en plastique robuste<\/p>\n<blockquote data-start=\"3053\" data-end=\"3174\">\n<p data-start=\"3055\" data-end=\"3174\">L&rsquo;<strong data-start=\"3059\" data-end=\"3074\">ensemble Pro<\/strong> offre une d\u00e9tection plus profonde et plus pr\u00e9cise gr\u00e2ce aux capacit\u00e9s de balayage de l&rsquo;\u00e9metteur.<\/p>\n<\/blockquote>\n<h3 data-start=\"3181\" data-end=\"3211\">\u2699 Sp\u00e9cifications techniques<\/h3>\n<div class=\"_tableContainer_80l1q_1\">\n<div class=\"_tableWrapper_80l1q_14 group flex w-fit flex-col-reverse\" tabindex=\"-1\">\n<table class=\"w-fit min-w-(--thread-content-width)\" data-start=\"3213\" data-end=\"3891\">\n<thead data-start=\"3213\" data-end=\"3273\">\n<tr data-start=\"3213\" data-end=\"3273\">\n<th data-start=\"3213\" data-end=\"3237\" data-col-size=\"sm\">Caract\u00e9ristiques<\/th>\n<th data-start=\"3237\" data-end=\"3273\" data-col-size=\"sm\">Valeur<\/th>\n<\/tr>\n<\/thead>\n<tbody data-start=\"3336\" data-end=\"3891\">\n<tr data-start=\"3336\" data-end=\"3397\">\n<td data-start=\"3336\" data-end=\"3361\" data-col-size=\"sm\">Modes de fonctionnement<\/td>\n<td data-col-size=\"sm\" data-start=\"3361\" data-end=\"3397\">3 modes de recherche distincts<\/td>\n<\/tr>\n<tr data-start=\"3398\" data-end=\"3458\">\n<td data-start=\"3398\" data-end=\"3423\" data-col-size=\"sm\">Rayon de d\u00e9tection<\/td>\n<td data-col-size=\"sm\" data-start=\"3423\" data-end=\"3458\">100 m\u00e8tres<\/td>\n<\/tr>\n<tr data-start=\"3459\" data-end=\"3519\">\n<td data-start=\"3459\" data-end=\"3484\" data-col-size=\"sm\">Profondeur de d\u00e9tection maximale<\/td>\n<td data-col-size=\"sm\" data-start=\"3484\" data-end=\"3519\">Jusqu&rsquo;\u00e0 15 m\u00e8tres<\/td>\n<\/tr>\n<tr data-start=\"3520\" data-end=\"3580\">\n<td data-start=\"3520\" data-end=\"3545\" data-col-size=\"sm\">Discrimination des m\u00e9taux<\/td>\n<td data-col-size=\"sm\" data-start=\"3545\" data-end=\"3580\">Par num\u00e9ro d&rsquo;identification<\/td>\n<\/tr>\n<tr data-start=\"3581\" data-end=\"3643\">\n<td data-start=\"3581\" data-end=\"3606\" data-col-size=\"sm\">Principe de d\u00e9tection<\/td>\n<td data-col-size=\"sm\" data-start=\"3606\" data-end=\"3643\">D\u00e9tection des signaux magn\u00e9tiques et ioniques<\/td>\n<\/tr>\n<tr data-start=\"3644\" data-end=\"3708\">\n<td data-start=\"3644\" data-end=\"3669\" data-col-size=\"sm\">Alimentation<\/td>\n<td data-col-size=\"sm\" data-start=\"3669\" data-end=\"3708\">18 piles rechargeables AA de 1,5 V<\/td>\n<\/tr>\n<tr data-start=\"3709\" data-end=\"3769\">\n<td data-start=\"3709\" data-end=\"3734\" data-col-size=\"sm\">Poids<\/td>\n<td data-col-size=\"sm\" data-start=\"3734\" data-end=\"3769\">6,3 kg<\/td>\n<\/tr>\n<tr data-start=\"3770\" data-end=\"3830\">\n<td data-start=\"3770\" data-end=\"3795\" data-col-size=\"sm\">Dimensions de l&rsquo;appareil<\/td>\n<td data-col-size=\"sm\" data-start=\"3795\" data-end=\"3830\">46 x 35 x 13 cm<\/td>\n<\/tr>\n<tr data-start=\"3831\" data-end=\"3891\">\n<td data-start=\"3831\" data-end=\"3856\" data-col-size=\"sm\">Garantie<\/td>\n<td data-col-size=\"sm\" data-start=\"3856\" data-end=\"3891\">2 ans<\/td>\n<\/tr>\n<\/tbody>\n<\/table>\n<div class=\"sticky end-(--thread-content-margin) h-0 self-end select-none\">\n<div class=\"absolute end-0 flex items-end\"><\/div>\n<\/div>\n<\/div>\n<\/div>\n<h3 data-start=\"3898\" data-end=\"3949\">Verdict final : Vraie cible, vraie d\u00e9tection !<\/h3>\n<p data-start=\"3950\" data-end=\"4197\"><strong data-start=\"3950\" data-end=\"3973\">Adrenalin Evolution<\/strong> repr\u00e9sente une perc\u00e9e dans la technologie de balayage \u00e0 longue port\u00e9e.<br data-start=\"4034\" data-end=\"4037\">Avec sa pr\u00e9cision in\u00e9gal\u00e9e de d\u00e9tection des vides, sa capacit\u00e9 d&rsquo;identification des m\u00e9taux et sa couverture \u00e9tendue, Evolution vous aide \u00e0 <strong data-start=\"4154\" data-end=\"4196\">maximiser le succ\u00e8s de votre chasse aux tr\u00e9sors<\/strong>.<\/p>\n<p data-start=\"4199\" data-end=\"4288\">\ud83d\udcde <strong data-start=\"4202\" data-end=\"4220\">Contactez-nous d\u00e8s maintenant<\/strong> pour faire un pas de plus vers votre d\u00e9couverte avec Adrenalin Evolution !<\/p>\n","protected":false},"excerpt":{"rendered":"<div class=\"elementor-element elementor-element-f2b312d elementor-widget elementor-widget-heading\" data-id=\"f2b312d\" data-element_type=\"widget\" data-widget_type=\"heading.default\">\n<div class=\"elementor-widget-container\"><span class=\"elementor-heading-title elementor-size-default\">Le <strong>d\u00e9tecteur de longue port\u00e9e<\/strong> Evolution est le meilleur <strong>d\u00e9tecteur de longue port\u00e9e<\/strong> au monde dont r\u00eavent les chasseurs de tr\u00e9sors. Il a \u00e9t\u00e9 d\u00e9velopp\u00e9 \u00e0 la suite d&rsquo;ann\u00e9es de recherche acharn\u00e9e, en tenant compte des besoins des chercheurs d&rsquo;or en mati\u00e8re de d\u00e9tecteurs \u00e0 longue port\u00e9e. <\/span><\/div>\n<\/div>\n<div class=\"elementor-element elementor-element-721db11 elementor-widget elementor-widget-spacer\" data-id=\"721db11\" data-element_type=\"widget\" data-widget_type=\"spacer.default\">\n<div class=\"elementor-widget-container\">\n<div class=\"elementor-spacer\"><\/div>\n<\/div>\n<\/div>\n","protected":false},"featured_media":1002539,"comment_status":"open","ping_status":"closed","template":"","meta":[],"product_brand":[64],"product_cat":[172,173],"product_tag":[],"class_list":{"0":"post-1003530","1":"product","2":"type-product","3":"status-publish","4":"has-post-thumbnail","6":"product_brand-adrenalin-metal-detector","7":"product_cat-baguettes-de-radiesthesie","8":"product_cat-localisateur-a-longue-portee","10":"first","11":"instock","12":"shipping-taxable","13":"purchasable","14":"product-type-simple"},"jetpack_sharing_enabled":true,"_links":{"self":[{"href":"https:\/\/adrenalindetector.com\/fr\/wp-json\/wp\/v2\/product\/1003530","targetHints":{"allow":["GET"]}}],"collection":[{"href":"https:\/\/adrenalindetector.com\/fr\/wp-json\/wp\/v2\/product"}],"about":[{"href":"https:\/\/adrenalindetector.com\/fr\/wp-json\/wp\/v2\/types\/product"}],"replies":[{"embeddable":true,"href":"https:\/\/adrenalindetector.com\/fr\/wp-json\/wp\/v2\/comments?post=1003530"}],"version-history":[{"count":0,"href":"https:\/\/adrenalindetector.com\/fr\/wp-json\/wp\/v2\/product\/1003530\/revisions"}],"wp:featuredmedia":[{"embeddable":true,"href":"https:\/\/adrenalindetector.com\/fr\/wp-json\/wp\/v2\/media\/1002539"}],"wp:attachment":[{"href":"https:\/\/adrenalindetector.com\/fr\/wp-json\/wp\/v2\/media?parent=1003530"}],"wp:term":[{"taxonomy":"product_brand","embeddable":true,"href":"https:\/\/adrenalindetector.com\/fr\/wp-json\/wp\/v2\/product_brand?post=1003530"},{"taxonomy":"product_cat","embeddable":true,"href":"https:\/\/adrenalindetector.com\/fr\/wp-json\/wp\/v2\/product_cat?post=1003530"},{"taxonomy":"product_tag","embeddable":true,"href":"https:\/\/adrenalindetector.com\/fr\/wp-json\/wp\/v2\/product_tag?post=1003530"}],"curies":[{"name":"wp","href":"https:\/\/api.w.org\/{rel}","templated":true}]}}