{"id":1003964,"date":"2025-07-15T23:26:12","date_gmt":"2025-07-15T23:26:12","guid":{"rendered":"https:\/\/adrenalindetector.com\/product\/adrenalin-z18-s4\/"},"modified":"2025-12-22T00:56:31","modified_gmt":"2025-12-22T00:56:31","slug":"adrenalin-z18-s4","status":"publish","type":"product","link":"https:\/\/adrenalindetector.com\/fr\/produit\/adrenalin-z18-s4\/","title":{"rendered":"Adrenalin Z18 S4"},"content":{"rendered":"<h3 data-start=\"147\" data-end=\"215\">  Dispositif d&rsquo;imagerie souterraine en 3D<\/h3>\n<p data-start=\"216\" data-end=\"603\"><strong data-start=\"216\" data-end=\"269\">Un nouveau niveau de profondeur : D\u00e9couvrez les s\u00e9ries S4 et S8 !<\/strong><br data-start=\"269\" data-end=\"272\">L&rsquo;Adrenalin Z-18 est un syst\u00e8me avanc\u00e9 d&rsquo;imagerie souterraine en 3D con\u00e7u pour les chasseurs professionnels de tr\u00e9sors et de min\u00e9raux. \u00c9quip\u00e9 d&rsquo;une technologie multi-capteurs de haute pr\u00e9cision, d&rsquo;un syst\u00e8me de filtrage magn\u00e9tique et d&rsquo;un puissant logiciel d&rsquo;analyse, le Z-18 visualise la forme, la taille et la profondeur des cibles souterraines dans des graphiques 3D d\u00e9taill\u00e9s. <\/p>\n<p data-start=\"607\" data-end=\"728\">Avec une capacit\u00e9 de d\u00e9tection allant jusqu&rsquo;\u00e0 10 m\u00e8tres, le Z-18 surpasse les d\u00e9tecteurs traditionnels gr\u00e2ce \u00e0 ses performances sup\u00e9rieures.<\/p>\n<h3 data-start=\"735\" data-end=\"764\">\ud83d\ude80 Pourquoi choisir le Z-18 ?<\/h3>\n<p>\u2705 <strong data-start=\"769\" data-end=\"788\">Imagerie 3D r\u00e9elle<\/strong> &#8211; Voyez la forme, la taille et la position exactes de la cible dans des images 3D d\u00e9taill\u00e9es. <br data-start=\"867\" data-end=\"870\">\u2705 <strong data-start=\"874\" data-end=\"907\">Technologie de blindage magn\u00e9tique<\/strong> &#8211; Bloque les signaux parasites et assure un balayage pr\u00e9cis <br data-start=\"965\" data-end=\"968\">\u2705 S <strong data-start=\"972\" data-end=\"995\">yst\u00e8me multi-capteurs<\/strong> &#8211; Scanne rapidement de grandes zones avec une haute r\u00e9solution <br data-start=\"1044\" data-end=\"1047\"><strong data-start=\"1051\" data-end=\"1096\">\u2705 Performance stable dans les sols min\u00e9ralis\u00e9s<\/strong> &#8211; D\u00e9tection fiable du signal m\u00eame dans les sols difficiles <br data-start=\"1150\" data-end=\"1153\"><strong data-start=\"1157\" data-end=\"1209\">Discrimination instantan\u00e9e des m\u00e9taux et mesure de la profondeur<\/strong> &#8211; Identifie avec pr\u00e9cision l&rsquo;or, l&rsquo;argent, le cuivre, le fer, etc. <\/p>\n<p><iframe title=\"Lecteur vid\u00e9o YouTube\" src=\"https:\/\/www.youtube.com\/embed\/videoseries?si=HFO48EAQ-wskfgUN&amp;list=PLi_Z_j5lvjC82LvaTuSZ7n0j9u5FNHxDs\" width=\"560\" height=\"450\" frameborder=\"0\" allowfullscreen=\"allowfullscreen\"><span data-mce-type=\"bookmark\" style=\"display: inline-block; width: 0px; overflow: hidden; line-height: 0;\" class=\"mce_SELRES_start\"><\/span><\/iframe><\/p>\n<h3 data-start=\"1279\" data-end=\"1313\">Convient \u00e0 tous les niveaux d&rsquo;utilisation<\/h3>\n<p data-start=\"1314\" data-end=\"1480\">Interface intuitive pour les d\u00e9butants ; fonctions d&rsquo;analyse avanc\u00e9es pour les professionnels.<br data-start=\"1394\" data-end=\"1397\">Id\u00e9al pour les ing\u00e9nieurs en g\u00e9ophysique, les arch\u00e9ologues, les chasseurs de tr\u00e9sors et les chercheurs.<\/p>\n<h2 data-start=\"1487\" data-end=\"1535\">S\u00e9rie Z-18 &#8211; Deux options pour r\u00e9pondre \u00e0 vos besoins<\/h2>\n<h3 data-start=\"1537\" data-end=\"1591\">\ud83d\udd39 <strong data-start=\"1544\" data-end=\"1589\">S\u00e9rie S4 &#8211; Ensemble professionnel standard<\/strong><\/h3>\n<p data-start=\"1592\" data-end=\"1737\">La s\u00e9rie Adrenalin Z-18 S4 offre toutes les fonctionnalit\u00e9s de base et les capacit\u00e9s d&rsquo;analyse 3D, ce qui en fait l&rsquo;un des outils pr\u00e9f\u00e9r\u00e9s des chasseurs de tr\u00e9sors professionnels !<\/p>\n<p data-start=\"1739\" data-end=\"1972\"><strong data-start=\"1739\" data-end=\"1762\">La s\u00e9rie S4 comprend :<\/strong><br data-start=\"1762\" data-end=\"1765\">&#8211; Unit\u00e9 principale Z-18<br data-start=\"1781\" data-end=\"1784\">&#8211; Logiciel d&rsquo;imagerie 3D<br data-start=\"1805\" data-end=\"1808\">&#8211; Modes de balayage automatique et manuel<br data-start=\"1843\" data-end=\"1846\">&#8211; Technologie multi-capteurs<br data-start=\"1871\" data-end=\"1874\">&#8211; Balayage 3D en temps r\u00e9el<br data-start=\"1897\" data-end=\"1900\">&#8211; 3 bobines de d\u00e9tection (standard)<br data-start=\"1930\" data-end=\"1933\">&#8211; Mallette de transport, chargeur, manuel d&rsquo;utilisation<\/p>\n<h3 data-start=\"1979\" data-end=\"2055\">\ud83d\udd38 <strong data-start=\"1986\" data-end=\"2053\">S8 Series &#8211; Advanced Package + Elinimator Mineral Filtering Kit<\/strong><\/h3>\n<p data-start=\"2056\" data-end=\"2263\">La s\u00e9rie Z-18 S8 est livr\u00e9e avec le kit de filtrage min\u00e9ral Elinimator, qui r\u00e9duit les faux signaux et les interf\u00e9rences dans les sols fortement min\u00e9ralis\u00e9s. Cette version garantit des performances stables m\u00eame sur les terrains les plus difficiles. <\/p>\n<p data-start=\"2265\" data-end=\"2495\"><strong data-start=\"2265\" data-end=\"2288\">La s\u00e9rie S8 comprend :<\/strong><br data-start=\"2288\" data-end=\"2291\">&#8211; Toutes les caract\u00e9ristiques de l&rsquo;ensemble S4, plus :<br data-start=\"2330\" data-end=\"2333\">o Kit de filtrage min\u00e9ral Elinimator<br data-start=\"2369\" data-end=\"2372\">o Protocole de balayage de pr\u00e9cision am\u00e9lior\u00e9<br data-start=\"2412\" data-end=\"2415\">o Options de bobines plus grandes en option<br data-start=\"2447\" data-end=\"2450\">o Services de formation et d&rsquo;assistance technique<\/p>\n<h3 data-start=\"2502\" data-end=\"2537\">Cibles d\u00e9tectables :<\/h3>\n<p data-start=\"2538\" data-end=\"2720\">&#8211; \ud83e\ude99 M\u00e9taux tels que l&rsquo;or, l&rsquo;argent, le cuivre, le bronze et le fer<br data-start=\"2596\" data-end=\"2599\">&#8211; \ud83c\udfdb\ufe0f Structures telles que tombes, grottes, caves, chambres, tunnels et puits<br data-start=\"2673\" data-end=\"2676\">&#8211; \u26cf\ufe0f Veines min\u00e9rales et zones min\u00e9rales denses<\/p>\n<h3 data-start=\"2727\" data-end=\"2749\">Modes de fonctionnement :<\/h3>\n<p data-start=\"2750\" data-end=\"2907\">&#8211; <strong data-start=\"2752\" data-end=\"2771\">Balayage manuel<\/strong> &#8211; Avec transfert d&rsquo;image en direct<br data-start=\"2798\" data-end=\"2801\">&#8211; <strong data-start=\"2803\" data-end=\"2825\">Balayage automatique<\/strong> &#8211; (10-20-30-40-50 \u00e9tapes)<br data-start=\"2850\" data-end=\"2853\">&#8211; <strong data-start=\"2855\" data-end=\"2872\">Mode d\u00e9tecteur<\/strong> &#8211; Discrimination des m\u00e9taux en temps r\u00e9el<\/p>\n<h3 data-start=\"2914\" data-end=\"2973\">Sp\u00e9cifications techniques (applicables aux deux paquets) :<\/h3>\n<div class=\"_tableContainer_80l1q_1\">\n<div class=\"_tableWrapper_80l1q_14 group flex w-fit flex-col-reverse\" tabindex=\"-1\">\n<table class=\"w-fit min-w-(--thread-content-width)\" data-start=\"2975\" data-end=\"3570\">\n<thead data-start=\"2975\" data-end=\"3040\">\n<tr data-start=\"2975\" data-end=\"3040\">\n<th data-start=\"2975\" data-end=\"2998\" data-col-size=\"sm\">CARACT\u00c9RISTIQUES<\/th>\n<th data-start=\"2998\" data-end=\"3040\" data-col-size=\"sm\">VALEUR<\/th>\n<\/tr>\n<\/thead>\n<tbody data-start=\"3107\" data-end=\"3570\">\n<tr data-start=\"3107\" data-end=\"3172\">\n<td data-start=\"3107\" data-end=\"3130\" data-col-size=\"sm\">PROFONDEUR DE D\u00c9TECTION MAXIMALE<\/td>\n<td data-start=\"3130\" data-end=\"3172\" data-col-size=\"sm\">Jusqu&rsquo;\u00e0 10 m\u00e8tres<\/td>\n<\/tr>\n<tr data-start=\"3173\" data-end=\"3238\">\n<td data-start=\"3173\" data-end=\"3196\" data-col-size=\"sm\">TRAITEMENT DU SIGNAL<\/td>\n<td data-start=\"3196\" data-end=\"3238\" data-col-size=\"sm\">\u00c9quilibrage 3D et magn\u00e9tique simultan\u00e9<\/td>\n<\/tr>\n<tr data-start=\"3239\" data-end=\"3304\">\n<td data-start=\"3239\" data-end=\"3262\" data-col-size=\"sm\">LOGICIEL<\/td>\n<td data-start=\"3262\" data-end=\"3304\" data-col-size=\"sm\">Analyse graphique en 3D (compatible PC)<\/td>\n<\/tr>\n<tr data-start=\"3305\" data-end=\"3370\">\n<td data-start=\"3305\" data-end=\"3328\" data-col-size=\"sm\">DISCRIMINATION DES M\u00c9TAUX<\/td>\n<td data-start=\"3328\" data-end=\"3370\" data-col-size=\"sm\">Automatique avec Digital ID<\/td>\n<\/tr>\n<tr data-start=\"3371\" data-end=\"3438\">\n<td data-start=\"3371\" data-end=\"3394\" data-col-size=\"sm\">COMPATIBILIT\u00c9 AVEC LE SOL<\/td>\n<td data-start=\"3394\" data-end=\"3438\" data-col-size=\"sm\">Fonctionne dans les sols min\u00e9ralis\u00e9s, rocheux et sal\u00e9s<\/td>\n<\/tr>\n<tr data-start=\"3439\" data-end=\"3504\">\n<td data-start=\"3439\" data-end=\"3462\" data-col-size=\"sm\">PORTABILIT\u00c9<\/td>\n<td data-start=\"3462\" data-end=\"3504\" data-col-size=\"sm\">Compact, l\u00e9ger et ergonomique<\/td>\n<\/tr>\n<tr data-start=\"3505\" data-end=\"3570\">\n<td data-start=\"3505\" data-end=\"3528\" data-col-size=\"sm\">FORMATION ET ASSISTANCE<\/td>\n<td data-start=\"3528\" data-end=\"3570\" data-col-size=\"sm\">Inclus dans la s\u00e9rie S8<\/td>\n<\/tr>\n<\/tbody>\n<\/table>\n<div class=\"sticky end-(--thread-content-margin) h-0 self-end select-none\">\n<div><\/div>\n<div class=\"absolute end-0 flex items-end\"><span style=\"color: #1b1919; font-size: 22px;\">\ud83c\udfaf Lequel vous convient le mieux ?<\/span><\/div>\n<\/div>\n<\/div>\n<\/div>\n<p data-start=\"3614\" data-end=\"3826\">\ud83d\udd39 <strong data-start=\"3617\" data-end=\"3635\">Z-18 S4 Series<\/strong>: Id\u00e9al pour une utilisation professionnelle standard ; des performances puissantes \u00e0 un prix comp\u00e9titif<br data-start=\"3717\" data-end=\"3720\">\ud83d\udd38 <strong data-start=\"3723\" data-end=\"3741\">Z-18 S8 Series<\/strong>: Am\u00e9lior\u00e9e pour les terrains difficiles avec le kit Elinimator pour une clart\u00e9 de d\u00e9tection maximale.<\/p>\n<p data-start=\"3828\" data-end=\"3898\">\ud83d\udcde <strong data-start=\"3831\" data-end=\"3898\">Contactez-nous d\u00e8s aujourd&rsquo;hui pour savoir quelle s\u00e9rie correspond le mieux \u00e0 vos besoins !<\/strong><\/p>\n","protected":false},"excerpt":{"rendered":"<p><strong>Adrenalin Z18 Professional<\/strong>: Trouvez de l&rsquo;or avec nos d\u00e9tecteurs de m\u00e9taux de haute qualit\u00e9 dot\u00e9s de capacit\u00e9s d&rsquo;imagerie 3D et de syst\u00e8mes d&rsquo;imagerie 3D EM. Le <strong>d\u00e9tecteur de m\u00e9taux 3D<\/strong> Z18 donne \u00e0 l&rsquo;utilisateur professionnel la forme, la profondeur et la taille de l&rsquo;objet trouv\u00e9 sous terre sous la forme d&rsquo;une image graphique 3D dans un programme informatique.<\/p>\n","protected":false},"featured_media":1003808,"comment_status":"open","ping_status":"closed","template":"","meta":[],"product_brand":[64],"product_cat":[192,190,191,189],"product_tag":[],"class_list":{"0":"post-1003964","1":"product","2":"type-product","3":"status-publish","4":"has-post-thumbnail","6":"product_brand-adrenalin-metal-detector","7":"product_cat-detecteur-dor-3d","8":"product_cat-detecteurs-dor","9":"product_cat-scanner-de-tresor","10":"product_cat-systemes-electromagnetiques","12":"first","13":"instock","14":"shipping-taxable","15":"purchasable","16":"product-type-simple"},"jetpack_sharing_enabled":true,"_links":{"self":[{"href":"https:\/\/adrenalindetector.com\/fr\/wp-json\/wp\/v2\/product\/1003964","targetHints":{"allow":["GET"]}}],"collection":[{"href":"https:\/\/adrenalindetector.com\/fr\/wp-json\/wp\/v2\/product"}],"about":[{"href":"https:\/\/adrenalindetector.com\/fr\/wp-json\/wp\/v2\/types\/product"}],"replies":[{"embeddable":true,"href":"https:\/\/adrenalindetector.com\/fr\/wp-json\/wp\/v2\/comments?post=1003964"}],"version-history":[{"count":0,"href":"https:\/\/adrenalindetector.com\/fr\/wp-json\/wp\/v2\/product\/1003964\/revisions"}],"wp:featuredmedia":[{"embeddable":true,"href":"https:\/\/adrenalindetector.com\/fr\/wp-json\/wp\/v2\/media\/1003808"}],"wp:attachment":[{"href":"https:\/\/adrenalindetector.com\/fr\/wp-json\/wp\/v2\/media?parent=1003964"}],"wp:term":[{"taxonomy":"product_brand","embeddable":true,"href":"https:\/\/adrenalindetector.com\/fr\/wp-json\/wp\/v2\/product_brand?post=1003964"},{"taxonomy":"product_cat","embeddable":true,"href":"https:\/\/adrenalindetector.com\/fr\/wp-json\/wp\/v2\/product_cat?post=1003964"},{"taxonomy":"product_tag","embeddable":true,"href":"https:\/\/adrenalindetector.com\/fr\/wp-json\/wp\/v2\/product_tag?post=1003964"}],"curies":[{"name":"wp","href":"https:\/\/api.w.org\/{rel}","templated":true}]}}