{"id":1003970,"date":"2025-10-18T17:18:23","date_gmt":"2025-10-18T17:18:23","guid":{"rendered":"https:\/\/adrenalindetector.com\/product\/adrenalin-eliminator-booster-de-signal\/"},"modified":"2025-12-21T23:55:57","modified_gmt":"2025-12-21T23:55:57","slug":"adrenalin-eliminator-booster-de-signal","status":"publish","type":"product","link":"https:\/\/adrenalindetector.com\/fr\/produit\/adrenalin-eliminator-booster-de-signal\/","title":{"rendered":"Adrenalin Eliminator &#8211; Booster de signal"},"content":{"rendered":"<p><span style=\"color: #000000;\"><strong>\u00c9liminateur d&rsquo;adr\u00e9naline<\/strong><\/span><\/p>\n<p><span style=\"color: #000000;\">L&rsquo;Adrenalin Eliminator est un appareil sp\u00e9cialis\u00e9 qui am\u00e9liore la d\u00e9tection d&rsquo;objets m\u00e9talliques (non ferreux) de grande valeur, de structures contenant des vides et de vestiges historiques enfouis sous terre depuis de nombreuses ann\u00e9es, \u00e0 l&rsquo;aide d&rsquo;appareils d&rsquo;imagerie souterraine et de d\u00e9tecteurs de m\u00e9taux. Gr\u00e2ce au champ magn\u00e9tique terrestre, les niveaux de champ magn\u00e9tique naturel qui se forment sur les mat\u00e9riaux enfouis sont fortement amplifi\u00e9s par des signaux sp\u00e9ciaux envoy\u00e9s dans le sol. <\/span><\/p>\n<p><span style=\"color: #000000;\">L&rsquo;\u00e9liminateur est utilis\u00e9 dans les syst\u00e8mes d&rsquo;imagerie \u00e9lectromagn\u00e9tique dot\u00e9s de capteurs \u00e9lectromagn\u00e9tiques. Un champ magn\u00e9tique tr\u00e8s \u00e9lev\u00e9 est cr\u00e9\u00e9 au-dessus des m\u00e9taux enfouis. Cela permet aux appareils d&rsquo;imagerie \u00e9lectromagn\u00e9tique souterraine de d\u00e9tecter des m\u00e9taux pr\u00e9cieux tels que l&rsquo;or, l&rsquo;argent, le bronze et les d\u00e9riv\u00e9s du cuivre \u00e0 de grandes profondeurs. Il facilite la d\u00e9tection en chargeant un champ magn\u00e9tique sur les cibles enfouies en seulement 5 minutes.   <\/span><\/p>\n<p><span style=\"color: #000000;\">Gr\u00e2ce au champ magn\u00e9tique appliqu\u00e9 aux m\u00e9taux pr\u00e9cieux dans les syst\u00e8mes d&rsquo;imagerie, m\u00eame des cibles presque impossibles \u00e0 trouver peuvent \u00eatre d\u00e9tect\u00e9es visuellement.<\/span><\/p>\n<p><span style=\"color: #000000;\">Il peut \u00eatre pr\u00e9f\u00e9r\u00e9 pour augmenter la profondeur des d\u00e9tecteurs de m\u00e9taux utilis\u00e9s dans la chasse au tr\u00e9sor. En augmentant le niveau du champ magn\u00e9tique form\u00e9 sur la cible, il provoque une augmentation de la profondeur de d\u00e9tection du d\u00e9tecteur pouvant aller jusqu&rsquo;\u00e0 100 %. <\/span><\/p>\n<p><span style=\"color: #000000;\">L&rsquo;Eliminator permet de d\u00e9tecter des cibles difficiles \u00e0 des profondeurs que les d\u00e9tecteurs conventionnels de recherche en profondeur ne peuvent atteindre dans des conditions naturelles. En seulement 5 minutes, il permet une augmentation remarquable des performances, jusqu&rsquo;\u00e0 100 %, dans la d\u00e9tection de m\u00e9taux pr\u00e9cieux tels que l&rsquo;or et l&rsquo;argent avec des d\u00e9tecteurs. <\/span><\/p>\n<p><span style=\"color: #000000;\"><strong>Contenu de l&rsquo;ensemble :<\/strong><\/span><\/p>\n<p><span style=\"color: #000000;\">&#8211; Panneau \u00e9lectronique<\/span><\/p>\n<p><span style=\"color: #000000;\">&#8211; 4 \u00e9lectrodes<\/span><\/p>\n<p><span style=\"color: #000000;\">&#8211; Chargeur automatique 12 volts<\/span><\/p>\n<p><span style=\"color: #000000;\">&#8211; 4 c\u00e2bles (2\u00d75 m\u00e8tres &#8211; 2&#215;15 m\u00e8tres)<\/span><\/p>\n<p><span style=\"color: #000000;\">&#8211; Manuel d&rsquo;utilisation en turc, certificat de garantie.<\/span><\/p>\n<p><span style=\"color: #000000;\">Dimensions de transport :<\/span><\/p>\n<p><span style=\"color: #000000;\">Dimensions de l&#8217;emballage : 35 \u0445 30 \u0445 10 cm<\/span><\/p>\n<p><span style=\"color: #000000;\">Poids : 2,4 kg<\/span><\/p>\n<p>&nbsp;<\/p>\n<p>&nbsp;<\/p>\n","protected":false},"excerpt":{"rendered":"<p>L&rsquo;Adrenalin Eliminator est un appareil sp\u00e9cialis\u00e9 qui am\u00e9liore la d\u00e9tection d&rsquo;objets m\u00e9talliques (non ferreux) de grande valeur, de structures contenant des vides et de vestiges historiques enfouis sous terre depuis de nombreuses ann\u00e9es, \u00e0 l&rsquo;aide d&rsquo;appareils d&rsquo;imagerie souterraine et de d\u00e9tecteurs de m\u00e9taux.<\/p>\n","protected":false},"featured_media":1003834,"comment_status":"open","ping_status":"closed","template":"","meta":[],"product_brand":[],"product_cat":[202,189],"product_tag":[],"class_list":{"0":"post-1003970","1":"product","2":"type-product","3":"status-publish","4":"has-post-thumbnail","6":"product_cat-booster-de-signal","7":"product_cat-systemes-electromagnetiques","9":"first","10":"instock","11":"shipping-taxable","12":"purchasable","13":"product-type-simple"},"jetpack_sharing_enabled":true,"_links":{"self":[{"href":"https:\/\/adrenalindetector.com\/fr\/wp-json\/wp\/v2\/product\/1003970","targetHints":{"allow":["GET"]}}],"collection":[{"href":"https:\/\/adrenalindetector.com\/fr\/wp-json\/wp\/v2\/product"}],"about":[{"href":"https:\/\/adrenalindetector.com\/fr\/wp-json\/wp\/v2\/types\/product"}],"replies":[{"embeddable":true,"href":"https:\/\/adrenalindetector.com\/fr\/wp-json\/wp\/v2\/comments?post=1003970"}],"version-history":[{"count":0,"href":"https:\/\/adrenalindetector.com\/fr\/wp-json\/wp\/v2\/product\/1003970\/revisions"}],"wp:featuredmedia":[{"embeddable":true,"href":"https:\/\/adrenalindetector.com\/fr\/wp-json\/wp\/v2\/media\/1003834"}],"wp:attachment":[{"href":"https:\/\/adrenalindetector.com\/fr\/wp-json\/wp\/v2\/media?parent=1003970"}],"wp:term":[{"taxonomy":"product_brand","embeddable":true,"href":"https:\/\/adrenalindetector.com\/fr\/wp-json\/wp\/v2\/product_brand?post=1003970"},{"taxonomy":"product_cat","embeddable":true,"href":"https:\/\/adrenalindetector.com\/fr\/wp-json\/wp\/v2\/product_cat?post=1003970"},{"taxonomy":"product_tag","embeddable":true,"href":"https:\/\/adrenalindetector.com\/fr\/wp-json\/wp\/v2\/product_tag?post=1003970"}],"curies":[{"name":"wp","href":"https:\/\/api.w.org\/{rel}","templated":true}]}}