{"id":1003507,"date":"2025-07-15T23:35:06","date_gmt":"2025-07-15T23:35:06","guid":{"rendered":"https:\/\/adrenalindetector.com\/product\/adrenalin-blackeye-pacchetto-standard\/"},"modified":"2025-09-21T08:02:15","modified_gmt":"2025-09-21T08:02:15","slug":"adrenalin-blackeye-pacchetto-standard","status":"publish","type":"product","link":"https:\/\/adrenalindetector.com\/it\/prodotto\/adrenalin-blackeye-pacchetto-standard\/","title":{"rendered":"Adrenalin Blackeye &#8211; Pacchetto standard"},"content":{"rendered":"<h3 data-start=\"144\" data-end=\"217\"><strong data-start=\"151\" data-end=\"215\">Adrenalin Blackeye &#8211; Individua il vero bersaglio a distanza!<\/strong><\/h3>\n<p data-start=\"218\" data-end=\"571\">Il <strong data-start=\"232\" data-end=\"264\">rilevatore a lungo raggio<\/strong> Adrenalin <strong data-start=\"232\" data-end=\"264\">Blackeye<\/strong> \u00e8 un sistema di scansione di nuova generazione sviluppato grazie ad anni di test sul campo, ricerche geofisiche e feedback degli utenti. Grazie alle sue capacit\u00e0 di rilevamento ad alta precisione, Blackeye \u00e8 in grado di individuare metalli preziosi come oro, argento e bronzo, nonch\u00e9 strutture contenenti vuoti, a decine di metri di distanza. <\/p>\n<p data-start=\"573\" data-end=\"720\">Blackeye si distingue nella sua categoria per la facilit\u00e0 d&#8217;uso, la rapidit\u00e0 di rilevamento dei bersagli, la discriminazione dei metalli basata sull&#8217;ID e la tecnologia di analisi del segnale digitale.<\/p>\n<h3 data-start=\"727\" data-end=\"772\">\ud83c\udfaf Blocca il bersaglio con Blackeye!<\/h3>\n<p data-start=\"773\" data-end=\"862\"><strong data-start=\"775\" data-end=\"804\">Raggio di scansione di 100 metri<\/strong><br data-start=\"804\" data-end=\"807\">Copre grandi aree in modo efficiente, risparmiando tempo e fatica.<\/p>\n<p data-start=\"864\" data-end=\"966\">\u2714 <strong data-start=\"866\" data-end=\"901\">Profondit\u00e0 di rilevamento fino a 15 metri<\/strong><br data-start=\"901\" data-end=\"904\">Scopri tesori, tombe e tunnel profondamente sepolti con facilit\u00e0.<\/p>\n<p data-start=\"968\" data-end=\"1130\">\u2714 <strong data-start=\"970\" data-end=\"1006\">Discriminazione dei metalli e codifica ID<\/strong><br data-start=\"1006\" data-end=\"1009\">A ogni tipo di metallo viene assegnato un valore ID univoco (Oro: 94, Argento: 87), cos\u00ec saprai esattamente cosa c&#8217;\u00e8 nel sottosuolo e dove.<\/p>\n<p data-start=\"1132\" data-end=\"1262\">\u2714 <strong data-start=\"1134\" data-end=\"1152\">Rilevamento di vuoti<\/strong><br data-start=\"1152\" data-end=\"1155\">Identifica con precisione vuoti sotterranei come camere, tombe, tunnel e grotte con un&#8217;affidabilit\u00e0 del 100%.<\/p>\n<h3 data-start=\"1269\" data-end=\"1299\">\ud83d\udd0d 3 Modalit\u00e0 di ricerca avanzata<\/h3>\n<p data-start=\"1301\" data-end=\"1456\"><strong data-start=\"1301\" data-end=\"1328\">1\ufe0f\u20e3 Modalit\u00e0 di rilevamento dei vuoti<\/strong><br data-start=\"1328\" data-end=\"1331\">Rileva i vuoti innaturali nelle formazioni sotterranee (ad esempio camere, cantine, pozzi). La profondit\u00e0 e il volume vengono calcolati istantaneamente. <\/p>\n<p data-start=\"1458\" data-end=\"1649\"><strong data-start=\"1458\" data-end=\"1486\">2\ufe0f\u20e3 Modalit\u00e0 di rilevamento dei metalli<\/strong><br data-start=\"1486\" data-end=\"1489\">Si concentra direttamente su obiettivi di valore come oro, argento, bronzo e rame grazie alla discriminazione basata sull&#8217;ID. Filtra i metalli spazzatura per guidarti verso il tesoro. <\/p>\n<p data-start=\"1651\" data-end=\"1840\"><strong data-start=\"1651\" data-end=\"1684\">3\ufe0f\u20e3 Modalit\u00e0 assistita dal trasmettitore<\/strong><br data-start=\"1684\" data-end=\"1687\">Il trasmettitore emette segnali a frequenze metalliche selezionate, mentre il ricevitore rileva le frequenze corrispondenti sul campo: l&#8217;ideale per un puntamento preciso.<\/p>\n<h3 data-start=\"1847\" data-end=\"1889\">\ud83d\udc8e Identificazione dei metalli &#8211; Elenco dei codici ID<\/h3>\n<div class=\"_tableContainer_80l1q_1\">\n<div class=\"_tableWrapper_80l1q_14 group flex w-fit flex-col-reverse\" tabindex=\"-1\">\n<table class=\"w-fit min-w-(--thread-content-width)\" data-start=\"1891\" data-end=\"2253\">\n<thead data-start=\"1891\" data-end=\"1923\">\n<tr data-start=\"1891\" data-end=\"1923\">\n<th data-start=\"1891\" data-end=\"1911\" data-col-size=\"sm\">Oggetto di destinazione<\/th>\n<th data-start=\"1911\" data-end=\"1923\" data-col-size=\"sm\">ID Valore<\/th>\n<\/tr>\n<\/thead>\n<tbody data-start=\"1957\" data-end=\"2253\">\n<tr data-start=\"1957\" data-end=\"1989\">\n<td data-start=\"1957\" data-end=\"1977\" data-col-size=\"sm\">Diamante \/ Gioielli<\/td>\n<td data-col-size=\"sm\" data-start=\"1977\" data-end=\"1989\">00<\/td>\n<\/tr>\n<tr data-start=\"1990\" data-end=\"2022\">\n<td data-start=\"1990\" data-end=\"2010\" data-col-size=\"sm\">Marmo<\/td>\n<td data-col-size=\"sm\" data-start=\"2010\" data-end=\"2022\">02<\/td>\n<\/tr>\n<tr data-start=\"2023\" data-end=\"2055\">\n<td data-start=\"2023\" data-end=\"2043\" data-col-size=\"sm\">Mattone<\/td>\n<td data-col-size=\"sm\" data-start=\"2043\" data-end=\"2055\">14<\/td>\n<\/tr>\n<tr data-start=\"2056\" data-end=\"2088\">\n<td data-start=\"2056\" data-end=\"2076\" data-col-size=\"sm\">Acqua \/ Umidit\u00e0<\/td>\n<td data-col-size=\"sm\" data-start=\"2076\" data-end=\"2088\">16<\/td>\n<\/tr>\n<tr data-start=\"2089\" data-end=\"2121\">\n<td data-start=\"2089\" data-end=\"2109\" data-col-size=\"sm\">Acciaio \/ Ferro<\/td>\n<td data-col-size=\"sm\" data-start=\"2109\" data-end=\"2121\">24<\/td>\n<\/tr>\n<tr data-start=\"2122\" data-end=\"2154\">\n<td data-start=\"2122\" data-end=\"2142\" data-col-size=\"sm\">Piombo<\/td>\n<td data-col-size=\"sm\" data-start=\"2142\" data-end=\"2154\">66<\/td>\n<\/tr>\n<tr data-start=\"2155\" data-end=\"2187\">\n<td data-start=\"2155\" data-end=\"2175\" data-col-size=\"sm\">Bronzo \/ Rame<\/td>\n<td data-col-size=\"sm\" data-start=\"2175\" data-end=\"2187\">78<\/td>\n<\/tr>\n<tr data-start=\"2188\" data-end=\"2220\">\n<td data-start=\"2188\" data-end=\"2208\" data-col-size=\"sm\">Argento<\/td>\n<td data-col-size=\"sm\" data-start=\"2208\" data-end=\"2220\">87<\/td>\n<\/tr>\n<tr data-start=\"2221\" data-end=\"2253\">\n<td data-start=\"2221\" data-end=\"2241\" data-col-size=\"sm\">Oro<\/td>\n<td data-col-size=\"sm\" data-start=\"2241\" data-end=\"2253\">94<\/td>\n<\/tr>\n<\/tbody>\n<\/table>\n<div class=\"sticky end-(--thread-content-margin) h-0 self-end select-none\">\n<div><\/div>\n<div class=\"absolute end-0 flex items-end\"><span style=\"color: #1b1919; font-size: 22px;\">\ud83d\udce6 Opzioni del pacchetto<\/span><\/div>\n<\/div>\n<\/div>\n<\/div>\n<p data-start=\"2284\" data-end=\"2408\">\ud83e\uddf0 <strong data-start=\"2287\" data-end=\"2304\">Pacchetto base<\/strong><br data-start=\"2304\" data-end=\"2307\">&#8211; Unit\u00e0 ricevente<br data-start=\"2322\" data-end=\"2325\">&#8211; Antenne<br data-start=\"2335\" data-end=\"2338\">&#8211; Custodia di plastica per il trasporto<br data-start=\"2361\" data-end=\"2364\">&#8211; Batterie ricaricabili<br data-start=\"2388\" data-end=\"2391\">&#8211; Unit\u00e0 di ricarica<\/p>\n<p data-start=\"2410\" data-end=\"2579\">\ud83d\ude80 <strong data-start=\"2413\" data-end=\"2428\">Pacchetto Pro<\/strong><br data-start=\"2428\" data-end=\"2431\">&#8211; Unit\u00e0 ricevitore + trasmettitore<br data-start=\"2460\" data-end=\"2463\">&#8211; 2 antenne<br data-start=\"2475\" data-end=\"2478\">&#8211; Caricabatterie automatico da 9V<br data-start=\"2500\" data-end=\"2503\">&#8211; 18 batterie ricaricabili AA da 1,5 V<br data-start=\"2540\" data-end=\"2543\">&#8211; Valigia di trasporto in plastica per uso intensivo<\/p>\n<h3 data-start=\"2586\" data-end=\"2617\">\ud83d\udcca Specifiche tecniche<\/h3>\n<div class=\"_tableContainer_80l1q_1\">\n<div class=\"_tableWrapper_80l1q_14 group flex w-fit flex-col-reverse\" tabindex=\"-1\">\n<table class=\"w-fit min-w-(--thread-content-width)\" data-start=\"2619\" data-end=\"3328\">\n<thead data-start=\"2619\" data-end=\"2677\">\n<tr data-start=\"2619\" data-end=\"2677\">\n<th data-start=\"2619\" data-end=\"2642\" data-col-size=\"sm\">Caratteristica<\/th>\n<th data-start=\"2642\" data-end=\"2677\" data-col-size=\"sm\">Valore<\/th>\n<\/tr>\n<\/thead>\n<tbody data-start=\"2737\" data-end=\"3328\">\n<tr data-start=\"2737\" data-end=\"2796\">\n<td data-start=\"2737\" data-end=\"2760\" data-col-size=\"sm\">Modalit\u00e0 di ricerca<\/td>\n<td data-col-size=\"sm\" data-start=\"2760\" data-end=\"2796\">Metallo \/ Vuoto \/ Trasmettitore assistito<\/td>\n<\/tr>\n<tr data-start=\"2797\" data-end=\"2855\">\n<td data-start=\"2797\" data-end=\"2820\" data-col-size=\"sm\">Raggio di scansione<\/td>\n<td data-col-size=\"sm\" data-start=\"2820\" data-end=\"2855\">100 metri<\/td>\n<\/tr>\n<tr data-start=\"2856\" data-end=\"2914\">\n<td data-start=\"2856\" data-end=\"2879\" data-col-size=\"sm\">Profondit\u00e0 massima<\/td>\n<td data-col-size=\"sm\" data-start=\"2879\" data-end=\"2914\">15 metri<\/td>\n<\/tr>\n<tr data-start=\"2915\" data-end=\"2972\">\n<td data-start=\"2915\" data-end=\"2938\" data-col-size=\"sm\">Discriminazione dei metalli<\/td>\n<td data-col-size=\"sm\" data-start=\"2938\" data-end=\"2972\">Per numero di ID<\/td>\n<\/tr>\n<tr data-start=\"2973\" data-end=\"3030\">\n<td data-start=\"2973\" data-end=\"2996\" data-col-size=\"sm\">Metodo di rilevamento<\/td>\n<td data-col-size=\"sm\" data-start=\"2996\" data-end=\"3030\">Rilevamento magnetico e ionico<\/td>\n<\/tr>\n<tr data-start=\"3031\" data-end=\"3093\">\n<td data-start=\"3031\" data-end=\"3054\" data-col-size=\"sm\">Fonte di alimentazione<\/td>\n<td data-col-size=\"sm\" data-start=\"3054\" data-end=\"3093\">18 batterie ricaricabili AA da 1,5 V<\/td>\n<\/tr>\n<tr data-start=\"3094\" data-end=\"3151\">\n<td data-start=\"3094\" data-end=\"3117\" data-col-size=\"sm\">Caricabatterie<\/td>\n<td data-col-size=\"sm\" data-start=\"3117\" data-end=\"3151\">9V automatico<\/td>\n<\/tr>\n<tr data-start=\"3152\" data-end=\"3210\">\n<td data-start=\"3152\" data-end=\"3175\" data-col-size=\"sm\">Peso di trasporto<\/td>\n<td data-col-size=\"sm\" data-start=\"3175\" data-end=\"3210\">6,3 kg<\/td>\n<\/tr>\n<tr data-start=\"3211\" data-end=\"3269\">\n<td data-start=\"3211\" data-end=\"3234\" data-col-size=\"sm\">Dimensioni<\/td>\n<td data-col-size=\"sm\" data-start=\"3234\" data-end=\"3269\">46 x 35 x 13 cm<\/td>\n<\/tr>\n<tr data-start=\"3270\" data-end=\"3328\">\n<td data-start=\"3270\" data-end=\"3293\" data-col-size=\"sm\">Garanzia<\/td>\n<td data-col-size=\"sm\" data-start=\"3293\" data-end=\"3328\">2 anni<\/td>\n<\/tr>\n<\/tbody>\n<\/table>\n<div class=\"sticky end-(--thread-content-margin) h-0 self-end select-none\">\n<div class=\"absolute end-0 flex items-end\"><\/div>\n<\/div>\n<\/div>\n<\/div>\n<h3 data-start=\"3335\" data-end=\"3390\">L&#8217;ultima parola: Non perdere mai un obiettivo con Blackeye!<\/h3>\n<p data-start=\"3391\" data-end=\"3575\">Adrenalin Blackeye combina un&#8217;avanzata rilevazione di profondit\u00e0 e un&#8217;accurata identificazione dei metalli con un funzionamento facile da usare, rendendolo il compagno perfetto per i cacciatori di tesori professionisti.<\/p>\n<p data-start=\"3577\" data-end=\"3688\">\ud83c\udfaf Esegui ricerche mirate, evita di scavare inutilmente e trova obiettivi preziosi in modo pi\u00f9 rapido ed efficiente!<\/p>\n<p data-start=\"3690\" data-end=\"3790\"><strong data-start=\"3693\" data-end=\"3713\">Con<\/strong> Blackeye la caccia al tesoro diventa pi\u00f9 sicura, pi\u00f9 veloce e pi\u00f9 efficace!<\/p>\n","protected":false},"excerpt":{"rendered":"<div class=\"elementor-element elementor-element-f2b312d elementor-widget elementor-widget-heading\" data-id=\"f2b312d\" data-element_type=\"widget\" data-widget_type=\"heading.default\">\n<div class=\"elementor-widget-container\"><span class=\"elementor-heading-title elementor-size-default\">Siamo qui per il <strong>localizzatore a lungo raggio<\/strong> pi\u00f9 potente, il <strong>localizzatore a lungo raggio<\/strong> pi\u00f9 <strong>professionale<\/strong> e l&#8217;assistenza rapida per i <strong>metal detector.<\/strong><\/span><\/div>\n<\/div>\n","protected":false},"featured_media":1002519,"comment_status":"open","ping_status":"closed","template":"","meta":[],"product_brand":[64],"product_cat":[166,167],"product_tag":[],"class_list":{"0":"post-1003507","1":"product","2":"type-product","3":"status-publish","4":"has-post-thumbnail","6":"product_brand-adrenalin-metal-detector","7":"product_cat-bacchette-da-radiestesia","8":"product_cat-localizzatore-a-lungo-raggio","10":"first","11":"instock","12":"shipping-taxable","13":"purchasable","14":"product-type-simple"},"jetpack_sharing_enabled":true,"_links":{"self":[{"href":"https:\/\/adrenalindetector.com\/it\/wp-json\/wp\/v2\/product\/1003507","targetHints":{"allow":["GET"]}}],"collection":[{"href":"https:\/\/adrenalindetector.com\/it\/wp-json\/wp\/v2\/product"}],"about":[{"href":"https:\/\/adrenalindetector.com\/it\/wp-json\/wp\/v2\/types\/product"}],"replies":[{"embeddable":true,"href":"https:\/\/adrenalindetector.com\/it\/wp-json\/wp\/v2\/comments?post=1003507"}],"version-history":[{"count":0,"href":"https:\/\/adrenalindetector.com\/it\/wp-json\/wp\/v2\/product\/1003507\/revisions"}],"wp:featuredmedia":[{"embeddable":true,"href":"https:\/\/adrenalindetector.com\/it\/wp-json\/wp\/v2\/media\/1002519"}],"wp:attachment":[{"href":"https:\/\/adrenalindetector.com\/it\/wp-json\/wp\/v2\/media?parent=1003507"}],"wp:term":[{"taxonomy":"product_brand","embeddable":true,"href":"https:\/\/adrenalindetector.com\/it\/wp-json\/wp\/v2\/product_brand?post=1003507"},{"taxonomy":"product_cat","embeddable":true,"href":"https:\/\/adrenalindetector.com\/it\/wp-json\/wp\/v2\/product_cat?post=1003507"},{"taxonomy":"product_tag","embeddable":true,"href":"https:\/\/adrenalindetector.com\/it\/wp-json\/wp\/v2\/product_tag?post=1003507"}],"curies":[{"name":"wp","href":"https:\/\/api.w.org\/{rel}","templated":true}]}}