{"id":1003977,"date":"2025-07-01T23:12:13","date_gmt":"2025-07-01T23:12:13","guid":{"rendered":"https:\/\/adrenalindetector.com\/product\/pacchetto-adrenalin-visionary-standard\/"},"modified":"2025-12-02T03:38:49","modified_gmt":"2025-12-02T03:38:49","slug":"pacchetto-adrenalin-visionary-standard","status":"publish","type":"product","link":"https:\/\/adrenalindetector.com\/it\/prodotto\/pacchetto-adrenalin-visionary-standard\/","title":{"rendered":"Pacchetto Adrenalin Visionary | Standard"},"content":{"rendered":"<h3 data-start=\"169\" data-end=\"267\"><span style=\"color: #000000;\"><strong data-start=\"176\" data-end=\"265\">Adrenalin VISIONARY &#8211; Rilevatore di ricerca profonda che combina 3 tecnologie in un unico dispositivo<\/strong><\/span><\/h3>\n<p data-start=\"268\" data-end=\"733\"><span style=\"color: #000000;\">\ud83d\udce1 <strong data-start=\"271\" data-end=\"326\">Imaging 3D &#8211; Sistema a impulsi &#8211; Tecnologia magnetometrica<\/strong><\/span><\/p>\n<p data-start=\"268\" data-end=\"733\"><span style=\"color: #000000;\">VISIONARY \u00e8 un sistema di imaging sotterraneo e di rilevamento di metalli di alto livello sviluppato per i cacciatori di tesori professionisti. Combina tre tecnologie avanzate in un unico dispositivo: Sistema di induzione a impulsi potenziato, elettromagnetico passivo (magnetometro) e tecnologia di imaging 3D. <\/span><br data-start=\"608\" data-end=\"611\"><span style=\"color: #000000;\">Grazie a questa combinazione unica, VISIONARY offre prestazioni ineguagliabili sia per la ricerca profonda che per il rilevamento di singole monete.<\/span><\/p>\n<h3 data-start=\"740\" data-end=\"778\"><span style=\"color: #000000;\">\ud83d\ude80 Caratteristiche principali del VISIONARY<\/span><\/h3>\n<p data-start=\"779\" data-end=\"1301\"><span style=\"color: #000000;\"><strong data-start=\"783\" data-end=\"808\">3 tecnologie in una<\/strong>: rilevatore di impulsi + imaging elettromagnetico 3D + sistema magnetometro<\/span><br data-start=\"875\" data-end=\"878\"><span style=\"color: #000000;\"><strong data-start=\"882\" data-end=\"909\">Sistema di bilanciamento del terreno<\/strong>: Regolazione avanzata per vari tipi di terreno<\/span><br data-start=\"953\" data-end=\"956\"><span style=\"color: #000000;\"><strong data-start=\"960\" data-end=\"979\">Modalit\u00e0 Non-Motion<\/strong>: Rileva bersagli profondi stando fermo<\/span><br data-start=\"1021\" data-end=\"1024\"><span style=\"color: #000000;\">\u2705 <strong data-start=\"1028\" data-end=\"1060\">Prestazioni leader in profondit\u00e0<\/strong>: Rileva metalli come oro, argento e rame fino a 6 metri di profondit\u00e0<\/span><br data-start=\"1126\" data-end=\"1129\"><span style=\"color: #000000;\"><strong data-start=\"1133\" data-end=\"1153\">Rilevamento di cavit\u00e0<\/strong>: Rileva grotte, cantine, stanze e tunnel fino a 4 metri di profondit\u00e0.<\/span><br data-start=\"1217\" data-end=\"1220\"><span style=\"color: #000000;\"><strong data-start=\"1224\" data-end=\"1251\">Interfaccia facile da usare<\/strong>: Semplice e intuitiva anche per gli utenti alle prime armi<\/span><\/p>\n<h3 data-start=\"1308\" data-end=\"1348\"><span style=\"color: #000000;\">\ud83d\udcf1 Integrazione del software Android 3D<\/span><\/h3>\n<p data-start=\"1349\" data-end=\"1573\"><span style=\"color: #000000;\">VISIONARY \u00e8 completamente compatibile con gli smartphone e i tablet basati su Android. I dati ricevuti dal dispositivo vengono trasformati istantaneamente in grafica 3D, permettendoti di analizzare la forma, le dimensioni e la profondit\u00e0 del bersaglio in tempo reale. <\/span><\/p>\n<h3 data-start=\"1580\" data-end=\"1627\"><span style=\"color: #000000;\">Sistema avanzato di discriminazione e identificazione dei metalli<\/span><\/h3>\n<p data-start=\"1628\" data-end=\"1914\"><span style=\"color: #000000;\">&#8211; \ud83d\udcca <strong data-start=\"1633\" data-end=\"1670\">Identificazione numerica (ID 00-99)<\/strong>: Classifica gli obiettivi in base al valore di conducibilit\u00e0<\/span><br data-start=\"1718\" data-end=\"1721\"><span style=\"color: #000000;\">&#8211; \ud83c\udfa7 <strong data-start=\"1726\" data-end=\"1750\">Discriminazione audio<\/strong>: Tono continuo per i metalli preziosi; tono di taglio per i metalli spazzatura<\/span><br data-start=\"1816\" data-end=\"1819\"><span style=\"color: #000000;\">&#8211; \ud83e\uddf2 <strong data-start=\"1824\" data-end=\"1846\">Indicatore FE \/ NFE<\/strong>: Distingue istantaneamente tra obiettivi ferrosi e non ferrosi<\/span><\/p>\n<h3 data-start=\"1921\" data-end=\"1969\"><span style=\"color: #000000;\">Profondit\u00e0 di rilevamento (in base alle dimensioni della bobina di ricerca)<\/span><\/h3>\n<div class=\"_tableContainer_80l1q_1\">\n<div class=\"_tableWrapper_80l1q_14 group flex w-fit flex-col-reverse\" tabindex=\"-1\">\n<table class=\"w-fit min-w-(--thread-content-width)\" data-start=\"1971\" data-end=\"2427\">\n<thead data-start=\"1971\" data-end=\"2045\">\n<tr data-start=\"1971\" data-end=\"2045\">\n<th data-start=\"1971\" data-end=\"1996\" data-col-size=\"sm\"><span style=\"color: #000000;\">OGGETTO \/ BERSAGLIO<\/span><\/th>\n<th data-start=\"1996\" data-end=\"2007\" data-col-size=\"sm\"><span style=\"color: #000000;\">34 CM DD<\/span><\/th>\n<th data-start=\"2007\" data-end=\"2018\" data-col-size=\"sm\"><span style=\"color: #000000;\">70&#215;70 CM<\/span><\/th>\n<th data-start=\"2018\" data-end=\"2031\" data-col-size=\"sm\"><span style=\"color: #000000;\">130&#215;130 CM<\/span><\/th>\n<th data-start=\"2031\" data-end=\"2045\" data-col-size=\"sm\"><span style=\"color: #000000;\">150&#215;150 CM<\/span><\/th>\n<\/tr>\n<\/thead>\n<tbody data-start=\"2124\" data-end=\"2427\">\n<tr data-start=\"2124\" data-end=\"2199\">\n<td data-start=\"2124\" data-end=\"2149\" data-col-size=\"sm\"><span style=\"color: #000000;\">Mezza moneta d&#8217;oro<\/span><\/td>\n<td data-col-size=\"sm\" data-start=\"2149\" data-end=\"2159\"><span style=\"color: #000000;\">25 cm<\/span><\/td>\n<td data-col-size=\"sm\" data-start=\"2159\" data-end=\"2170\"><span style=\"color: #000000;\">40 cm<\/span><\/td>\n<td data-col-size=\"sm\" data-start=\"2170\" data-end=\"2184\"><span style=\"color: #000000;\">&#8211;<\/span><\/td>\n<td data-col-size=\"sm\" data-start=\"2184\" data-end=\"2199\"><span style=\"color: #000000;\">&#8211;<\/span><\/td>\n<\/tr>\n<tr data-start=\"2200\" data-end=\"2275\">\n<td data-start=\"2200\" data-end=\"2225\" data-col-size=\"sm\"><span style=\"color: #000000;\">Bracciale d&#8217;oro<\/span><\/td>\n<td data-col-size=\"sm\" data-start=\"2225\" data-end=\"2235\"><span style=\"color: #000000;\">70 cm<\/span><\/td>\n<td data-col-size=\"sm\" data-start=\"2235\" data-end=\"2246\"><span style=\"color: #000000;\">110 cm<\/span><\/td>\n<td data-col-size=\"sm\" data-start=\"2246\" data-end=\"2260\"><span style=\"color: #000000;\">120 cm<\/span><\/td>\n<td data-col-size=\"sm\" data-start=\"2260\" data-end=\"2275\"><span style=\"color: #000000;\">100 cm<\/span><\/td>\n<\/tr>\n<tr data-start=\"2276\" data-end=\"2351\">\n<td data-start=\"2276\" data-end=\"2301\" data-col-size=\"sm\"><span style=\"color: #000000;\">Lastra di rame 10&#215;10 cm<\/span><\/td>\n<td data-col-size=\"sm\" data-start=\"2301\" data-end=\"2311\"><span style=\"color: #000000;\">80 cm<\/span><\/td>\n<td data-col-size=\"sm\" data-start=\"2311\" data-end=\"2322\"><span style=\"color: #000000;\">120 cm<\/span><\/td>\n<td data-col-size=\"sm\" data-start=\"2322\" data-end=\"2336\"><span style=\"color: #000000;\">130 cm<\/span><\/td>\n<td data-col-size=\"sm\" data-start=\"2336\" data-end=\"2351\"><span style=\"color: #000000;\">150 cm<\/span><\/td>\n<\/tr>\n<tr data-start=\"2352\" data-end=\"2427\">\n<td data-start=\"2352\" data-end=\"2377\" data-col-size=\"sm\"><span style=\"color: #000000;\">25&#215;25 cm Casco<\/span><\/td>\n<td data-col-size=\"sm\" data-start=\"2377\" data-end=\"2387\"><span style=\"color: #000000;\">130 cm<\/span><\/td>\n<td data-col-size=\"sm\" data-start=\"2387\" data-end=\"2398\"><span style=\"color: #000000;\">190 cm<\/span><\/td>\n<td data-col-size=\"sm\" data-start=\"2398\" data-end=\"2412\"><span style=\"color: #000000;\">250 cm<\/span><\/td>\n<td data-col-size=\"sm\" data-start=\"2412\" data-end=\"2427\"><span style=\"color: #000000;\">300 cm<\/span><\/td>\n<\/tr>\n<\/tbody>\n<\/table>\n<div class=\"sticky end-(--thread-content-margin) h-0 self-end select-none\">\n<div class=\"absolute end-0 flex items-end\"><\/div>\n<\/div>\n<\/div>\n<\/div>\n<p data-start=\"2429\" data-end=\"2567\"><span style=\"color: #000000;\">\ud83d\udccc <strong data-start=\"2432\" data-end=\"2440\">Nota<\/strong>: la profondit\u00e0 pu\u00f2 variare a seconda del tipo di terreno e di quanto tempo l&#8217;oggetto \u00e8 stato sepolto. I sistemi a impulsi funzionano meglio sugli obiettivi pi\u00f9 vecchi. <\/span><\/p>\n<h3 data-start=\"2574\" data-end=\"2623\"><span style=\"color: #000000;\">Contenuto della confezione &#8211; Versioni standard e completa<\/span><\/h3>\n<p data-start=\"2625\" data-end=\"2727\"><span style=\"color: #000000;\"><strong data-start=\"2625\" data-end=\"2646\">Pacchetto standard:<\/strong><\/span><br data-start=\"2646\" data-end=\"2649\"><span style=\"color: #000000;\">&#8211; Unit\u00e0 principale<\/span><br data-start=\"2660\" data-end=\"2663\"><span style=\"color: #000000;\">&#8211; Caricabatterie<\/span><br data-start=\"2672\" data-end=\"2675\"><span style=\"color: #000000;\">&#8211; Cuffie<\/span><br data-start=\"2687\" data-end=\"2690\"><span style=\"color: #000000;\">&#8211; Custodia per il trasporto<\/span><br data-start=\"2705\" data-end=\"2708\"><span style=\"color: #000000;\">&#8211; 3 bobine di ricerca:<\/span><\/p>\n<ul data-start=\"2730\" data-end=\"2793\">\n<li data-start=\"2730\" data-end=\"2747\">\n<p data-start=\"2732\" data-end=\"2747\"><span style=\"color: #000000;\">Bobina DD da 34 cm<\/span><\/p>\n<\/li>\n<li data-start=\"2750\" data-end=\"2769\">\n<p data-start=\"2752\" data-end=\"2769\"><span style=\"color: #000000;\">70&#215;70 Mono Coil<\/span><\/p>\n<\/li>\n<li data-start=\"2772\" data-end=\"2793\">\n<p data-start=\"2774\" data-end=\"2793\"><span style=\"color: #000000;\">130&#215;130 Mono Coil<\/span><\/p>\n<\/li>\n<\/ul>\n<p data-start=\"2795\" data-end=\"2869\"><span style=\"color: #000000;\"><strong data-start=\"2795\" data-end=\"2821\">Il pacchetto completo include:<\/strong><\/span><br data-start=\"2821\" data-end=\"2824\"><span style=\"color: #000000;\">&#8211; Tutto quello che c&#8217;\u00e8 nel pacchetto standard, pi\u00f9:<\/span><\/p>\n<ul data-start=\"2872\" data-end=\"2934\">\n<li data-start=\"2872\" data-end=\"2903\">\n<p data-start=\"2874\" data-end=\"2903\"><span style=\"color: #000000;\">Sensore EM (magnetometro 3D)<\/span><\/p>\n<\/li>\n<li data-start=\"2906\" data-end=\"2934\">\n<p data-start=\"2908\" data-end=\"2934\"><span style=\"color: #000000;\">Supporto software Android<\/span><\/p>\n<\/li>\n<\/ul>\n<p><iframe title=\"Lettore video di YouTube\" src=\"https:\/\/www.youtube.com\/embed\/videoseries?si=2gW3Aiw8_JgtLGVl&amp;list=PLi_Z_j5lvjC-1x8RNgDuvxK2Y4nAdLC12\" width=\"560\" height=\"450\" frameborder=\"0\" allowfullscreen=\"allowfullscreen\"><\/iframe><\/p>\n<p>&nbsp;<\/p>\n<h3 data-start=\"2941\" data-end=\"2969\"><span style=\"color: #000000;\">Specifiche tecniche<\/span><\/h3>\n<div class=\"_tableContainer_80l1q_1\">\n<div class=\"_tableWrapper_80l1q_14 group flex w-fit flex-col-reverse\" tabindex=\"-1\">\n<table class=\"w-fit min-w-(--thread-content-width)\" data-start=\"2971\" data-end=\"3920\">\n<thead data-start=\"2971\" data-end=\"3038\">\n<tr data-start=\"2971\" data-end=\"3038\">\n<th data-start=\"2971\" data-end=\"2998\" data-col-size=\"sm\"><span style=\"color: #000000;\">Caratteristica<\/span><\/th>\n<th data-start=\"2998\" data-end=\"3038\" data-col-size=\"sm\"><span style=\"color: #000000;\">Valore<\/span><\/th>\n<\/tr>\n<\/thead>\n<tbody data-start=\"3107\" data-end=\"3920\">\n<tr data-start=\"3107\" data-end=\"3173\">\n<td data-start=\"3107\" data-end=\"3134\" data-col-size=\"sm\"><span style=\"color: #000000;\">Sistema operativo<\/span><\/td>\n<td data-col-size=\"sm\" data-start=\"3134\" data-end=\"3173\"><span style=\"color: #000000;\">Induzione di impulsi potenziata (PI)<\/span><\/td>\n<\/tr>\n<tr data-start=\"3174\" data-end=\"3241\">\n<td data-start=\"3174\" data-end=\"3201\" data-col-size=\"sm\"><span style=\"color: #000000;\">Frequenza<\/span><\/td>\n<td data-col-size=\"sm\" data-start=\"3201\" data-end=\"3241\"><span style=\"color: #000000;\">1000 impulsi al secondo<\/span><\/td>\n<\/tr>\n<tr data-start=\"3242\" data-end=\"3308\">\n<td data-start=\"3242\" data-end=\"3269\" data-col-size=\"sm\"><span style=\"color: #000000;\">Modalit\u00e0 di rilevamento<\/span><\/td>\n<td data-col-size=\"sm\" data-start=\"3269\" data-end=\"3308\"><span style=\"color: #000000;\">Generale, Sensibile, 3D Cavit\u00e0-Metallo<\/span><\/td>\n<\/tr>\n<tr data-start=\"3309\" data-end=\"3376\">\n<td data-start=\"3309\" data-end=\"3336\" data-col-size=\"sm\"><span style=\"color: #000000;\">Regolazione del terreno<\/span><\/td>\n<td data-col-size=\"sm\" data-start=\"3336\" data-end=\"3376\"><span style=\"color: #000000;\">Automatica e manuale<\/span><\/td>\n<\/tr>\n<tr data-start=\"3377\" data-end=\"3444\">\n<td data-start=\"3377\" data-end=\"3404\" data-col-size=\"sm\"><span style=\"color: #000000;\">Sensibilit\u00e0 \/ Guadagno<\/span><\/td>\n<td data-col-size=\"sm\" data-start=\"3404\" data-end=\"3444\"><span style=\"color: #000000;\">Livello 1-9<\/span><\/td>\n<\/tr>\n<tr data-start=\"3445\" data-end=\"3512\">\n<td data-start=\"3445\" data-end=\"3472\" data-col-size=\"sm\"><span style=\"color: #000000;\">Batteria \/ Autonomia<\/span><\/td>\n<td data-col-size=\"sm\" data-start=\"3472\" data-end=\"3512\"><span style=\"color: #000000;\">12,6V Li-Po \/ 6-8 ore<\/span><\/td>\n<\/tr>\n<tr data-start=\"3513\" data-end=\"3580\">\n<td data-start=\"3513\" data-end=\"3540\" data-col-size=\"sm\"><span style=\"color: #000000;\">Display<\/span><\/td>\n<td data-col-size=\"sm\" data-start=\"3540\" data-end=\"3580\"><span style=\"color: #000000;\">LCD retroilluminato<\/span><\/td>\n<\/tr>\n<tr data-start=\"3581\" data-end=\"3648\">\n<td data-start=\"3581\" data-end=\"3608\" data-col-size=\"sm\"><span style=\"color: #000000;\">Indicatore di profondit\u00e0<\/span><\/td>\n<td data-col-size=\"sm\" data-start=\"3608\" data-end=\"3648\"><span style=\"color: #000000;\">Automatico (in cm)<\/span><\/td>\n<\/tr>\n<tr data-start=\"3649\" data-end=\"3716\">\n<td data-start=\"3649\" data-end=\"3676\" data-col-size=\"sm\"><span style=\"color: #000000;\">Jack per cuffie<\/span><\/td>\n<td data-col-size=\"sm\" data-start=\"3676\" data-end=\"3716\"><span style=\"color: #000000;\">Jack mono da \u00bc<\/span><\/td>\n<\/tr>\n<tr data-start=\"3717\" data-end=\"3784\">\n<td data-start=\"3717\" data-end=\"3744\" data-col-size=\"sm\"><span style=\"color: #000000;\">Temperatura di esercizio<\/span><\/td>\n<td data-col-size=\"sm\" data-start=\"3744\" data-end=\"3784\"><span style=\"color: #000000;\">Da -10\u00b0C a +50\u00b0C<\/span><\/td>\n<\/tr>\n<tr data-start=\"3785\" data-end=\"3852\">\n<td data-start=\"3785\" data-end=\"3812\" data-col-size=\"sm\"><span style=\"color: #000000;\">Peso e portabilit\u00e0<\/span><\/td>\n<td data-col-size=\"sm\" data-start=\"3812\" data-end=\"3852\"><span style=\"color: #000000;\">Leggero, con tracolla, compatto<\/span><\/td>\n<\/tr>\n<tr data-start=\"3853\" data-end=\"3920\">\n<td data-start=\"3853\" data-end=\"3880\" data-col-size=\"sm\"><span style=\"color: #000000;\">Connettivit\u00e0<\/span><\/td>\n<td data-col-size=\"sm\" data-start=\"3880\" data-end=\"3920\"><span style=\"color: #000000;\">Dongle wireless \/ Compatibile con Android<\/span><\/td>\n<\/tr>\n<\/tbody>\n<\/table>\n<div class=\"sticky end-(--thread-content-margin) h-0 self-end select-none\">\n<div class=\"absolute end-0 flex items-end\"><\/div>\n<\/div>\n<\/div>\n<\/div>\n<h3 data-start=\"3927\" data-end=\"3982\"><span style=\"color: #000000;\">\ud83c\udfc6 Incontra VISIONARY: scopri cosa c&#8217;\u00e8 nel profondo!<\/span><\/h3>\n<p data-start=\"3983\" data-end=\"4183\"><span style=\"color: #000000;\">Adrenalin VISIONARY \u00e8 pi\u00f9 di un semplice rilevatore: \u00e8 un sistema professionale di imaging del sottosuolo, uno strumento prezioso per l&#8217;esplorazione archeologica e il tuo partner pi\u00f9 affidabile nella caccia al tesoro.<\/span><\/p>\n<p data-start=\"4185\" data-end=\"4300\"><span style=\"color: #000000;\">\ud83c\udfaf  <strong data-start=\"4188\" data-end=\"4300\">Supera i limiti nelle tue esplorazioni. Sii il primo a raggiungere i tesori pi\u00f9 profondi con Adrenalin VISIONARY! <\/strong><\/span><\/p>\n","protected":false},"excerpt":{"rendered":"<div class=\"elementor-element elementor-element-f2b312d elementor-widget elementor-widget-heading\" data-id=\"f2b312d\" data-element_type=\"widget\" data-widget_type=\"heading.default\">\n<div class=\"elementor-widget-container\"><span class=\"elementor-heading-title elementor-size-default\"><strong>Il miglior metal detector per l&#8217;oro &#8211; Adrenalin VISIONARY<\/strong> \u00e8 un <strong>metal detector 3D<\/strong> prodotto con la nuova tecnologia GBS. E&#8217; un <strong>metal detector<\/strong> stabile. <\/span><\/div>\n<\/div>\n<div class=\"elementor-element elementor-element-721db11 elementor-widget elementor-widget-spacer\" data-id=\"721db11\" data-element_type=\"widget\" data-widget_type=\"spacer.default\">\n<div class=\"elementor-widget-container\">\n<div class=\"elementor-spacer\"><\/div>\n<\/div>\n<\/div>\n","protected":false},"featured_media":1002409,"comment_status":"open","ping_status":"closed","template":"","meta":[],"product_brand":[],"product_cat":[212,213,196,194],"product_tag":[],"class_list":{"0":"post-1003977","1":"product","2":"type-product","3":"status-publish","4":"has-post-thumbnail","6":"product_cat-il-miglior-metal-detector-per-loro","7":"product_cat-metal-detector-3d","8":"product_cat-rivelatore-doro-3d","9":"product_cat-rivelatori-doro","11":"first","12":"instock","13":"sale","14":"shipping-taxable","15":"purchasable","16":"product-type-simple"},"jetpack_sharing_enabled":true,"_links":{"self":[{"href":"https:\/\/adrenalindetector.com\/it\/wp-json\/wp\/v2\/product\/1003977","targetHints":{"allow":["GET"]}}],"collection":[{"href":"https:\/\/adrenalindetector.com\/it\/wp-json\/wp\/v2\/product"}],"about":[{"href":"https:\/\/adrenalindetector.com\/it\/wp-json\/wp\/v2\/types\/product"}],"replies":[{"embeddable":true,"href":"https:\/\/adrenalindetector.com\/it\/wp-json\/wp\/v2\/comments?post=1003977"}],"version-history":[{"count":0,"href":"https:\/\/adrenalindetector.com\/it\/wp-json\/wp\/v2\/product\/1003977\/revisions"}],"wp:featuredmedia":[{"embeddable":true,"href":"https:\/\/adrenalindetector.com\/it\/wp-json\/wp\/v2\/media\/1002409"}],"wp:attachment":[{"href":"https:\/\/adrenalindetector.com\/it\/wp-json\/wp\/v2\/media?parent=1003977"}],"wp:term":[{"taxonomy":"product_brand","embeddable":true,"href":"https:\/\/adrenalindetector.com\/it\/wp-json\/wp\/v2\/product_brand?post=1003977"},{"taxonomy":"product_cat","embeddable":true,"href":"https:\/\/adrenalindetector.com\/it\/wp-json\/wp\/v2\/product_cat?post=1003977"},{"taxonomy":"product_tag","embeddable":true,"href":"https:\/\/adrenalindetector.com\/it\/wp-json\/wp\/v2\/product_tag?post=1003977"}],"curies":[{"name":"wp","href":"https:\/\/api.w.org\/{rel}","templated":true}]}}