{"id":1003295,"date":"2025-07-15T22:54:40","date_gmt":"2025-07-15T22:54:40","guid":{"rendered":"https:\/\/adrenalindetector.com\/politica-de-devolucao\/"},"modified":"2025-07-17T17:51:03","modified_gmt":"2025-07-17T17:51:03","slug":"politica-de-devolucao","status":"publish","type":"page","link":"https:\/\/adrenalindetector.com\/pt-pt\/politica-de-devolucao\/","title":{"rendered":"Pol\u00edtica de devolu\u00e7\u00e3o"},"content":{"rendered":"\t\t<div data-elementor-type=\"wp-page\" data-elementor-id=\"1003295\" class=\"elementor elementor-1003295 elementor-993257\">\n\t\t\t\t<div class=\"wd-negative-gap elementor-element elementor-element-a704229 e-flex e-con-boxed e-con e-parent\" data-id=\"a704229\" data-element_type=\"container\">\n\t\t\t\t\t<div class=\"e-con-inner\">\n\t\t<div class=\"wd-sticky-container-lg elementor-element elementor-element-485b79f e-con-full wd-col-offcanvas-md-sm wd-col-offcanvas-sm e-flex wd-alignment-left e-con e-child\" data-id=\"485b79f\" data-element_type=\"container\">\n\t\t\t\t<div class=\"elementor-element elementor-element-1627b1f elementor-widget elementor-widget-wd_mega_menu\" data-id=\"1627b1f\" data-element_type=\"widget\" data-widget_type=\"wd_mega_menu.default\">\n\t\t\t\t<div class=\"elementor-widget-container\">\n\t\t\t\t\t\t\t<div class=\"wd-menu widget_nav_mega_menu\">\n\t\t\t\t\t\t<ul id=\"menu-sidebar-menu-marketplace-2\" class=\"menu wd-nav wd-nav-vertical wd-design-simple wd-gap-l\"><li id=\"menu-item-825\" class=\"menu-item menu-item-type-post_type menu-item-object-page menu-item-825 item-level-0 menu-simple-dropdown wd-event-hover\" ><a href=\"https:\/\/adrenalindetector.com\/track-you-order\/\" class=\"woodmart-nav-link\"><span class=\"nav-link-text\">Acompanha a tua encomenda<\/span><\/a><\/li>\n<li id=\"menu-item-824\" class=\"menu-item menu-item-type-post_type menu-item-object-page menu-item-824 item-level-0 menu-simple-dropdown wd-event-hover\" ><a href=\"https:\/\/adrenalindetector.com\/about-us\/\" class=\"woodmart-nav-link\"><span class=\"nav-link-text\">Sobre n\u00f3s<\/span><\/a><\/li>\n<li id=\"menu-item-828\" class=\"menu-item menu-item-type-post_type menu-item-object-page menu-item-828 item-level-0 menu-simple-dropdown wd-event-hover\" ><a href=\"https:\/\/adrenalindetector.com\/our-dealers\/\" class=\"woodmart-nav-link\"><span class=\"nav-link-text\">Os nossos concession\u00e1rios<\/span><\/a><\/li>\n<li id=\"menu-item-826\" class=\"menu-item menu-item-type-post_type menu-item-object-page menu-item-826 item-level-0 menu-simple-dropdown wd-event-hover\" ><a href=\"https:\/\/adrenalindetector.com\/contact-us\/\" class=\"woodmart-nav-link\"><span class=\"nav-link-text\">Contacta-nos<\/span><\/a><\/li>\n<\/ul>\t\t<\/div>\n\t\t\t\t\t\t<\/div>\n\t\t\t\t<\/div>\n\t\t\t\t<\/div>\n\t\t<div class=\"elementor-element elementor-element-f8d0854 e-con-full wd-col-content-md-sm wd-col-content-sm e-flex e-con e-child\" data-id=\"f8d0854\" data-element_type=\"container\">\n\t\t<div class=\"elementor-element elementor-element-cd989f3 e-con-full e-flex e-con e-child\" data-id=\"cd989f3\" data-element_type=\"container\">\n\t\t\t\t<div class=\"elementor-element elementor-element-451b0e4 elementor-hidden-desktop wd-action-hide-btn elementor-widget elementor-widget-wd_builder_off_canvas_column_btn\" data-id=\"451b0e4\" data-element_type=\"widget\" data-widget_type=\"wd_builder_off_canvas_column_btn.default\">\n\t\t\t\t<div class=\"elementor-widget-container\">\n\t\t\t\t\t\n\t\t<div class=\"wd-off-canvas-btn wd-action-btn wd-style-text wd-burger-icon\">\n\t\t\t<a href=\"#\" rel=\"nofollow\">\n\t\t\t\t\t\t\t\tMostra a barra lateral\t\t\t<\/a>\n\t\t<\/div>\n\n\t\t\t\t\t<div class=\"wd-sidebar-opener wd-show-on-scroll wd-action-btn wd-style-icon wd-burger-icon\">\n\t\t\t\t<a href=\"#\" rel=\"nofollow\">\n\t\t\t\t\t\t\t\t\t<\/a>\n\t\t\t<\/div>\n\t\t\t\t\t\t\t\t<\/div>\n\t\t\t\t<\/div>\n\t\t<div class=\"elementor-element elementor-element-c271f92 e-con-full color-scheme-light e-flex e-con e-child\" data-id=\"c271f92\" data-element_type=\"container\" data-settings=\"{&quot;background_background&quot;:&quot;classic&quot;}\">\n\t\t\t\t<div class=\"elementor-element elementor-element-77a9faf wd-width-100 elementor-widget elementor-widget-wd_title\" data-id=\"77a9faf\" data-element_type=\"widget\" data-widget_type=\"wd_title.default\">\n\t\t\t\t<div class=\"elementor-widget-container\">\n\t\t\t\t\t\t\t<div class=\"title-wrapper wd-set-mb reset-last-child wd-title-color-default wd-title-style-default wd-title-size-default text-center\">\n\n\t\t\t\n\t\t\t<div class=\"liner-continer\">\n\t\t\t\t<h4 class=\"woodmart-title-container title wd-fontsize-l\">Pol\u00edtica de devolu\u00e7\u00e3o<\/h4> \n\t\t\t\t\t\t\t<\/div>\n\n\t\t\t\t\t<\/div>\n\t\t\t\t\t\t<\/div>\n\t\t\t\t<\/div>\n\t\t\t\t<\/div>\n\t\t\t\t<\/div>\n\t\t<div class=\"elementor-element elementor-element-132a064 e-con-full e-flex e-con e-child\" data-id=\"132a064\" data-element_type=\"container\">\n\t\t\t\t<div class=\"elementor-element elementor-element-7e03752 wd-width-100 elementor-widget elementor-widget-wd_title\" data-id=\"7e03752\" data-element_type=\"widget\" data-widget_type=\"wd_title.default\">\n\t\t\t\t<div class=\"elementor-widget-container\">\n\t\t\t\t\t\t\t<div class=\"title-wrapper wd-set-mb reset-last-child wd-title-color-default wd-title-style-default wd-title-size-default text-left\">\n\n\t\t\t\n\t\t\t<div class=\"liner-continer\">\n\t\t\t\t<h4 class=\"woodmart-title-container title wd-fontsize-l\">Devolu\u00e7\u00f5es e condi\u00e7\u00f5es<\/h4> \n\t\t\t\t\t\t\t<\/div>\n\n\t\t\t\t\t\t\t<div class=\"title-after_title reset-last-child wd-fontsize-xs\">\n\t\t\t\t\t<p><span style=\"color: #000000\"><strong>Base jur\u00eddica<\/strong><\/span><br><span style=\"color: #000000\">Os detectores, concebidos para uso pessoal e para fins profissionais, s\u00e3o considerados \"produtos n\u00e3o recuper\u00e1veis\" ao abrigo da lei de defesa do consumidor devido \u00e0 sua natureza sens\u00edvel e especializada.<\/span><\/p><p><span style=\"color: #000000\"><strong>Produtos defeituosos ou com falhas<\/strong><\/span><br><span style=\"color: #000000\">Se a Adrenalin Detetor enviar um produto defeituoso ou avariado, deve fazer um relat\u00f3rio ao agente de carga. O cliente deve contactar-nos no prazo de 24 horas ap\u00f3s a rece\u00e7\u00e3o do produto. Nestes casos, \u00e9 poss\u00edvel proceder \u00e0 substitui\u00e7\u00e3o do produto; no entanto, se o produto estiver em condi\u00e7\u00f5es de funcionamento, n\u00e3o s\u00e3o aceites devolu\u00e7\u00f5es.  <\/span><\/p><p><span style=\"color: #000000\"><strong>Inspe\u00e7\u00e3o no momento da entrega<\/strong><\/span><br><span style=\"color: #000000\">Se houver danos vis\u00edveis na embalagem do produto, esta deve ser inspeccionada pelo destinat\u00e1rio na presen\u00e7a do agente de carga durante a entrega. Se forem detectados danos f\u00edsicos ou a falta de um artigo, o agente de carga deve elaborar um relat\u00f3rio. Dever\u00e1 ser apresentado um pedido de indemniza\u00e7\u00e3o \u00e0 empresa de transporte pelo valor do produto. Nestes casos, contacta-nos sobre o assunto.   <\/span><\/p><p><span style=\"color: #000000\"><strong>Preven\u00e7\u00e3o da utiliza\u00e7\u00e3o indevida<\/strong><\/span><br><span style=\"color: #000000\">Quando os detectores s\u00e3o devolvidos ap\u00f3s a sua rece\u00e7\u00e3o, sofrem uma deprecia\u00e7\u00e3o material e tecnol\u00f3gica. Por conseguinte, o direito de devolu\u00e7\u00e3o s\u00f3 \u00e9 v\u00e1lido em situa\u00e7\u00f5es legais em que o produto \u00e9 defeituoso ou viciado. <\/span><\/p><p><span style=\"color: #000000\"><strong>Produtos que n\u00e3o s\u00e3o recolhidos na alf\u00e2ndega<\/strong><\/span><br><span style=\"color: #000000\">Se um envio n\u00e3o for recolhido na alf\u00e2ndega e nos for devolvido, todos os custos alfandeg\u00e1rios e de envio ser\u00e3o deduzidos e o montante restante ser\u00e1 reembolsado.<\/span><\/p><p><span style=\"color: #000000\"><strong>Nota:<\/strong><\/span><br><span style=\"color: #000000\">A troca s\u00f3 \u00e9 efectuada para os produtos identificados como avariados ou defeituosos pela Adrenalin Detetor.<\/span><\/p><p><span style=\"color: #000000\"><strong>Prote\u00e7\u00e3o do fabricante<\/strong><\/span><br><span style=\"color: #000000\">Os produtos Adrenalin Detetor est\u00e3o equipados com tecnologia avan\u00e7ada e podem desvalorizar-se ap\u00f3s uma utiliza\u00e7\u00e3o de curta dura\u00e7\u00e3o. Por este motivo, n\u00e3o s\u00e3o aceites devolu\u00e7\u00f5es de detectores comprados. <\/span><\/p><p><span style=\"color: #000000\"><strong>Direitos do cliente<\/strong><\/span><br><span style=\"color: #000000\">Podes solicitar o acesso \u00e0s tuas informa\u00e7\u00f5es pessoais.<\/span><br><span style=\"color: #000000\">Podes enviar os teus pedidos de elimina\u00e7\u00e3o e atualiza\u00e7\u00e3o de dados atrav\u00e9s de info@adrenalindedektor.com.<\/span><\/p><p><span style=\"color: #000000\"><strong>Linha de apoio<\/strong><\/span><br><span style=\"color: #000000\">Para qualquer problema ou reclama\u00e7\u00e3o, podes contactar-nos atrav\u00e9s dos seguintes canais:<\/span><\/p><p><span style=\"color: #000000\"><strong>Telefona:<\/strong> +90 539 847 63 83<\/span><br><span style=\"color: #000000\"><strong>Correio eletr\u00f3nico:<\/strong> info@adrenalindedektor.com<\/span><\/p><p><span style=\"color: #000000\">Na Adrenalin Detetor, todos os nossos produtos s\u00e3o-te entregues ap\u00f3s inspec\u00e7\u00f5es de controlo de qualidade. Obrigado pela tua compreens\u00e3o. <\/span><\/p><p> <\/p>\t\t\t\t<\/div>\n\t\t\t\t\t<\/div>\n\t\t\t\t\t\t<\/div>\n\t\t\t\t<\/div>\n\t\t\t\t<\/div>\n\t\t\t\t<\/div>\n\t\t\t\t\t<\/div>\n\t\t\t\t<\/div>\n\t\t\t\t<\/div>\n\t\t","protected":false},"excerpt":{"rendered":"<p>Track You Order About Us Our Dealers Contact Us Mostra a barra lateral Pol\u00edtica de devolu\u00e7\u00e3o Devolu\u00e7\u00f5es e condi\u00e7\u00f5es Base<\/p>\n","protected":false},"author":11,"featured_media":0,"parent":0,"menu_order":0,"comment_status":"closed","ping_status":"closed","template":"","meta":{"footnotes":""},"class_list":["post-1003295","page","type-page","status-publish","hentry"],"jetpack_sharing_enabled":true,"_links":{"self":[{"href":"https:\/\/adrenalindetector.com\/pt-pt\/wp-json\/wp\/v2\/pages\/1003295","targetHints":{"allow":["GET"]}}],"collection":[{"href":"https:\/\/adrenalindetector.com\/pt-pt\/wp-json\/wp\/v2\/pages"}],"about":[{"href":"https:\/\/adrenalindetector.com\/pt-pt\/wp-json\/wp\/v2\/types\/page"}],"author":[{"embeddable":true,"href":"https:\/\/adrenalindetector.com\/pt-pt\/wp-json\/wp\/v2\/users\/11"}],"replies":[{"embeddable":true,"href":"https:\/\/adrenalindetector.com\/pt-pt\/wp-json\/wp\/v2\/comments?post=1003295"}],"version-history":[{"count":2,"href":"https:\/\/adrenalindetector.com\/pt-pt\/wp-json\/wp\/v2\/pages\/1003295\/revisions"}],"predecessor-version":[{"id":1003301,"href":"https:\/\/adrenalindetector.com\/pt-pt\/wp-json\/wp\/v2\/pages\/1003295\/revisions\/1003301"}],"wp:attachment":[{"href":"https:\/\/adrenalindetector.com\/pt-pt\/wp-json\/wp\/v2\/media?parent=1003295"}],"curies":[{"name":"wp","href":"https:\/\/api.w.org\/{rel}","templated":true}]}}