{"id":1003503,"date":"2025-07-15T23:35:06","date_gmt":"2025-07-15T23:35:06","guid":{"rendered":"https:\/\/adrenalindetector.com\/product\/adrenalin-blackeye-pacote-standard\/"},"modified":"2025-09-21T08:02:15","modified_gmt":"2025-09-21T08:02:15","slug":"adrenalin-blackeye-pacote-standard","status":"publish","type":"product","link":"https:\/\/adrenalindetector.com\/pt-pt\/produto\/adrenalin-blackeye-pacote-standard\/","title":{"rendered":"Adrenalin Blackeye &#8211; Pacote Standard"},"content":{"rendered":"<h3 data-start=\"144\" data-end=\"217\"><strong data-start=\"151\" data-end=\"215\">Adrenalin Blackeye &#8211; Detecta o verdadeiro alvo \u00e0 dist\u00e2ncia!<\/strong><\/h3>\n<p data-start=\"218\" data-end=\"571\">O <strong data-start=\"232\" data-end=\"264\">Detetor de Longo Alcance Blackeye<\/strong> da Adrenalin \u00e9 um sistema de rastreio da pr\u00f3xima gera\u00e7\u00e3o desenvolvido atrav\u00e9s de anos de testes no terreno, investiga\u00e7\u00e3o geof\u00edsica e feedback dos utilizadores. Com as suas capacidades de dete\u00e7\u00e3o de alta precis\u00e3o, o Blackeye pode localizar metais valiosos como ouro, prata e bronze &#8211; bem como estruturas contendo vazios &#8211; a dezenas de metros de dist\u00e2ncia. <\/p>\n<p data-start=\"573\" data-end=\"720\">O Blackeye destaca-se na sua classe com uma opera\u00e7\u00e3o f\u00e1cil, dete\u00e7\u00e3o r\u00e1pida de alvos, discrimina\u00e7\u00e3o de metais baseada em ID e tecnologia de an\u00e1lise de sinal digital.<\/p>\n<h3 data-start=\"727\" data-end=\"772\">Fixa o alvo com o Blackeye!<\/h3>\n<p data-start=\"773\" data-end=\"862\"><strong data-start=\"775\" data-end=\"804\">Raio de varrimento de 100 metros<\/strong><br data-start=\"804\" data-end=\"807\">Cobre grandes \u00e1reas de forma eficiente, poupando tempo e esfor\u00e7o.<\/p>\n<p data-start=\"864\" data-end=\"966\"><strong data-start=\"866\" data-end=\"901\">Profundidade de dete\u00e7\u00e3o at\u00e9 15 metros<\/strong><br data-start=\"901\" data-end=\"904\">Descobre tesouros, t\u00famulos e t\u00faneis profundamente enterrados com facilidade.<\/p>\n<p data-start=\"968\" data-end=\"1130\"><strong data-start=\"970\" data-end=\"1006\">Discrimina\u00e7\u00e3o de metais e c\u00f3digo de identifica\u00e7\u00e3o<\/strong><br data-start=\"1006\" data-end=\"1009\">A cada tipo de metal \u00e9 atribu\u00eddo um valor de identifica\u00e7\u00e3o \u00fanico (Ouro: 94, Prata: 87), para que saibas exatamente o que est\u00e1 no subsolo &#8211; e onde.<\/p>\n<p data-start=\"1132\" data-end=\"1262\"><strong data-start=\"1134\" data-end=\"1152\">Dete\u00e7\u00e3o de vazios<\/strong><br data-start=\"1152\" data-end=\"1155\">Identifica com precis\u00e3o os vazios subterr\u00e2neos, tais como c\u00e2maras, sepulturas, t\u00faneis e grutas, com 100% de fiabilidade.<\/p>\n<h3 data-start=\"1269\" data-end=\"1299\">\ud83d\udd0d 3 Modos de pesquisa avan\u00e7ada<\/h3>\n<p data-start=\"1301\" data-end=\"1456\"><strong data-start=\"1301\" data-end=\"1328\">1\ufe0f\u20e3 Modo de Dete\u00e7\u00e3o de Vazios<\/strong><br data-start=\"1328\" data-end=\"1331\">Detecta vazios n\u00e3o naturais em forma\u00e7\u00f5es subterr\u00e2neas (por exemplo, c\u00e2maras, caves, po\u00e7os). Calcula instantaneamente a profundidade e o volume. <\/p>\n<p data-start=\"1458\" data-end=\"1649\"><strong data-start=\"1458\" data-end=\"1486\">2\ufe0f\u20e3 Modo de dete\u00e7\u00e3o de metais<\/strong><br data-start=\"1486\" data-end=\"1489\">Concentra-se diretamente em alvos valiosos como o ouro, a prata, o bronze e o cobre utilizando a discrimina\u00e7\u00e3o baseada na identifica\u00e7\u00e3o. Filtra os metais in\u00fateis para o guiar at\u00e9 ao tesouro. <\/p>\n<p data-start=\"1651\" data-end=\"1840\"><strong data-start=\"1651\" data-end=\"1684\">3\ufe0f\u20e3 Modo Assistido por Transmissor<\/strong><br data-start=\"1684\" data-end=\"1687\">O transmissor emite sinais em frequ\u00eancias de metal selecionadas, enquanto o recetor detecta frequ\u00eancias correspondentes no campo &#8211; ideal para apontar o alvo com precis\u00e3o.<\/p>\n<h3 data-start=\"1847\" data-end=\"1889\">\ud83d\udc8e Identifica\u00e7\u00e3o do metal &#8211; Lista de c\u00f3digos de identifica\u00e7\u00e3o<\/h3>\n<div class=\"_tableContainer_80l1q_1\">\n<div class=\"_tableWrapper_80l1q_14 group flex w-fit flex-col-reverse\" tabindex=\"-1\">\n<table class=\"w-fit min-w-(--thread-content-width)\" data-start=\"1891\" data-end=\"2253\">\n<thead data-start=\"1891\" data-end=\"1923\">\n<tr data-start=\"1891\" data-end=\"1923\">\n<th data-start=\"1891\" data-end=\"1911\" data-col-size=\"sm\">Objeto de destino<\/th>\n<th data-start=\"1911\" data-end=\"1923\" data-col-size=\"sm\">ID Valor<\/th>\n<\/tr>\n<\/thead>\n<tbody data-start=\"1957\" data-end=\"2253\">\n<tr data-start=\"1957\" data-end=\"1989\">\n<td data-start=\"1957\" data-end=\"1977\" data-col-size=\"sm\">Diamante \/ J\u00f3ias<\/td>\n<td data-col-size=\"sm\" data-start=\"1977\" data-end=\"1989\">00<\/td>\n<\/tr>\n<tr data-start=\"1990\" data-end=\"2022\">\n<td data-start=\"1990\" data-end=\"2010\" data-col-size=\"sm\">M\u00e1rmore<\/td>\n<td data-col-size=\"sm\" data-start=\"2010\" data-end=\"2022\">02<\/td>\n<\/tr>\n<tr data-start=\"2023\" data-end=\"2055\">\n<td data-start=\"2023\" data-end=\"2043\" data-col-size=\"sm\">Tijolo<\/td>\n<td data-col-size=\"sm\" data-start=\"2043\" data-end=\"2055\">14<\/td>\n<\/tr>\n<tr data-start=\"2056\" data-end=\"2088\">\n<td data-start=\"2056\" data-end=\"2076\" data-col-size=\"sm\">\u00c1gua \/ Humidade<\/td>\n<td data-col-size=\"sm\" data-start=\"2076\" data-end=\"2088\">16<\/td>\n<\/tr>\n<tr data-start=\"2089\" data-end=\"2121\">\n<td data-start=\"2089\" data-end=\"2109\" data-col-size=\"sm\">A\u00e7o \/ Ferro<\/td>\n<td data-col-size=\"sm\" data-start=\"2109\" data-end=\"2121\">24<\/td>\n<\/tr>\n<tr data-start=\"2122\" data-end=\"2154\">\n<td data-start=\"2122\" data-end=\"2142\" data-col-size=\"sm\">Chumbo<\/td>\n<td data-col-size=\"sm\" data-start=\"2142\" data-end=\"2154\">66<\/td>\n<\/tr>\n<tr data-start=\"2155\" data-end=\"2187\">\n<td data-start=\"2155\" data-end=\"2175\" data-col-size=\"sm\">Bronze \/ Cobre<\/td>\n<td data-col-size=\"sm\" data-start=\"2175\" data-end=\"2187\">78<\/td>\n<\/tr>\n<tr data-start=\"2188\" data-end=\"2220\">\n<td data-start=\"2188\" data-end=\"2208\" data-col-size=\"sm\">Prata<\/td>\n<td data-col-size=\"sm\" data-start=\"2208\" data-end=\"2220\">87<\/td>\n<\/tr>\n<tr data-start=\"2221\" data-end=\"2253\">\n<td data-start=\"2221\" data-end=\"2241\" data-col-size=\"sm\">Ouro<\/td>\n<td data-col-size=\"sm\" data-start=\"2241\" data-end=\"2253\">94<\/td>\n<\/tr>\n<\/tbody>\n<\/table>\n<div class=\"sticky end-(--thread-content-margin) h-0 self-end select-none\">\n<div><\/div>\n<div class=\"absolute end-0 flex items-end\"><span style=\"color: #1b1919; font-size: 22px;\">\ud83d\udce6 Op\u00e7\u00f5es de embalagem<\/span><\/div>\n<\/div>\n<\/div>\n<\/div>\n<p data-start=\"2284\" data-end=\"2408\">\ud83e\uddf0 <strong data-start=\"2287\" data-end=\"2304\">Pacote b\u00e1sico<\/strong><br data-start=\"2304\" data-end=\"2307\">&#8211; Unidade recetora<br data-start=\"2322\" data-end=\"2325\">&#8211; Antenas<br data-start=\"2335\" data-end=\"2338\">&#8211; Mala de transporte de pl\u00e1stico<br data-start=\"2361\" data-end=\"2364\">&#8211; Pilhas recarreg\u00e1veis<br data-start=\"2388\" data-end=\"2391\">&#8211; Unidade de carregamento<\/p>\n<p data-start=\"2410\" data-end=\"2579\">\ud83d\ude80 <strong data-start=\"2413\" data-end=\"2428\">Pacote Pro<\/strong><br data-start=\"2428\" data-end=\"2431\">&#8211; Unidade Recetor + Transmissor<br data-start=\"2460\" data-end=\"2463\">&#8211; 2 Antenas<br data-start=\"2475\" data-end=\"2478\">&#8211; Carregador Autom\u00e1tico de 9V<br data-start=\"2500\" data-end=\"2503\">&#8211; 18 Pilhas recarreg\u00e1veis AA de 1,5V<br data-start=\"2540\" data-end=\"2543\">&#8211; Mala de transporte de pl\u00e1stico resistente<\/p>\n<h3 data-start=\"2586\" data-end=\"2617\">\ud83d\udcca Especifica\u00e7\u00f5es t\u00e9cnicas<\/h3>\n<div class=\"_tableContainer_80l1q_1\">\n<div class=\"_tableWrapper_80l1q_14 group flex w-fit flex-col-reverse\" tabindex=\"-1\">\n<table class=\"w-fit min-w-(--thread-content-width)\" data-start=\"2619\" data-end=\"3328\">\n<thead data-start=\"2619\" data-end=\"2677\">\n<tr data-start=\"2619\" data-end=\"2677\">\n<th data-start=\"2619\" data-end=\"2642\" data-col-size=\"sm\">Carater\u00edstica<\/th>\n<th data-start=\"2642\" data-end=\"2677\" data-col-size=\"sm\">Valor<\/th>\n<\/tr>\n<\/thead>\n<tbody data-start=\"2737\" data-end=\"3328\">\n<tr data-start=\"2737\" data-end=\"2796\">\n<td data-start=\"2737\" data-end=\"2760\" data-col-size=\"sm\">Modos de pesquisa<\/td>\n<td data-col-size=\"sm\" data-start=\"2760\" data-end=\"2796\">Metal \/ Vazio \/ Auxiliado por transmissor<\/td>\n<\/tr>\n<tr data-start=\"2797\" data-end=\"2855\">\n<td data-start=\"2797\" data-end=\"2820\" data-col-size=\"sm\">Raio de varrimento<\/td>\n<td data-col-size=\"sm\" data-start=\"2820\" data-end=\"2855\">100 metros<\/td>\n<\/tr>\n<tr data-start=\"2856\" data-end=\"2914\">\n<td data-start=\"2856\" data-end=\"2879\" data-col-size=\"sm\">Profundidade m\u00e1xima<\/td>\n<td data-col-size=\"sm\" data-start=\"2879\" data-end=\"2914\">15 metros<\/td>\n<\/tr>\n<tr data-start=\"2915\" data-end=\"2972\">\n<td data-start=\"2915\" data-end=\"2938\" data-col-size=\"sm\">Discrimina\u00e7\u00e3o de metais<\/td>\n<td data-col-size=\"sm\" data-start=\"2938\" data-end=\"2972\">Por n\u00famero de identifica\u00e7\u00e3o<\/td>\n<\/tr>\n<tr data-start=\"2973\" data-end=\"3030\">\n<td data-start=\"2973\" data-end=\"2996\" data-col-size=\"sm\">M\u00e9todo de dete\u00e7\u00e3o<\/td>\n<td data-col-size=\"sm\" data-start=\"2996\" data-end=\"3030\">Dete\u00e7\u00e3o magn\u00e9tica e i\u00f3nica<\/td>\n<\/tr>\n<tr data-start=\"3031\" data-end=\"3093\">\n<td data-start=\"3031\" data-end=\"3054\" data-col-size=\"sm\">Fonte de alimenta\u00e7\u00e3o<\/td>\n<td data-col-size=\"sm\" data-start=\"3054\" data-end=\"3093\">18 pilhas recarreg\u00e1veis AA de 1,5 V<\/td>\n<\/tr>\n<tr data-start=\"3094\" data-end=\"3151\">\n<td data-start=\"3094\" data-end=\"3117\" data-col-size=\"sm\">Carregador<\/td>\n<td data-col-size=\"sm\" data-start=\"3117\" data-end=\"3151\">9V Autom\u00e1tico<\/td>\n<\/tr>\n<tr data-start=\"3152\" data-end=\"3210\">\n<td data-start=\"3152\" data-end=\"3175\" data-col-size=\"sm\">Peso de transporte<\/td>\n<td data-col-size=\"sm\" data-start=\"3175\" data-end=\"3210\">6,3 kg<\/td>\n<\/tr>\n<tr data-start=\"3211\" data-end=\"3269\">\n<td data-start=\"3211\" data-end=\"3234\" data-col-size=\"sm\">Dimens\u00f5es<\/td>\n<td data-col-size=\"sm\" data-start=\"3234\" data-end=\"3269\">46 x 35 x 13 cm<\/td>\n<\/tr>\n<tr data-start=\"3270\" data-end=\"3328\">\n<td data-start=\"3270\" data-end=\"3293\" data-col-size=\"sm\">Garantia<\/td>\n<td data-col-size=\"sm\" data-start=\"3293\" data-end=\"3328\">2 anos<\/td>\n<\/tr>\n<\/tbody>\n<\/table>\n<div class=\"sticky end-(--thread-content-margin) h-0 self-end select-none\">\n<div class=\"absolute end-0 flex items-end\"><\/div>\n<\/div>\n<\/div>\n<\/div>\n<h3 data-start=\"3335\" data-end=\"3390\">Palavra final: Nunca falhes um alvo com o Blackeye!<\/h3>\n<p data-start=\"3391\" data-end=\"3575\">O Adrenalin Blackeye combina a dete\u00e7\u00e3o de profundidade avan\u00e7ada e a identifica\u00e7\u00e3o precisa de metais com uma opera\u00e7\u00e3o f\u00e1cil de utilizar &#8211; tornando-o o companheiro perfeito para ca\u00e7adores de tesouros profissionais.<\/p>\n<p data-start=\"3577\" data-end=\"3688\">Efectua pesquisas precisas, evita escava\u00e7\u00f5es desnecess\u00e1rias e encontra alvos valiosos de forma mais r\u00e1pida e eficiente!<\/p>\n<p data-start=\"3690\" data-end=\"3790\"><strong data-start=\"3693\" data-end=\"3713\">Contacta-nos hoje mesmo<\/strong> &#8211; Com o Blackeye, a ca\u00e7a ao tesouro torna-se mais segura, mais r\u00e1pida e mais eficaz!<\/p>\n","protected":false},"excerpt":{"rendered":"<div class=\"elementor-element elementor-element-f2b312d elementor-widget elementor-widget-heading\" data-id=\"f2b312d\" data-element_type=\"widget\" data-widget_type=\"heading.default\">\n<div class=\"elementor-widget-container\"><span class=\"elementor-heading-title elementor-size-default\">Estamos aqui para te oferecer o <strong>localizador de longo alcance<\/strong> mais potente, o <strong>localizador de longo alcance<\/strong> mais <strong>profissional<\/strong> e um suporte r\u00e1pido para <strong>detectores de metais.<\/strong><\/span><\/div>\n<\/div>\n","protected":false},"featured_media":1002521,"comment_status":"open","ping_status":"closed","template":"","meta":[],"product_brand":[64],"product_cat":[155,154],"product_tag":[],"class_list":{"0":"post-1003503","1":"product","2":"type-product","3":"status-publish","4":"has-post-thumbnail","6":"product_brand-adrenalin-metal-detector","7":"product_cat-localizador-de-longo-alcance","8":"product_cat-varas-de-radiestesia","10":"first","11":"instock","12":"shipping-taxable","13":"purchasable","14":"product-type-simple"},"jetpack_sharing_enabled":true,"_links":{"self":[{"href":"https:\/\/adrenalindetector.com\/pt-pt\/wp-json\/wp\/v2\/product\/1003503","targetHints":{"allow":["GET"]}}],"collection":[{"href":"https:\/\/adrenalindetector.com\/pt-pt\/wp-json\/wp\/v2\/product"}],"about":[{"href":"https:\/\/adrenalindetector.com\/pt-pt\/wp-json\/wp\/v2\/types\/product"}],"replies":[{"embeddable":true,"href":"https:\/\/adrenalindetector.com\/pt-pt\/wp-json\/wp\/v2\/comments?post=1003503"}],"version-history":[{"count":0,"href":"https:\/\/adrenalindetector.com\/pt-pt\/wp-json\/wp\/v2\/product\/1003503\/revisions"}],"wp:featuredmedia":[{"embeddable":true,"href":"https:\/\/adrenalindetector.com\/pt-pt\/wp-json\/wp\/v2\/media\/1002521"}],"wp:attachment":[{"href":"https:\/\/adrenalindetector.com\/pt-pt\/wp-json\/wp\/v2\/media?parent=1003503"}],"wp:term":[{"taxonomy":"product_brand","embeddable":true,"href":"https:\/\/adrenalindetector.com\/pt-pt\/wp-json\/wp\/v2\/product_brand?post=1003503"},{"taxonomy":"product_cat","embeddable":true,"href":"https:\/\/adrenalindetector.com\/pt-pt\/wp-json\/wp\/v2\/product_cat?post=1003503"},{"taxonomy":"product_tag","embeddable":true,"href":"https:\/\/adrenalindetector.com\/pt-pt\/wp-json\/wp\/v2\/product_tag?post=1003503"}],"curies":[{"name":"wp","href":"https:\/\/api.w.org\/{rel}","templated":true}]}}