{"id":1003523,"date":"2025-07-15T23:42:39","date_gmt":"2025-07-15T23:42:39","guid":{"rendered":"https:\/\/adrenalindetector.com\/product\/adrenalin-evolution-pacote-standard\/"},"modified":"2025-10-03T09:18:08","modified_gmt":"2025-10-03T09:18:08","slug":"adrenalin-evolution-pacote-standard","status":"publish","type":"product","link":"https:\/\/adrenalindetector.com\/pt-pt\/produto\/adrenalin-evolution-pacote-standard\/","title":{"rendered":"Adrenalin Evolution &#8211; Pacote Standard"},"content":{"rendered":"<h3 data-start=\"144\" data-end=\"211\"><strong data-start=\"150\" data-end=\"209\">Adrenalin Evolution &#8211; Uma nova era na dete\u00e7\u00e3o de longo alcance<\/strong><\/h3>\n<p data-start=\"212\" data-end=\"488\"><strong data-start=\"214\" data-end=\"280\">Detecta espa\u00e7os vazios com 100% de precis\u00e3o &#8211; vai diretamente ao tesouro!<\/strong><br data-start=\"280\" data-end=\"283\"><strong data-start=\"293\" data-end=\"326\">O detetor de longo alcance<\/strong> Adrenalin <strong data-start=\"293\" data-end=\"326\">Evolution<\/strong> \u00e9 um dispositivo de varrimento de campo de \u00faltima gera\u00e7\u00e3o desenvolvido ap\u00f3s anos de I&amp;D, concebido para satisfazer as necessidades reais dos ca\u00e7adores de tesouros e investigadores profissionais.<\/p>\n<p data-start=\"490\" data-end=\"778\">Gra\u00e7as aos seus sistemas electr\u00f3nicos avan\u00e7ados, o Evolution pode detetar tanto metais como vazios subterr\u00e2neos at\u00e9 <strong data-start=\"594\" data-end=\"612\">15 metros de profundidade<\/strong> num <strong data-start=\"622\" data-end=\"642\">raio de 100 metros<\/strong>. \u00c9 o primeiro detetor da sua classe capaz de detetar vazios com erro zero, combinado com a <strong data-start=\"739\" data-end=\"777\">discrimina\u00e7\u00e3o de metais atrav\u00e9s de valores de ID<\/strong>. <\/p>\n<h3 data-start=\"785\" data-end=\"833\">Porqu\u00ea escolher o detetor de longo alcance Evolution?<\/h3>\n<p data-start=\"835\" data-end=\"1343\">&#8211; <strong data-start=\"839\" data-end=\"871\">Precis\u00e3o de 100% na dete\u00e7\u00e3o de espa\u00e7os vazios<\/strong> &#8211; Localiza com precis\u00e3o sepulturas, t\u00faneis, caves e estruturas semelhantes<br data-start=\"940\" data-end=\"943\">&#8211; \u2705 <strong data-start=\"947\" data-end=\"978\">Discrimina\u00e7\u00e3o de metais atrav\u00e9s de ID<\/strong> &#8211; Identifica instantaneamente metais valiosos como ouro, prata, e bronze<br data-start=\"1047\" data-end=\"1050\">&#8211; \u2705 <strong data-start=\"1054\" data-end=\"1086\">3 modos de pesquisa num s\u00f3 dispositivo<\/strong> &#8211; Procura metais, espa\u00e7os vazios ou utiliza a mira assistida por transmissor<br data-start=\"1150\" data-end=\"1153\">&#8211; \u2705 <strong data-start=\"1157\" data-end=\"1191\">Cobre um raio de 100 m \/ 15 m de profundidade<\/strong> &#8211; Analisa eficazmente grandes \u00e1reas num curto espa\u00e7o de tempo<br data-start=\"1239\" data-end=\"1242\">&#8211; \u2705 Dete\u00e7\u00e3o <strong data-start=\"1246\" data-end=\"1283\">de<\/strong> sinais <strong data-start=\"1246\" data-end=\"1283\">magn\u00e9ticos e i\u00f3nicos<\/strong> <strong data-start=\"1246\" data-end=\"1283\">Dete\u00e7\u00e3o de sinais i\u00f3nicos<\/strong> &#8211; Resistente a sinais falsos e a interfer\u00eancias ambientais<\/p>\n<h3 data-start=\"1350\" data-end=\"1380\">\ud83d\udd0d 3 Modos de pesquisa avan\u00e7ada<\/h3>\n<p data-start=\"1382\" data-end=\"1618\"><strong data-start=\"1382\" data-end=\"1409\">1\ufe0f\u20e3 Modo de dete\u00e7\u00e3o de vazios<\/strong><br data-start=\"1409\" data-end=\"1412\">&#8211; Detecta vazios subterr\u00e2neos como sepulturas, caves, grutas e po\u00e7os at\u00e9 15 metros de profundidade<br data-start=\"1499\" data-end=\"1502\">&#8211; Fornece an\u00e1lise de profundidade e volume em tempo real atrav\u00e9s de relat\u00f3rios gr\u00e1ficos<br data-start=\"1574\" data-end=\"1577\">&#8211; Oferece 100% de precis\u00e3o na dete\u00e7\u00e3o de vazios<\/p>\n<p data-start=\"1620\" data-end=\"1848\"><strong data-start=\"1620\" data-end=\"1648\">2\ufe0f\u20e3 Modo de dete\u00e7\u00e3o de metais<\/strong><br data-start=\"1648\" data-end=\"1651\">&#8211; Concentra-se em metais espec\u00edficos selecionando os seus valores de ID (por exemplo, Ouro: 94, Prata: 87)<br data-start=\"1734\" data-end=\"1737\">&#8211; Analisa o tamanho do alvo, a profundidade e o tipo de metal<br data-start=\"1782\" data-end=\"1785\">&#8211; Filtra os metais indesejados para se concentrar apenas em alvos valiosos<\/p>\n<p data-start=\"1850\" data-end=\"2098\"><strong data-start=\"1850\" data-end=\"1883\">3\ufe0f\u20e3 Modo assistido por emissor<\/strong><br data-start=\"1883\" data-end=\"1886\">&#8211; Estimula o campo com um sinal transmitido a uma frequ\u00eancia de metal escolhida<br data-start=\"1962\" data-end=\"1965\">&#8211; O dispositivo detecta apenas sinais correspondentes de alvos relevantes<br data-start=\"2029\" data-end=\"2032\">&#8211; Ideal para a dete\u00e7\u00e3o profissional de tesouros com uma precis\u00e3o exacta<\/p>\n<h3 data-start=\"2105\" data-end=\"2126\">A quem se destina?<\/h3>\n<p data-start=\"2128\" data-end=\"2337\">&#8211; Ca\u00e7adores de tesouros<br data-start=\"2146\" data-end=\"2149\">&#8211; Arque\u00f3logos e ge\u00f3logos<br data-start=\"2178\" data-end=\"2181\">&#8211; Especialistas em dete\u00e7\u00e3o de estruturas hist\u00f3ricas<br data-start=\"2224\" data-end=\"2227\">&#8211; Empresas de explora\u00e7\u00e3o mineira<br data-start=\"2257\" data-end=\"2260\">&#8211; Equipas de explora\u00e7\u00e3o de \u00e1guas subterr\u00e2neas e servi\u00e7os p\u00fablicos<br data-start=\"2298\" data-end=\"2301\">&#8211; Unidades militares e policiais<\/p>\n<h3 data-start=\"2344\" data-end=\"2387\">\ud83d\udc8e Identifica\u00e7\u00e3o do metal &#8211; Tabela de c\u00f3digos de identifica\u00e7\u00e3o<\/h3>\n<div class=\"_tableContainer_80l1q_1\">\n<div class=\"_tableWrapper_80l1q_14 group flex w-fit flex-col-reverse\" tabindex=\"-1\">\n<table class=\"w-fit min-w-(--thread-content-width)\" data-start=\"2389\" data-end=\"2784\">\n<thead data-start=\"2389\" data-end=\"2424\">\n<tr data-start=\"2389\" data-end=\"2424\">\n<th data-start=\"2389\" data-end=\"2412\" data-col-size=\"sm\">Material de destino<\/th>\n<th data-start=\"2412\" data-end=\"2424\" data-col-size=\"sm\">Valor de ID<\/th>\n<\/tr>\n<\/thead>\n<tbody data-start=\"2461\" data-end=\"2784\">\n<tr data-start=\"2461\" data-end=\"2496\">\n<td data-start=\"2461\" data-end=\"2484\" data-col-size=\"sm\">Diamante \/ J\u00f3ias<\/td>\n<td data-col-size=\"sm\" data-start=\"2484\" data-end=\"2496\">00<\/td>\n<\/tr>\n<tr data-start=\"2497\" data-end=\"2532\">\n<td data-start=\"2497\" data-end=\"2520\" data-col-size=\"sm\">M\u00e1rmore<\/td>\n<td data-col-size=\"sm\" data-start=\"2520\" data-end=\"2532\">02<\/td>\n<\/tr>\n<tr data-start=\"2533\" data-end=\"2568\">\n<td data-start=\"2533\" data-end=\"2556\" data-col-size=\"sm\">Tijolo<\/td>\n<td data-col-size=\"sm\" data-start=\"2556\" data-end=\"2568\">14<\/td>\n<\/tr>\n<tr data-start=\"2569\" data-end=\"2604\">\n<td data-start=\"2569\" data-end=\"2592\" data-col-size=\"sm\">\u00c1gua \/ Humidade<\/td>\n<td data-col-size=\"sm\" data-start=\"2592\" data-end=\"2604\">16<\/td>\n<\/tr>\n<tr data-start=\"2605\" data-end=\"2640\">\n<td data-start=\"2605\" data-end=\"2628\" data-col-size=\"sm\">Ferro \/ A\u00e7o<\/td>\n<td data-col-size=\"sm\" data-start=\"2628\" data-end=\"2640\">24<\/td>\n<\/tr>\n<tr data-start=\"2641\" data-end=\"2676\">\n<td data-start=\"2641\" data-end=\"2664\" data-col-size=\"sm\">Chumbo<\/td>\n<td data-col-size=\"sm\" data-start=\"2664\" data-end=\"2676\">66<\/td>\n<\/tr>\n<tr data-start=\"2677\" data-end=\"2712\">\n<td data-start=\"2677\" data-end=\"2700\" data-col-size=\"sm\">Bronze \/ Cobre<\/td>\n<td data-col-size=\"sm\" data-start=\"2700\" data-end=\"2712\">78<\/td>\n<\/tr>\n<tr data-start=\"2713\" data-end=\"2748\">\n<td data-start=\"2713\" data-end=\"2736\" data-col-size=\"sm\">Prata<\/td>\n<td data-col-size=\"sm\" data-start=\"2736\" data-end=\"2748\">87<\/td>\n<\/tr>\n<tr data-start=\"2749\" data-end=\"2784\">\n<td data-start=\"2749\" data-end=\"2772\" data-col-size=\"sm\">Ouro<\/td>\n<td data-col-size=\"sm\" data-start=\"2772\" data-end=\"2784\">94<\/td>\n<\/tr>\n<\/tbody>\n<\/table>\n<div class=\"sticky end-(--thread-content-margin) h-0 self-end select-none\">\n<div class=\"absolute end-0 flex items-end\"><\/div>\n<\/div>\n<\/div>\n<\/div>\n<h3 data-start=\"2791\" data-end=\"2813\">\ud83d\udce6 Op\u00e7\u00f5es de embalagem<\/h3>\n<p data-start=\"2815\" data-end=\"2886\">\ud83d\udd39 <strong data-start=\"2818\" data-end=\"2835\">Pacote b\u00e1sico<\/strong><br data-start=\"2835\" data-end=\"2838\">&#8211; Unidade recetora<br data-start=\"2853\" data-end=\"2856\">&#8211; 2 antenas<br data-start=\"2868\" data-end=\"2871\">&#8211; Mala de transporte<\/p>\n<p data-start=\"2888\" data-end=\"3051\">\ud83d\udd38 <strong data-start=\"2891\" data-end=\"2906\">Pro Package<\/strong><br data-start=\"2906\" data-end=\"2909\">&#8211; Unidade Recetor + Transmissor<br data-start=\"2938\" data-end=\"2941\">&#8211; 2 Antenas<br data-start=\"2953\" data-end=\"2956\">&#8211; Carregador Autom\u00e1tico de 9V<br data-start=\"2978\" data-end=\"2981\">&#8211; 18 Pilhas Recarreg\u00e1veis AA de 1,5V<br data-start=\"3018\" data-end=\"3021\">&#8211; Mala de Transporte em Pl\u00e1stico Robusto<\/p>\n<blockquote data-start=\"3053\" data-end=\"3174\">\n<p data-start=\"3055\" data-end=\"3174\">O <strong data-start=\"3059\" data-end=\"3074\">Pacote Pro<\/strong> oferece uma dete\u00e7\u00e3o mais profunda e precisa gra\u00e7as \u00e0s suas capacidades de varrimento suportadas pelo transmissor.<\/p>\n<\/blockquote>\n<h3 data-start=\"3181\" data-end=\"3211\">Especifica\u00e7\u00f5es t\u00e9cnicas<\/h3>\n<div class=\"_tableContainer_80l1q_1\">\n<div class=\"_tableWrapper_80l1q_14 group flex w-fit flex-col-reverse\" tabindex=\"-1\">\n<table class=\"w-fit min-w-(--thread-content-width)\" data-start=\"3213\" data-end=\"3891\">\n<thead data-start=\"3213\" data-end=\"3273\">\n<tr data-start=\"3213\" data-end=\"3273\">\n<th data-start=\"3213\" data-end=\"3237\" data-col-size=\"sm\">Carater\u00edstica<\/th>\n<th data-start=\"3237\" data-end=\"3273\" data-col-size=\"sm\">Valor<\/th>\n<\/tr>\n<\/thead>\n<tbody data-start=\"3336\" data-end=\"3891\">\n<tr data-start=\"3336\" data-end=\"3397\">\n<td data-start=\"3336\" data-end=\"3361\" data-col-size=\"sm\">Modos de funcionamento<\/td>\n<td data-col-size=\"sm\" data-start=\"3361\" data-end=\"3397\">3 modos de pesquisa distintos<\/td>\n<\/tr>\n<tr data-start=\"3398\" data-end=\"3458\">\n<td data-start=\"3398\" data-end=\"3423\" data-col-size=\"sm\">Raio de dete\u00e7\u00e3o<\/td>\n<td data-col-size=\"sm\" data-start=\"3423\" data-end=\"3458\">100 metros<\/td>\n<\/tr>\n<tr data-start=\"3459\" data-end=\"3519\">\n<td data-start=\"3459\" data-end=\"3484\" data-col-size=\"sm\">Profundidade m\u00e1xima de dete\u00e7\u00e3o<\/td>\n<td data-col-size=\"sm\" data-start=\"3484\" data-end=\"3519\">At\u00e9 15 metros<\/td>\n<\/tr>\n<tr data-start=\"3520\" data-end=\"3580\">\n<td data-start=\"3520\" data-end=\"3545\" data-col-size=\"sm\">Discrimina\u00e7\u00e3o de metais<\/td>\n<td data-col-size=\"sm\" data-start=\"3545\" data-end=\"3580\">Por n\u00famero de identifica\u00e7\u00e3o<\/td>\n<\/tr>\n<tr data-start=\"3581\" data-end=\"3643\">\n<td data-start=\"3581\" data-end=\"3606\" data-col-size=\"sm\">Princ\u00edpio de dete\u00e7\u00e3o<\/td>\n<td data-col-size=\"sm\" data-start=\"3606\" data-end=\"3643\">Dete\u00e7\u00e3o de sinais magn\u00e9ticos e i\u00f3nicos<\/td>\n<\/tr>\n<tr data-start=\"3644\" data-end=\"3708\">\n<td data-start=\"3644\" data-end=\"3669\" data-col-size=\"sm\">Fonte de alimenta\u00e7\u00e3o<\/td>\n<td data-col-size=\"sm\" data-start=\"3669\" data-end=\"3708\">18 pilhas recarreg\u00e1veis AA de 1,5 V<\/td>\n<\/tr>\n<tr data-start=\"3709\" data-end=\"3769\">\n<td data-start=\"3709\" data-end=\"3734\" data-col-size=\"sm\">Peso<\/td>\n<td data-col-size=\"sm\" data-start=\"3734\" data-end=\"3769\">6,3 kg<\/td>\n<\/tr>\n<tr data-start=\"3770\" data-end=\"3830\">\n<td data-start=\"3770\" data-end=\"3795\" data-col-size=\"sm\">Dimens\u00f5es<\/td>\n<td data-col-size=\"sm\" data-start=\"3795\" data-end=\"3830\">46 x 35 x 13 cm<\/td>\n<\/tr>\n<tr data-start=\"3831\" data-end=\"3891\">\n<td data-start=\"3831\" data-end=\"3856\" data-col-size=\"sm\">Garantia<\/td>\n<td data-col-size=\"sm\" data-start=\"3856\" data-end=\"3891\">2 anos<\/td>\n<\/tr>\n<\/tbody>\n<\/table>\n<div class=\"sticky end-(--thread-content-margin) h-0 self-end select-none\">\n<div class=\"absolute end-0 flex items-end\"><\/div>\n<\/div>\n<\/div>\n<\/div>\n<h3 data-start=\"3898\" data-end=\"3949\">Veredicto final: Alvo real, dete\u00e7\u00e3o real!<\/h3>\n<p data-start=\"3950\" data-end=\"4197\"><strong data-start=\"3950\" data-end=\"3973\">O Adrenalin Evolution<\/strong> representa um avan\u00e7o na tecnologia de digitaliza\u00e7\u00e3o de longo alcance.<br data-start=\"4034\" data-end=\"4037\">Com a sua incompar\u00e1vel precis\u00e3o de dete\u00e7\u00e3o de vazios, capacidade de identifica\u00e7\u00e3o de metais e cobertura de \u00e1rea ampla, o Evolution ajuda a <strong data-start=\"4154\" data-end=\"4196\">maximizar o sucesso da tua ca\u00e7a ao tesouro<\/strong>.<\/p>\n<p data-start=\"4199\" data-end=\"4288\">\ud83d\udcde <strong data-start=\"4202\" data-end=\"4220\">Contacta-nos j\u00e1<\/strong> para dares um passo mais perto da tua descoberta com a Adrenalin Evolution!<\/p>\n","protected":false},"excerpt":{"rendered":"<div class=\"elementor-element elementor-element-f2b312d elementor-widget elementor-widget-heading\" data-id=\"f2b312d\" data-element_type=\"widget\" data-widget_type=\"heading.default\">\n<div class=\"elementor-widget-container\"><span class=\"elementor-heading-title elementor-size-default\">O <strong>localizador de longo alcance<\/strong> Evolution \u00e9 o melhor <strong>localizador de longo alcance<\/strong> do mundo com que sonham os ca\u00e7adores de tesouros. Foi desenvolvido como resultado de anos de pesquisa \u00e1rdua, tendo em conta as necessidades dos ca\u00e7adores de ouro que procuram um detetor de longo alcance. <\/span><\/div>\n<\/div>\n<div class=\"elementor-element elementor-element-721db11 elementor-widget elementor-widget-spacer\" data-id=\"721db11\" data-element_type=\"widget\" data-widget_type=\"spacer.default\">\n<div class=\"elementor-widget-container\">\n<div class=\"elementor-spacer\"><\/div>\n<\/div>\n<\/div>\n","protected":false},"featured_media":1002543,"comment_status":"open","ping_status":"closed","template":"","meta":[],"product_brand":[64],"product_cat":[155,154],"product_tag":[],"class_list":{"0":"post-1003523","1":"product","2":"type-product","3":"status-publish","4":"has-post-thumbnail","6":"product_brand-adrenalin-metal-detector","7":"product_cat-localizador-de-longo-alcance","8":"product_cat-varas-de-radiestesia","10":"first","11":"instock","12":"shipping-taxable","13":"purchasable","14":"product-type-simple"},"jetpack_sharing_enabled":true,"_links":{"self":[{"href":"https:\/\/adrenalindetector.com\/pt-pt\/wp-json\/wp\/v2\/product\/1003523","targetHints":{"allow":["GET"]}}],"collection":[{"href":"https:\/\/adrenalindetector.com\/pt-pt\/wp-json\/wp\/v2\/product"}],"about":[{"href":"https:\/\/adrenalindetector.com\/pt-pt\/wp-json\/wp\/v2\/types\/product"}],"replies":[{"embeddable":true,"href":"https:\/\/adrenalindetector.com\/pt-pt\/wp-json\/wp\/v2\/comments?post=1003523"}],"version-history":[{"count":0,"href":"https:\/\/adrenalindetector.com\/pt-pt\/wp-json\/wp\/v2\/product\/1003523\/revisions"}],"wp:featuredmedia":[{"embeddable":true,"href":"https:\/\/adrenalindetector.com\/pt-pt\/wp-json\/wp\/v2\/media\/1002543"}],"wp:attachment":[{"href":"https:\/\/adrenalindetector.com\/pt-pt\/wp-json\/wp\/v2\/media?parent=1003523"}],"wp:term":[{"taxonomy":"product_brand","embeddable":true,"href":"https:\/\/adrenalindetector.com\/pt-pt\/wp-json\/wp\/v2\/product_brand?post=1003523"},{"taxonomy":"product_cat","embeddable":true,"href":"https:\/\/adrenalindetector.com\/pt-pt\/wp-json\/wp\/v2\/product_cat?post=1003523"},{"taxonomy":"product_tag","embeddable":true,"href":"https:\/\/adrenalindetector.com\/pt-pt\/wp-json\/wp\/v2\/product_tag?post=1003523"}],"curies":[{"name":"wp","href":"https:\/\/api.w.org\/{rel}","templated":true}]}}