{"id":1003971,"date":"2025-10-18T17:18:23","date_gmt":"2025-10-18T17:18:23","guid":{"rendered":"https:\/\/adrenalindetector.com\/product\/adrenalin-eliminator-amplificador-de-sinal\/"},"modified":"2025-12-21T23:55:57","modified_gmt":"2025-12-21T23:55:57","slug":"adrenalin-eliminator-amplificador-de-sinal","status":"publish","type":"product","link":"https:\/\/adrenalindetector.com\/pt-pt\/produto\/adrenalin-eliminator-amplificador-de-sinal\/","title":{"rendered":"Adrenalin Eliminator | Amplificador de sinal"},"content":{"rendered":"<p><span style=\"color: #000000;\"><strong>Eliminador de adrenalina<\/strong><\/span><\/p>\n<p><span style=\"color: #000000;\">O Adrenalin Eliminator \u00e9 um dispositivo especializado que melhora a dete\u00e7\u00e3o de objectos met\u00e1licos particularmente valiosos (n\u00e3o ferrosos), estruturas com espa\u00e7os vazios e vest\u00edgios hist\u00f3ricos enterrados no subsolo h\u00e1 muitos anos, utilizando dispositivos de imagem subterr\u00e2nea e detectores de metais. Gra\u00e7as ao campo magn\u00e9tico da Terra, os n\u00edveis naturais do campo magn\u00e9tico que se formam sobre os materiais enterrados s\u00e3o muito amplificados por sinais especiais enviados para o solo. <\/span><\/p>\n<p><span style=\"color: #000000;\">O Eliminador \u00e9 utilizado em sistemas de imagiologia EM com sensores electromagn\u00e9ticos. Cria um n\u00edvel muito elevado de campo magn\u00e9tico sobre os metais enterrados. Isto permite que os dispositivos electromagn\u00e9ticos de imagiologia subterr\u00e2nea EM detectem metais valiosos como ouro, prata, bronze e derivados de cobre a grandes profundidades. Facilita a dete\u00e7\u00e3o ao carregar um campo magn\u00e9tico sobre alvos enterrados em apenas 5 minutos.   <\/span><\/p>\n<p><span style=\"color: #000000;\">Gra\u00e7as ao campo magn\u00e9tico aplicado aos metais valiosos nos sistemas de imagem, mesmo os alvos que s\u00e3o quase imposs\u00edveis de encontrar podem ser detectados visualmente.<\/span><\/p>\n<p><span style=\"color: #000000;\">Pode ser preferido para aumentar a profundidade dos detectores de metais utilizados na ca\u00e7a ao tesouro. Ao aumentar o n\u00edvel do campo magn\u00e9tico formado sobre o alvo, provoca um aumento de profundidade de at\u00e9 100% na dete\u00e7\u00e3o do detetor. <\/span><\/p>\n<p><span style=\"color: #000000;\">O Eliminator permite a dete\u00e7\u00e3o de alvos dif\u00edceis a profundidades que os detectores de pesquisa profunda convencionais n\u00e3o conseguem alcan\u00e7ar em condi\u00e7\u00f5es naturais. Em apenas 5 minutos, consegue um not\u00e1vel aumento de desempenho de at\u00e9 100% na dete\u00e7\u00e3o de metais valiosos, como ouro e prata, com detectores. <\/span><\/p>\n<p><span style=\"color: #000000;\"><strong>Conte\u00fado do conjunto:<\/strong><\/span><\/p>\n<p><span style=\"color: #000000;\">&#8211; Painel eletr\u00f3nico<\/span><\/p>\n<p><span style=\"color: #000000;\">&#8211; 4 el\u00e9ctrodos<\/span><\/p>\n<p><span style=\"color: #000000;\">&#8211; Carregador autom\u00e1tico de 12 volts<\/span><\/p>\n<p><span style=\"color: #000000;\">&#8211; 4 cabos (2\u00d75 metros &#8211; 2&#215;15 metros)<\/span><\/p>\n<p><span style=\"color: #000000;\">&#8211; Manual do utilizador turco, certificado de garantia.<\/span><\/p>\n<p><span style=\"color: #000000;\">Dimens\u00f5es de transporte:<\/span><\/p>\n<p><span style=\"color: #000000;\">Dimens\u00f5es da embalagem: 35 \u0445 30 \u0445 10 cm<\/span><\/p>\n<p><span style=\"color: #000000;\">Peso: 2,4 kg<\/span><\/p>\n<p>&nbsp;<\/p>\n<p>&nbsp;<\/p>\n","protected":false},"excerpt":{"rendered":"<p>O Adrenalin Eliminator \u00e9 um dispositivo especializado que melhora a dete\u00e7\u00e3o de objectos met\u00e1licos particularmente valiosos (n\u00e3o ferrosos), estruturas com espa\u00e7os vazios e vest\u00edgios hist\u00f3ricos que tenham estado enterrados no subsolo durante muitos anos, utilizando dispositivos de imagiologia subterr\u00e2nea e detectores de metais.<\/p>\n","protected":false},"featured_media":1003838,"comment_status":"open","ping_status":"closed","template":"","meta":[],"product_brand":[],"product_cat":[204,203],"product_tag":[],"class_list":{"0":"post-1003971","1":"product","2":"type-product","3":"status-publish","4":"has-post-thumbnail","6":"product_cat-reforco-de-sinal","7":"product_cat-sistemas-electromagneticos","9":"first","10":"instock","11":"shipping-taxable","12":"purchasable","13":"product-type-simple"},"jetpack_sharing_enabled":true,"_links":{"self":[{"href":"https:\/\/adrenalindetector.com\/pt-pt\/wp-json\/wp\/v2\/product\/1003971","targetHints":{"allow":["GET"]}}],"collection":[{"href":"https:\/\/adrenalindetector.com\/pt-pt\/wp-json\/wp\/v2\/product"}],"about":[{"href":"https:\/\/adrenalindetector.com\/pt-pt\/wp-json\/wp\/v2\/types\/product"}],"replies":[{"embeddable":true,"href":"https:\/\/adrenalindetector.com\/pt-pt\/wp-json\/wp\/v2\/comments?post=1003971"}],"version-history":[{"count":0,"href":"https:\/\/adrenalindetector.com\/pt-pt\/wp-json\/wp\/v2\/product\/1003971\/revisions"}],"wp:featuredmedia":[{"embeddable":true,"href":"https:\/\/adrenalindetector.com\/pt-pt\/wp-json\/wp\/v2\/media\/1003838"}],"wp:attachment":[{"href":"https:\/\/adrenalindetector.com\/pt-pt\/wp-json\/wp\/v2\/media?parent=1003971"}],"wp:term":[{"taxonomy":"product_brand","embeddable":true,"href":"https:\/\/adrenalindetector.com\/pt-pt\/wp-json\/wp\/v2\/product_brand?post=1003971"},{"taxonomy":"product_cat","embeddable":true,"href":"https:\/\/adrenalindetector.com\/pt-pt\/wp-json\/wp\/v2\/product_cat?post=1003971"},{"taxonomy":"product_tag","embeddable":true,"href":"https:\/\/adrenalindetector.com\/pt-pt\/wp-json\/wp\/v2\/product_tag?post=1003971"}],"curies":[{"name":"wp","href":"https:\/\/api.w.org\/{rel}","templated":true}]}}