{"id":1003984,"date":"2025-07-01T23:12:13","date_gmt":"2025-07-01T23:12:13","guid":{"rendered":"https:\/\/adrenalindetector.com\/product\/adrenalina-visionaria-pacote-standard\/"},"modified":"2025-12-02T03:38:49","modified_gmt":"2025-12-02T03:38:49","slug":"adrenalina-visionaria-pacote-standard","status":"publish","type":"product","link":"https:\/\/adrenalindetector.com\/pt-pt\/produto\/adrenalina-visionaria-pacote-standard\/","title":{"rendered":"Adrenalina Vision\u00e1ria | Pacote Standard"},"content":{"rendered":"<h3 data-start=\"169\" data-end=\"267\"><span style=\"color: #000000;\"><strong data-start=\"176\" data-end=\"265\">Adrenalin VISIONARY &#8211; Detetor de pesquisa profunda que combina 3 tecnologias num \u00fanico dispositivo<\/strong><\/span><\/h3>\n<p data-start=\"268\" data-end=\"733\"><span style=\"color: #000000;\">\ud83d\udce1 <strong data-start=\"271\" data-end=\"326\">Imagens 3D &#8211; Sistema de impulsos &#8211; Tecnologia de magnet\u00f3metro<\/strong><\/span><\/p>\n<p data-start=\"268\" data-end=\"733\"><span style=\"color: #000000;\">O VISIONARY \u00e9 um sistema de imagiologia subterr\u00e2nea e de dete\u00e7\u00e3o de metais de topo de gama, desenvolvido para ca\u00e7adores de tesouros profissionais. Combina tr\u00eas tecnologias avan\u00e7adas num \u00fanico dispositivo: Sistema de Indu\u00e7\u00e3o de Impulsos Melhorado, Eletromagn\u00e9tico Passivo (Magnet\u00f3metro) e Tecnologia de Imagem 3D. <\/span><br data-start=\"608\" data-end=\"611\"><span style=\"color: #000000;\">Com esta combina\u00e7\u00e3o \u00fanica, o VISIONARY oferece um desempenho inigual\u00e1vel tanto para a pesquisa profunda como para a dete\u00e7\u00e3o de uma s\u00f3 moeda.<\/span><\/p>\n<h3 data-start=\"740\" data-end=\"778\"><span style=\"color: #000000;\">Carater\u00edsticas principais do VISIONARY<\/span><\/h3>\n<p data-start=\"779\" data-end=\"1301\"><span style=\"color: #000000;\"><strong data-start=\"783\" data-end=\"808\">3 tecnologias numa s\u00f3<\/strong>: detetor de impulsos + imagem electromagn\u00e9tica 3D + sistema de magnet\u00f3metro<\/span><br data-start=\"875\" data-end=\"878\"><span style=\"color: #000000;\"><strong data-start=\"882\" data-end=\"909\">Sistema de equil\u00edbrio do solo<\/strong>: Ajuste avan\u00e7ado para v\u00e1rios tipos de solo<\/span><br data-start=\"953\" data-end=\"956\"><span style=\"color: #000000;\"><strong data-start=\"960\" data-end=\"979\">Modo sem movimento<\/strong>: Detecta alvos profundos enquanto est\u00e1 parado<\/span><br data-start=\"1021\" data-end=\"1024\"><span style=\"color: #000000;\"><strong data-start=\"1028\" data-end=\"1060\">Desempenho l\u00edder em profundidade<\/strong>: Detecta metais como ouro, prata e cobre at\u00e9 6 metros de profundidade<\/span><br data-start=\"1126\" data-end=\"1129\"><span style=\"color: #000000;\"><strong data-start=\"1133\" data-end=\"1153\">Dete\u00e7\u00e3o de cavidades<\/strong>: Detecta cavernas, caves, salas e t\u00faneis at\u00e9 4 metros de profundidade<\/span><br data-start=\"1217\" data-end=\"1220\"><span style=\"color: #000000;\"><strong data-start=\"1224\" data-end=\"1251\">Interface de f\u00e1cil utiliza\u00e7\u00e3o<\/strong>: Simples e intuitiva mesmo para os utilizadores principiantes<\/span><\/p>\n<h3 data-start=\"1308\" data-end=\"1348\"><span style=\"color: #000000;\">Integra\u00e7\u00e3o do software Android 3D<\/span><\/h3>\n<p data-start=\"1349\" data-end=\"1573\"><span style=\"color: #000000;\">O VISIONARY \u00e9 totalmente compat\u00edvel com smartphones e tablets com Android. Os dados recebidos do aparelho s\u00e3o instantaneamente transformados em gr\u00e1ficos 3D, permitindo-lhe analisar a forma, o tamanho e a profundidade do alvo em tempo real. <\/span><\/p>\n<h3 data-start=\"1580\" data-end=\"1627\"><span style=\"color: #000000;\">Sistema avan\u00e7ado de identifica\u00e7\u00e3o e discrimina\u00e7\u00e3o de metais<\/span><\/h3>\n<p data-start=\"1628\" data-end=\"1914\"><span style=\"color: #000000;\">&#8211; <strong data-start=\"1633\" data-end=\"1670\">Identifica\u00e7\u00e3o num\u00e9rica (ID 00-99)<\/strong>: Classifica os alvos com base no valor da condutividade<\/span><br data-start=\"1718\" data-end=\"1721\"><span style=\"color: #000000;\">&#8211; <strong data-start=\"1726\" data-end=\"1750\">Discrimina\u00e7\u00e3o de \u00e1udio<\/strong>: Tons cont\u00ednuos para metais valiosos; tons de corte para metais de sucata<\/span><br data-start=\"1816\" data-end=\"1819\"><span style=\"color: #000000;\">&#8211; <strong data-start=\"1824\" data-end=\"1846\">Indicador FE \/ NFE<\/strong>: Diferencia instantaneamente entre alvos ferrosos e n\u00e3o ferrosos<\/span><\/p>\n<h3 data-start=\"1921\" data-end=\"1969\"><span style=\"color: #000000;\">Profundidades de dete\u00e7\u00e3o (com base no tamanho da bobina de pesquisa)<\/span><\/h3>\n<div class=\"_tableContainer_80l1q_1\">\n<div class=\"_tableWrapper_80l1q_14 group flex w-fit flex-col-reverse\" tabindex=\"-1\">\n<table class=\"w-fit min-w-(--thread-content-width)\" data-start=\"1971\" data-end=\"2427\">\n<thead data-start=\"1971\" data-end=\"2045\">\n<tr data-start=\"1971\" data-end=\"2045\">\n<th data-start=\"1971\" data-end=\"1996\" data-col-size=\"sm\"><span style=\"color: #000000;\">OBJECTO \/ ALVO<\/span><\/th>\n<th data-start=\"1996\" data-end=\"2007\" data-col-size=\"sm\"><span style=\"color: #000000;\">34 CM DD<\/span><\/th>\n<th data-start=\"2007\" data-end=\"2018\" data-col-size=\"sm\"><span style=\"color: #000000;\">70&#215;70 CM<\/span><\/th>\n<th data-start=\"2018\" data-end=\"2031\" data-col-size=\"sm\"><span style=\"color: #000000;\">130&#215;130 CM<\/span><\/th>\n<th data-start=\"2031\" data-end=\"2045\" data-col-size=\"sm\"><span style=\"color: #000000;\">150&#215;150 CM<\/span><\/th>\n<\/tr>\n<\/thead>\n<tbody data-start=\"2124\" data-end=\"2427\">\n<tr data-start=\"2124\" data-end=\"2199\">\n<td data-start=\"2124\" data-end=\"2149\" data-col-size=\"sm\"><span style=\"color: #000000;\">Meia moeda de ouro<\/span><\/td>\n<td data-col-size=\"sm\" data-start=\"2149\" data-end=\"2159\"><span style=\"color: #000000;\">25 cm<\/span><\/td>\n<td data-col-size=\"sm\" data-start=\"2159\" data-end=\"2170\"><span style=\"color: #000000;\">40 cm<\/span><\/td>\n<td data-col-size=\"sm\" data-start=\"2170\" data-end=\"2184\"><span style=\"color: #000000;\">\u2013<\/span><\/td>\n<td data-col-size=\"sm\" data-start=\"2184\" data-end=\"2199\"><span style=\"color: #000000;\">&#8211;<\/span><\/td>\n<\/tr>\n<tr data-start=\"2200\" data-end=\"2275\">\n<td data-start=\"2200\" data-end=\"2225\" data-col-size=\"sm\"><span style=\"color: #000000;\">Pulseira dourada<\/span><\/td>\n<td data-col-size=\"sm\" data-start=\"2225\" data-end=\"2235\"><span style=\"color: #000000;\">70 cm<\/span><\/td>\n<td data-col-size=\"sm\" data-start=\"2235\" data-end=\"2246\"><span style=\"color: #000000;\">110 cm<\/span><\/td>\n<td data-col-size=\"sm\" data-start=\"2246\" data-end=\"2260\"><span style=\"color: #000000;\">120 cm<\/span><\/td>\n<td data-col-size=\"sm\" data-start=\"2260\" data-end=\"2275\"><span style=\"color: #000000;\">100 cm<\/span><\/td>\n<\/tr>\n<tr data-start=\"2276\" data-end=\"2351\">\n<td data-start=\"2276\" data-end=\"2301\" data-col-size=\"sm\"><span style=\"color: #000000;\">Placa de cobre 10&#215;10 cm<\/span><\/td>\n<td data-col-size=\"sm\" data-start=\"2301\" data-end=\"2311\"><span style=\"color: #000000;\">80 cm<\/span><\/td>\n<td data-col-size=\"sm\" data-start=\"2311\" data-end=\"2322\"><span style=\"color: #000000;\">120 cm<\/span><\/td>\n<td data-col-size=\"sm\" data-start=\"2322\" data-end=\"2336\"><span style=\"color: #000000;\">130 cm<\/span><\/td>\n<td data-col-size=\"sm\" data-start=\"2336\" data-end=\"2351\"><span style=\"color: #000000;\">150 cm<\/span><\/td>\n<\/tr>\n<tr data-start=\"2352\" data-end=\"2427\">\n<td data-start=\"2352\" data-end=\"2377\" data-col-size=\"sm\"><span style=\"color: #000000;\">25&#215;25 cm Capacete<\/span><\/td>\n<td data-col-size=\"sm\" data-start=\"2377\" data-end=\"2387\"><span style=\"color: #000000;\">130 cm<\/span><\/td>\n<td data-col-size=\"sm\" data-start=\"2387\" data-end=\"2398\"><span style=\"color: #000000;\">190 cm<\/span><\/td>\n<td data-col-size=\"sm\" data-start=\"2398\" data-end=\"2412\"><span style=\"color: #000000;\">250 cm<\/span><\/td>\n<td data-col-size=\"sm\" data-start=\"2412\" data-end=\"2427\"><span style=\"color: #000000;\">300 cm<\/span><\/td>\n<\/tr>\n<\/tbody>\n<\/table>\n<div class=\"sticky end-(--thread-content-margin) h-0 self-end select-none\">\n<div class=\"absolute end-0 flex items-end\"><\/div>\n<\/div>\n<\/div>\n<\/div>\n<p data-start=\"2429\" data-end=\"2567\"><span style=\"color: #000000;\"><strong data-start=\"2432\" data-end=\"2440\">Nota<\/strong>: A profundidade pode variar dependendo do tipo de solo e do tempo que o objeto esteve enterrado. Os sistemas de pulso t\u00eam melhor desempenho em alvos mais antigos. <\/span><\/p>\n<h3 data-start=\"2574\" data-end=\"2623\"><span style=\"color: #000000;\">Conte\u00fado do pacote &#8211; Vers\u00f5es Standard e Completa<\/span><\/h3>\n<p data-start=\"2625\" data-end=\"2727\"><span style=\"color: #000000;\"><strong data-start=\"2625\" data-end=\"2646\">Pacote padr\u00e3o:<\/strong><\/span><br data-start=\"2646\" data-end=\"2649\"><span style=\"color: #000000;\">&#8211; Unidade principal<\/span><br data-start=\"2660\" data-end=\"2663\"><span style=\"color: #000000;\">&#8211; Carregador<\/span><br data-start=\"2672\" data-end=\"2675\"><span style=\"color: #000000;\">&#8211; Auscultadores<\/span><br data-start=\"2687\" data-end=\"2690\"><span style=\"color: #000000;\">&#8211; Mala de transporte<\/span><br data-start=\"2705\" data-end=\"2708\"><span style=\"color: #000000;\">&#8211; 3 bobinas de busca:<\/span><\/p>\n<ul data-start=\"2730\" data-end=\"2793\">\n<li data-start=\"2730\" data-end=\"2747\">\n<p data-start=\"2732\" data-end=\"2747\"><span style=\"color: #000000;\">Bobina DD de 34 cm<\/span><\/p>\n<\/li>\n<li data-start=\"2750\" data-end=\"2769\">\n<p data-start=\"2752\" data-end=\"2769\"><span style=\"color: #000000;\">Bobina mono 70&#215;70<\/span><\/p>\n<\/li>\n<li data-start=\"2772\" data-end=\"2793\">\n<p data-start=\"2774\" data-end=\"2793\"><span style=\"color: #000000;\">Bobina mono 130&#215;130<\/span><\/p>\n<\/li>\n<\/ul>\n<p data-start=\"2795\" data-end=\"2869\"><span style=\"color: #000000;\"><strong data-start=\"2795\" data-end=\"2821\">O pacote completo inclui:<\/strong><\/span><br data-start=\"2821\" data-end=\"2824\"><span style=\"color: #000000;\">&#8211; Tudo o que est\u00e1 no Pacote Standard, mais:<\/span><\/p>\n<ul data-start=\"2872\" data-end=\"2934\">\n<li data-start=\"2872\" data-end=\"2903\">\n<p data-start=\"2874\" data-end=\"2903\"><span style=\"color: #000000;\">Sensor EM (Magnet\u00f3metro 3D)<\/span><\/p>\n<\/li>\n<li data-start=\"2906\" data-end=\"2934\">\n<p data-start=\"2908\" data-end=\"2934\"><span style=\"color: #000000;\">Suporte de software Android<\/span><\/p>\n<\/li>\n<\/ul>\n<p><iframe title=\"Leitor de v\u00eddeo do YouTube\" src=\"https:\/\/www.youtube.com\/embed\/videoseries?si=2gW3Aiw8_JgtLGVl&amp;list=PLi_Z_j5lvjC-1x8RNgDuvxK2Y4nAdLC12\" width=\"560\" height=\"450\" frameborder=\"0\" allowfullscreen=\"allowfullscreen\"><\/iframe><\/p>\n<p>&nbsp;<\/p>\n<h3 data-start=\"2941\" data-end=\"2969\"><span style=\"color: #000000;\">Especifica\u00e7\u00f5es t\u00e9cnicas<\/span><\/h3>\n<div class=\"_tableContainer_80l1q_1\">\n<div class=\"_tableWrapper_80l1q_14 group flex w-fit flex-col-reverse\" tabindex=\"-1\">\n<table class=\"w-fit min-w-(--thread-content-width)\" data-start=\"2971\" data-end=\"3920\">\n<thead data-start=\"2971\" data-end=\"3038\">\n<tr data-start=\"2971\" data-end=\"3038\">\n<th data-start=\"2971\" data-end=\"2998\" data-col-size=\"sm\"><span style=\"color: #000000;\">Carater\u00edstica<\/span><\/th>\n<th data-start=\"2998\" data-end=\"3038\" data-col-size=\"sm\"><span style=\"color: #000000;\">Valor<\/span><\/th>\n<\/tr>\n<\/thead>\n<tbody data-start=\"3107\" data-end=\"3920\">\n<tr data-start=\"3107\" data-end=\"3173\">\n<td data-start=\"3107\" data-end=\"3134\" data-col-size=\"sm\"><span style=\"color: #000000;\">Sistema operativo<\/span><\/td>\n<td data-col-size=\"sm\" data-start=\"3134\" data-end=\"3173\"><span style=\"color: #000000;\">Indu\u00e7\u00e3o de impulsos (PI) melhorada<\/span><\/td>\n<\/tr>\n<tr data-start=\"3174\" data-end=\"3241\">\n<td data-start=\"3174\" data-end=\"3201\" data-col-size=\"sm\"><span style=\"color: #000000;\">Frequ\u00eancia<\/span><\/td>\n<td data-col-size=\"sm\" data-start=\"3201\" data-end=\"3241\"><span style=\"color: #000000;\">1000 impulsos por segundo<\/span><\/td>\n<\/tr>\n<tr data-start=\"3242\" data-end=\"3308\">\n<td data-start=\"3242\" data-end=\"3269\" data-col-size=\"sm\"><span style=\"color: #000000;\">Modos de dete\u00e7\u00e3o<\/span><\/td>\n<td data-col-size=\"sm\" data-start=\"3269\" data-end=\"3308\"><span style=\"color: #000000;\">Geral, Sens\u00edvel, 3D Cavidade-Metal<\/span><\/td>\n<\/tr>\n<tr data-start=\"3309\" data-end=\"3376\">\n<td data-start=\"3309\" data-end=\"3336\" data-col-size=\"sm\"><span style=\"color: #000000;\">Ajuste do solo<\/span><\/td>\n<td data-col-size=\"sm\" data-start=\"3336\" data-end=\"3376\"><span style=\"color: #000000;\">Autom\u00e1tico e manual<\/span><\/td>\n<\/tr>\n<tr data-start=\"3377\" data-end=\"3444\">\n<td data-start=\"3377\" data-end=\"3404\" data-col-size=\"sm\"><span style=\"color: #000000;\">Sensibilidade \/ Ganho<\/span><\/td>\n<td data-col-size=\"sm\" data-start=\"3404\" data-end=\"3444\"><span style=\"color: #000000;\">N\u00edvel 1-9<\/span><\/td>\n<\/tr>\n<tr data-start=\"3445\" data-end=\"3512\">\n<td data-start=\"3445\" data-end=\"3472\" data-col-size=\"sm\"><span style=\"color: #000000;\">Bateria \/ Tempo de funcionamento<\/span><\/td>\n<td data-col-size=\"sm\" data-start=\"3472\" data-end=\"3512\"><span style=\"color: #000000;\">12,6V Li-Po \/ 6-8 horas<\/span><\/td>\n<\/tr>\n<tr data-start=\"3513\" data-end=\"3580\">\n<td data-start=\"3513\" data-end=\"3540\" data-col-size=\"sm\"><span style=\"color: #000000;\">Ecr\u00e3<\/span><\/td>\n<td data-col-size=\"sm\" data-start=\"3540\" data-end=\"3580\"><span style=\"color: #000000;\">LCD retroiluminado<\/span><\/td>\n<\/tr>\n<tr data-start=\"3581\" data-end=\"3648\">\n<td data-start=\"3581\" data-end=\"3608\" data-col-size=\"sm\"><span style=\"color: #000000;\">Indicador de profundidade<\/span><\/td>\n<td data-col-size=\"sm\" data-start=\"3608\" data-end=\"3648\"><span style=\"color: #000000;\">Autom\u00e1tico (em cm)<\/span><\/td>\n<\/tr>\n<tr data-start=\"3649\" data-end=\"3716\">\n<td data-start=\"3649\" data-end=\"3676\" data-col-size=\"sm\"><span style=\"color: #000000;\">Tomada para auscultadores<\/span><\/td>\n<td data-col-size=\"sm\" data-start=\"3676\" data-end=\"3716\"><span style=\"color: #000000;\">Tomada mono de \u00bc&#8221;<\/span><\/td>\n<\/tr>\n<tr data-start=\"3717\" data-end=\"3784\">\n<td data-start=\"3717\" data-end=\"3744\" data-col-size=\"sm\"><span style=\"color: #000000;\">Temperatura de funcionamento<\/span><\/td>\n<td data-col-size=\"sm\" data-start=\"3744\" data-end=\"3784\"><span style=\"color: #000000;\">-10\u00b0C a +50\u00b0C<\/span><\/td>\n<\/tr>\n<tr data-start=\"3785\" data-end=\"3852\">\n<td data-start=\"3785\" data-end=\"3812\" data-col-size=\"sm\"><span style=\"color: #000000;\">Peso e portabilidade<\/span><\/td>\n<td data-col-size=\"sm\" data-start=\"3812\" data-end=\"3852\"><span style=\"color: #000000;\">Leve, al\u00e7a de ombro, compacta<\/span><\/td>\n<\/tr>\n<tr data-start=\"3853\" data-end=\"3920\">\n<td data-start=\"3853\" data-end=\"3880\" data-col-size=\"sm\"><span style=\"color: #000000;\">Conectividade<\/span><\/td>\n<td data-col-size=\"sm\" data-start=\"3880\" data-end=\"3920\"><span style=\"color: #000000;\">Dongle sem fios \/ Compat\u00edvel com Android<\/span><\/td>\n<\/tr>\n<\/tbody>\n<\/table>\n<div class=\"sticky end-(--thread-content-margin) h-0 self-end select-none\">\n<div class=\"absolute end-0 flex items-end\"><\/div>\n<\/div>\n<\/div>\n<\/div>\n<h3 data-start=\"3927\" data-end=\"3982\"><span style=\"color: #000000;\">\ud83c\udfc6 Conhece o VISION\u00c1RIO: Descobre o que se encontra nas profundezas!<\/span><\/h3>\n<p data-start=\"3983\" data-end=\"4183\"><span style=\"color: #000000;\">Adrenalin VISIONARY \u00e9 mais do que um simples detetor &#8211; \u00e9 um sistema profissional de imagens subterr\u00e2neas, uma ferramenta valiosa para a explora\u00e7\u00e3o arqueol\u00f3gica e o teu parceiro mais fi\u00e1vel na ca\u00e7a ao tesouro.<\/span><\/p>\n<p data-start=\"4185\" data-end=\"4300\"><span style=\"color: #000000;\">\ud83c\udfaf  <strong data-start=\"4188\" data-end=\"4300\">Ultrapassa os limites nas tuas explora\u00e7\u00f5es. S\u00ea o primeiro a alcan\u00e7ar os tesouros mais profundos com Adrenalin VISIONARY! <\/strong><\/span><\/p>\n","protected":false},"excerpt":{"rendered":"<div class=\"elementor-element elementor-element-f2b312d elementor-widget elementor-widget-heading\" data-id=\"f2b312d\" data-element_type=\"widget\" data-widget_type=\"heading.default\">\n<div class=\"elementor-widget-container\"><span class=\"elementor-heading-title elementor-size-default\"><strong>Melhor Detetor de Metais para Ouro &#8211; Adrenalin VISIONARY<\/strong> \u00e9 um <strong>detetor de metais 3D<\/strong> produzido com a nova tecnologia GBS. E detecta <strong>metais de<\/strong> forma est\u00e1vel. <\/span><\/div>\n<\/div>\n<div class=\"elementor-element elementor-element-721db11 elementor-widget elementor-widget-spacer\" data-id=\"721db11\" data-element_type=\"widget\" data-widget_type=\"spacer.default\">\n<div class=\"elementor-widget-container\">\n<div class=\"elementor-spacer\"><\/div>\n<\/div>\n<\/div>\n","protected":false},"featured_media":1002411,"comment_status":"open","ping_status":"closed","template":"","meta":[],"product_brand":[],"product_cat":[232,234,235,233],"product_tag":[],"class_list":{"0":"post-1003984","1":"product","2":"type-product","3":"status-publish","4":"has-post-thumbnail","6":"product_cat-detectores-de-ouro","7":"product_cat-detetor-de-metais-3d","8":"product_cat-detetor-de-ouro-3d","9":"product_cat-o-melhor-detetor-de-metais-para-ouro","11":"first","12":"instock","13":"sale","14":"shipping-taxable","15":"purchasable","16":"product-type-simple"},"jetpack_sharing_enabled":true,"_links":{"self":[{"href":"https:\/\/adrenalindetector.com\/pt-pt\/wp-json\/wp\/v2\/product\/1003984","targetHints":{"allow":["GET"]}}],"collection":[{"href":"https:\/\/adrenalindetector.com\/pt-pt\/wp-json\/wp\/v2\/product"}],"about":[{"href":"https:\/\/adrenalindetector.com\/pt-pt\/wp-json\/wp\/v2\/types\/product"}],"replies":[{"embeddable":true,"href":"https:\/\/adrenalindetector.com\/pt-pt\/wp-json\/wp\/v2\/comments?post=1003984"}],"version-history":[{"count":0,"href":"https:\/\/adrenalindetector.com\/pt-pt\/wp-json\/wp\/v2\/product\/1003984\/revisions"}],"wp:featuredmedia":[{"embeddable":true,"href":"https:\/\/adrenalindetector.com\/pt-pt\/wp-json\/wp\/v2\/media\/1002411"}],"wp:attachment":[{"href":"https:\/\/adrenalindetector.com\/pt-pt\/wp-json\/wp\/v2\/media?parent=1003984"}],"wp:term":[{"taxonomy":"product_brand","embeddable":true,"href":"https:\/\/adrenalindetector.com\/pt-pt\/wp-json\/wp\/v2\/product_brand?post=1003984"},{"taxonomy":"product_cat","embeddable":true,"href":"https:\/\/adrenalindetector.com\/pt-pt\/wp-json\/wp\/v2\/product_cat?post=1003984"},{"taxonomy":"product_tag","embeddable":true,"href":"https:\/\/adrenalindetector.com\/pt-pt\/wp-json\/wp\/v2\/product_tag?post=1003984"}],"curies":[{"name":"wp","href":"https:\/\/api.w.org\/{rel}","templated":true}]}}