{"id":1003310,"date":"2025-01-14T12:03:16","date_gmt":"2025-01-14T12:03:16","guid":{"rendered":"https:\/\/adrenalindetector.com\/vara-aterforsaljare\/"},"modified":"2025-07-17T17:51:13","modified_gmt":"2025-07-17T17:51:13","slug":"vara-aterforsaljare","status":"publish","type":"page","link":"https:\/\/adrenalindetector.com\/sv\/vara-aterforsaljare\/","title":{"rendered":"V\u00e5ra \u00e5terf\u00f6rs\u00e4ljare"},"content":{"rendered":"\t\t<div data-elementor-type=\"wp-page\" data-elementor-id=\"1003310\" class=\"elementor elementor-1003310 elementor-31\">\n\t\t\t\t<div class=\"wd-negative-gap elementor-element elementor-element-a12005d e-flex e-con-boxed e-con e-parent\" data-id=\"a12005d\" data-element_type=\"container\">\n\t\t\t\t\t<div class=\"e-con-inner\">\n\t\t<div class=\"wd-sticky-container-lg elementor-element elementor-element-54c159d e-con-full wd-col-offcanvas-md-sm wd-col-offcanvas-sm e-flex wd-alignment-left e-con e-child\" data-id=\"54c159d\" data-element_type=\"container\">\n\t\t\t\t<div class=\"elementor-element elementor-element-7181350 elementor-widget elementor-widget-wd_mega_menu\" data-id=\"7181350\" data-element_type=\"widget\" data-widget_type=\"wd_mega_menu.default\">\n\t\t\t\t<div class=\"elementor-widget-container\">\n\t\t\t\t\t\t\t<div class=\"wd-menu widget_nav_mega_menu\">\n\t\t\t\t\t\t<ul id=\"menu-sidebar-menu-marketplace-2\" class=\"menu wd-nav wd-nav-vertical wd-design-simple wd-gap-l\"><li id=\"menu-item-825\" class=\"menu-item menu-item-type-post_type menu-item-object-page menu-item-825 item-level-0 menu-simple-dropdown wd-event-hover\" ><a href=\"https:\/\/adrenalindetector.com\/track-you-order\/\" class=\"woodmart-nav-link\"><span class=\"nav-link-text\">Sp\u00e5ra din best\u00e4llning<\/span><\/a><\/li>\n<li id=\"menu-item-828\" class=\"menu-item menu-item-type-post_type menu-item-object-page menu-item-828 item-level-0 menu-simple-dropdown wd-event-hover\" ><a href=\"https:\/\/adrenalindetector.com\/our-dealers\/\" class=\"woodmart-nav-link\"><span class=\"nav-link-text\">V\u00e5ra \u00e5terf\u00f6rs\u00e4ljare<\/span><\/a><\/li>\n<li id=\"menu-item-826\" class=\"menu-item menu-item-type-post_type menu-item-object-page menu-item-826 item-level-0 menu-simple-dropdown wd-event-hover\" ><a href=\"https:\/\/adrenalindetector.com\/contact-us\/\" class=\"woodmart-nav-link\"><span class=\"nav-link-text\">Kontakta oss<\/span><\/a><\/li>\n<\/ul>\t\t<\/div>\n\t\t\t\t\t\t<\/div>\n\t\t\t\t<\/div>\n\t\t\t\t<\/div>\n\t\t<div class=\"elementor-element elementor-element-e831859 e-con-full wd-col-content-md-sm wd-col-content-sm e-flex e-con e-child\" data-id=\"e831859\" data-element_type=\"container\">\n\t\t<div class=\"elementor-element elementor-element-fe25b8c e-con-full e-flex e-con e-child\" data-id=\"fe25b8c\" data-element_type=\"container\">\n\t\t<div class=\"elementor-element elementor-element-b49114b e-con-full e-flex e-con e-child\" data-id=\"b49114b\" data-element_type=\"container\">\n\t\t\t\t<div class=\"elementor-element elementor-element-029e262 elementor-hidden-desktop wd-action-hide-btn elementor-widget elementor-widget-wd_builder_off_canvas_column_btn\" data-id=\"029e262\" data-element_type=\"widget\" data-widget_type=\"wd_builder_off_canvas_column_btn.default\">\n\t\t\t\t<div class=\"elementor-widget-container\">\n\t\t\t\t\t\n\t\t<div class=\"wd-off-canvas-btn wd-action-btn wd-style-text wd-burger-icon\">\n\t\t\t<a href=\"#\" rel=\"nofollow\">\n\t\t\t\t\t\t\t\tShow sidebar\t\t\t<\/a>\n\t\t<\/div>\n\n\t\t\t\t\t<div class=\"wd-sidebar-opener wd-show-on-scroll wd-action-btn wd-style-icon wd-burger-icon\">\n\t\t\t\t<a href=\"#\" rel=\"nofollow\">\n\t\t\t\t\t\t\t\t\t<\/a>\n\t\t\t<\/div>\n\t\t\t\t\t\t\t\t<\/div>\n\t\t\t\t<\/div>\n\t\t\t\t<\/div>\n\t\t<div class=\"elementor-element elementor-element-ee22656 e-con-full e-flex e-con e-child\" data-id=\"ee22656\" data-element_type=\"container\">\n\t\t<div class=\"elementor-element elementor-element-e02e7dc e-con-full e-flex e-con e-child\" data-id=\"e02e7dc\" data-element_type=\"container\" data-settings=\"{&quot;background_background&quot;:&quot;classic&quot;}\">\n\t\t\t\t<div class=\"elementor-element elementor-element-4c330e8 wd-width-100 elementor-widget elementor-widget-wd_title\" data-id=\"4c330e8\" data-element_type=\"widget\" data-widget_type=\"wd_title.default\">\n\t\t\t\t<div class=\"elementor-widget-container\">\n\t\t\t\t\t\t\t<div class=\"title-wrapper wd-set-mb reset-last-child wd-title-color-default wd-title-style-default wd-title-size-default text-left\">\n\n\t\t\t\n\t\t\t<div class=\"liner-continer\">\n\t\t\t\t<h4 class=\"woodmart-title-container title wd-fontsize-l\">Turkiet<\/h4> \n\t\t\t\t\t\t\t<\/div>\n\n\t\t\t\t\t\t\t<div class=\"title-after_title reset-last-child wd-fontsize-xs\">\n\t\t\t\t\t<p>Muradiye Mahallesi 97. Sokak \u0130lkyurt Sitesi E-blok No:23, 59700 Muratl\u0131\/Tekirda\u011f <\/p><p>Lager och distributionscenter<\/p><p><a href=\"tel:+905398476383\"><span class=\"elementor-icon-list-text\">+90 539 847 63 83<\/span><\/a><\/p><p><a href=\"https:\/\/adrenalindedektor.com\/\" target=\"_blank\" rel=\"noopener\"><span class=\"elementor-icon-list-text\">adrenalindedektor.com<\/span><\/a><\/p>\t\t\t\t<\/div>\n\t\t\t\t\t<\/div>\n\t\t\t\t\t\t<\/div>\n\t\t\t\t<\/div>\n\t\t\t\t<\/div>\n\t\t<div class=\"elementor-element elementor-element-abe2bed e-con-full e-flex e-con e-child\" data-id=\"abe2bed\" data-element_type=\"container\" data-settings=\"{&quot;background_background&quot;:&quot;classic&quot;}\">\n\t\t\t\t<div class=\"elementor-element elementor-element-6f97121 wd-width-100 elementor-widget elementor-widget-wd_title\" data-id=\"6f97121\" data-element_type=\"widget\" data-widget_type=\"wd_title.default\">\n\t\t\t\t<div class=\"elementor-widget-container\">\n\t\t\t\t\t\t\t<div class=\"title-wrapper wd-set-mb reset-last-child wd-title-color-default wd-title-style-default wd-title-size-default text-left\">\n\n\t\t\t\n\t\t\t<div class=\"liner-continer\">\n\t\t\t\t<h4 class=\"woodmart-title-container title wd-fontsize-l\">Marocko<\/h4> \n\t\t\t\t\t\t\t<\/div>\n\n\t\t\t\t\t\t\t<div class=\"title-after_title reset-last-child wd-fontsize-xs\">\n\t\t\t\t\t<p>COMPLEXE CHOROUK, ENTREE B 2 EME ETAGE INNOUJIRIS MAGHREB D\u00c9TECTEUR , Khouribga 25000<\/p><p><a href=\"tel:00654545836\"><span class=\"elementor-icon-list-text\">00654545836<\/span><\/a><\/p><p><a href=\"tel:00212617270937\"><i><\/i><span class=\"elementor-icon-list-text\">00212617270937<\/span><\/a><\/p><p><a href=\"https:\/\/maghrebdetecteur.com\/\" target=\"_blank\" rel=\"noopener\"><i><\/i><span class=\"elementor-icon-list-text\">maghrebdetecteur.com\/<\/span><\/a><\/p>\t\t\t\t<\/div>\n\t\t\t\t\t<\/div>\n\t\t\t\t\t\t<\/div>\n\t\t\t\t<\/div>\n\t\t\t\t<\/div>\n\t\t\t\t<\/div>\n\t\t<div class=\"elementor-element elementor-element-6fbec95 e-con-full e-flex e-con e-child\" data-id=\"6fbec95\" data-element_type=\"container\">\n\t\t<div class=\"elementor-element elementor-element-ab716ce e-con-full e-flex e-con e-child\" data-id=\"ab716ce\" data-element_type=\"container\" data-settings=\"{&quot;background_background&quot;:&quot;classic&quot;}\">\n\t\t\t\t<div class=\"elementor-element elementor-element-2084abc wd-width-100 elementor-widget elementor-widget-wd_title\" data-id=\"2084abc\" data-element_type=\"widget\" data-widget_type=\"wd_title.default\">\n\t\t\t\t<div class=\"elementor-widget-container\">\n\t\t\t\t\t\t\t<div class=\"title-wrapper wd-set-mb reset-last-child wd-title-color-default wd-title-style-default wd-title-size-default text-left\">\n\n\t\t\t\n\t\t\t<div class=\"liner-continer\">\n\t\t\t\t<h4 class=\"woodmart-title-container title wd-fontsize-l\">Sri Lanka<\/h4> \n\t\t\t\t\t\t\t<\/div>\n\n\t\t\t\t\t\t\t<div class=\"title-after_title reset-last-child wd-fontsize-xs\">\n\t\t\t\t\t<p>SLTCOLLECTION<\/p><a href=\"tel:+8613939013882\"><span class=\"elementor-icon-list-text\">+86 13939013882<\/span><\/a>\t\t\t\t<\/div>\n\t\t\t\t\t<\/div>\n\t\t\t\t\t\t<\/div>\n\t\t\t\t<\/div>\n\t\t\t\t<\/div>\n\t\t<div class=\"elementor-element elementor-element-73d815f e-con-full e-flex e-con e-child\" data-id=\"73d815f\" data-element_type=\"container\" data-settings=\"{&quot;background_background&quot;:&quot;classic&quot;}\">\n\t\t\t\t<div class=\"elementor-element elementor-element-0a038cb wd-width-100 elementor-widget elementor-widget-wd_title\" data-id=\"0a038cb\" data-element_type=\"widget\" data-widget_type=\"wd_title.default\">\n\t\t\t\t<div class=\"elementor-widget-container\">\n\t\t\t\t\t\t\t<div class=\"title-wrapper wd-set-mb reset-last-child wd-title-color-default wd-title-style-default wd-title-size-default text-left\">\n\n\t\t\t\n\t\t\t<div class=\"liner-continer\">\n\t\t\t\t<h4 class=\"woodmart-title-container title wd-fontsize-l\">M\u00e9xico<\/h4> \n\t\t\t\t\t\t\t<\/div>\n\n\t\t\t\t\t\t\t<div class=\"title-after_title reset-last-child wd-fontsize-xs\">\n\t\t\t\t\t<p>LA RELIQUIA Detectores de Metal Direktorat: Calle 5 de Febrero, junto a la Presidencia Municipal, Acolman centro, Estado de M\u00e9xico cp.55870<\/p><p><a href=\"tel:+525582095033\"><span class=\"elementor-icon-list-text\">+52 5582095033<\/span><\/a><\/p><p><a href=\"http:\/\/www.detectoreslareliquia.com\/\" target=\"_blank\" rel=\"noopener\"><i><\/i><span class=\"elementor-icon-list-text\">www.detectoreslareliquia.com<\/span><\/a><\/p>\t\t\t\t<\/div>\n\t\t\t\t\t<\/div>\n\t\t\t\t\t\t<\/div>\n\t\t\t\t<\/div>\n\t\t\t\t<\/div>\n\t\t\t\t<\/div>\n\t\t<div class=\"elementor-element elementor-element-b826b4d e-con-full e-flex e-con e-child\" data-id=\"b826b4d\" data-element_type=\"container\">\n\t\t<div class=\"elementor-element elementor-element-db91b77 e-con-full e-flex e-con e-child\" data-id=\"db91b77\" data-element_type=\"container\" data-settings=\"{&quot;background_background&quot;:&quot;classic&quot;}\">\n\t\t\t\t<div class=\"elementor-element elementor-element-9f28f5f wd-width-100 elementor-widget elementor-widget-wd_title\" data-id=\"9f28f5f\" data-element_type=\"widget\" data-widget_type=\"wd_title.default\">\n\t\t\t\t<div class=\"elementor-widget-container\">\n\t\t\t\t\t\t\t<div class=\"title-wrapper wd-set-mb reset-last-child wd-title-color-default wd-title-style-default wd-title-size-default text-left\">\n\n\t\t\t\n\t\t\t<div class=\"liner-continer\">\n\t\t\t\t<h4 class=\"woodmart-title-container title wd-fontsize-l\">Agr\u0131\/Dogubayaz\u0131t<\/h4> \n\t\t\t\t\t\t\t<\/div>\n\n\t\t\t\t\t\t\t<div class=\"title-after_title reset-last-child wd-fontsize-xs\">\n\t\t\t\t\t<p>\u00c7iftep\u0131nar Mahallesi Belediye Caddesi B\u00fcy\u00fck Pasaj Kat: 2 No: 101-Do\u011fubayaz\u0131t\/A\u011fr\u0131\/ Turkiet<\/p><p><a href=\"tel:+905354874186\"><span class=\"elementor-icon-list-text\">+90 535 487 41 86<\/span><\/a><\/p><p><a href=\"https:\/\/aktifdedektor.com\/\" target=\"_blank\" rel=\"noopener\"><i><\/i><span class=\"elementor-icon-list-text\">www.aktifdedektor.com<\/span><\/a><\/p> \t\t\t\t<\/div>\n\t\t\t\t\t<\/div>\n\t\t\t\t\t\t<\/div>\n\t\t\t\t<\/div>\n\t\t\t\t<\/div>\n\t\t<div class=\"elementor-element elementor-element-7195846 e-con-full e-flex e-con e-child\" data-id=\"7195846\" data-element_type=\"container\" data-settings=\"{&quot;background_background&quot;:&quot;classic&quot;}\">\n\t\t\t\t<\/div>\n\t\t\t\t<\/div>\n\t\t\t\t<\/div>\n\t\t<div class=\"elementor-element elementor-element-7c97cf9 e-con-full e-flex e-con e-child\" data-id=\"7c97cf9\" data-element_type=\"container\">\n\t\t\t\t<div class=\"elementor-element elementor-element-d5ab9e5 wd-width-100 elementor-widget elementor-widget-wd_title\" data-id=\"d5ab9e5\" data-element_type=\"widget\" data-widget_type=\"wd_title.default\">\n\t\t\t\t<div class=\"elementor-widget-container\">\n\t\t\t\t\t\t\t<div class=\"title-wrapper wd-set-mb reset-last-child wd-title-color-default wd-title-style-default wd-title-size-default text-left\">\n\n\t\t\t\n\t\t\t<div class=\"liner-continer\">\n\t\t\t\t<h4 class=\"woodmart-title-container title wd-fontsize-l\">V\u00e5ra auktoriserade \u00e5terf\u00f6rs\u00e4ljare<br \/>\n<\/h4> \n\t\t\t\t\t\t\t<\/div>\n\n\t\t\t\t\t\t\t<div class=\"title-after_title reset-last-child wd-fontsize-xs\">\n\t\t\t\t\t<p><strong>Betrodda partners som levererar v\u00e5r teknik \u00f6ver hela v\u00e4rlden.<\/strong><\/p><p>F\u00f6r att s\u00e4kerst\u00e4lla snabb, tillf\u00f6rlitlig och lokal service arbetar vi med ett v\u00e4xande n\u00e4tverk av <strong>auktoriserade \u00e5terf\u00f6rs<\/strong> \u00e4ljare \u00f6ver hela v\u00e4rlden. Oavsett om du letar efter en <strong>metalldetektor<\/strong>, <strong>gulddetektor<\/strong>, ett <strong>elektromagnetiskt system<\/strong> eller en <strong>l\u00e5ngdistanslokalisator<\/strong> \u00e4r v\u00e5ra \u00e5terf\u00f6rs\u00e4ljare utbildade f\u00f6r att v\u00e4gleda dig hela v\u00e4gen - fr\u00e5n produktval till kundservice. <\/p><h3>Varf\u00f6r k\u00f6pa fr\u00e5n v\u00e5ra auktoriserade \u00e5terf\u00f6rs\u00e4ljare?<\/h3><p>\u2705 Snabb tillg\u00e5ng till v\u00e5ra produkter i din region<br>\u2705 S\u00e4kra transaktioner i din lokala valuta<br>\u2705 Produktdemonstrationer p\u00e5 plats och expertr\u00e5dgivning<br>\u2705 Certifierade proffs som erbjuder personlig support<br>\u2705 Full internationell garanti och teknisk assistans<\/p><p>V\u00e5rt globala \u00e5terf\u00f6rs\u00e4ljarn\u00e4tverk s\u00e4kerst\u00e4ller att du f\u00e5r samma <strong>kvalitet, f\u00f6rtroende och innovation<\/strong> - oavsett var du befinner dig.<br>F\u00f6r att hitta n\u00e4rmaste auktoriserade \u00e5terf\u00f6rs\u00e4ljare i ditt omr\u00e5de, kontakta oss eller bl\u00e4ddra p\u00e5 den interaktiva kartan nedan.<\/p><p><strong>Global t\u00e4ckning. Lokalt st\u00f6d. Alltid med dig.  <\/strong><\/p>\t\t\t\t<\/div>\n\t\t\t\t\t<\/div>\n\t\t\t\t\t\t<\/div>\n\t\t\t\t<\/div>\n\t\t\t\t<div class=\"elementor-element elementor-element-3bad56b wd-width-100 elementor-widget elementor-widget-wd_title\" data-id=\"3bad56b\" data-element_type=\"widget\" data-widget_type=\"wd_title.default\">\n\t\t\t\t<div class=\"elementor-widget-container\">\n\t\t\t\t\t\t\t<div class=\"title-wrapper wd-set-mb reset-last-child wd-title-color-default wd-title-style-default wd-title-size-default text-left\">\n\n\t\t\t\n\t\t\t<div class=\"liner-continer\">\n\t\t\t\t<h4 class=\"woodmart-title-container title wd-fontsize-l\">V\u00e5rt varum\u00e4rke<\/h4> \n\t\t\t\t\t\t\t<\/div>\n\n\t\t\t\t\t<\/div>\n\t\t\t\t\t\t<\/div>\n\t\t\t\t<\/div>\n\t\t\t\t<div class=\"elementor-element elementor-element-33197ee elementor-widget elementor-widget-wd_products_brands\" data-id=\"33197ee\" data-element_type=\"widget\" data-widget_type=\"wd_products_brands.default\">\n\t\t\t\t<div class=\"elementor-widget-container\">\n\t\t\t\t\t\t\t<div class=\"wd-brands brands-widget slider-brands_4862 wd-hover-simple wd-style-default wd-with-bg text-center wd-layout-grid\" id=\"brands_4862\">\n\t\t\t\n\t\t\t<div class=\"wd-grid-g\" style=\"--wd-col-lg:6;--wd-col-md:4;--wd-col-sm:2;--wd-gap-lg:20px;--wd-gap-sm:10px;\" >\n\t\t\t\t\n\t\t\t\t\t\t\t\t\t\t\t\t\t\t\t\n\t\t\t\t\t\t<div class=\"wd-col\">\n\t\t\t\t\t\t\t<div class=\"wd-brand-item brand-item\">\n\t\t\t\t\t\t\t\t\t\t\t\t\t\t\t\t\t\t\t\t\t\t\t\t\t\t\t<a title=\"Adrenalin Metal Detector\" href=\"https:\/\/adrenalindetector.com\/varum\u00e4rke\/adrenalin-metal-detector\/\" class=\"wd-fill\"><\/a>\n\t\t\t\t\t\t\t\t\t\n\t\t\t\t\t\t\t\t\t<img decoding=\"async\" width=\"280\" height=\"54\" src=\"https:\/\/adrenalindetector.com\/wp-content\/uploads\/2025\/01\/adrenalin.png\" class=\"attachment-full size-full\" alt=\"\" srcset=\"https:\/\/adrenalindetector.com\/wp-content\/uploads\/2025\/01\/adrenalin.png 280w, https:\/\/adrenalindetector.com\/wp-content\/uploads\/2025\/01\/adrenalin-150x29.png 150w\" sizes=\"(max-width: 280px) 100vw, 280px\" \/>\t\t\t\t\t\t\t\t\t\t\t\t\t\t\t<\/div>\n\t\t\t\t\t\t<\/div>\n\t\t\t\t\t\t\t\t\t\t\t\t\t\t\t\t<\/div>\n\n\t\t\t\t\t<\/div>\n\t\t\t\t\t\t<\/div>\n\t\t\t\t<\/div>\n\t\t\t\t<\/div>\n\t\t\t\t<\/div>\n\t\t\t\t\t<\/div>\n\t\t\t\t<\/div>\n\t\t\t\t<\/div>\n\t\t","protected":false},"excerpt":{"rendered":"<p>Track You Order About Us Our Dealers Contact Us Show sidebar Turkiet Muradiye Mahallesi 97. Sokak \u0130lkyurt Sitesi E-blok No:23,<\/p>\n","protected":false},"author":11,"featured_media":0,"parent":0,"menu_order":0,"comment_status":"closed","ping_status":"closed","template":"","meta":{"footnotes":""},"class_list":["post-1003310","page","type-page","status-publish","hentry"],"jetpack_sharing_enabled":true,"_links":{"self":[{"href":"https:\/\/adrenalindetector.com\/sv\/wp-json\/wp\/v2\/pages\/1003310","targetHints":{"allow":["GET"]}}],"collection":[{"href":"https:\/\/adrenalindetector.com\/sv\/wp-json\/wp\/v2\/pages"}],"about":[{"href":"https:\/\/adrenalindetector.com\/sv\/wp-json\/wp\/v2\/types\/page"}],"author":[{"embeddable":true,"href":"https:\/\/adrenalindetector.com\/sv\/wp-json\/wp\/v2\/users\/11"}],"replies":[{"embeddable":true,"href":"https:\/\/adrenalindetector.com\/sv\/wp-json\/wp\/v2\/comments?post=1003310"}],"version-history":[{"count":3,"href":"https:\/\/adrenalindetector.com\/sv\/wp-json\/wp\/v2\/pages\/1003310\/revisions"}],"predecessor-version":[{"id":1003319,"href":"https:\/\/adrenalindetector.com\/sv\/wp-json\/wp\/v2\/pages\/1003310\/revisions\/1003319"}],"wp:attachment":[{"href":"https:\/\/adrenalindetector.com\/sv\/wp-json\/wp\/v2\/media?parent=1003310"}],"curies":[{"name":"wp","href":"https:\/\/api.w.org\/{rel}","templated":true}]}}