{"id":1003978,"date":"2025-07-01T23:12:13","date_gmt":"2025-07-01T23:12:13","guid":{"rendered":"https:\/\/adrenalindetector.com\/product\/adrenalin-visionary-standardpaket\/"},"modified":"2025-12-02T03:38:49","modified_gmt":"2025-12-02T03:38:49","slug":"adrenalin-visionary-standardpaket","status":"publish","type":"product","link":"https:\/\/adrenalindetector.com\/sv\/produkt\/adrenalin-visionary-standardpaket\/","title":{"rendered":"Adrenalin Visionary | Standardpaket"},"content":{"rendered":"<h3 data-start=\"169\" data-end=\"267\"><span style=\"color: #000000;\"><strong data-start=\"176\" data-end=\"265\">Adrenalin VISIONARY &#8211; Detektor f\u00f6r djups\u00f6kning som kombinerar 3 tekniker i en enhet<\/strong><\/span><\/h3>\n<p data-start=\"268\" data-end=\"733\"><span style=\"color: #000000;\">\ud83d\udce1 <strong data-start=\"271\" data-end=\"326\">3D-avbildning &#8211; Pulssystem &#8211; Magnetometerteknik<\/strong><\/span><\/p>\n<p data-start=\"268\" data-end=\"733\"><span style=\"color: #000000;\">VISIONARY \u00e4r ett avancerat underjordiskt bild- och metalldetekteringssystem som utvecklats f\u00f6r professionella skattj\u00e4gare. Den kombinerar tre avancerade tekniker i en enda enhet: Enhanced Pulse Induction System, passiv elektromagnetisk (magnetometer) och 3D Imaging Technology. <\/span><br data-start=\"608\" data-end=\"611\"><span style=\"color: #000000;\">Med denna unika kombination ger VISIONARY o\u00f6vertr\u00e4ffad prestanda f\u00f6r b\u00e5de djup s\u00f6kning och detektering av enstaka mynt.<\/span><\/p>\n<h3 data-start=\"740\" data-end=\"778\"><span style=\"color: #000000;\">\ud83d\ude80 Viktiga egenskaper hos VISIONARY<\/span><\/h3>\n<p data-start=\"779\" data-end=\"1301\"><span style=\"color: #000000;\">\u2705 <strong data-start=\"783\" data-end=\"808\">3 tekniker i en<\/strong>: Pulsdetektor + 3D elektromagnetisk avbildning + Magnetometersystem<\/span><br data-start=\"875\" data-end=\"878\"><span style=\"color: #000000;\">\u2705 <strong data-start=\"882\" data-end=\"909\">Markbalanseringssystem<\/strong>: Avancerad justering f\u00f6r olika jordtyper<\/span><br data-start=\"953\" data-end=\"956\"><span style=\"color: #000000;\">\u2705 <strong data-start=\"960\" data-end=\"979\">R\u00f6relsefritt l\u00e4ge<\/strong>: Uppt\u00e4ck djupa m\u00e5l medan du st\u00e5r stilla<\/span><br data-start=\"1021\" data-end=\"1024\"><span style=\"color: #000000;\">\u2705 <strong data-start=\"1028\" data-end=\"1060\">Ledande prestanda p\u00e5 djupet<\/strong>: Uppt\u00e4cker metaller som guld, silver och koppar p\u00e5 upp till 6 meters djup<\/span><br data-start=\"1126\" data-end=\"1129\"><span style=\"color: #000000;\">\u2705 Detektering av <strong data-start=\"1133\" data-end=\"1153\">h\u00e5lrum<\/strong>: Uppt\u00e4cker grottor, k\u00e4llare, rum och tunnlar som \u00e4r upp till 4 meter djupa<\/span><br data-start=\"1217\" data-end=\"1220\"><span style=\"color: #000000;\">\u2705 <strong data-start=\"1224\" data-end=\"1251\">Anv\u00e4ndarv\u00e4nligt gr\u00e4nssnitt<\/strong>: Enkelt och intuitivt \u00e4ven f\u00f6r f\u00f6rstag\u00e5ngsanv\u00e4ndare<\/span><\/p>\n<h3 data-start=\"1308\" data-end=\"1348\"><span style=\"color: #000000;\">\ud83d\udcf1 Integration av Android 3D-programvara<\/span><\/h3>\n<p data-start=\"1349\" data-end=\"1573\"><span style=\"color: #000000;\">VISIONARY \u00e4r fullt kompatibel med Android-baserade smartphones och surfplattor. Data som tas emot fr\u00e5n enheten omvandlas omedelbart till 3D-grafik, s\u00e5 att du kan analysera m\u00e5lets form, storlek och djup i realtid. <\/span><\/p>\n<h3 data-start=\"1580\" data-end=\"1627\"><span style=\"color: #000000;\">Avancerat system f\u00f6r diskriminering och identifiering av metaller<\/span><\/h3>\n<p data-start=\"1628\" data-end=\"1914\"><span style=\"color: #000000;\">&#8211; \ud83d\udcca <strong data-start=\"1633\" data-end=\"1670\">Numerisk identifiering (ID 00-99):<\/strong> Klassificerar m\u00e5l baserat p\u00e5 konduktivitetsv\u00e4rde<\/span><br data-start=\"1718\" data-end=\"1721\"><span style=\"color: #000000;\">&#8211; \ud83c\udfa7 <strong data-start=\"1726\" data-end=\"1750\">Ljuddiskriminering<\/strong>: Kontinuerlig ton f\u00f6r v\u00e4rdefulla metaller; avst\u00e4ngningston f\u00f6r skr\u00e4pmetaller<\/span><br data-start=\"1816\" data-end=\"1819\"><span style=\"color: #000000;\">&#8211; \ud83e\uddf2 <strong data-start=\"1824\" data-end=\"1846\">FE \/ NFE-indikator<\/strong>: Omedelbar skillnad mellan j\u00e4rnhaltiga och icke-j\u00e4rnhaltiga m\u00e5l<\/span><\/p>\n<h3 data-start=\"1921\" data-end=\"1969\"><span style=\"color: #000000;\">Detektionsdjup (baserat p\u00e5 storlek p\u00e5 s\u00f6kspole)<\/span><\/h3>\n<div class=\"_tableContainer_80l1q_1\">\n<div class=\"_tableWrapper_80l1q_14 group flex w-fit flex-col-reverse\" tabindex=\"-1\">\n<table class=\"w-fit min-w-(--thread-content-width)\" data-start=\"1971\" data-end=\"2427\">\n<thead data-start=\"1971\" data-end=\"2045\">\n<tr data-start=\"1971\" data-end=\"2045\">\n<th data-start=\"1971\" data-end=\"1996\" data-col-size=\"sm\"><span style=\"color: #000000;\">OBJEKT \/ M\u00c5L<\/span><\/th>\n<th data-start=\"1996\" data-end=\"2007\" data-col-size=\"sm\"><span style=\"color: #000000;\">34 CM DD<\/span><\/th>\n<th data-start=\"2007\" data-end=\"2018\" data-col-size=\"sm\"><span style=\"color: #000000;\">70&#215;70 CM<\/span><\/th>\n<th data-start=\"2018\" data-end=\"2031\" data-col-size=\"sm\"><span style=\"color: #000000;\">130&#215;130 CM<\/span><\/th>\n<th data-start=\"2031\" data-end=\"2045\" data-col-size=\"sm\"><span style=\"color: #000000;\">150&#215;150 CM<\/span><\/th>\n<\/tr>\n<\/thead>\n<tbody data-start=\"2124\" data-end=\"2427\">\n<tr data-start=\"2124\" data-end=\"2199\">\n<td data-start=\"2124\" data-end=\"2149\" data-col-size=\"sm\"><span style=\"color: #000000;\">Halvt guldmynt<\/span><\/td>\n<td data-col-size=\"sm\" data-start=\"2149\" data-end=\"2159\"><span style=\"color: #000000;\">25 cm<\/span><\/td>\n<td data-col-size=\"sm\" data-start=\"2159\" data-end=\"2170\"><span style=\"color: #000000;\">40 cm<\/span><\/td>\n<td data-col-size=\"sm\" data-start=\"2170\" data-end=\"2184\"><span style=\"color: #000000;\">&#8211;<\/span><\/td>\n<td data-col-size=\"sm\" data-start=\"2184\" data-end=\"2199\"><span style=\"color: #000000;\">&#8211;<\/span><\/td>\n<\/tr>\n<tr data-start=\"2200\" data-end=\"2275\">\n<td data-start=\"2200\" data-end=\"2225\" data-col-size=\"sm\"><span style=\"color: #000000;\">Armband i guld<\/span><\/td>\n<td data-col-size=\"sm\" data-start=\"2225\" data-end=\"2235\"><span style=\"color: #000000;\">70 cm<\/span><\/td>\n<td data-col-size=\"sm\" data-start=\"2235\" data-end=\"2246\"><span style=\"color: #000000;\">110 cm<\/span><\/td>\n<td data-col-size=\"sm\" data-start=\"2246\" data-end=\"2260\"><span style=\"color: #000000;\">120 cm<\/span><\/td>\n<td data-col-size=\"sm\" data-start=\"2260\" data-end=\"2275\"><span style=\"color: #000000;\">100 cm<\/span><\/td>\n<\/tr>\n<tr data-start=\"2276\" data-end=\"2351\">\n<td data-start=\"2276\" data-end=\"2301\" data-col-size=\"sm\"><span style=\"color: #000000;\">10&#215;10 cm Kopparpl\u00e5t<\/span><\/td>\n<td data-col-size=\"sm\" data-start=\"2301\" data-end=\"2311\"><span style=\"color: #000000;\">80 cm<\/span><\/td>\n<td data-col-size=\"sm\" data-start=\"2311\" data-end=\"2322\"><span style=\"color: #000000;\">120 cm<\/span><\/td>\n<td data-col-size=\"sm\" data-start=\"2322\" data-end=\"2336\"><span style=\"color: #000000;\">130 cm<\/span><\/td>\n<td data-col-size=\"sm\" data-start=\"2336\" data-end=\"2351\"><span style=\"color: #000000;\">130 cm 150 cm<\/span><\/td>\n<\/tr>\n<tr data-start=\"2352\" data-end=\"2427\">\n<td data-start=\"2352\" data-end=\"2377\" data-col-size=\"sm\"><span style=\"color: #000000;\">25&#215;25 cm Hj\u00e4lm<\/span><\/td>\n<td data-col-size=\"sm\" data-start=\"2377\" data-end=\"2387\"><span style=\"color: #000000;\">130 cm<\/span><\/td>\n<td data-col-size=\"sm\" data-start=\"2387\" data-end=\"2398\"><span style=\"color: #000000;\">190 cm<\/span><\/td>\n<td data-col-size=\"sm\" data-start=\"2398\" data-end=\"2412\"><span style=\"color: #000000;\">250 cm<\/span><\/td>\n<td data-col-size=\"sm\" data-start=\"2412\" data-end=\"2427\"><span style=\"color: #000000;\">300 cm<\/span><\/td>\n<\/tr>\n<\/tbody>\n<\/table>\n<div class=\"sticky end-(--thread-content-margin) h-0 self-end select-none\">\n<div class=\"absolute end-0 flex items-end\"><\/div>\n<\/div>\n<\/div>\n<\/div>\n<p data-start=\"2429\" data-end=\"2567\"><span style=\"color: #000000;\">\ud83d\udccc O <strong data-start=\"2432\" data-end=\"2440\">bs<\/strong>: Djupet kan variera beroende p\u00e5 jordtyp och hur l\u00e4nge objektet har varit nedgr\u00e4vt. Pulssystem fungerar b\u00e4ttre p\u00e5 \u00e4ldre m\u00e5l. <\/span><\/p>\n<h3 data-start=\"2574\" data-end=\"2623\"><span style=\"color: #000000;\">Paketets inneh\u00e5ll &#8211; Standardversion och fullst\u00e4ndig version<\/span><\/h3>\n<p data-start=\"2625\" data-end=\"2727\"><span style=\"color: #000000;\"><strong data-start=\"2625\" data-end=\"2646\">Standardpaket:<\/strong><\/span><br data-start=\"2646\" data-end=\"2649\"><span style=\"color: #000000;\">&#8211; Huvudenhet<\/span><br data-start=\"2660\" data-end=\"2663\"><span style=\"color: #000000;\">&#8211; Laddare<\/span><br data-start=\"2672\" data-end=\"2675\"><span style=\"color: #000000;\">&#8211; H\u00f6rlurar<\/span><br data-start=\"2687\" data-end=\"2690\"><span style=\"color: #000000;\">&#8211; B\u00e4rv\u00e4ska<\/span><br data-start=\"2705\" data-end=\"2708\"><span style=\"color: #000000;\">&#8211; 3 s\u00f6kspolar:<\/span><\/p>\n<ul data-start=\"2730\" data-end=\"2793\">\n<li data-start=\"2730\" data-end=\"2747\">\n<p data-start=\"2732\" data-end=\"2747\"><span style=\"color: #000000;\">34 cm DD Spole<\/span><\/p>\n<\/li>\n<li data-start=\"2750\" data-end=\"2769\">\n<p data-start=\"2752\" data-end=\"2769\"><span style=\"color: #000000;\">70&#215;70 Mono Spole<\/span><\/p>\n<\/li>\n<li data-start=\"2772\" data-end=\"2793\">\n<p data-start=\"2774\" data-end=\"2793\"><span style=\"color: #000000;\">130&#215;130 Monospole<\/span><\/p>\n<\/li>\n<\/ul>\n<p data-start=\"2795\" data-end=\"2869\"><span style=\"color: #000000;\"><strong data-start=\"2795\" data-end=\"2821\">Fullst\u00e4ndigt paket ing\u00e5r:<\/strong><\/span><br data-start=\"2821\" data-end=\"2824\"><span style=\"color: #000000;\">&#8211; Allt som ing\u00e5r i standardpaketet, plus:<\/span><\/p>\n<ul data-start=\"2872\" data-end=\"2934\">\n<li data-start=\"2872\" data-end=\"2903\">\n<p data-start=\"2874\" data-end=\"2903\"><span style=\"color: #000000;\">EM-sensor (3D-magnetometer)<\/span><\/p>\n<\/li>\n<li data-start=\"2906\" data-end=\"2934\">\n<p data-start=\"2908\" data-end=\"2934\"><span style=\"color: #000000;\">Support f\u00f6r Android-programvara<\/span><\/p>\n<\/li>\n<\/ul>\n<p><iframe title=\"YouTube-videospelare\" src=\"https:\/\/www.youtube.com\/embed\/videoseries?si=2gW3Aiw8_JgtLGVl&amp;list=PLi_Z_j5lvjC-1x8RNgDuvxK2Y4nAdLC12\" width=\"560\" height=\"450\" frameborder=\"0\" allowfullscreen=\"allowfullscreen\"><\/iframe><\/p>\n<p>&nbsp;<\/p>\n<h3 data-start=\"2941\" data-end=\"2969\"><span style=\"color: #000000;\">Tekniska specifikationer<\/span><\/h3>\n<div class=\"_tableContainer_80l1q_1\">\n<div class=\"_tableWrapper_80l1q_14 group flex w-fit flex-col-reverse\" tabindex=\"-1\">\n<table class=\"w-fit min-w-(--thread-content-width)\" data-start=\"2971\" data-end=\"3920\">\n<thead data-start=\"2971\" data-end=\"3038\">\n<tr data-start=\"2971\" data-end=\"3038\">\n<th data-start=\"2971\" data-end=\"2998\" data-col-size=\"sm\"><span style=\"color: #000000;\">Funktion<\/span><\/th>\n<th data-start=\"2998\" data-end=\"3038\" data-col-size=\"sm\"><span style=\"color: #000000;\">V\u00e4rde<\/span><\/th>\n<\/tr>\n<\/thead>\n<tbody data-start=\"3107\" data-end=\"3920\">\n<tr data-start=\"3107\" data-end=\"3173\">\n<td data-start=\"3107\" data-end=\"3134\" data-col-size=\"sm\"><span style=\"color: #000000;\">Operativt system<\/span><\/td>\n<td data-col-size=\"sm\" data-start=\"3134\" data-end=\"3173\"><span style=\"color: #000000;\">F\u00f6rb\u00e4ttrad pulsinduktion (PI)<\/span><\/td>\n<\/tr>\n<tr data-start=\"3174\" data-end=\"3241\">\n<td data-start=\"3174\" data-end=\"3201\" data-col-size=\"sm\"><span style=\"color: #000000;\">Frekvens<\/span><\/td>\n<td data-col-size=\"sm\" data-start=\"3201\" data-end=\"3241\"><span style=\"color: #000000;\">1000 pulser per sekund<\/span><\/td>\n<\/tr>\n<tr data-start=\"3242\" data-end=\"3308\">\n<td data-start=\"3242\" data-end=\"3269\" data-col-size=\"sm\"><span style=\"color: #000000;\">Detektionsmodi<\/span><\/td>\n<td data-col-size=\"sm\" data-start=\"3269\" data-end=\"3308\"><span style=\"color: #000000;\">Allm\u00e4n, k\u00e4nslig, 3D-h\u00e5lighet-metall<\/span><\/td>\n<\/tr>\n<tr data-start=\"3309\" data-end=\"3376\">\n<td data-start=\"3309\" data-end=\"3336\" data-col-size=\"sm\"><span style=\"color: #000000;\">Justering av mark<\/span><\/td>\n<td data-col-size=\"sm\" data-start=\"3336\" data-end=\"3376\"><span style=\"color: #000000;\">Automatisk &amp; manuell<\/span><\/td>\n<\/tr>\n<tr data-start=\"3377\" data-end=\"3444\">\n<td data-start=\"3377\" data-end=\"3404\" data-col-size=\"sm\"><span style=\"color: #000000;\">K\u00e4nslighet \/ F\u00f6rst\u00e4rkning<\/span><\/td>\n<td data-col-size=\"sm\" data-start=\"3404\" data-end=\"3444\"><span style=\"color: #000000;\">Niv\u00e5 1-9<\/span><\/td>\n<\/tr>\n<tr data-start=\"3445\" data-end=\"3512\">\n<td data-start=\"3445\" data-end=\"3472\" data-col-size=\"sm\"><span style=\"color: #000000;\">Batteri \/ Drifttid<\/span><\/td>\n<td data-col-size=\"sm\" data-start=\"3472\" data-end=\"3512\"><span style=\"color: #000000;\">12,6 V Li-Po \/ 6-8 timmar<\/span><\/td>\n<\/tr>\n<tr data-start=\"3513\" data-end=\"3580\">\n<td data-start=\"3513\" data-end=\"3540\" data-col-size=\"sm\"><span style=\"color: #000000;\">Display<\/span><\/td>\n<td data-col-size=\"sm\" data-start=\"3540\" data-end=\"3580\"><span style=\"color: #000000;\">Bakgrundsbelyst LCD<\/span><\/td>\n<\/tr>\n<tr data-start=\"3581\" data-end=\"3648\">\n<td data-start=\"3581\" data-end=\"3608\" data-col-size=\"sm\"><span style=\"color: #000000;\">Djupindikator<\/span><\/td>\n<td data-col-size=\"sm\" data-start=\"3608\" data-end=\"3648\"><span style=\"color: #000000;\">Automatisk (i cm)<\/span><\/td>\n<\/tr>\n<tr data-start=\"3649\" data-end=\"3716\">\n<td data-start=\"3649\" data-end=\"3676\" data-col-size=\"sm\"><span style=\"color: #000000;\">Jack f\u00f6r h\u00f6rlurar<\/span><\/td>\n<td data-col-size=\"sm\" data-start=\"3676\" data-end=\"3716\"><span style=\"color: #000000;\">\u00bc&#8221; Mono-jack<\/span><\/td>\n<\/tr>\n<tr data-start=\"3717\" data-end=\"3784\">\n<td data-start=\"3717\" data-end=\"3744\" data-col-size=\"sm\"><span style=\"color: #000000;\">Driftstemperatur<\/span><\/td>\n<td data-col-size=\"sm\" data-start=\"3744\" data-end=\"3784\"><span style=\"color: #000000;\">-10\u00b0C till +50\u00b0C<\/span><\/td>\n<\/tr>\n<tr data-start=\"3785\" data-end=\"3852\">\n<td data-start=\"3785\" data-end=\"3812\" data-col-size=\"sm\"><span style=\"color: #000000;\">Vikt och b\u00e4rbarhet<\/span><\/td>\n<td data-col-size=\"sm\" data-start=\"3812\" data-end=\"3852\"><span style=\"color: #000000;\">L\u00e4ttvikt, axelrem, kompakt<\/span><\/td>\n<\/tr>\n<tr data-start=\"3853\" data-end=\"3920\">\n<td data-start=\"3853\" data-end=\"3880\" data-col-size=\"sm\"><span style=\"color: #000000;\">Anslutningsm\u00f6jligheter<\/span><\/td>\n<td data-col-size=\"sm\" data-start=\"3880\" data-end=\"3920\"><span style=\"color: #000000;\">Tr\u00e5dl\u00f6s dongel \/ Android-kompatibel<\/span><\/td>\n<\/tr>\n<\/tbody>\n<\/table>\n<div class=\"sticky end-(--thread-content-margin) h-0 self-end select-none\">\n<div class=\"absolute end-0 flex items-end\"><\/div>\n<\/div>\n<\/div>\n<\/div>\n<h3 data-start=\"3927\" data-end=\"3982\"><span style=\"color: #000000;\">\ud83c\udfc6 M\u00f6t VISIONARY: Uppt\u00e4ck vad som finns djupt nere!<\/span><\/h3>\n<p data-start=\"3983\" data-end=\"4183\"><span style=\"color: #000000;\">Adrenalin VISIONARY \u00e4r mer \u00e4n bara en detektor &#8211; det \u00e4r ett professionellt underjordiskt bildsystem, ett v\u00e4rdefullt verktyg f\u00f6r arkeologisk utforskning och din mest p\u00e5litliga partner i skattjakten.<\/span><\/p>\n<p data-start=\"4185\" data-end=\"4300\"><span style=\"color: #000000;\">\ud83c\udfaf  <strong data-start=\"4188\" data-end=\"4300\">Bryt gr\u00e4nserna i dina utforskningar. Bli f\u00f6rst med att n\u00e5 de djupaste skatterna med Adrenalin VISIONARY! <\/strong><\/span><\/p>\n","protected":false},"excerpt":{"rendered":"<div class=\"elementor-element elementor-element-f2b312d elementor-widget elementor-widget-heading\" data-id=\"f2b312d\" data-element_type=\"widget\" data-widget_type=\"heading.default\">\n<div class=\"elementor-widget-container\"><span class=\"elementor-heading-title elementor-size-default\"><strong>B\u00e4sta metalldetektorn f\u00f6r guld &#8211; Adrenalin VISIONARY<\/strong> \u00e4r en <strong>3D-metalldetektor<\/strong> tillverkad med ny GBS-teknik. Och stabila <strong>metalldetektorer<\/strong>. <\/span><\/div>\n<\/div>\n<div class=\"elementor-element elementor-element-721db11 elementor-widget elementor-widget-spacer\" data-id=\"721db11\" data-element_type=\"widget\" data-widget_type=\"spacer.default\">\n<div class=\"elementor-widget-container\">\n<div class=\"elementor-spacer\"><\/div>\n<\/div>\n<\/div>\n","protected":false},"featured_media":1002414,"comment_status":"open","ping_status":"closed","template":"","meta":[],"product_brand":[],"product_cat":[216,217,215,214],"product_tag":[],"class_list":{"0":"post-1003978","1":"product","2":"type-product","3":"status-publish","4":"has-post-thumbnail","6":"product_cat-3d-metalldetektor","7":"product_cat-3d-gulddetektor","8":"product_cat-basta-metalldetektor-for-guld","9":"product_cat-gulddetektorer","11":"first","12":"instock","13":"sale","14":"shipping-taxable","15":"purchasable","16":"product-type-simple"},"jetpack_sharing_enabled":true,"_links":{"self":[{"href":"https:\/\/adrenalindetector.com\/sv\/wp-json\/wp\/v2\/product\/1003978","targetHints":{"allow":["GET"]}}],"collection":[{"href":"https:\/\/adrenalindetector.com\/sv\/wp-json\/wp\/v2\/product"}],"about":[{"href":"https:\/\/adrenalindetector.com\/sv\/wp-json\/wp\/v2\/types\/product"}],"replies":[{"embeddable":true,"href":"https:\/\/adrenalindetector.com\/sv\/wp-json\/wp\/v2\/comments?post=1003978"}],"version-history":[{"count":0,"href":"https:\/\/adrenalindetector.com\/sv\/wp-json\/wp\/v2\/product\/1003978\/revisions"}],"wp:featuredmedia":[{"embeddable":true,"href":"https:\/\/adrenalindetector.com\/sv\/wp-json\/wp\/v2\/media\/1002414"}],"wp:attachment":[{"href":"https:\/\/adrenalindetector.com\/sv\/wp-json\/wp\/v2\/media?parent=1003978"}],"wp:term":[{"taxonomy":"product_brand","embeddable":true,"href":"https:\/\/adrenalindetector.com\/sv\/wp-json\/wp\/v2\/product_brand?post=1003978"},{"taxonomy":"product_cat","embeddable":true,"href":"https:\/\/adrenalindetector.com\/sv\/wp-json\/wp\/v2\/product_cat?post=1003978"},{"taxonomy":"product_tag","embeddable":true,"href":"https:\/\/adrenalindetector.com\/sv\/wp-json\/wp\/v2\/product_tag?post=1003978"}],"curies":[{"name":"wp","href":"https:\/\/api.w.org\/{rel}","templated":true}]}}