{"id":1004018,"date":"2025-10-18T17:18:23","date_gmt":"2025-10-18T17:18:23","guid":{"rendered":"https:\/\/adrenalindetector.com\/product\/adrenalin-eliminator-signal-booster\/"},"modified":"2025-12-21T23:58:25","modified_gmt":"2025-12-21T23:58:25","slug":"adrenalin-eliminator-signal-booster","status":"publish","type":"product","link":"https:\/\/adrenalindetector.com\/sv\/produkt\/adrenalin-eliminator-signal-booster\/","title":{"rendered":"Adrenalin Eliminator | Signal Booster"},"content":{"rendered":"<p><span style=\"color: #000000;\"><strong>Adrenalin Eliminator<\/strong><\/span><\/p>\n<p><span style=\"color: #000000;\">Adrenalin Eliminator \u00e4r en specialiserad enhet som f\u00f6rb\u00e4ttrar detekteringen av s\u00e4rskilt v\u00e4rdefulla (icke-j\u00e4rnhaltiga) metallf\u00f6rem\u00e5l, strukturer som inneh\u00e5ller h\u00e5lrum och historiska l\u00e4mningar som har varit begravda under jord i m\u00e5nga \u00e5r, med hj\u00e4lp av underjordiska bildgivande enheter och metalldetektorer. Tack vare jordens magnetf\u00e4lt f\u00f6rst\u00e4rks de naturliga magnetf\u00e4ltniv\u00e5erna som bildas \u00f6ver begravda material kraftigt av speciella signaler som s\u00e4nds ner i marken.<\/span><\/p>\n<p><span style=\"color: #000000;\">Eliminator anv\u00e4nds i EM-avbildningssystem med elektromagnetiska sensorer. Ett mycket h\u00f6gt magnetf\u00e4lt skapas \u00f6ver nedgr\u00e4vda metaller. Detta g\u00f6r det m\u00f6jligt f\u00f6r elektromagnetiska EM-avbildningsenheter att detektera v\u00e4rdefulla metaller som guld, silver, brons och koppar derivat p\u00e5 stora djup. Det underl\u00e4ttar detektering genom att ladda ett magnetf\u00e4lt p\u00e5 nedgr\u00e4vda m\u00e5l p\u00e5 s\u00e5 lite som 5 minuter.<\/span><\/p>\n<p><span style=\"color: #000000;\">Tack vare det magnetf\u00e4lt som appliceras p\u00e5 v\u00e4rdefulla metaller i avbildningssystem kan \u00e4ven m\u00e5l som \u00e4r n\u00e4stan om\u00f6jliga att hitta detekteras visuellt.<\/span><\/p>\n<p><span style=\"color: #000000;\">Det kan vara att f\u00f6redra att \u00f6ka djupet p\u00e5 metalldetektorer som anv\u00e4nds vid skattjakt. Genom att \u00f6ka niv\u00e5n p\u00e5 det magnetf\u00e4lt som bildas p\u00e5 m\u00e5let orsakar det en djup\u00f6kning p\u00e5 upp till 100 % i detektorens detektering.<\/span><\/p>\n<p><span style=\"color: #000000;\">Eliminator m\u00f6jligg\u00f6r detektering av sv\u00e5ra m\u00e5l p\u00e5 djup som konventionella djups\u00f6kningsdetektorer inte kan n\u00e5 under naturliga f\u00f6rh\u00e5llanden. P\u00e5 bara 5 minuter uppn\u00e5r den en anm\u00e4rkningsv\u00e4rd prestandaf\u00f6rb\u00e4ttring p\u00e5 upp till 100 % vid detektering av v\u00e4rdefulla metaller som guld och silver med detektorer.<\/span><\/p>\n<p><span style=\"color: #000000;\">Inneh\u00e5ll i setet:<\/span><\/p>\n<p><span style=\"color: #000000;\">\u2022 Elektronisk panel<\/span><\/p>\n<p><span style=\"color: #000000;\">\u2022 4 elektroder<\/span><\/p>\n<p><span style=\"color: #000000;\">\u2022 12-volts automatisk laddare<\/span><\/p>\n<p><span style=\"color: #000000;\">\u2022 4 kablar (2\u00d75 meter &#8211; 2&#215;15 meter)<\/span><\/p>\n<p><span style=\"color: #000000;\">\u2022 Turkisk anv\u00e4ndarhandbok, garantibevis.<\/span><\/p>\n<p><span style=\"color: #000000;\">Transportm\u00e5tt:<\/span><\/p>\n<p><span style=\"color: #000000;\">F\u00f6rpackningens m\u00e5tt: 35 \u0445 30 \u0445 10 cm<\/span><\/p>\n<p><span style=\"color: #000000;\">Vikt: 2,4 kg<\/span><\/p>\n<p>&nbsp;<\/p>\n","protected":false},"excerpt":{"rendered":"<p>Adrenalin Eliminator \u00e4r en specialiserad enhet som f\u00f6rb\u00e4ttrar detekteringen av s\u00e4rskilt v\u00e4rdefulla (icke-j\u00e4rnhaltiga) metallf\u00f6rem\u00e5l, strukturer som inneh\u00e5ller h\u00e5lrum och historiska l\u00e4mningar som har varit begravda under jord i m\u00e5nga \u00e5r, med hj\u00e4lp av underjordiska bildgivande enheter och metalldetektorer.<\/p>\n","protected":false},"featured_media":1003841,"comment_status":"open","ping_status":"closed","template":"","meta":[],"product_brand":[],"product_cat":[247,249],"product_tag":[],"class_list":{"0":"post-1004018","1":"product","2":"type-product","3":"status-publish","4":"has-post-thumbnail","6":"product_cat-elektromagnetiska-system","7":"product_cat-signalforstarkare","9":"first","10":"instock","11":"shipping-taxable","12":"purchasable","13":"product-type-simple"},"jetpack_sharing_enabled":true,"_links":{"self":[{"href":"https:\/\/adrenalindetector.com\/sv\/wp-json\/wp\/v2\/product\/1004018","targetHints":{"allow":["GET"]}}],"collection":[{"href":"https:\/\/adrenalindetector.com\/sv\/wp-json\/wp\/v2\/product"}],"about":[{"href":"https:\/\/adrenalindetector.com\/sv\/wp-json\/wp\/v2\/types\/product"}],"replies":[{"embeddable":true,"href":"https:\/\/adrenalindetector.com\/sv\/wp-json\/wp\/v2\/comments?post=1004018"}],"version-history":[{"count":3,"href":"https:\/\/adrenalindetector.com\/sv\/wp-json\/wp\/v2\/product\/1004018\/revisions"}],"predecessor-version":[{"id":1004021,"href":"https:\/\/adrenalindetector.com\/sv\/wp-json\/wp\/v2\/product\/1004018\/revisions\/1004021"}],"wp:featuredmedia":[{"embeddable":true,"href":"https:\/\/adrenalindetector.com\/sv\/wp-json\/wp\/v2\/media\/1003841"}],"wp:attachment":[{"href":"https:\/\/adrenalindetector.com\/sv\/wp-json\/wp\/v2\/media?parent=1004018"}],"wp:term":[{"taxonomy":"product_brand","embeddable":true,"href":"https:\/\/adrenalindetector.com\/sv\/wp-json\/wp\/v2\/product_brand?post=1004018"},{"taxonomy":"product_cat","embeddable":true,"href":"https:\/\/adrenalindetector.com\/sv\/wp-json\/wp\/v2\/product_cat?post=1004018"},{"taxonomy":"product_tag","embeddable":true,"href":"https:\/\/adrenalindetector.com\/sv\/wp-json\/wp\/v2\/product_tag?post=1004018"}],"curies":[{"name":"wp","href":"https:\/\/api.w.org\/{rel}","templated":true}]}}