{"id":1004022,"date":"2025-07-15T23:43:01","date_gmt":"2025-07-15T23:43:01","guid":{"rendered":"https:\/\/adrenalindetector.com\/product\/adrenalin-evolution-pro\/"},"modified":"2025-12-22T00:13:02","modified_gmt":"2025-12-22T00:13:02","slug":"adrenalin-evolution-pro","status":"publish","type":"product","link":"https:\/\/adrenalindetector.com\/sv\/produkt\/adrenalin-evolution-pro\/","title":{"rendered":"Adrenalin Evolution PRO"},"content":{"rendered":"<h3 data-start=\"144\" data-end=\"211\"><span style=\"color: #000000;\">\u26a1 <strong data-start=\"150\" data-end=\"209\">Adrenalin Evolution &#8211; En ny era inom l\u00e5ngdistansdetektering<\/strong><\/span><\/h3>\n<p data-start=\"212\" data-end=\"488\"><span style=\"color: #000000;\">\u2705 Uppt\u00e4ck tomrum med 100 % noggrannhet \u2013 g\u00e5 direkt till skatten!<\/span><br data-start=\"280\" data-end=\"283\" \/><span style=\"color: #000000;\">Adrenalin Evolution Long-Range Detector \u00e4r en toppmodern f\u00e4ltscanner som utvecklats efter \u00e5r av forskning och utveckling, utformad f\u00f6r att m\u00f6ta de verkliga behoven hos skattj\u00e4gare och professionella forskare.<\/span><\/p>\n<p data-start=\"490\" data-end=\"778\"><span style=\"color: #000000;\">Tack vare sina avancerade elektroniska system kan Evolution detektera b\u00e5de metaller och underjordiska h\u00e5lrum p\u00e5 upp till <strong data-start=\"594\" data-end=\"612\">15<\/strong> <strong data-start=\"622\" data-end=\"642\">meters<\/strong> <strong data-start=\"594\" data-end=\"612\">djup<\/strong> inom en <strong data-start=\"622\" data-end=\"642\">radie av 100 meter.<\/strong> Det \u00e4r den f\u00f6rsta detektorn i sin klass som kan detektera h\u00e5lrum med noll fel, i kombination med <strong data-start=\"739\" data-end=\"777\">metalldiskriminering via ID-v\u00e4rden<\/strong>. <\/span><\/p>\n<h3 data-start=\"785\" data-end=\"833\"><span style=\"color: #000000;\">\ud83d\ude80 Varf\u00f6r v\u00e4lja Evolution Long-Range Detector?<\/span><\/h3>\n<p data-start=\"835\" data-end=\"1343\"><span style=\"color: #000000;\">\u2022 \u2705 <strong data-start=\"839\" data-end=\"871\">100% Void Detection Accuracy<\/strong> \u2013 Precisely locates graves, tunnels, cellars, and similar structures<\/span><br data-start=\"940\" data-end=\"943\" \/><span style=\"color: #000000;\">\u2022 \u2705 <strong data-start=\"947\" data-end=\"978\">Metal Discrimination via ID<\/strong> \u2013 Instantly identifies valuable metals like gold, silver, and bronze<\/span><br data-start=\"1047\" data-end=\"1050\" \/><span style=\"color: #000000;\">\u2022 \u2705 <strong data-start=\"1054\" data-end=\"1086\">3 Search Modes in One Device<\/strong> \u2013 Scan for metals, voids, or use transmitter-assisted targeting<\/span><br data-start=\"1150\" data-end=\"1153\" \/><span style=\"color: #000000;\">\u2022 \u2705 <strong data-start=\"1157\" data-end=\"1191\">Covers 100m Radius \/ 15m Depth<\/strong> \u2013 Efficiently scans large areas in a short time<\/span><br data-start=\"1239\" data-end=\"1242\" \/><span style=\"color: #000000;\">\u2022 \u2705 <strong data-start=\"1246\" data-end=\"1283\">Magnetic &amp; Ionic Signal Detection<\/strong> \u2013 Resistant to false signals and environmental interference<\/span><\/p>\n<h3 data-start=\"1350\" data-end=\"1380\"><span style=\"color: #000000;\">\ud83d\udd0d 3 avancerade s\u00f6kfunktioner<\/span><\/h3>\n<p data-start=\"1382\" data-end=\"1618\"><span style=\"color: #000000;\">1\ufe0f\u20e3 Modalit\u00e0 di rilevamento dei vuoti<\/span><br data-start=\"1409\" data-end=\"1412\" \/><span style=\"color: #000000;\">&#8211; Rileva cavit\u00e0 sotterranee come tombe, cantine, grotte e pozzi fino a 15 metri di profondit\u00e0<\/span><br data-start=\"1499\" data-end=\"1502\" \/><span style=\"color: #000000;\">&#8211; Fornisce analisi di profondit\u00e0 e volume in tempo reale tramite report grafici<\/span><br data-start=\"1574\" data-end=\"1577\" \/><span style=\"color: #000000;\">&#8211; Offre una precisione del 100% nel rilevamento delle cavit\u00e0<\/span><\/p>\n<p data-start=\"1620\" data-end=\"1848\"><span style=\"color: #000000;\">2\ufe0f\u20e3 Modalit\u00e0 metal detector<\/span><br data-start=\"1648\" data-end=\"1651\" \/><span style=\"color: #000000;\">&#8211; Concentrati su metalli specifici selezionando i loro valori ID (ad esempio oro: 94, argento: 87)<\/span><br data-start=\"1734\" data-end=\"1737\" \/><span style=\"color: #000000;\">&#8211; Analizza le dimensioni, la profondit\u00e0 e il tipo di metallo del bersaglio<\/span><br data-start=\"1782\" data-end=\"1785\" \/><span style=\"color: #000000;\">&#8211; Filtra i metalli indesiderati per concentrarti solo sui bersagli di valore<\/span><\/p>\n<p data-start=\"1850\" data-end=\"2098\"><span style=\"color: #000000;\">3\ufe0f\u20e3 Modalit\u00e0 assistita da trasmettitore<\/span><br data-start=\"1883\" data-end=\"1886\" \/><span style=\"color: #000000;\">&#8211; Stimola il campo con un segnale trasmesso con una frequenza metallica selezionata<\/span><br data-start=\"1962\" data-end=\"1965\" \/><span style=\"color: #000000;\">&#8211; Il dispositivo rileva solo i segnali corrispondenti provenienti dai bersagli rilevanti<\/span><br data-start=\"2029\" data-end=\"2032\" \/><span style=\"color: #000000;\">&#8211; Ideale per la ricerca professionale di tesori con elevata precisione<\/span><\/p>\n<p><iframe title=\"YouTube-videospelare\" src=\"https:\/\/www.youtube.com\/embed\/videoseries?si=H6CxJ1ttHkoMFYhv&amp;list=PLi_Z_j5lvjC8c4lBMc9OhWR45i3x_icEt\" width=\"560\" height=\"450\" frameborder=\"0\" allowfullscreen=\"allowfullscreen\"><\/iframe><\/p>\n<h3 data-start=\"2105\" data-end=\"2126\"><span style=\"color: #000000;\">\ud83e\udded Vem \u00e4r det f\u00f6r?<\/span><\/h3>\n<p data-start=\"2128\" data-end=\"2337\"><span style=\"color: #000000;\">\u2022 Treasure Hunters<\/span><br data-start=\"2146\" data-end=\"2149\" \/><span style=\"color: #000000;\">\u2022 Archaeologists &amp; Geologists<\/span><br data-start=\"2178\" data-end=\"2181\" \/><span style=\"color: #000000;\">\u2022 Experts in Historical Structure Detection<\/span><br data-start=\"2224\" data-end=\"2227\" \/><span style=\"color: #000000;\">\u2022 Mining Exploration Companies<\/span><br data-start=\"2257\" data-end=\"2260\" \/><span style=\"color: #000000;\">\u2022 Groundwater &amp; Utility Scanning Teams<\/span><br data-start=\"2298\" data-end=\"2301\" \/><span style=\"color: #000000;\">\u2022 Military and Law Enforcement Units<\/span><\/p>\n<h3 data-start=\"2344\" data-end=\"2387\"><span style=\"color: #000000;\">\ud83d\udc8e Metallidentifiering &#8211; ID-kodtabell<\/span><\/h3>\n<div class=\"_tableContainer_80l1q_1\">\n<div class=\"_tableWrapper_80l1q_14 group flex w-fit flex-col-reverse\" tabindex=\"-1\">\n<table class=\"w-fit min-w-(--thread-content-width)\" data-start=\"2389\" data-end=\"2784\">\n<thead data-start=\"2389\" data-end=\"2424\">\n<tr data-start=\"2389\" data-end=\"2424\">\n<th data-start=\"2412\" data-end=\"2424\" data-col-size=\"sm\"><\/th>\n<th data-start=\"2389\" data-end=\"2412\" data-col-size=\"sm\"><span style=\"color: #000000;\">M\u00e5lmaterialID V\u00e4rde<\/span><\/th>\n<\/tr>\n<\/thead>\n<tbody data-start=\"2461\" data-end=\"2784\">\n<tr data-start=\"2461\" data-end=\"2496\">\n<td data-start=\"2461\" data-end=\"2484\" data-col-size=\"sm\"><span style=\"color: #000000;\">Diamant \/ Smycken<\/span><\/td>\n<td data-col-size=\"sm\" data-start=\"2484\" data-end=\"2496\"><span style=\"color: #000000;\">\u00a000<\/span><\/td>\n<\/tr>\n<tr data-start=\"2497\" data-end=\"2532\">\n<td data-start=\"2497\" data-end=\"2520\" data-col-size=\"sm\"><span style=\"color: #000000;\">Marmor <\/span><\/td>\n<td data-col-size=\"sm\" data-start=\"2520\" data-end=\"2532\"><span style=\"color: #000000;\">02<\/span><\/td>\n<\/tr>\n<tr data-start=\"2533\" data-end=\"2568\">\n<td data-start=\"2533\" data-end=\"2556\" data-col-size=\"sm\"><span style=\"color: #000000;\">Tegel <\/span><\/td>\n<td data-col-size=\"sm\" data-start=\"2556\" data-end=\"2568\"><span style=\"color: #000000;\">14<\/span><\/td>\n<\/tr>\n<tr data-start=\"2569\" data-end=\"2604\">\n<td data-start=\"2569\" data-end=\"2592\" data-col-size=\"sm\"><span style=\"color: #000000;\">Vatten \/ Fukt<\/span><\/td>\n<td data-col-size=\"sm\" data-start=\"2592\" data-end=\"2604\"><span style=\"color: #000000;\">\u00a016<\/span><\/td>\n<\/tr>\n<tr data-start=\"2605\" data-end=\"2640\">\n<td data-start=\"2605\" data-end=\"2628\" data-col-size=\"sm\"><span style=\"color: #000000;\">J\u00e4rn \/ st\u00e5l <\/span><\/td>\n<td data-col-size=\"sm\" data-start=\"2628\" data-end=\"2640\"><span style=\"color: #000000;\">24<\/span><\/td>\n<\/tr>\n<tr data-start=\"2641\" data-end=\"2676\">\n<td data-start=\"2641\" data-end=\"2664\" data-col-size=\"sm\"><span style=\"color: #000000;\">Bly <\/span><\/td>\n<td data-col-size=\"sm\" data-start=\"2664\" data-end=\"2676\"><span style=\"color: #000000;\">66<\/span><\/td>\n<\/tr>\n<tr data-start=\"2677\" data-end=\"2712\">\n<td data-start=\"2677\" data-end=\"2700\" data-col-size=\"sm\"><span style=\"color: #000000;\">Brons \/ Koppar <\/span><\/td>\n<td data-col-size=\"sm\" data-start=\"2700\" data-end=\"2712\"><span style=\"color: #000000;\">78<\/span><\/td>\n<\/tr>\n<tr data-start=\"2713\" data-end=\"2748\">\n<td data-start=\"2713\" data-end=\"2736\" data-col-size=\"sm\"><span style=\"color: #000000;\">Silver <\/span><\/td>\n<td data-col-size=\"sm\" data-start=\"2736\" data-end=\"2748\"><span style=\"color: #000000;\">87<\/span><\/td>\n<\/tr>\n<tr data-start=\"2749\" data-end=\"2784\">\n<td data-start=\"2749\" data-end=\"2772\" data-col-size=\"sm\"><span style=\"color: #000000;\">Guld <\/span><\/td>\n<td data-col-size=\"sm\" data-start=\"2772\" data-end=\"2784\"><span style=\"color: #000000;\">94<\/span><\/td>\n<\/tr>\n<\/tbody>\n<\/table>\n<div class=\"sticky end-(--thread-content-margin) h-0 self-end select-none\">\n<div class=\"absolute end-0 flex items-end\"><\/div>\n<\/div>\n<\/div>\n<\/div>\n<h3 data-start=\"2791\" data-end=\"2813\"><span style=\"color: #000000;\">\ud83d\udce6 Paketalternativ<\/span><\/h3>\n<p data-start=\"2888\" data-end=\"3051\"><span style=\"color: #000000;\">\ud83d\udd38 Pacchetto Pro<\/span><br data-start=\"2906\" data-end=\"2909\" \/><span style=\"color: #000000;\">\u2022 Unit\u00e0 ricevitore + trasmettitore<\/span><br data-start=\"2938\" data-end=\"2941\" \/><span style=\"color: #000000;\">\u2022 2 antenne<\/span><br data-start=\"2953\" data-end=\"2956\" \/><span style=\"color: #000000;\">\u2022 Caricatore automatico da 9 V<\/span><br data-start=\"2978\" data-end=\"2981\" \/><span style=\"color: #000000;\">\u2022 18 batterie ricaricabili AA da 1,5 V<\/span><br data-start=\"3018\" data-end=\"3021\" \/><span style=\"color: #000000;\">\u2022 Robusta custodia in plastica<\/span><\/p>\n<blockquote data-start=\"3053\" data-end=\"3174\">\n<p data-start=\"3055\" data-end=\"3174\"><span style=\"color: #000000;\"><strong data-start=\"3059\" data-end=\"3074\">Pro-paketet<\/strong> erbjuder djupare och mer exakt detektering tack vare dess s\u00e4ndarst\u00f6dda skanningsfunktioner.<\/span><\/p>\n<\/blockquote>\n<h3 data-start=\"3181\" data-end=\"3211\"><span style=\"color: #000000;\">\u2699 Tekniska specifikationer<\/span><\/h3>\n<div class=\"_tableContainer_80l1q_1\">\n<div class=\"_tableWrapper_80l1q_14 group flex w-fit flex-col-reverse\" tabindex=\"-1\">\n<table class=\"w-fit min-w-(--thread-content-width)\" data-start=\"3213\" data-end=\"3891\">\n<thead data-start=\"3213\" data-end=\"3273\">\n<tr data-start=\"3213\" data-end=\"3273\">\n<th data-start=\"3213\" data-end=\"3237\" data-col-size=\"sm\"><span style=\"color: #000000;\">Funktion<\/span><\/th>\n<th data-start=\"3237\" data-end=\"3273\" data-col-size=\"sm\"><span style=\"color: #000000;\">V\u00e4rde<\/span><\/th>\n<\/tr>\n<\/thead>\n<tbody data-start=\"3336\" data-end=\"3891\">\n<tr data-start=\"3336\" data-end=\"3397\">\n<td data-start=\"3336\" data-end=\"3361\" data-col-size=\"sm\"><span style=\"color: #000000;\">Driftl\u00e4gen<\/span><\/td>\n<td data-col-size=\"sm\" data-start=\"3361\" data-end=\"3397\"><span style=\"color: #000000;\">3 distinkta s\u00f6kmodi<\/span><\/td>\n<\/tr>\n<tr data-start=\"3398\" data-end=\"3458\">\n<td data-col-size=\"sm\" data-start=\"3423\" data-end=\"3458\"><span style=\"color: #000000;\">Radie f\u00f6r detektering <\/span><\/td>\n<td data-start=\"3398\" data-end=\"3423\" data-col-size=\"sm\"><span style=\"color: #000000;\">100 meter<\/span><\/td>\n<\/tr>\n<tr data-start=\"3459\" data-end=\"3519\">\n<td data-col-size=\"sm\" data-start=\"3484\" data-end=\"3519\"><span style=\"color: #000000;\">Maximalt detekteringsdjup<\/span><\/td>\n<td data-start=\"3459\" data-end=\"3484\" data-col-size=\"sm\"><span style=\"color: #000000;\">\u00a0Upp till 15 meter<\/span><\/td>\n<\/tr>\n<tr data-start=\"3520\" data-end=\"3580\">\n<td data-col-size=\"sm\" data-start=\"3545\" data-end=\"3580\"><span style=\"color: #000000;\">Diskriminering av metall <\/span><\/td>\n<td data-start=\"3520\" data-end=\"3545\" data-col-size=\"sm\"><span style=\"color: #000000;\">Efter ID-nummer<\/span><\/td>\n<\/tr>\n<tr data-start=\"3581\" data-end=\"3643\">\n<td data-col-size=\"sm\" data-start=\"3606\" data-end=\"3643\"><span style=\"color: #000000;\">Detekteringsprincip<\/span><\/td>\n<td data-start=\"3581\" data-end=\"3606\" data-col-size=\"sm\"><span style=\"color: #000000;\">Detektering av magnetiska och joniska signaler<\/span><\/td>\n<\/tr>\n<tr data-start=\"3644\" data-end=\"3708\">\n<td data-start=\"3644\" data-end=\"3669\" data-col-size=\"sm\"><span style=\"color: #000000;\">Str\u00f6mf\u00f6rs\u00f6rjning<\/span><\/td>\n<td data-col-size=\"sm\" data-start=\"3669\" data-end=\"3708\"><span style=\"color: #000000;\">18 x 1,5V AA uppladdningsbara batterier<\/span><\/td>\n<\/tr>\n<tr data-start=\"3709\" data-end=\"3769\">\n<td data-start=\"3709\" data-end=\"3734\" data-col-size=\"sm\"><span style=\"color: #000000;\">Vikt:<\/span><\/td>\n<td data-col-size=\"sm\" data-start=\"3734\" data-end=\"3769\"><span style=\"color: #000000;\">\u00a06 kg6,3 kg<\/span><\/td>\n<\/tr>\n<tr data-start=\"3770\" data-end=\"3830\">\n<td data-start=\"3770\" data-end=\"3795\" data-col-size=\"sm\"><span style=\"color: #000000;\">M\u00e5tt och dimensioner<\/span><\/td>\n<td data-col-size=\"sm\" data-start=\"3795\" data-end=\"3830\"><span style=\"color: #000000;\">46 x 35 x 13 cm<\/span><\/td>\n<\/tr>\n<tr data-start=\"3831\" data-end=\"3891\">\n<td data-start=\"3831\" data-end=\"3856\" data-col-size=\"sm\"><span style=\"color: #000000;\">Garanti<\/span><\/td>\n<td data-col-size=\"sm\" data-start=\"3856\" data-end=\"3891\"><span style=\"color: #000000;\">2 \u00e5r<\/span><\/td>\n<\/tr>\n<\/tbody>\n<\/table>\n<div class=\"sticky end-(--thread-content-margin) h-0 self-end select-none\">\n<div class=\"absolute end-0 flex items-end\"><\/div>\n<\/div>\n<\/div>\n<\/div>\n<h3 data-start=\"3898\" data-end=\"3949\"><span style=\"color: #000000;\">\u2705 Slutligt omd\u00f6me: Verkligt m\u00e5l, verklig detektering!<\/span><\/h3>\n<p data-start=\"3950\" data-end=\"4197\"><span style=\"color: #000000;\">Adrenalin Evolution rappresenta una svolta nella tecnologia di scansione a lungo raggio.<\/span><br data-start=\"4034\" data-end=\"4037\" \/><span style=\"color: #000000;\">Con la sua impareggiabile precisione nella rilevazione dei vuoti, la capacit\u00e0 di identificazione dei metalli e l&#8217;ampia copertura, Evolution contribuisce a massimizzare il successo della tua caccia al tesoro.<\/span><\/p>\n<p data-start=\"4199\" data-end=\"4288\"><span style=\"color: #000000;\">\ud83d\udcde <strong data-start=\"4202\" data-end=\"4220\">Kontakta oss nu<\/strong> f\u00f6r att ta ett steg n\u00e4rmare din uppt\u00e4ckt med Adrenalin Evolution!<\/span><\/p>\n","protected":false},"excerpt":{"rendered":"<div class=\"elementor-element elementor-element-f2b312d elementor-widget elementor-widget-heading\" data-id=\"f2b312d\" data-element_type=\"widget\" data-widget_type=\"heading.default\">\n<div class=\"elementor-widget-container\"><span class=\"elementor-heading-title elementor-size-default\"><strong>Long-range locator<\/strong> Evolution \u00e4r v\u00e4rldens b\u00e4sta <strong>l\u00e5ngdistansdetektor<\/strong> som skattletare dr\u00f6mmer om. Den utvecklades som ett resultat av \u00e5r av h\u00e5rd forskning med h\u00e4nsyn till de behov som guldgr\u00e4vare har av l\u00e5ngdistansdetektorer. <\/span><\/div>\n<\/div>\n<div class=\"elementor-element elementor-element-721db11 elementor-widget elementor-widget-spacer\" data-id=\"721db11\" data-element_type=\"widget\" data-widget_type=\"spacer.default\">\n<div class=\"elementor-widget-container\">\n<div class=\"elementor-spacer\"><\/div>\n<\/div>\n<\/div>\n","protected":false},"featured_media":1003930,"comment_status":"open","ping_status":"closed","template":"","meta":[],"product_brand":[64],"product_cat":[246,248],"product_tag":[],"class_list":{"0":"post-1004022","1":"product","2":"type-product","3":"status-publish","4":"has-post-thumbnail","6":"product_brand-adrenalin-metal-detector","7":"product_cat-dowsing-stavar","8":"product_cat-langdistanslokalisator","10":"first","11":"instock","12":"shipping-taxable","13":"purchasable","14":"product-type-simple"},"jetpack_sharing_enabled":true,"_links":{"self":[{"href":"https:\/\/adrenalindetector.com\/sv\/wp-json\/wp\/v2\/product\/1004022","targetHints":{"allow":["GET"]}}],"collection":[{"href":"https:\/\/adrenalindetector.com\/sv\/wp-json\/wp\/v2\/product"}],"about":[{"href":"https:\/\/adrenalindetector.com\/sv\/wp-json\/wp\/v2\/types\/product"}],"replies":[{"embeddable":true,"href":"https:\/\/adrenalindetector.com\/sv\/wp-json\/wp\/v2\/comments?post=1004022"}],"version-history":[{"count":2,"href":"https:\/\/adrenalindetector.com\/sv\/wp-json\/wp\/v2\/product\/1004022\/revisions"}],"predecessor-version":[{"id":1004024,"href":"https:\/\/adrenalindetector.com\/sv\/wp-json\/wp\/v2\/product\/1004022\/revisions\/1004024"}],"wp:featuredmedia":[{"embeddable":true,"href":"https:\/\/adrenalindetector.com\/sv\/wp-json\/wp\/v2\/media\/1003930"}],"wp:attachment":[{"href":"https:\/\/adrenalindetector.com\/sv\/wp-json\/wp\/v2\/media?parent=1004022"}],"wp:term":[{"taxonomy":"product_brand","embeddable":true,"href":"https:\/\/adrenalindetector.com\/sv\/wp-json\/wp\/v2\/product_brand?post=1004022"},{"taxonomy":"product_cat","embeddable":true,"href":"https:\/\/adrenalindetector.com\/sv\/wp-json\/wp\/v2\/product_cat?post=1004022"},{"taxonomy":"product_tag","embeddable":true,"href":"https:\/\/adrenalindetector.com\/sv\/wp-json\/wp\/v2\/product_tag?post=1004022"}],"curies":[{"name":"wp","href":"https:\/\/api.w.org\/{rel}","templated":true}]}}