{"id":1004025,"date":"2025-07-15T23:35:28","date_gmt":"2025-07-15T23:35:28","guid":{"rendered":"https:\/\/adrenalindetector.com\/product\/adrenalin-blackeye-pro\/"},"modified":"2025-12-28T17:48:58","modified_gmt":"2025-12-28T17:48:58","slug":"adrenalin-blackeye-pro","status":"publish","type":"product","link":"https:\/\/adrenalindetector.com\/sv\/produkt\/adrenalin-blackeye-pro\/","title":{"rendered":"Adrenalin Blackeye PRO"},"content":{"rendered":"<h3 data-start=\"144\" data-end=\"217\"><span style=\"color: #000000;\"><strong data-start=\"151\" data-end=\"215\">Adrenalin Blackeye &#8211; Uppt\u00e4ck det verkliga m\u00e5let p\u00e5 l\u00e5ngt h\u00e5ll!<\/strong><\/span><\/h3>\n<p data-start=\"218\" data-end=\"571\"><span style=\"color: #000000;\">Adrenalin <strong data-start=\"232\" data-end=\"264\">Blackeye Long-Range Detector<\/strong> \u00e4r ett n\u00e4sta generations skanningssystem som har utvecklats genom \u00e5ratal av f\u00e4lttester, geofysisk forskning och feedback fr\u00e5n anv\u00e4ndare. Med sin h\u00f6gprecisionsdetektering kan Blackeye lokalisera v\u00e4rdefulla metaller som guld, silver och brons &#8211; samt strukturer som inneh\u00e5ller tomrum &#8211; p\u00e5 tiotals meters avst\u00e5nd. <\/span><\/p>\n<p data-start=\"573\" data-end=\"720\"><span style=\"color: #000000;\">Blackeye sticker ut i sin klass med enkel anv\u00e4ndning, snabb m\u00e5ldetektering, ID-baserad metalldiskriminering och digital signalanalysteknik.<\/span><\/p>\n<h3 data-start=\"727\" data-end=\"772\"><span style=\"color: #000000;\">\ud83c\udfaf L\u00e5s fast m\u00e5let med Blackeye!<\/span><\/h3>\n<p data-start=\"773\" data-end=\"862\"><span style=\"color: #000000;\"><strong data-start=\"775\" data-end=\"804\">\u2714 Skanningsradie p\u00e5 100 meter<\/strong><\/span><br data-start=\"804\" data-end=\"807\" \/><span style=\"color: #000000;\">T\u00e4cker stora ytor effektivt, vilket sparar tid och energi.<\/span><\/p>\n<p data-start=\"864\" data-end=\"966\"><span style=\"color: #000000;\"><strong data-start=\"866\" data-end=\"901\">\u2714 Detekteringsdjup upp till 15 meter<\/strong><\/span><br data-start=\"901\" data-end=\"904\" \/><span style=\"color: #000000;\">Uppt\u00e4ck enkelt skatter, gravar och tunnlar som ligger djupt begravda.<\/span><\/p>\n<p data-start=\"968\" data-end=\"1130\"><span style=\"color: #000000;\"><strong data-start=\"970\" data-end=\"1006\">\u2714 Metalldiskriminering och ID-kodning<\/strong><\/span><br data-start=\"1006\" data-end=\"1009\" \/><span style=\"color: #000000;\">Varje metalltyp tilldelas ett unikt ID-v\u00e4rde (guld: 94, silver: 87), s\u00e5 att man vet exakt vad som finns i marken och var.<\/span><\/p>\n<p data-start=\"1132\" data-end=\"1262\"><span style=\"color: #000000;\"><strong data-start=\"1134\" data-end=\"1152\">\u2714 Detektering av h\u00e5lrum<\/strong><\/span><br data-start=\"1152\" data-end=\"1155\" \/><span style=\"color: #000000;\">Identifierar noggrant underjordiska h\u00e5lrum s\u00e5som kammare, gravar, tunnlar och grottor med 100 % tillf\u00f6rlitlighet.<\/span><\/p>\n<h3 data-start=\"1269\" data-end=\"1299\"><span style=\"color: #000000;\">\ud83d\udd0d 3 avancerade s\u00f6kfunktioner<\/span><\/h3>\n<p data-start=\"1301\" data-end=\"1456\"><span style=\"color: #000000;\"><strong data-start=\"1301\" data-end=\"1328\">1\ufe0f\u20e3 Tomrumdetekteringsl\u00e4ge<\/strong><\/span><br data-start=\"1328\" data-end=\"1331\" \/><span style=\"color: #000000;\">Detekterar onaturliga h\u00e5lrum i underjordiska formationer (t.ex. kammare, k\u00e4llare, brunnar). Djup och volym ber\u00e4knas omedelbart. <\/span><\/p>\n<p data-start=\"1458\" data-end=\"1649\"><span style=\"color: #000000;\"><strong data-start=\"1458\" data-end=\"1486\">2\ufe0f\u20e3 Metallavk\u00e4nningsl\u00e4ge<\/strong><\/span><br data-start=\"1486\" data-end=\"1489\" \/><span style=\"color: #000000;\">Fokuserar direkt p\u00e5 v\u00e4rdefulla m\u00e5l som guld, silver, brons och koppar med hj\u00e4lp av ID-baserad diskriminering. Filtrerar bort skrotmetaller f\u00f6r att guida dig till skatten. <\/span><\/p>\n<p data-start=\"1651\" data-end=\"1840\"><span style=\"color: #000000;\"><strong data-start=\"1651\" data-end=\"1684\">3\ufe0f\u20e3 S\u00e4ndarassisterat l\u00e4ge<\/strong><\/span><br data-start=\"1684\" data-end=\"1687\" \/><span style=\"color: #000000;\">S\u00e4ndaren s\u00e4nder ut signaler p\u00e5 utvalda metallfrekvenser, medan mottagaren detekterar motsvarande frekvenser i f\u00e4lt &#8211; perfekt f\u00f6r precisionsinriktning.<\/span><\/p>\n<p><iframe title=\"YouTube-videospelare\" src=\"https:\/\/www.youtube.com\/embed\/videoseries?si=H6CxJ1ttHkoMFYhv&amp;list=PLi_Z_j5lvjC8c4lBMc9OhWR45i3x_icEt\" width=\"560\" height=\"450\" frameborder=\"0\" allowfullscreen=\"allowfullscreen\"><\/iframe><\/p>\n<h3 data-start=\"1847\" data-end=\"1889\"><span style=\"color: #000000;\">\ud83d\udc8e Metallidentifiering &#8211; ID-kodlista<\/span><\/h3>\n<div class=\"_tableContainer_80l1q_1\">\n<div class=\"_tableWrapper_80l1q_14 group flex w-fit flex-col-reverse\" tabindex=\"-1\">\n<table class=\"w-fit min-w-(--thread-content-width)\" data-start=\"1891\" data-end=\"2253\">\n<thead data-start=\"1891\" data-end=\"1923\">\n<tr data-start=\"1891\" data-end=\"1923\">\n<th data-start=\"1891\" data-end=\"1911\" data-col-size=\"sm\"><span style=\"color: #000000;\">M\u00e5lobjekt<\/span><\/th>\n<th data-start=\"1911\" data-end=\"1923\" data-col-size=\"sm\"><span style=\"color: #000000;\">ID V\u00e4rde<\/span><\/th>\n<\/tr>\n<\/thead>\n<tbody data-start=\"1957\" data-end=\"2253\">\n<tr data-start=\"1957\" data-end=\"1989\">\n<td data-col-size=\"sm\" data-start=\"1977\" data-end=\"1989\"><span style=\"color: #000000;\">Diamant \/Smycken<\/span><\/td>\n<td data-start=\"1957\" data-end=\"1977\" data-col-size=\"sm\"><span style=\"color: #000000;\">00<\/span><\/td>\n<\/tr>\n<tr data-start=\"1990\" data-end=\"2022\">\n<td data-col-size=\"sm\" data-start=\"2010\" data-end=\"2022\"><span style=\"color: #000000;\">Marmor<\/span><\/td>\n<td data-start=\"1990\" data-end=\"2010\" data-col-size=\"sm\"><span style=\"color: #000000;\">02<\/span><\/td>\n<\/tr>\n<tr data-start=\"2023\" data-end=\"2055\">\n<td data-col-size=\"sm\" data-start=\"2043\" data-end=\"2055\"><span style=\"color: #000000;\">Tegel<\/span><\/td>\n<td data-start=\"2023\" data-end=\"2043\" data-col-size=\"sm\"><span style=\"color: #000000;\">14<\/span><\/td>\n<\/tr>\n<tr data-start=\"2056\" data-end=\"2088\">\n<td data-start=\"2056\" data-end=\"2076\" data-col-size=\"sm\"><span style=\"color: #000000;\">Vatten \/ Fukt<\/span><\/td>\n<td data-col-size=\"sm\" data-start=\"2076\" data-end=\"2088\"><span style=\"color: #000000;\">16<\/span><\/td>\n<\/tr>\n<tr data-start=\"2089\" data-end=\"2121\">\n<td data-start=\"2089\" data-end=\"2109\" data-col-size=\"sm\"><span style=\"color: #000000;\">St\u00e5l \/ J\u00e4rn<\/span><\/td>\n<td data-col-size=\"sm\" data-start=\"2109\" data-end=\"2121\"><span style=\"color: #000000;\">24<\/span><\/td>\n<\/tr>\n<tr data-start=\"2122\" data-end=\"2154\">\n<td data-start=\"2122\" data-end=\"2142\" data-col-size=\"sm\"><span style=\"color: #000000;\">Bly<\/span><\/td>\n<td data-col-size=\"sm\" data-start=\"2142\" data-end=\"2154\"><span style=\"color: #000000;\">66<\/span><\/td>\n<\/tr>\n<tr data-start=\"2155\" data-end=\"2187\">\n<td data-start=\"2155\" data-end=\"2175\" data-col-size=\"sm\"><span style=\"color: #000000;\">Brons \/ Koppar<\/span><\/td>\n<td data-col-size=\"sm\" data-start=\"2175\" data-end=\"2187\"><span style=\"color: #000000;\">78<\/span><\/td>\n<\/tr>\n<tr data-start=\"2188\" data-end=\"2220\">\n<td data-start=\"2188\" data-end=\"2208\" data-col-size=\"sm\"><span style=\"color: #000000;\">Silver<\/span><\/td>\n<td data-col-size=\"sm\" data-start=\"2208\" data-end=\"2220\"><span style=\"color: #000000;\">87<\/span><\/td>\n<\/tr>\n<tr data-start=\"2221\" data-end=\"2253\">\n<td data-start=\"2221\" data-end=\"2241\" data-col-size=\"sm\"><span style=\"color: #000000;\">Guld<\/span><\/td>\n<td data-col-size=\"sm\" data-start=\"2241\" data-end=\"2253\"><span style=\"color: #000000;\">94<\/span><\/td>\n<\/tr>\n<\/tbody>\n<\/table>\n<div class=\"sticky end-(--thread-content-margin) h-0 self-end select-none\">\n<div><\/div>\n<div class=\"absolute end-0 flex items-end\"><span style=\"color: #000000; font-size: 22px;\">\ud83d\udce6 Paketalternativ<\/span><\/div>\n<\/div>\n<\/div>\n<\/div>\n<p data-start=\"2410\" data-end=\"2579\"><span style=\"color: #000000;\"><strong data-start=\"2413\" data-end=\"2428\">\ud83d\ude80 Pro-paket<\/strong><\/span><br data-start=\"2428\" data-end=\"2431\" \/><span style=\"color: #000000;\">\u2022 Mottagare + s\u00e4ndare<\/span><br data-start=\"2460\" data-end=\"2463\" \/><span style=\"color: #000000;\">\u2022 2 antenner<\/span><br data-start=\"2475\" data-end=\"2478\" \/><span style=\"color: #000000;\">\u2022 9 V automatisk laddare<\/span><br data-start=\"2500\" data-end=\"2503\" \/><span style=\"color: #000000;\">\u2022 18 x 1,5 V AA uppladdningsbara batterier<\/span><br data-start=\"2540\" data-end=\"2543\" \/><span style=\"color: #000000;\">\u2022 Kraftig plastv\u00e4ska<\/span><\/p>\n<h3 data-start=\"2586\" data-end=\"2617\"><span style=\"color: #000000;\">\ud83d\udcca Tekniska specifikationer<\/span><\/h3>\n<div class=\"_tableContainer_80l1q_1\">\n<div class=\"_tableWrapper_80l1q_14 group flex w-fit flex-col-reverse\" tabindex=\"-1\">\n<table class=\"w-fit min-w-(--thread-content-width)\" data-start=\"2619\" data-end=\"3328\">\n<thead data-start=\"2619\" data-end=\"2677\">\n<tr data-start=\"2619\" data-end=\"2677\">\n<th data-start=\"2619\" data-end=\"2642\" data-col-size=\"sm\"><span style=\"color: #000000;\">Funktion<\/span><\/th>\n<th data-start=\"2642\" data-end=\"2677\" data-col-size=\"sm\"><span style=\"color: #000000;\">V\u00e4rde<\/span><\/th>\n<\/tr>\n<\/thead>\n<tbody data-start=\"2737\" data-end=\"3328\">\n<tr data-start=\"2737\" data-end=\"2796\">\n<td data-start=\"2737\" data-end=\"2760\" data-col-size=\"sm\"><span style=\"color: #000000;\">S\u00f6kmodiMetall\u00a0<\/span><\/td>\n<td data-col-size=\"sm\" data-start=\"2760\" data-end=\"2796\"><span style=\"color: #000000;\">\/ tomrum \/ s\u00e4ndarst\u00f6dd<\/span><\/td>\n<\/tr>\n<tr data-start=\"2797\" data-end=\"2855\">\n<td data-start=\"2797\" data-end=\"2820\" data-col-size=\"sm\"><span style=\"color: #000000;\">Skanningsradie<\/span><\/td>\n<td data-col-size=\"sm\" data-start=\"2820\" data-end=\"2855\"><span style=\"color: #000000;\">100 meter<\/span><\/td>\n<\/tr>\n<tr data-start=\"2856\" data-end=\"2914\">\n<td data-start=\"2856\" data-end=\"2879\" data-col-size=\"sm\"><span style=\"color: #000000;\">Maximalt djup<\/span><\/td>\n<td data-col-size=\"sm\" data-start=\"2879\" data-end=\"2914\"><span style=\"color: #000000;\">15 meter<\/span><\/td>\n<\/tr>\n<tr data-start=\"2915\" data-end=\"2972\">\n<td data-start=\"2915\" data-end=\"2938\" data-col-size=\"sm\"><span style=\"color: #000000;\">Diskriminering av metall<\/span><\/td>\n<td data-col-size=\"sm\" data-start=\"2938\" data-end=\"2972\"><span style=\"color: #000000;\">Efter ID-nummer<\/span><\/td>\n<\/tr>\n<tr data-start=\"2973\" data-end=\"3030\">\n<td data-start=\"2973\" data-end=\"2996\" data-col-size=\"sm\"><span style=\"color: #000000;\">Detektionsmetod<\/span><\/td>\n<td data-col-size=\"sm\" data-start=\"2996\" data-end=\"3030\"><span style=\"color: #000000;\">Magnetisk och jonisk detektering<\/span><\/td>\n<\/tr>\n<tr data-start=\"3031\" data-end=\"3093\">\n<td data-start=\"3031\" data-end=\"3054\" data-col-size=\"sm\"><span style=\"color: #000000;\">Str\u00f6mk\u00e4lla<\/span><\/td>\n<td data-col-size=\"sm\" data-start=\"3054\" data-end=\"3093\"><span style=\"color: #000000;\">18 x 1,5V AA uppladdningsbara batterier<\/span><\/td>\n<\/tr>\n<tr data-start=\"3094\" data-end=\"3151\">\n<td data-col-size=\"sm\" data-start=\"3117\" data-end=\"3151\"><span style=\"color: #000000;\">Laddare<\/span><\/td>\n<td data-start=\"3094\" data-end=\"3117\" data-col-size=\"sm\"><span style=\"color: #000000;\">9V automatisk<\/span><\/td>\n<\/tr>\n<tr data-start=\"3152\" data-end=\"3210\">\n<td data-start=\"3152\" data-end=\"3175\" data-col-size=\"sm\"><span style=\"color: #000000;\">B\u00e4rande vikt<\/span><\/td>\n<td data-col-size=\"sm\" data-start=\"3175\" data-end=\"3210\"><span style=\"color: #000000;\">6,3 kg<\/span><\/td>\n<\/tr>\n<tr data-start=\"3211\" data-end=\"3269\">\n<td data-start=\"3211\" data-end=\"3234\" data-col-size=\"sm\"><span style=\"color: #000000;\">M\u00e5tt och dimensioner<\/span><\/td>\n<td data-col-size=\"sm\" data-start=\"3234\" data-end=\"3269\"><span style=\"color: #000000;\">46 x 35 x 13 cm<\/span><\/td>\n<\/tr>\n<tr data-start=\"3270\" data-end=\"3328\">\n<td data-start=\"3270\" data-end=\"3293\" data-col-size=\"sm\"><span style=\"color: #000000;\">Garanti<\/span><\/td>\n<td data-col-size=\"sm\" data-start=\"3293\" data-end=\"3328\"><span style=\"color: #000000;\">2 \u00e5r<\/span><\/td>\n<\/tr>\n<\/tbody>\n<\/table>\n<div class=\"sticky end-(--thread-content-margin) h-0 self-end select-none\">\n<div class=\"absolute end-0 flex items-end\"><\/div>\n<\/div>\n<\/div>\n<\/div>\n<h3 data-start=\"3335\" data-end=\"3390\"><span style=\"color: #000000;\">Sista ordet: Missa aldrig ett m\u00e5l med Blackeye!<\/span><\/h3>\n<p data-start=\"3391\" data-end=\"3575\"><span style=\"color: #000000;\">Adrenalin Blackeye kombinerar avancerad djupdetektering och noggrann metallidentifiering med anv\u00e4ndarv\u00e4nlig drift &#8211; vilket g\u00f6r den till den perfekta f\u00f6ljeslagaren f\u00f6r professionella skattj\u00e4gare.<\/span><\/p>\n<p data-start=\"3577\" data-end=\"3688\"><span style=\"color: #000000;\">\ud83c\udfaf Utf\u00f6r precisa s\u00f6kningar, undvik on\u00f6digt gr\u00e4vande och hitta v\u00e4rdefulla m\u00e5l snabbare och mer effektivt!<\/span><\/p>\n<p data-start=\"3690\" data-end=\"3790\"><span style=\"color: #000000;\">\ud83d\udcde <strong data-start=\"3693\" data-end=\"3713\">Kontakta oss idag<\/strong> &#8211; Med Blackeye blir skattjakten s\u00e4krare, snabbare och mer effektiv!<\/span><\/p>\n","protected":false},"excerpt":{"rendered":"<div class=\"elementor-element elementor-element-f2b312d elementor-widget elementor-widget-heading\" data-id=\"f2b312d\" data-element_type=\"widget\" data-widget_type=\"heading.default\">\n<div class=\"elementor-widget-container\"><span class=\"elementor-heading-title elementor-size-default\">Vi \u00e4r h\u00e4r f\u00f6r den mest kraftfulla <strong>l\u00e5ngdistanslokaliseraren<\/strong>, den mest <strong>professionella l\u00e5ngdistanslokaliseraren<\/strong> och snabb support f\u00f6r <strong>metalldetektorer<\/strong>.<\/span><\/div>\n<\/div>\n","protected":false},"featured_media":1003917,"comment_status":"open","ping_status":"closed","template":"","meta":[],"product_brand":[64],"product_cat":[246,248],"product_tag":[],"class_list":{"0":"post-1004025","1":"product","2":"type-product","3":"status-publish","4":"has-post-thumbnail","6":"product_brand-adrenalin-metal-detector","7":"product_cat-dowsing-stavar","8":"product_cat-langdistanslokalisator","10":"first","11":"instock","12":"shipping-taxable","13":"purchasable","14":"product-type-simple"},"jetpack_sharing_enabled":true,"_links":{"self":[{"href":"https:\/\/adrenalindetector.com\/sv\/wp-json\/wp\/v2\/product\/1004025","targetHints":{"allow":["GET"]}}],"collection":[{"href":"https:\/\/adrenalindetector.com\/sv\/wp-json\/wp\/v2\/product"}],"about":[{"href":"https:\/\/adrenalindetector.com\/sv\/wp-json\/wp\/v2\/types\/product"}],"replies":[{"embeddable":true,"href":"https:\/\/adrenalindetector.com\/sv\/wp-json\/wp\/v2\/comments?post=1004025"}],"version-history":[{"count":2,"href":"https:\/\/adrenalindetector.com\/sv\/wp-json\/wp\/v2\/product\/1004025\/revisions"}],"predecessor-version":[{"id":1004027,"href":"https:\/\/adrenalindetector.com\/sv\/wp-json\/wp\/v2\/product\/1004025\/revisions\/1004027"}],"wp:featuredmedia":[{"embeddable":true,"href":"https:\/\/adrenalindetector.com\/sv\/wp-json\/wp\/v2\/media\/1003917"}],"wp:attachment":[{"href":"https:\/\/adrenalindetector.com\/sv\/wp-json\/wp\/v2\/media?parent=1004025"}],"wp:term":[{"taxonomy":"product_brand","embeddable":true,"href":"https:\/\/adrenalindetector.com\/sv\/wp-json\/wp\/v2\/product_brand?post=1004025"},{"taxonomy":"product_cat","embeddable":true,"href":"https:\/\/adrenalindetector.com\/sv\/wp-json\/wp\/v2\/product_cat?post=1004025"},{"taxonomy":"product_tag","embeddable":true,"href":"https:\/\/adrenalindetector.com\/sv\/wp-json\/wp\/v2\/product_tag?post=1004025"}],"curies":[{"name":"wp","href":"https:\/\/api.w.org\/{rel}","templated":true}]}}