{"id":1004028,"date":"2025-07-15T23:28:04","date_gmt":"2025-07-15T23:28:04","guid":{"rendered":"https:\/\/adrenalindetector.com\/product\/adrenalin-z18-s8\/"},"modified":"2025-12-22T00:43:42","modified_gmt":"2025-12-22T00:43:42","slug":"adrenalin-z18-s8","status":"publish","type":"product","link":"https:\/\/adrenalindetector.com\/sv\/produkt\/adrenalin-z18-s8\/","title":{"rendered":"Adrenalin Z18 S8"},"content":{"rendered":"<h3 data-start=\"147\" data-end=\"215\"><span style=\"color: #000000;\"> 3D-bildtagningsutrustning f\u00f6r underjord<\/span><\/h3>\n<p><span style=\"color: #000000;\"><strong>Adrenalin Z-18 Professional 3D Ground Imaging Device: Genombrott i djup och klarhet!<\/strong><\/span><\/p>\n<p><span style=\"color: #000000;\"><strong>Adrenalin Z-18 <\/strong>\u00e4r ett avancerat <strong>3D-markavbildningssystem <\/strong>som \u00e4r s\u00e4rskilt utformat f\u00f6r professionell skattjakt, arkeologi och mineralprospektering.<\/span><br \/>\n<span style=\"color: #000000;\"><strong>Z-18<\/strong> \u00e4r utvecklad f\u00f6r dem som vill avsl\u00f6ja mysterierna under marken och kombinerar h\u00f6gk\u00e4nslig <strong>multisensorteknik,<\/strong> ett kraftfullt magnetiskt filtreringssystem och <strong>professionell 3D-analysprogramvara <\/strong>f\u00f6r att visualisera <strong>underjordiska <\/strong>m\u00e5l i precisa tredimensionella bilder \u2013 som visar form, storlek och djup med enast\u00e5ende detaljrikedom.<\/span><\/p>\n<p><iframe title=\"YouTube-videospelare\" src=\"https:\/\/www.youtube.com\/embed\/videoseries?si=2rwYqSq5nUXp0cma&amp;list=PLi_Z_j5lvjC82LvaTuSZ7n0j9u5FNHxDs\" width=\"560\" height=\"450\" frameborder=\"0\" allowfullscreen=\"allowfullscreen\" data-mce-fragment=\"1\"><\/iframe><\/p>\n<p><span style=\"color: #000000;\">Med <strong>en otrolig detektionsdjup p\u00e5 upp till 10 meter ligger<\/strong> Z-18 l\u00e5ngt \u00f6ver standarddetektorer och erbjuder verkligt professionell prestanda.<\/span><\/p>\n<p><span style=\"color: #000000;\"><strong>\u2699\ufe0f Viktiga funktioner som g\u00f6r Z-18 o\u00f6vertr\u00e4ffad<\/strong><\/span><\/p>\n<ul>\n<li><span style=\"color: #000000;\"><strong>\u00c4kta 3D-avbildning: <\/strong>Visar exakt form, storlek och position f\u00f6r underjordiska m\u00e5l med detaljerad visuell analys.<\/span><\/li>\n<li><span style=\"color: #000000;\"><strong>Patenterad magnetisk sk\u00e4rmteknik:<\/strong> Blockerar omgivande magnetisk st\u00f6rning f\u00f6r 100 % stabil och felfri skanning.<\/span><\/li>\n<li><span style=\"color: #000000;\"><strong>Avancerat multisensorsystem:<\/strong> Horisontella och vertikala sensorer skannar snabbt stora omr\u00e5den med h\u00f6g uppl\u00f6sning.<\/span><\/li>\n<li><span style=\"color: #000000;\"><strong>Maximal stabilitet i mineraliserade jordar:<\/strong> Ger noggrann signaldetektering utan f\u00f6rlust \u00e4ven i mycket mineraliserade markf\u00f6rh\u00e5llanden.<\/span><\/li>\n<li><span style=\"color: #000000;\"><strong>Omedelbar metalldiskriminering och djupm\u00e4tning:<\/strong> Skiljer omedelbart mellan guld, silver, koppar, brons och j\u00e4rn med numerisk ID-igenk\u00e4nning.<\/span><\/li>\n<li><span style=\"color: #000000;\"><strong>Eliminator Signal Booster:<\/strong> F\u00f6rb\u00e4ttrar signalstyrkan i b\u00e5da serierna f\u00f6r maximal djup och bildsk\u00e4rpa.<\/span><\/li>\n<\/ul>\n<p><span style=\"color: #000000;\"><strong>\u26a1 Z-18-serien \u2013 tv\u00e5 alternativ f\u00f6r olika behov<\/strong><\/span><\/p>\n<p><strong>Sensorlayout<\/strong><br \/>\n<strong>Skillnad<\/strong><\/p>\n<table>\n<thead>\n<tr>\n<td><\/td>\n<td><\/td>\n<td><strong>Modell<\/strong><\/td>\n<\/tr>\n<\/thead>\n<tbody>\n<tr>\n<td><a style=\"color: #000000;\" href=\"https:\/\/adrenalindetector.com\/product\/gold-detector\/\">Adrenalin Z18 S4-serien<\/a><\/td>\n<td>Horisontell + vertikal<\/td>\n<td>4 sensorer<\/td>\n<\/tr>\n<tr>\n<td><span style=\"color: #000000;\"><a style=\"color: #000000;\" href=\"https:\/\/adrenalindetector.com\/product\/treasure-hunter\/\"><strong>Adrenalin Z18 S8 Series<\/strong><\/a><\/span><\/td>\n<td><span style=\"color: #000000;\">Horizontal + Vertical<\/span><\/td>\n<td><span style=\"color: #000000;\">8 sensorer<\/span><\/td>\n<\/tr>\n<\/tbody>\n<\/table>\n<p><span style=\"color: #000000;\"><strong>\ud83d\udd39 S4-serien \u2013 Professionell standard<\/strong><\/span><\/p>\n<p><span style=\"color: #000000;\"><strong>S4-serien<\/strong> erbjuder alla viktiga 3D-bildbehandlingsfunktioner med kraftfull analys till ett \u00f6verkomligt pris.<\/span><br \/>\n<span style=\"color: #000000;\">Den \u00e4r utrustad med fyra sensorer och levererar h\u00f6g prestanda f\u00f6r professionella skanningsapplikationer.<\/span><\/p>\n<p><span style=\"color: #000000;\"><strong>S4-serien inneh\u00e5ller:<\/strong><\/span><br \/>\n<span style=\"color: #000000;\">Z-18 huvudenhet, Eliminator mineralfilterkit, 3D-bildbehandlingsprogram, automatiska och manuella skanningsl\u00e4gen, 3 spolar, b\u00e4rv\u00e4ska, laddare, anv\u00e4ndarhandbok.<\/span><\/p>\n<p><span style=\"color: #000000;\"><strong>\ud83d\udd38 S8-serien \u2013 maximal prestanda och klarhet<\/strong><\/span><\/p>\n<p><span style=\"color: #000000;\"><strong>S8-serien <\/strong>\u00e4r utrustad med 8 sensorer f\u00f6r \u00f6kad precision och stabilitet.<\/span><br \/>\n<span style=\"color: #000000;\">Den inneh\u00e5ller <strong>Eliminator Mineral Filtering Kit,<\/strong> som minimerar falska signaler i starkt mineraliserade terr\u00e4nger och s\u00e4kerst\u00e4ller noggrann detektering under de tuffaste f\u00f6rh\u00e5llandena.<\/span><\/p>\n<p><span style=\"color: #000000;\"><strong>S8-serien Extras:<\/strong><\/span><br \/>\n<span style=\"color: #000000;\">Alla funktioner i S4-serien <strong>plus:<\/strong><\/span><br \/>\n<span style=\"color: #000000;\">8 sensorer \u2022 Eliminator mineralfilterkit \u2022 F\u00f6rb\u00e4ttrat precisionsskanningsprotokoll \u2022 Prioriterad utbildning och teknisk support.<\/span><\/p>\n<p><span style=\"color: #000000;\"><strong>\ud83c\udfaf Detekteringsf\u00f6rm\u00e5ga<\/strong><\/span><\/p>\n<ul>\n<li><span style=\"color: #000000;\"><strong>V\u00e4rdefulla metaller: <\/strong>Guld, silver, koppar, brons, j\u00e4rn och alla andra ledande metaller.<\/span><\/li>\n<li><span style=\"color: #000000;\"><strong>Strukturer och h\u00e5ligheter:<\/strong> Gravar, grottor, kamrar, rum, tunnlar och brunnar.<\/span><\/li>\n<li><span style=\"color: #000000;\"><strong>Naturliga formationer:<\/strong> Malm\u00e5dror och mineralkoncentrationer.<\/span><\/li>\n<\/ul>\n<p><span style=\"color: #000000;\"><strong>\ud83d\udc64 Vem \u00e4r det avsett f\u00f6r?<\/strong><\/span><\/p>\n<p><span style=\"color: #000000;\"><strong>Adrenalin Z-18 <\/strong>\u00e4r utvecklad f\u00f6r anv\u00e4ndare p\u00e5 alla niv\u00e5er \u2013 fr\u00e5n nyb\u00f6rjare till proffs \u2013 och erbjuder ett intuitivt gr\u00e4nssnitt med avancerade analysalternativ.<\/span><br \/>\n<span style=\"color: #000000;\">Perfekt f\u00f6r geofysiska i<strong>ngenj\u00f6rer, arkeologer, skattj\u00e4gare och forskare som s\u00f6ker tillf\u00f6rlitlig,<\/strong> djupg\u00e5ende och precis underjordisk avbildning.<\/span><\/p>\n<p><span style=\"color: #000000;\"><strong>\u2699\ufe0f Tekniska specifikationer<\/strong><\/span><\/p>\n<p>Funktion<br \/>\nBeskrivning<\/p>\n<table>\n<thead><\/thead>\n<tbody>\n<tr>\n<td><strong>Detektionsdjup<\/strong><\/td>\n<td>Upp till 10 meter<\/td>\n<\/tr>\n<tr>\n<td><strong>Signalbehandling<\/strong><\/td>\n<td>Realtids 3D-avbildning och magnetisk balansering<\/td>\n<\/tr>\n<tr>\n<td><strong>Programvara<\/strong><\/td>\n<td>Professionell 3D-grafisk analys (PC-kompatibel)<\/td>\n<\/tr>\n<tr>\n<td><strong>Metaldiskriminering<\/strong><\/td>\n<td>Automatisk numerisk ID-m\u00e5lidentifiering<\/td>\n<\/tr>\n<tr>\n<td><strong>Markkompatibilitet<\/strong><\/td>\n<td>Mineraliserade, steniga och salta jordar<\/td>\n<\/tr>\n<tr>\n<td><strong>Compatibilit\u00e0 del terreno<\/strong><\/td>\n<td>Terreni mineralizzati, rocciosi e salini<\/td>\n<\/tr>\n<\/tbody>\n<\/table>\n<p><span style=\"color: #000000;\"><strong>\ud83e\udded Fai la tua scelta<\/strong><\/span><\/p>\n<ul>\n<li><span style=\"color: #000000;\"><strong>Serie Z-18 S4: <\/strong>ideale per i professionisti che cercano il miglior rapporto qualit\u00e0-prezzo.<\/span><\/li>\n<li><span style=\"color: #000000;\"><strong>Serie Z-18 S8: <\/strong>perfetta per terreni estremi e ricchi di minerali che richiedono la massima profondit\u00e0 e chiarezza con la potenza di 8 sensori.<\/span><\/li>\n<\/ul>\n<p><span style=\"color: #000000;\"><strong>\ud83d\udcde Pronto per esplorare? <\/strong><\/span><\/p>\n<p><span style=\"color: #000000;\">Contatta oggi stesso il nostro team di esperti: ti aiuteremo a scegliere la serie Adrenalin Z-18 pi\u00f9 adatta alle tue esigenze di esplorazione!<\/span><\/p>\n","protected":false},"excerpt":{"rendered":"<p><strong>Adrenalin Z18 Professional:<\/strong> trova l&#8217;oro con i nostri metal detector di alta qualit\u00e0 con funzioni di imaging 3D e sistemi di imaging EM 3D. Il <strong>metal detector 3D Z18<\/strong> fornisce all&#8217;utente professionale la forma, la profondit\u00e0 e le dimensioni dell&#8217;oggetto trovato sotto terra sotto forma di immagine grafica 3D in un programma per computer.<\/p>\n","protected":false},"featured_media":1003827,"comment_status":"open","ping_status":"closed","template":"","meta":[],"product_brand":[64],"product_cat":[217,214,247,251],"product_tag":[],"class_list":{"0":"post-1004028","1":"product","2":"type-product","3":"status-publish","4":"has-post-thumbnail","6":"product_brand-adrenalin-metal-detector","7":"product_cat-3d-gulddetektor","8":"product_cat-gulddetektorer","9":"product_cat-elektromagnetiska-system","10":"product_cat-skatteskanner","12":"first","13":"instock","14":"shipping-taxable","15":"purchasable","16":"product-type-simple"},"jetpack_sharing_enabled":true,"_links":{"self":[{"href":"https:\/\/adrenalindetector.com\/sv\/wp-json\/wp\/v2\/product\/1004028","targetHints":{"allow":["GET"]}}],"collection":[{"href":"https:\/\/adrenalindetector.com\/sv\/wp-json\/wp\/v2\/product"}],"about":[{"href":"https:\/\/adrenalindetector.com\/sv\/wp-json\/wp\/v2\/types\/product"}],"replies":[{"embeddable":true,"href":"https:\/\/adrenalindetector.com\/sv\/wp-json\/wp\/v2\/comments?post=1004028"}],"version-history":[{"count":2,"href":"https:\/\/adrenalindetector.com\/sv\/wp-json\/wp\/v2\/product\/1004028\/revisions"}],"predecessor-version":[{"id":1004030,"href":"https:\/\/adrenalindetector.com\/sv\/wp-json\/wp\/v2\/product\/1004028\/revisions\/1004030"}],"wp:featuredmedia":[{"embeddable":true,"href":"https:\/\/adrenalindetector.com\/sv\/wp-json\/wp\/v2\/media\/1003827"}],"wp:attachment":[{"href":"https:\/\/adrenalindetector.com\/sv\/wp-json\/wp\/v2\/media?parent=1004028"}],"wp:term":[{"taxonomy":"product_brand","embeddable":true,"href":"https:\/\/adrenalindetector.com\/sv\/wp-json\/wp\/v2\/product_brand?post=1004028"},{"taxonomy":"product_cat","embeddable":true,"href":"https:\/\/adrenalindetector.com\/sv\/wp-json\/wp\/v2\/product_cat?post=1004028"},{"taxonomy":"product_tag","embeddable":true,"href":"https:\/\/adrenalindetector.com\/sv\/wp-json\/wp\/v2\/product_tag?post=1004028"}],"curies":[{"name":"wp","href":"https:\/\/api.w.org\/{rel}","templated":true}]}}