{"id":1004033,"date":"2025-07-02T01:03:39","date_gmt":"2025-07-02T01:03:39","guid":{"rendered":"https:\/\/adrenalindetector.com\/product\/adrenalin-secret-imager\/"},"modified":"2025-12-22T01:05:16","modified_gmt":"2025-12-22T01:05:16","slug":"adrenalin-secret-imager","status":"publish","type":"product","link":"https:\/\/adrenalindetector.com\/sv\/produkt\/adrenalin-secret-imager\/","title":{"rendered":"Adrenalin Secret Imager"},"content":{"rendered":"<h2 data-start=\"172\" data-end=\"207\"><span style=\"color: #000000;\"><strong data-start=\"178\" data-end=\"205\">Adrenalin Secret Imager<\/strong><\/span><\/h2>\n<h3 data-start=\"208\" data-end=\"265\"><span style=\"color: #000000;\">Underjordisk bildbehandling och gulddetektering via smartphone<\/span><\/h3>\n<p data-start=\"266\" data-end=\"335\"><span style=\"color: #000000;\"><strong data-start=\"266\" data-end=\"335\">Diskret. Kraftfull. Avancerad teknik f\u00f6r att se underjorden i 3D! <\/strong><\/span><\/p>\n<p data-start=\"337\" data-end=\"676\"><span style=\"color: #000000;\"><strong data-start=\"337\" data-end=\"364\">Adrenalin Secret Imager<\/strong>, det underjordiska bildsystemet som styrs via smartphone, erbjuder en definitiv l\u00f6sning p\u00e5 en av de st\u00f6rsta utmaningarna som skattj\u00e4gare st\u00e5r inf\u00f6r: <em data-start=\"509\" data-end=\"518\">smygande<\/em>. Med sin kompakta och diskreta design kan du utf\u00f6ra skanningar <strong data-start=\"580\" data-end=\"612\">utan att v\u00e4cka uppm\u00e4rksamhet<\/strong>, oavsett om du befinner dig p\u00e5 gatan, p\u00e5 ett f\u00e4lt eller i din tr\u00e4dg\u00e5rd. <\/span><\/p>\n<p data-start=\"678\" data-end=\"816\"><span style=\"color: #000000;\">Nu kan du enkelt visualisera begravda skatter, h\u00e5lrum och metaller under dina f\u00f6tter &#8211; samtidigt som det ser ut som om du bara anv\u00e4nder din telefon.<\/span><\/p>\n<h3 data-start=\"823\" data-end=\"854\"><span style=\"color: #000000;\">\u2705 Varf\u00f6r v\u00e4lja Secret Imager?<\/span><\/h3>\n<p data-start=\"856\" data-end=\"1023\"><span style=\"color: #000000;\"><strong data-start=\"858\" data-end=\"889\">\u2022 F\u00f6rdelar med hemliga operationer<\/strong><\/span><br data-start=\"889\" data-end=\"892\" \/><span style=\"color: #000000;\">Systemet styrs via smartphone och \u00e4r helt diskret. Ingen i din omgivning kommer att ana att du skannar under jord. <\/span><\/p>\n<p data-start=\"1025\" data-end=\"1136\"><strong data-start=\"1027\" data-end=\"1046\">\u2022 Live 3D-avbildning<\/strong><br data-start=\"1046\" data-end=\"1049\" \/>Se m\u00e5lets form, storlek och djup i realtid med hj\u00e4lp av 3D-analysprogramvara.<\/p>\n<p data-start=\"1138\" data-end=\"1243\"><span style=\"color: #000000;\"><strong data-start=\"1140\" data-end=\"1167\">\u2022 Anv\u00e4ndarv\u00e4nligt gr\u00e4nssnitt<\/strong><\/span><br data-start=\"1167\" data-end=\"1170\" \/><span style=\"color: #000000;\">Ingen teknisk kunskap kr\u00e4vs. Enkel anv\u00e4ndning som alla kan hantera. <\/span><\/p>\n<p data-start=\"1245\" data-end=\"1352\"><strong data-start=\"1247\" data-end=\"1284\">\u2022 H\u00f6g k\u00e4nslighet och djup detektering<\/strong><br data-start=\"1284\" data-end=\"1287\" \/>Detekterar objekt p\u00e5 st\u00f6rre djup d\u00e4r traditionella enheter misslyckas.<\/p>\n<p data-start=\"1354\" data-end=\"1496\"><strong data-start=\"1356\" data-end=\"1393\">\u2022 Metall- och strukturskillnad<\/strong><br data-start=\"1393\" data-end=\"1396\" \/>Skillnad mellan guld, silver, brons, j\u00e4rn och detekterar \u00e4ven underjordiska h\u00e5lrum och strukturer.<\/p>\n<h3 data-start=\"1503\" data-end=\"1524\"><span style=\"color: #000000;\">\ud83e\udded Modalit\u00e0 di scansione<\/span><\/h3>\n<ul data-start=\"1526\" data-end=\"1637\">\n<li data-start=\"1526\" data-end=\"1593\">\n<p data-start=\"1528\" data-end=\"1593\"><span style=\"color: #000000;\"><strong data-start=\"1528\" data-end=\"1563\">Manuell bildtagning och bild\u00f6verf\u00f6ring<\/strong> (10 &#8211; 20 &#8211; 30 rutn\u00e4tsalternativ)<\/span><\/p>\n<\/li>\n<li data-start=\"1594\" data-end=\"1637\">\n<p data-start=\"1596\" data-end=\"1637\"><span style=\"color: #000000;\"><strong data-start=\"1596\" data-end=\"1635\">Live Scan med metalldiskriminering<\/strong><\/span><\/p>\n<\/li>\n<\/ul>\n<p><iframe title=\"YouTube-videospelare\" src=\"https:\/\/www.youtube.com\/embed\/videoseries?si=R-JxyNAVcS8bpHOk&amp;list=PLi_Z_j5lvjC-0Q3kRatbZaz43rI5MpkSe\" width=\"560\" height=\"450\" frameborder=\"0\" allowfullscreen=\"allowfullscreen\"><\/iframe><\/p>\n<p>&nbsp;<\/p>\n<h3 data-start=\"1644\" data-end=\"1674\"><span style=\"color: #000000;\">\u2699 Tekniska specifikationer<\/span><\/h3>\n<div class=\"_tableContainer_80l1q_1\">\n<div class=\"_tableWrapper_80l1q_14 group flex w-fit flex-col-reverse\" tabindex=\"-1\">\n<table class=\"w-fit min-w-(--thread-content-width)\" data-start=\"1676\" data-end=\"2225\">\n<thead data-start=\"1676\" data-end=\"1730\">\n<tr data-start=\"1676\" data-end=\"1730\">\n<th data-start=\"1676\" data-end=\"1699\" data-col-size=\"sm\"><span style=\"color: #000000;\">Funktion<\/span><\/th>\n<th data-start=\"1699\" data-end=\"1730\" data-col-size=\"sm\"><span style=\"color: #000000;\">V\u00e4rde<\/span><\/th>\n<\/tr>\n<\/thead>\n<tbody data-start=\"1786\" data-end=\"2225\">\n<tr data-start=\"1786\" data-end=\"1840\">\n<td data-col-size=\"sm\" data-start=\"1809\" data-end=\"1840\"><strong>Max detekteringsdjup<\/strong><\/td>\n<td data-start=\"1786\" data-end=\"1809\" data-col-size=\"sm\">Upp till 10 meter<\/td>\n<\/tr>\n<tr data-start=\"1841\" data-end=\"1895\">\n<td data-start=\"1841\" data-end=\"1864\" data-col-size=\"sm\"><strong>Driftstemperatur<\/strong><\/td>\n<td data-col-size=\"sm\" data-start=\"1864\" data-end=\"1895\">0\u00b0C till 50\u00b0C<\/td>\n<\/tr>\n<tr data-start=\"1896\" data-end=\"1950\">\n<td data-start=\"1896\" data-end=\"1919\" data-col-size=\"sm\"><strong>F\u00f6rvaringstemperatur-<\/strong><\/td>\n<td data-col-size=\"sm\" data-start=\"1919\" data-end=\"1950\">20\u00b0C till 60\u00b0C<\/td>\n<\/tr>\n<tr data-start=\"1951\" data-end=\"2005\">\n<td data-col-size=\"sm\" data-start=\"1974\" data-end=\"2005\"><strong>Motst\u00e5ndskraft mot luftfuktighet<\/strong><\/td>\n<td data-start=\"1951\" data-end=\"1974\" data-col-size=\"sm\">5% &#8211; 75%<\/td>\n<\/tr>\n<tr data-start=\"2006\" data-end=\"2060\">\n<td data-start=\"2006\" data-end=\"2029\" data-col-size=\"sm\"><strong>Typ av anslutning<\/strong><\/td>\n<td data-col-size=\"sm\" data-start=\"2029\" data-end=\"2060\">Bluetooth<\/td>\n<\/tr>\n<tr data-start=\"2061\" data-end=\"2115\">\n<td data-start=\"2061\" data-end=\"2084\" data-col-size=\"sm\"><strong>Enhetens vikt<\/strong><\/td>\n<td data-col-size=\"sm\" data-start=\"2084\" data-end=\"2115\">200 gram<\/td>\n<\/tr>\n<tr data-start=\"2116\" data-end=\"2170\">\n<td data-start=\"2116\" data-end=\"2139\" data-col-size=\"sm\"><strong>M\u00e5tt och dimensioner<\/strong><\/td>\n<td data-col-size=\"sm\" data-start=\"2139\" data-end=\"2170\">70 x 140 x 24 mm<\/td>\n<\/tr>\n<tr data-start=\"2171\" data-end=\"2225\">\n<td data-start=\"2171\" data-end=\"2194\" data-col-size=\"sm\"><strong>Str\u00f6mf\u00f6rs\u00f6rjning<\/strong><\/td>\n<td data-col-size=\"sm\" data-start=\"2194\" data-end=\"2225\">9V DC<\/td>\n<\/tr>\n<\/tbody>\n<\/table>\n<div class=\"sticky end-(--thread-content-margin) h-0 self-end select-none\">\n<div class=\"absolute end-0 flex items-end\"><\/div>\n<\/div>\n<\/div>\n<\/div>\n<h3 data-start=\"2232\" data-end=\"2277\"><span style=\"color: #000000;\">\ud83d\udd0e Vad kan smartphonedetektorn hitta?<\/span><\/h3>\n<p data-start=\"2279\" data-end=\"2489\">\u2022 Guld, silver, brons, koppar, j\u00e4rn och liknande metaller.<br data-start=\"2335\" data-end=\"2338\" \/>\u2022 Forntida gravar och arkeologiska l\u00e4mningar.<br data-start=\"2381\" data-end=\"2384\" \/>\u2022 Tunnlar, valv, kamrar och andra ih\u00e5liga strukturer.<br data-start=\"2440\" data-end=\"2443\" \/>\u2022 Mineral\u00e5dror och underjordiska malmfyndigheter.<\/p>\n<h3 data-start=\"2496\" data-end=\"2524\"><span style=\"color: #000000;\">\ud83c\udf0d Var kan den anv\u00e4ndas?<\/span><\/h3>\n<p data-start=\"2526\" data-end=\"2612\"><span style=\"color: #000000;\">Secret Imager levererar <strong data-start=\"2549\" data-end=\"2598\">kraftfull prestanda i alla typer av terr\u00e4ng<\/strong>, inklusive:<\/span><\/p>\n<ul data-start=\"2613\" data-end=\"2672\">\n<li data-start=\"2613\" data-end=\"2621\">\n<p data-start=\"2615\" data-end=\"2621\"><span style=\"color: #000000;\">Jordm\u00e5n<\/span><\/p>\n<\/li>\n<li data-start=\"2622\" data-end=\"2638\">\n<p data-start=\"2624\" data-end=\"2638\"><span style=\"color: #000000;\">Klippig mark<\/span><\/p>\n<\/li>\n<li data-start=\"2639\" data-end=\"2647\">\n<p data-start=\"2641\" data-end=\"2647\"><span style=\"color: #000000;\">Lera<\/span><\/p>\n<\/li>\n<li data-start=\"2648\" data-end=\"2672\">\n<p data-start=\"2650\" data-end=\"2672\"><span style=\"color: #000000;\">H\u00e5rt packade ytor<\/span><\/p>\n<\/li>\n<\/ul>\n<h3 data-start=\"2679\" data-end=\"2718\"><span style=\"color: #000000;\">\ud83d\udee1\ufe0f Med st\u00f6d av Adrenalin Engineering<\/span><\/h3>\n<p data-start=\"2720\" data-end=\"2932\"><span style=\"color: #000000;\"><strong data-start=\"2720\" data-end=\"2737\">Secret Imager<\/strong> \u00e4r den f\u00f6rsta och enda <strong data-start=\"2760\" data-end=\"2797\">dolda underjordiska avbildningsanordningen<\/strong> som utvecklats av Adrenalin-varum\u00e4rket. Den \u00e4r stolt tillverkad i Turkiet och levereras med <strong data-start=\"2870\" data-end=\"2896\">fullst\u00e4ndig teknisk support<\/strong> och <strong data-start=\"2901\" data-end=\"2931\">l\u00e5ngvarig byggkvalitet<\/strong>. <\/span><\/p>\n<h3 data-start=\"2939\" data-end=\"2985\"><span style=\"color: #000000;\">\u26a1 En ny era inom skattjakt har inletts!<\/span><\/h3>\n<p data-start=\"2987\" data-end=\"3072\"><span style=\"color: #000000;\">Om du letar efter en <strong data-start=\"3011\" data-end=\"3045\">mobil, diskret och kraftfull<\/strong> l\u00f6sning &#8211; d\u00e5 \u00e4r <strong data-start=\"3057\" data-end=\"3071\">det h\u00e4r r\u00e4tt<\/strong>.<\/span><\/p>\n<p data-start=\"3074\" data-end=\"3187\"><span style=\"color: #000000;\">\ud83d\udcf1 Uppt\u00e4ck den dolda v\u00e4rlden under dina f\u00f6tter med <strong data-start=\"3126\" data-end=\"3153\">Adrenalin Secret Imager<\/strong> &#8211; d\u00e4r smygande m\u00f6ter teknik!<\/span><\/p>\n","protected":false},"excerpt":{"rendered":"<p><strong>Adrenalin Secret Imager<\/strong>; <strong>3D metalldetektor skattj\u00e4gare<\/strong> beh\u00f6ver telefon 3D metalldetektor magnetometer p\u00e5 grund av sv\u00e5righeterna med lagarna i landet.<\/p>\n","protected":false},"featured_media":1003074,"comment_status":"open","ping_status":"closed","template":"","meta":[],"product_brand":[64],"product_cat":[217,214,247,250,251],"product_tag":[],"class_list":{"0":"post-1004033","1":"product","2":"type-product","3":"status-publish","4":"has-post-thumbnail","6":"product_brand-adrenalin-metal-detector","7":"product_cat-3d-gulddetektor","8":"product_cat-gulddetektorer","9":"product_cat-elektromagnetiska-system","10":"product_cat-skattdetektor","11":"product_cat-skatteskanner","13":"first","14":"instock","15":"sale","16":"shipping-taxable","17":"purchasable","18":"product-type-simple"},"jetpack_sharing_enabled":true,"_links":{"self":[{"href":"https:\/\/adrenalindetector.com\/sv\/wp-json\/wp\/v2\/product\/1004033","targetHints":{"allow":["GET"]}}],"collection":[{"href":"https:\/\/adrenalindetector.com\/sv\/wp-json\/wp\/v2\/product"}],"about":[{"href":"https:\/\/adrenalindetector.com\/sv\/wp-json\/wp\/v2\/types\/product"}],"replies":[{"embeddable":true,"href":"https:\/\/adrenalindetector.com\/sv\/wp-json\/wp\/v2\/comments?post=1004033"}],"version-history":[{"count":2,"href":"https:\/\/adrenalindetector.com\/sv\/wp-json\/wp\/v2\/product\/1004033\/revisions"}],"predecessor-version":[{"id":1004035,"href":"https:\/\/adrenalindetector.com\/sv\/wp-json\/wp\/v2\/product\/1004033\/revisions\/1004035"}],"wp:featuredmedia":[{"embeddable":true,"href":"https:\/\/adrenalindetector.com\/sv\/wp-json\/wp\/v2\/media\/1003074"}],"wp:attachment":[{"href":"https:\/\/adrenalindetector.com\/sv\/wp-json\/wp\/v2\/media?parent=1004033"}],"wp:term":[{"taxonomy":"product_brand","embeddable":true,"href":"https:\/\/adrenalindetector.com\/sv\/wp-json\/wp\/v2\/product_brand?post=1004033"},{"taxonomy":"product_cat","embeddable":true,"href":"https:\/\/adrenalindetector.com\/sv\/wp-json\/wp\/v2\/product_cat?post=1004033"},{"taxonomy":"product_tag","embeddable":true,"href":"https:\/\/adrenalindetector.com\/sv\/wp-json\/wp\/v2\/product_tag?post=1004033"}],"curies":[{"name":"wp","href":"https:\/\/api.w.org\/{rel}","templated":true}]}}